{"id":10,"date":"2021-07-16T15:29:30","date_gmt":"2021-07-16T15:29:30","guid":{"rendered":"https:\/\/mapetitetable.fr\/bienvenue-sur-https-mapetitetable-fr"},"modified":"2025-12-31T18:32:10","modified_gmt":"2025-12-31T18:32:10","slug":"creations-bois","status":"publish","type":"page","link":"https:\/\/mapetitetable.fr\/de\/","title":{"rendered":"Bienvenue :)"},"content":{"rendered":"<div style=\"height:30px\" aria-hidden=\"true\" class=\"wp-block-spacer\"><\/div>\n\n\n<style>.wp-block-kadence-advancedgallery .kb-gallery-type-grid.kb-gallery-id-10_3548ac-a8{margin:-5px;}.kb-gallery-type-grid.kb-gallery-id-10_3548ac-a8 .kadence-blocks-gallery-item{padding:5px;}.kb-gallery-id-10_3548ac-a8 .kadence-blocks-gallery-item .kb-gal-image-radius, .kb-gallery-id-10_3548ac-a8 .kb-slide-item .kb-gal-image-radius img{border-radius:0px 0px 0px 0px;;}.kb-gallery-id-10_3548ac-a8 .kadence-blocks-gallery-item .kadence-blocks-gallery-item-inner .kadence-blocks-gallery-item__caption{color:#000000;}.kb-gallery-caption-style-cover-hover.kb-gallery-id-10_3548ac-a8 .kadence-blocks-gallery-item .kadence-blocks-gallery-item-inner .kadence-blocks-gallery-item__caption, .kb-gallery-caption-style-below.kb-gallery-id-10_3548ac-a8 .kadence-blocks-gallery-item .kadence-blocks-gallery-item-inner .kadence-blocks-gallery-item__caption{background:#ffffff;}<\/style><div class=\"kb-gallery-wrap-id-10_3548ac-a8 alignnone wp-block-kadence-advancedgallery\"><ul class=\"kb-gallery-ul kb-gallery-non-static kb-gallery-type-grid kb-gallery-id-10_3548ac-a8 kb-gallery-caption-style-below kb-gallery-filter-none\" data-image-filter=\"none\" data-item-selector=\".kadence-blocks-gallery-item\" data-lightbox-caption=\"true\" data-columns-xxl=\"3\" data-columns-xl=\"3\" data-columns-md=\"3\" data-columns-sm=\"2\" data-columns-xs=\"1\" data-columns-ss=\"1\"><li class=\"kadence-blocks-gallery-item\"><div class=\"kadence-blocks-gallery-item-inner\"><figure class=\"kb-gallery-figure kb-gallery-item-has-link kadence-blocks-gallery-item-has-caption\"><a href=\"https:\/\/mapetitetable.fr\/de\/vide-poches\/\" class=\"kb-gallery-item-link\"  ><div class=\"kb-gal-image-radius\"><div class=\"kb-gallery-image-contain kadence-blocks-gallery-intrinsic kb-gallery-image-ratio-land32 kb-has-image-ratio-land32\" ><img decoding=\"async\" src=\"https:\/\/mapetitetable.fr\/wp-content\/uploads\/2025\/12\/20250928_100442-1024x683.jpg\" width=\"1024\" height=\"683\" alt=\"\" data-full-image=\"https:\/\/mapetitetable.fr\/wp-content\/uploads\/2025\/12\/20250928_100442.jpg\" data-light-image=\"https:\/\/mapetitetable.fr\/wp-content\/uploads\/2025\/12\/20250928_100442.jpg\" data-id=\"2079\" class=\"wp-image-2079\" srcset=\"https:\/\/mapetitetable.fr\/wp-content\/uploads\/2025\/12\/20250928_100442-1024x683.jpg 1024w, https:\/\/mapetitetable.fr\/wp-content\/uploads\/2025\/12\/20250928_100442-300x200.jpg 300w, https:\/\/mapetitetable.fr\/wp-content\/uploads\/2025\/12\/20250928_100442-768x512.jpg 768w, https:\/\/mapetitetable.fr\/wp-content\/uploads\/2025\/12\/20250928_100442-1536x1024.jpg 1536w, https:\/\/mapetitetable.fr\/wp-content\/uploads\/2025\/12\/20250928_100442-18x12.jpg 18w, https:\/\/mapetitetable.fr\/wp-content\/uploads\/2025\/12\/20250928_100442-600x400.jpg 600w, https:\/\/mapetitetable.fr\/wp-content\/uploads\/2025\/12\/20250928_100442.jpg 1920w\" sizes=\"(max-width: 1024px) 100vw, 1024px\" \/><\/div><\/div><div class=\"kadence-blocks-gallery-item__caption\">Vide-poches<\/div><\/a><\/figure><\/div><\/li><li class=\"kadence-blocks-gallery-item\"><div class=\"kadence-blocks-gallery-item-inner\"><figure class=\"kb-gallery-figure kb-gallery-item-has-link kadence-blocks-gallery-item-has-caption\"><a href=\"https:\/\/mapetitetable.fr\/de\/planches-de-presentation-de-decoupe\/\" class=\"kb-gallery-item-link\"  ><div class=\"kb-gal-image-radius\"><div class=\"kb-gallery-image-contain kadence-blocks-gallery-intrinsic kb-gallery-image-ratio-land32 kb-has-image-ratio-land32\" ><img decoding=\"async\" src=\"https:\/\/mapetitetable.fr\/wp-content\/uploads\/2024\/11\/Teck_1-1024x768.jpg\" width=\"1024\" height=\"768\" alt=\"\" data-full-image=\"https:\/\/mapetitetable.fr\/wp-content\/uploads\/2024\/11\/Teck_1.jpg\" data-light-image=\"https:\/\/mapetitetable.fr\/wp-content\/uploads\/2024\/11\/Teck_1.jpg\" data-id=\"1870\" class=\"wp-image-1870\" srcset=\"https:\/\/mapetitetable.fr\/wp-content\/uploads\/2024\/11\/Teck_1-1024x768.jpg 1024w, https:\/\/mapetitetable.fr\/wp-content\/uploads\/2024\/11\/Teck_1-300x225.jpg 300w, https:\/\/mapetitetable.fr\/wp-content\/uploads\/2024\/11\/Teck_1-768x576.jpg 768w, https:\/\/mapetitetable.fr\/wp-content\/uploads\/2024\/11\/Teck_1-1536x1152.jpg 1536w, https:\/\/mapetitetable.fr\/wp-content\/uploads\/2024\/11\/Teck_1-16x12.jpg 16w, https:\/\/mapetitetable.fr\/wp-content\/uploads\/2024\/11\/Teck_1-600x450.jpg 600w, https:\/\/mapetitetable.fr\/wp-content\/uploads\/2024\/11\/Teck_1.jpg 1920w\" sizes=\"(max-width: 1024px) 100vw, 1024px\" \/><\/div><\/div><div class=\"kadence-blocks-gallery-item__caption\">Planches \u00e0 d\u00e9couper<br>Planches de pr\u00e9sentation<\/div><\/a><\/figure><\/div><\/li><li class=\"kadence-blocks-gallery-item\"><div class=\"kadence-blocks-gallery-item-inner\"><figure class=\"kb-gallery-figure kb-gallery-item-has-link kadence-blocks-gallery-item-has-caption\"><a href=\"https:\/\/mapetitetable.fr\/de\/creations_bois_resine\/\" class=\"kb-gallery-item-link\"  ><div class=\"kb-gal-image-radius\"><div class=\"kb-gallery-image-contain kadence-blocks-gallery-intrinsic kb-gallery-image-ratio-land32 kb-has-image-ratio-land32\" ><img decoding=\"async\" src=\"https:\/\/mapetitetable.fr\/wp-content\/uploads\/2024\/01\/3-En_situation-1024x731.jpg\" width=\"1024\" height=\"731\" alt=\"Table rivi\u00e8re\" data-full-image=\"https:\/\/mapetitetable.fr\/wp-content\/uploads\/2024\/01\/3-En_situation.jpg\" data-light-image=\"https:\/\/mapetitetable.fr\/wp-content\/uploads\/2024\/01\/3-En_situation.jpg\" data-id=\"1765\" class=\"wp-image-1765\" srcset=\"https:\/\/mapetitetable.fr\/wp-content\/uploads\/2024\/01\/3-En_situation-1024x731.jpg 1024w, https:\/\/mapetitetable.fr\/wp-content\/uploads\/2024\/01\/3-En_situation-300x214.jpg 300w, https:\/\/mapetitetable.fr\/wp-content\/uploads\/2024\/01\/3-En_situation-768x548.jpg 768w, https:\/\/mapetitetable.fr\/wp-content\/uploads\/2024\/01\/3-En_situation-1536x1097.jpg 1536w, https:\/\/mapetitetable.fr\/wp-content\/uploads\/2024\/01\/3-En_situation-600x428.jpg 600w, https:\/\/mapetitetable.fr\/wp-content\/uploads\/2024\/01\/3-En_situation.jpg 1920w\" sizes=\"(max-width: 1024px) 100vw, 1024px\" \/><\/div><\/div><div class=\"kadence-blocks-gallery-item__caption\">Tables en bois et r\u00e9sine<\/div><\/a><\/figure><\/div><\/li><li class=\"kadence-blocks-gallery-item\"><div class=\"kadence-blocks-gallery-item-inner\"><figure class=\"kb-gallery-figure kb-gallery-item-has-link kadence-blocks-gallery-item-has-caption\"><a href=\"https:\/\/mapetitetable.fr\/de\/a_propos\/\" class=\"kb-gallery-item-link\"  ><div class=\"kb-gal-image-radius\"><div class=\"kb-gallery-image-contain kadence-blocks-gallery-intrinsic kb-gallery-image-ratio-land32 kb-has-image-ratio-land32\" ><img decoding=\"async\" src=\"https:\/\/mapetitetable.fr\/wp-content\/uploads\/2024\/12\/A_propos-1024x683.jpg\" width=\"1024\" height=\"683\" alt=\"\" data-full-image=\"https:\/\/mapetitetable.fr\/wp-content\/uploads\/2024\/12\/A_propos.jpg\" data-light-image=\"https:\/\/mapetitetable.fr\/wp-content\/uploads\/2024\/12\/A_propos.jpg\" data-id=\"1960\" class=\"wp-image-1960\" srcset=\"https:\/\/mapetitetable.fr\/wp-content\/uploads\/2024\/12\/A_propos-1024x683.jpg 1024w, https:\/\/mapetitetable.fr\/wp-content\/uploads\/2024\/12\/A_propos-300x200.jpg 300w, https:\/\/mapetitetable.fr\/wp-content\/uploads\/2024\/12\/A_propos-768x512.jpg 768w, https:\/\/mapetitetable.fr\/wp-content\/uploads\/2024\/12\/A_propos-1536x1024.jpg 1536w, https:\/\/mapetitetable.fr\/wp-content\/uploads\/2024\/12\/A_propos-18x12.jpg 18w, https:\/\/mapetitetable.fr\/wp-content\/uploads\/2024\/12\/A_propos-600x400.jpg 600w, https:\/\/mapetitetable.fr\/wp-content\/uploads\/2024\/12\/A_propos.jpg 1920w\" sizes=\"(max-width: 1024px) 100vw, 1024px\" \/><\/div><\/div><div class=\"kadence-blocks-gallery-item__caption\">A propos<\/div><\/a><\/figure><\/div><\/li><li class=\"kadence-blocks-gallery-item\"><div class=\"kadence-blocks-gallery-item-inner\"><figure class=\"kb-gallery-figure kb-gallery-item-has-link kadence-blocks-gallery-item-has-caption\"><a href=\"https:\/\/mapetitetable.fr\/de\/contact\/\" class=\"kb-gallery-item-link\"  ><div class=\"kb-gal-image-radius\"><div class=\"kb-gallery-image-contain kadence-blocks-gallery-intrinsic kb-gallery-image-ratio-land32 kb-has-image-ratio-land32\" ><img decoding=\"async\" src=\"https:\/\/mapetitetable.fr\/wp-content\/uploads\/2021\/10\/Contact.jpg\" width=\"565\" height=\"379\" alt=\"meuble artisanal\" data-full-image=\"https:\/\/mapetitetable.fr\/wp-content\/uploads\/2021\/10\/Contact.jpg\" data-light-image=\"https:\/\/mapetitetable.fr\/wp-content\/uploads\/2021\/10\/Contact.jpg\" data-id=\"775\" class=\"wp-image-775\" srcset=\"https:\/\/mapetitetable.fr\/wp-content\/uploads\/2021\/10\/Contact.jpg 565w, https:\/\/mapetitetable.fr\/wp-content\/uploads\/2021\/10\/Contact-300x201.jpg 300w\" sizes=\"(max-width: 565px) 100vw, 565px\" \/><\/div><\/div><div class=\"kadence-blocks-gallery-item__caption\">Contact<\/div><\/a><\/figure><\/div><\/li><\/ul><\/div>\n\n\n<div style=\"height:30px\" aria-hidden=\"true\" class=\"wp-block-spacer\"><\/div>\n\n\n\n<hr class=\"wp-block-separator has-text-color has-black-color has-css-opacity has-black-background-color has-background is-style-wide\"\/>\n\n\n\n<p>Ma petite table<\/p>\n\n\n\n<p>SIREN 879 337 855<\/p>\n\n\n\n<p>Situ\u00e9e \u00e0 Saint-Maur-des-Foss\u00e9s dans le Val-de-Marne (94100)<\/p>\n\n\n\n<p>estelle@mapetitetable.fr<\/p>\n\n\n\n<p>06 24 75 11 18<\/p>\n\n\n\n<hr class=\"wp-block-separator has-text-color has-black-color has-css-opacity has-black-background-color has-background is-style-wide\"\/>\n\n\n\n<p><\/p>\n\n\n\n<div style=\"height:40px\" aria-hidden=\"true\" class=\"wp-block-spacer\"><\/div>","protected":false},"excerpt":{"rendered":"<p>Ma petite table SIREN 879 337 855 Situ\u00e9e \u00e0 Saint-Maur-des-Foss\u00e9s dans le Val-de-Marne (94100) estelle@mapetitetable.fr 06 24 75 11 18<\/p>","protected":false},"author":1,"featured_media":0,"parent":0,"menu_order":0,"comment_status":"closed","ping_status":"open","template":"","meta":{"ngg_post_thumbnail":0,"footnotes":""},"class_list":["post-10","page","type-page","status-publish","hentry"],"yoast_head":"<!-- This site is optimized with the Yoast SEO plugin v27.4 - https:\/\/yoast.com\/product\/yoast-seo-wordpress\/ -->\n<title>Cr\u00e9ations en bois par Estelle - Ma petite table<\/title>\n<meta name=\"description\" content=\"Vous recherchez une planche \u00e0 d\u00e9couper originale ? une petite table design qui mettra de la joie dans votre salon ? un objet de d\u00e9coration qui vous fera sourire ? Alors vous \u00eates au bon endroit :) Ma petite table vous propose ses cr\u00e9ations uniques fabriqu\u00e9es en France \u00e0 Saint-Maur-des-Foss\u00e9s dans le Val-de-Marne. Estelle pourra vous proposer \u00e9galement une cr\u00e9ation sur-mesure, r\u00e9alis\u00e9e en partenariat avec vous, selon vos souhaits.\" \/>\n<meta name=\"robots\" content=\"index, follow, max-snippet:-1, max-image-preview:large, max-video-preview:-1\" \/>\n<link rel=\"canonical\" href=\"https:\/\/mapetitetable.fr\/de\/\" \/>\n<meta property=\"og:locale\" content=\"de_DE\" \/>\n<meta property=\"og:type\" content=\"article\" \/>\n<meta property=\"og:title\" content=\"Cr\u00e9ations en bois par Estelle - Ma petite table\" \/>\n<meta property=\"og:description\" content=\"Vous recherchez une planche \u00e0 d\u00e9couper originale ? une petite table design qui mettra de la joie dans votre salon ? un objet de d\u00e9coration qui vous fera sourire ? Alors vous \u00eates au bon endroit :) Ma petite table vous propose ses cr\u00e9ations uniques fabriqu\u00e9es en France \u00e0 Saint-Maur-des-Foss\u00e9s dans le Val-de-Marne. Estelle pourra vous proposer \u00e9galement une cr\u00e9ation sur-mesure, r\u00e9alis\u00e9e en partenariat avec vous, selon vos souhaits.\" \/>\n<meta property=\"og:url\" content=\"https:\/\/mapetitetable.fr\/de\/\" \/>\n<meta property=\"og:site_name\" content=\"Ma petite table\" \/>\n<meta property=\"article:modified_time\" content=\"2025-12-31T18:32:10+00:00\" \/>\n<meta name=\"twitter:card\" content=\"summary_large_image\" \/>\n<meta name=\"twitter:label1\" content=\"Gesch\u00e4tzte Lesezeit\" \/>\n\t<meta name=\"twitter:data1\" content=\"1\u00a0Minute\" \/>\n<script type=\"application\/ld+json\" class=\"yoast-schema-graph\">{\"@context\":\"https:\\\/\\\/schema.org\",\"@graph\":[{\"@type\":\"WebPage\",\"@id\":\"https:\\\/\\\/mapetitetable.fr\\\/\",\"url\":\"https:\\\/\\\/mapetitetable.fr\\\/\",\"name\":\"Cr\u00e9ations en bois par Estelle - Ma petite table\",\"isPartOf\":{\"@id\":\"https:\\\/\\\/mapetitetable.fr\\\/#website\"},\"datePublished\":\"2021-07-16T15:29:30+00:00\",\"dateModified\":\"2025-12-31T18:32:10+00:00\",\"description\":\"Vous recherchez une planche \u00e0 d\u00e9couper originale ? une petite table design qui mettra de la joie dans votre salon ? un objet de d\u00e9coration qui vous fera sourire ? Alors vous \u00eates au bon endroit :) Ma petite table vous propose ses cr\u00e9ations uniques fabriqu\u00e9es en France \u00e0 Saint-Maur-des-Foss\u00e9s dans le Val-de-Marne. Estelle pourra vous proposer \u00e9galement une cr\u00e9ation sur-mesure, r\u00e9alis\u00e9e en partenariat avec vous, selon vos souhaits.\",\"breadcrumb\":{\"@id\":\"https:\\\/\\\/mapetitetable.fr\\\/#breadcrumb\"},\"inLanguage\":\"de\",\"potentialAction\":[{\"@type\":\"ReadAction\",\"target\":[\"https:\\\/\\\/mapetitetable.fr\\\/\"]}]},{\"@type\":\"BreadcrumbList\",\"@id\":\"https:\\\/\\\/mapetitetable.fr\\\/#breadcrumb\",\"itemListElement\":[{\"@type\":\"ListItem\",\"position\":1,\"name\":\"Accueil\",\"item\":\"https:\\\/\\\/mapetitetable.fr\\\/\"},{\"@type\":\"ListItem\",\"position\":2,\"name\":\"Bienvenue :)\"}]},{\"@type\":\"WebSite\",\"@id\":\"https:\\\/\\\/mapetitetable.fr\\\/#website\",\"url\":\"https:\\\/\\\/mapetitetable.fr\\\/\",\"name\":\"Ma petite table\",\"description\":\"Cr\u00e9ations en bois par Estelle\",\"potentialAction\":[{\"@type\":\"SearchAction\",\"target\":{\"@type\":\"EntryPoint\",\"urlTemplate\":\"https:\\\/\\\/mapetitetable.fr\\\/?s={search_term_string}\"},\"query-input\":{\"@type\":\"PropertyValueSpecification\",\"valueRequired\":true,\"valueName\":\"search_term_string\"}}],\"inLanguage\":\"de\"}]}<\/script>\n<!-- \/ Yoast SEO plugin. -->","yoast_head_json":{"title":"Cr\u00e9ations en bois par Estelle - Ma petite table","description":"Vous recherchez une planche \u00e0 d\u00e9couper originale ? une petite table design qui mettra de la joie dans votre salon ? un objet de d\u00e9coration qui vous fera sourire ? Alors vous \u00eates au bon endroit :) Ma petite table vous propose ses cr\u00e9ations uniques fabriqu\u00e9es en France \u00e0 Saint-Maur-des-Foss\u00e9s dans le Val-de-Marne. Estelle pourra vous proposer \u00e9galement une cr\u00e9ation sur-mesure, r\u00e9alis\u00e9e en partenariat avec vous, selon vos souhaits.","robots":{"index":"index","follow":"follow","max-snippet":"max-snippet:-1","max-image-preview":"max-image-preview:large","max-video-preview":"max-video-preview:-1"},"canonical":"https:\/\/mapetitetable.fr\/de\/","og_locale":"de_DE","og_type":"article","og_title":"Cr\u00e9ations en bois par Estelle - Ma petite table","og_description":"Vous recherchez une planche \u00e0 d\u00e9couper originale ? une petite table design qui mettra de la joie dans votre salon ? un objet de d\u00e9coration qui vous fera sourire ? Alors vous \u00eates au bon endroit :) Ma petite table vous propose ses cr\u00e9ations uniques fabriqu\u00e9es en France \u00e0 Saint-Maur-des-Foss\u00e9s dans le Val-de-Marne. Estelle pourra vous proposer \u00e9galement une cr\u00e9ation sur-mesure, r\u00e9alis\u00e9e en partenariat avec vous, selon vos souhaits.","og_url":"https:\/\/mapetitetable.fr\/de\/","og_site_name":"Ma petite table","article_modified_time":"2025-12-31T18:32:10+00:00","twitter_card":"summary_large_image","twitter_misc":{"Gesch\u00e4tzte Lesezeit":"1\u00a0Minute"},"schema":{"@context":"https:\/\/schema.org","@graph":[{"@type":"WebPage","@id":"https:\/\/mapetitetable.fr\/","url":"https:\/\/mapetitetable.fr\/","name":"Cr\u00e9ations en bois par Estelle - Ma petite table","isPartOf":{"@id":"https:\/\/mapetitetable.fr\/#website"},"datePublished":"2021-07-16T15:29:30+00:00","dateModified":"2025-12-31T18:32:10+00:00","description":"Vous recherchez une planche \u00e0 d\u00e9couper originale ? une petite table design qui mettra de la joie dans votre salon ? un objet de d\u00e9coration qui vous fera sourire ? Alors vous \u00eates au bon endroit :) Ma petite table vous propose ses cr\u00e9ations uniques fabriqu\u00e9es en France \u00e0 Saint-Maur-des-Foss\u00e9s dans le Val-de-Marne. Estelle pourra vous proposer \u00e9galement une cr\u00e9ation sur-mesure, r\u00e9alis\u00e9e en partenariat avec vous, selon vos souhaits.","breadcrumb":{"@id":"https:\/\/mapetitetable.fr\/#breadcrumb"},"inLanguage":"de","potentialAction":[{"@type":"ReadAction","target":["https:\/\/mapetitetable.fr\/"]}]},{"@type":"BreadcrumbList","@id":"https:\/\/mapetitetable.fr\/#breadcrumb","itemListElement":[{"@type":"ListItem","position":1,"name":"Accueil","item":"https:\/\/mapetitetable.fr\/"},{"@type":"ListItem","position":2,"name":"Bienvenue :)"}]},{"@type":"WebSite","@id":"https:\/\/mapetitetable.fr\/#website","url":"https:\/\/mapetitetable.fr\/","name":"Ma petite table","description":"Cr\u00e9ations en bois par Estelle","potentialAction":[{"@type":"SearchAction","target":{"@type":"EntryPoint","urlTemplate":"https:\/\/mapetitetable.fr\/?s={search_term_string}"},"query-input":{"@type":"PropertyValueSpecification","valueRequired":true,"valueName":"search_term_string"}}],"inLanguage":"de"}]}},"_links":{"self":[{"href":"https:\/\/mapetitetable.fr\/de\/wp-json\/wp\/v2\/pages\/10","targetHints":{"allow":["GET"]}}],"collection":[{"href":"https:\/\/mapetitetable.fr\/de\/wp-json\/wp\/v2\/pages"}],"about":[{"href":"https:\/\/mapetitetable.fr\/de\/wp-json\/wp\/v2\/types\/page"}],"author":[{"embeddable":true,"href":"https:\/\/mapetitetable.fr\/de\/wp-json\/wp\/v2\/users\/1"}],"replies":[{"embeddable":true,"href":"https:\/\/mapetitetable.fr\/de\/wp-json\/wp\/v2\/comments?post=10"}],"version-history":[{"count":145,"href":"https:\/\/mapetitetable.fr\/de\/wp-json\/wp\/v2\/pages\/10\/revisions"}],"predecessor-version":[{"id":2088,"href":"https:\/\/mapetitetable.fr\/de\/wp-json\/wp\/v2\/pages\/10\/revisions\/2088"}],"wp:attachment":[{"href":"https:\/\/mapetitetable.fr\/de\/wp-json\/wp\/v2\/media?parent=10"}],"curies":[{"name":"wp","href":"https:\/\/api.w.org\/{rel}","templated":true}]}}