{"id":1116,"date":"2022-02-16T18:02:47","date_gmt":"2022-02-16T18:02:47","guid":{"rendered":"https:\/\/mapetitetable.fr\/?page_id=1116"},"modified":"2022-02-17T08:21:22","modified_gmt":"2022-02-17T08:21:22","slug":"porte-relookee","status":"publish","type":"page","link":"https:\/\/mapetitetable.fr\/de\/porte-relookee\/","title":{"rendered":"Porte isoplane relook\u00e9e fa\u00e7on laque"},"content":{"rendered":"<p>Porte isoplane avec fond de r\u00e9sine noire et par-dessus technique du &#8220;dirty pour&#8221;.<\/p>\n\n\n\n<p>Cette porte isoplane sans grand charme trainait depuis quelques temps dans l&#8217;atelier.<\/p>\n\n\n\n<p>Un jour, ni r\u00e9sistant plus, je d\u00e9cidais de faire un essai avec elle : ni une ni deux, je la d\u00e9cape, la recouvre de r\u00e9sine noire et exp\u00e9rimente la technique du &#8220;dirty pour&#8221;.<\/p>\n\n\n\n<p>&#8220;Dirty pour&#8221; ? C&#8217;est une technique qui existe aussi en peinture acrylique et qui consiste en la pr\u00e9paration  de plusieurs couleurs s\u00e9par\u00e9ment, couleurs que l&#8217;on m\u00e9lange ensuite dans un certain ordre dans un ou plusieurs contenants (en variant l&#8217;ordre du coup s&#8217;il y a plusieurs contenants) et contenant dont l&#8217;on verse le contenu sur la toile, ou de fa\u00e7on plus g\u00e9n\u00e9rale le support choisi.<\/p>\n\n\n\n<p>Je souhaitais r\u00e9aliser une porte &#8220;espace&#8221;, j&#8217;ai donc coul\u00e9 un fond noir puis j&#8217;ai pr\u00e9par\u00e9 du blanc nacr\u00e9, du bleu, du violet et du rose. Le cuivre est venu par la suite, plus pour r\u00e9aliser un nouveau test dans le test que pour r\u00e9aliser un espace r\u00e9aliste (pas beaucoup de couleur cuivre dans les vues d&#8217;artistes que l&#8217;on voit de l&#8217;espace :)). J&#8217;ai ensuite coul\u00e9 ces couleurs dans plusieurs contenants et j&#8217;ai utilis\u00e9 ces contenants un peu comme des pinceaux, la coul\u00e9e de r\u00e9sine dessinant des motifs.<\/p>\n\n\n\n<p>Le r\u00e9sultat ressemble plus \u00e0 une porte d&#8217;inspiration asiatique qu&#8217;\u00e0 l&#8217;espace intersid\u00e9ral mais peu importe, cette exp\u00e9rimentation ouvre la porte \u00e0 beaucoup d&#8217;autres !<\/p>\n\n\n<style>.wp-block-kadence-advancedgallery.kb-gallery-wrap-id-_3a9dd4-16{overflow:hidden;}.kb-gallery-id-_3a9dd4-16 .kadence-blocks-gallery-item .kb-gal-image-radius, .kb-gallery-id-_3a9dd4-16 .kb-slide-item .kb-gal-image-radius img{border-radius:0px 0px 0px 0px;;}.kb-gallery-id-_3a9dd4-16 .kadence-blocks-gallery-item .kadence-blocks-gallery-item-inner .kadence-blocks-gallery-item__caption{color:#000000;}.kb-gallery-caption-style-cover-hover.kb-gallery-id-_3a9dd4-16 .kadence-blocks-gallery-item .kadence-blocks-gallery-item-inner .kadence-blocks-gallery-item__caption, .kb-gallery-caption-style-below.kb-gallery-id-_3a9dd4-16 .kadence-blocks-gallery-item .kadence-blocks-gallery-item-inner .kadence-blocks-gallery-item__caption{background:#ffffff;}.kb-gallery-wrap-id-_3a9dd4-16.wp-block-kadence-advancedgallery{overflow:visible;}.kb-gallery-wrap-id-_3a9dd4-16.wp-block-kadence-advancedgallery .kt-blocks-carousel{overflow:visible;}<\/style><div class=\"kb-gallery-wrap-id-_3a9dd4-16 alignnone wp-block-kadence-advancedgallery\"><div class=\"kb-gallery-ul kb-gallery-non-static kb-gallery-type-carousel kb-gallery-id-_3a9dd4-16 kb-gallery-caption-style-below kb-gallery-filter-none\" data-image-filter=\"none\" data-lightbox-caption=\"true\"><div class=\"kt-blocks-carousel splide kt-carousel-container-dotstyle-dark kt-carousel-arrowstyle-whiteondark kt-carousel-dotstyle-dark kb-slider-group-arrow kb-slider-arrow-position-center\" data-columns-xxl=\"2\" data-columns-xl=\"2\" data-columns-md=\"2\" data-columns-sm=\"2\" data-columns-xs=\"1\" data-columns-ss=\"1\" data-slider-anim-speed=\"400\" data-slider-scroll=\"1\" data-slider-arrows=\"true\" data-slider-dots=\"true\" data-slider-hover-pause=\"false\" data-slider-auto=\"\" data-slider-speed=\"7000\" data-slider-gap=\"10px\" data-slider-gap-tablet=\"10px\" data-slider-gap-mobile=\"10px\" data-show-pause-button=\"false\" data-slider-label=\"Photo Gallery Carousel\"><div class=\"splide__track\"><ul class=\"kt-blocks-carousel-init kb-gallery-carousel splide__list\"><li class=\"kb-slide-item kb-gallery-carousel-item splide__slide\"><div class=\"kadence-blocks-gallery-item\"><div class=\"kadence-blocks-gallery-item-inner\"><figure class=\"kb-gallery-figure kadence-blocks-gallery-item-has-caption\"><div class=\"kb-gal-image-radius\"><div class=\"kb-gallery-image-contain kadence-blocks-gallery-intrinsic kb-gallery-image-ratio-land32 kb-has-image-ratio-land32\" ><img decoding=\"async\" src=\"https:\/\/mapetitetable.fr\/wp-content\/uploads\/2022\/02\/Detail_1_format_carre-2-1024x1024.jpg\" width=\"1024\" height=\"1024\" alt=\"\" data-full-image=\"https:\/\/mapetitetable.fr\/wp-content\/uploads\/2022\/02\/Detail_1_format_carre-2.jpg\" data-light-image=\"https:\/\/mapetitetable.fr\/wp-content\/uploads\/2022\/02\/Detail_1_format_carre-2.jpg\" data-id=\"1120\" class=\"wp-image-1120 skip-lazy\" srcset=\"https:\/\/mapetitetable.fr\/wp-content\/uploads\/2022\/02\/Detail_1_format_carre-2-1024x1024.jpg 1024w, https:\/\/mapetitetable.fr\/wp-content\/uploads\/2022\/02\/Detail_1_format_carre-2-300x300.jpg 300w, https:\/\/mapetitetable.fr\/wp-content\/uploads\/2022\/02\/Detail_1_format_carre-2-150x150.jpg 150w, https:\/\/mapetitetable.fr\/wp-content\/uploads\/2022\/02\/Detail_1_format_carre-2-768x769.jpg 768w, https:\/\/mapetitetable.fr\/wp-content\/uploads\/2022\/02\/Detail_1_format_carre-2-600x600.jpg 600w, https:\/\/mapetitetable.fr\/wp-content\/uploads\/2022\/02\/Detail_1_format_carre-2-100x100.jpg 100w, https:\/\/mapetitetable.fr\/wp-content\/uploads\/2022\/02\/Detail_1_format_carre-2.jpg 1439w\" sizes=\"(max-width: 1024px) 100vw, 1024px\" \/><\/div><\/div><figcaption class=\"kadence-blocks-gallery-item__caption\">Porte relook\u00e9e &#8211; D\u00e9tail 1<\/figcaption><\/figure><\/div><\/div><\/li><li class=\"kb-slide-item kb-gallery-carousel-item splide__slide\"><div class=\"kadence-blocks-gallery-item\"><div class=\"kadence-blocks-gallery-item-inner\"><figure class=\"kb-gallery-figure kadence-blocks-gallery-item-has-caption\"><div class=\"kb-gal-image-radius\"><div class=\"kb-gallery-image-contain kadence-blocks-gallery-intrinsic kb-gallery-image-ratio-land32 kb-has-image-ratio-land32\" ><img decoding=\"async\" src=\"https:\/\/mapetitetable.fr\/wp-content\/uploads\/2022\/02\/Detail_2_format_carre-1024x1024.jpg\" width=\"1024\" height=\"1024\" alt=\"\" data-full-image=\"https:\/\/mapetitetable.fr\/wp-content\/uploads\/2022\/02\/Detail_2_format_carre.jpg\" data-light-image=\"https:\/\/mapetitetable.fr\/wp-content\/uploads\/2022\/02\/Detail_2_format_carre.jpg\" data-id=\"1121\" class=\"wp-image-1121 skip-lazy\" srcset=\"https:\/\/mapetitetable.fr\/wp-content\/uploads\/2022\/02\/Detail_2_format_carre-1024x1024.jpg 1024w, https:\/\/mapetitetable.fr\/wp-content\/uploads\/2022\/02\/Detail_2_format_carre-300x300.jpg 300w, https:\/\/mapetitetable.fr\/wp-content\/uploads\/2022\/02\/Detail_2_format_carre-150x150.jpg 150w, https:\/\/mapetitetable.fr\/wp-content\/uploads\/2022\/02\/Detail_2_format_carre-768x767.jpg 768w, https:\/\/mapetitetable.fr\/wp-content\/uploads\/2022\/02\/Detail_2_format_carre-600x600.jpg 600w, https:\/\/mapetitetable.fr\/wp-content\/uploads\/2022\/02\/Detail_2_format_carre-100x100.jpg 100w, https:\/\/mapetitetable.fr\/wp-content\/uploads\/2022\/02\/Detail_2_format_carre.jpg 1439w\" sizes=\"(max-width: 1024px) 100vw, 1024px\" \/><\/div><\/div><figcaption class=\"kadence-blocks-gallery-item__caption\">Porte relook\u00e9e &#8211; D\u00e9tail 2<\/figcaption><\/figure><\/div><\/div><\/li><li class=\"kb-slide-item kb-gallery-carousel-item splide__slide\"><div class=\"kadence-blocks-gallery-item\"><div class=\"kadence-blocks-gallery-item-inner\"><figure class=\"kb-gallery-figure kadence-blocks-gallery-item-has-caption\"><div class=\"kb-gal-image-radius\"><div class=\"kb-gallery-image-contain kadence-blocks-gallery-intrinsic kb-gallery-image-ratio-land32 kb-has-image-ratio-land32\" ><img decoding=\"async\" src=\"https:\/\/mapetitetable.fr\/wp-content\/uploads\/2022\/02\/Porte_en_cours_de_realisation-1024x576.jpg\" width=\"1024\" height=\"576\" alt=\"\" data-full-image=\"https:\/\/mapetitetable.fr\/wp-content\/uploads\/2022\/02\/Porte_en_cours_de_realisation.jpg\" data-light-image=\"https:\/\/mapetitetable.fr\/wp-content\/uploads\/2022\/02\/Porte_en_cours_de_realisation.jpg\" data-id=\"1123\" class=\"wp-image-1123 skip-lazy\" srcset=\"https:\/\/mapetitetable.fr\/wp-content\/uploads\/2022\/02\/Porte_en_cours_de_realisation-1024x576.jpg 1024w, https:\/\/mapetitetable.fr\/wp-content\/uploads\/2022\/02\/Porte_en_cours_de_realisation-300x169.jpg 300w, https:\/\/mapetitetable.fr\/wp-content\/uploads\/2022\/02\/Porte_en_cours_de_realisation-768x432.jpg 768w, https:\/\/mapetitetable.fr\/wp-content\/uploads\/2022\/02\/Porte_en_cours_de_realisation-1536x864.jpg 1536w, https:\/\/mapetitetable.fr\/wp-content\/uploads\/2022\/02\/Porte_en_cours_de_realisation-2048x1152.jpg 2048w, https:\/\/mapetitetable.fr\/wp-content\/uploads\/2022\/02\/Porte_en_cours_de_realisation-600x338.jpg 600w\" sizes=\"(max-width: 1024px) 100vw, 1024px\" \/><\/div><\/div><figcaption class=\"kadence-blocks-gallery-item__caption\">Porte relook\u00e9e &#8211; En cours de r\u00e9alisation \u00e0 l&#8217;atelier<\/figcaption><\/figure><\/div><\/div><\/li><\/ul><\/div><\/div><\/div><\/div>","protected":false},"excerpt":{"rendered":"<p>Porte isoplane avec fond de r\u00e9sine noire et par-dessus technique du &#8220;dirty pour&#8221;. Cette porte isoplane sans grand charme trainait depuis quelques temps dans l&#8217;atelier. Un jour, ni r\u00e9sistant plus, je d\u00e9cidais de faire un essai avec elle : ni une ni deux, je la&nbsp;<a class=\"read-more\" href=\"https:\/\/mapetitetable.fr\/de\/porte-relookee\/\">&hellip;<\/a><\/p>","protected":false},"author":1,"featured_media":0,"parent":0,"menu_order":0,"comment_status":"closed","ping_status":"closed","template":"","meta":{"ngg_post_thumbnail":0,"footnotes":""},"class_list":["post-1116","page","type-page","status-publish","hentry"],"yoast_head":"<!-- This site is optimized with the Yoast SEO plugin v27.4 - https:\/\/yoast.com\/product\/yoast-seo-wordpress\/ -->\n<title>Porte isoplane relook\u00e9e fa\u00e7on laque - Ma petite table<\/title>\n<meta name=\"robots\" content=\"index, follow, max-snippet:-1, max-image-preview:large, max-video-preview:-1\" \/>\n<link rel=\"canonical\" href=\"https:\/\/mapetitetable.fr\/de\/porte-relookee\/\" \/>\n<meta property=\"og:locale\" content=\"de_DE\" \/>\n<meta property=\"og:type\" content=\"article\" \/>\n<meta property=\"og:title\" content=\"Porte isoplane relook\u00e9e fa\u00e7on laque - Ma petite table\" \/>\n<meta property=\"og:description\" content=\"Porte isoplane avec fond de r\u00e9sine noire et par-dessus technique du &#8220;dirty pour&#8221;. Cette porte isoplane sans grand charme trainait depuis quelques temps dans l&#8217;atelier. Un jour, ni r\u00e9sistant plus, je d\u00e9cidais de faire un essai avec elle : ni une ni deux, je la&nbsp;&hellip;\" \/>\n<meta property=\"og:url\" content=\"https:\/\/mapetitetable.fr\/de\/porte-relookee\/\" \/>\n<meta property=\"og:site_name\" content=\"Ma petite table\" \/>\n<meta property=\"article:modified_time\" content=\"2022-02-17T08:21:22+00:00\" \/>\n<meta property=\"og:image\" content=\"https:\/\/mapetitetable.fr\/wp-content\/uploads\/2022\/02\/Detail_1_format_carre-2-1024x1024.jpg\" \/>\n<meta name=\"twitter:card\" content=\"summary_large_image\" \/>\n<meta name=\"twitter:label1\" content=\"Gesch\u00e4tzte Lesezeit\" \/>\n\t<meta name=\"twitter:data1\" content=\"1\u00a0Minute\" \/>\n<script type=\"application\/ld+json\" class=\"yoast-schema-graph\">{\"@context\":\"https:\\\/\\\/schema.org\",\"@graph\":[{\"@type\":\"WebPage\",\"@id\":\"https:\\\/\\\/mapetitetable.fr\\\/porte-relookee\\\/\",\"url\":\"https:\\\/\\\/mapetitetable.fr\\\/porte-relookee\\\/\",\"name\":\"Porte isoplane relook\u00e9e fa\u00e7on laque - Ma petite table\",\"isPartOf\":{\"@id\":\"https:\\\/\\\/mapetitetable.fr\\\/#website\"},\"primaryImageOfPage\":{\"@id\":\"https:\\\/\\\/mapetitetable.fr\\\/porte-relookee\\\/#primaryimage\"},\"image\":{\"@id\":\"https:\\\/\\\/mapetitetable.fr\\\/porte-relookee\\\/#primaryimage\"},\"thumbnailUrl\":\"https:\\\/\\\/mapetitetable.fr\\\/wp-content\\\/uploads\\\/2022\\\/02\\\/Detail_1_format_carre-2-1024x1024.jpg\",\"datePublished\":\"2022-02-16T18:02:47+00:00\",\"dateModified\":\"2022-02-17T08:21:22+00:00\",\"breadcrumb\":{\"@id\":\"https:\\\/\\\/mapetitetable.fr\\\/porte-relookee\\\/#breadcrumb\"},\"inLanguage\":\"de\",\"potentialAction\":[{\"@type\":\"ReadAction\",\"target\":[\"https:\\\/\\\/mapetitetable.fr\\\/porte-relookee\\\/\"]}]},{\"@type\":\"ImageObject\",\"inLanguage\":\"de\",\"@id\":\"https:\\\/\\\/mapetitetable.fr\\\/porte-relookee\\\/#primaryimage\",\"url\":\"https:\\\/\\\/mapetitetable.fr\\\/wp-content\\\/uploads\\\/2022\\\/02\\\/Detail_1_format_carre-2-1024x1024.jpg\",\"contentUrl\":\"https:\\\/\\\/mapetitetable.fr\\\/wp-content\\\/uploads\\\/2022\\\/02\\\/Detail_1_format_carre-2-1024x1024.jpg\"},{\"@type\":\"BreadcrumbList\",\"@id\":\"https:\\\/\\\/mapetitetable.fr\\\/porte-relookee\\\/#breadcrumb\",\"itemListElement\":[{\"@type\":\"ListItem\",\"position\":1,\"name\":\"Accueil\",\"item\":\"https:\\\/\\\/mapetitetable.fr\\\/\"},{\"@type\":\"ListItem\",\"position\":2,\"name\":\"Porte isoplane relook\u00e9e fa\u00e7on laque\"}]},{\"@type\":\"WebSite\",\"@id\":\"https:\\\/\\\/mapetitetable.fr\\\/#website\",\"url\":\"https:\\\/\\\/mapetitetable.fr\\\/\",\"name\":\"Ma petite table\",\"description\":\"Cr\u00e9ations en bois par Estelle\",\"potentialAction\":[{\"@type\":\"SearchAction\",\"target\":{\"@type\":\"EntryPoint\",\"urlTemplate\":\"https:\\\/\\\/mapetitetable.fr\\\/?s={search_term_string}\"},\"query-input\":{\"@type\":\"PropertyValueSpecification\",\"valueRequired\":true,\"valueName\":\"search_term_string\"}}],\"inLanguage\":\"de\"}]}<\/script>\n<!-- \/ Yoast SEO plugin. -->","yoast_head_json":{"title":"Porte isoplane relook\u00e9e fa\u00e7on laque - Ma petite table","robots":{"index":"index","follow":"follow","max-snippet":"max-snippet:-1","max-image-preview":"max-image-preview:large","max-video-preview":"max-video-preview:-1"},"canonical":"https:\/\/mapetitetable.fr\/de\/porte-relookee\/","og_locale":"de_DE","og_type":"article","og_title":"Porte isoplane relook\u00e9e fa\u00e7on laque - Ma petite table","og_description":"Porte isoplane avec fond de r\u00e9sine noire et par-dessus technique du &#8220;dirty pour&#8221;. Cette porte isoplane sans grand charme trainait depuis quelques temps dans l&#8217;atelier. Un jour, ni r\u00e9sistant plus, je d\u00e9cidais de faire un essai avec elle : ni une ni deux, je la&nbsp;&hellip;","og_url":"https:\/\/mapetitetable.fr\/de\/porte-relookee\/","og_site_name":"Ma petite table","article_modified_time":"2022-02-17T08:21:22+00:00","og_image":[{"url":"https:\/\/mapetitetable.fr\/wp-content\/uploads\/2022\/02\/Detail_1_format_carre-2-1024x1024.jpg","type":"","width":"","height":""}],"twitter_card":"summary_large_image","twitter_misc":{"Gesch\u00e4tzte Lesezeit":"1\u00a0Minute"},"schema":{"@context":"https:\/\/schema.org","@graph":[{"@type":"WebPage","@id":"https:\/\/mapetitetable.fr\/porte-relookee\/","url":"https:\/\/mapetitetable.fr\/porte-relookee\/","name":"Porte isoplane relook\u00e9e fa\u00e7on laque - Ma petite table","isPartOf":{"@id":"https:\/\/mapetitetable.fr\/#website"},"primaryImageOfPage":{"@id":"https:\/\/mapetitetable.fr\/porte-relookee\/#primaryimage"},"image":{"@id":"https:\/\/mapetitetable.fr\/porte-relookee\/#primaryimage"},"thumbnailUrl":"https:\/\/mapetitetable.fr\/wp-content\/uploads\/2022\/02\/Detail_1_format_carre-2-1024x1024.jpg","datePublished":"2022-02-16T18:02:47+00:00","dateModified":"2022-02-17T08:21:22+00:00","breadcrumb":{"@id":"https:\/\/mapetitetable.fr\/porte-relookee\/#breadcrumb"},"inLanguage":"de","potentialAction":[{"@type":"ReadAction","target":["https:\/\/mapetitetable.fr\/porte-relookee\/"]}]},{"@type":"ImageObject","inLanguage":"de","@id":"https:\/\/mapetitetable.fr\/porte-relookee\/#primaryimage","url":"https:\/\/mapetitetable.fr\/wp-content\/uploads\/2022\/02\/Detail_1_format_carre-2-1024x1024.jpg","contentUrl":"https:\/\/mapetitetable.fr\/wp-content\/uploads\/2022\/02\/Detail_1_format_carre-2-1024x1024.jpg"},{"@type":"BreadcrumbList","@id":"https:\/\/mapetitetable.fr\/porte-relookee\/#breadcrumb","itemListElement":[{"@type":"ListItem","position":1,"name":"Accueil","item":"https:\/\/mapetitetable.fr\/"},{"@type":"ListItem","position":2,"name":"Porte isoplane relook\u00e9e fa\u00e7on laque"}]},{"@type":"WebSite","@id":"https:\/\/mapetitetable.fr\/#website","url":"https:\/\/mapetitetable.fr\/","name":"Ma petite table","description":"Cr\u00e9ations en bois par Estelle","potentialAction":[{"@type":"SearchAction","target":{"@type":"EntryPoint","urlTemplate":"https:\/\/mapetitetable.fr\/?s={search_term_string}"},"query-input":{"@type":"PropertyValueSpecification","valueRequired":true,"valueName":"search_term_string"}}],"inLanguage":"de"}]}},"_links":{"self":[{"href":"https:\/\/mapetitetable.fr\/de\/wp-json\/wp\/v2\/pages\/1116","targetHints":{"allow":["GET"]}}],"collection":[{"href":"https:\/\/mapetitetable.fr\/de\/wp-json\/wp\/v2\/pages"}],"about":[{"href":"https:\/\/mapetitetable.fr\/de\/wp-json\/wp\/v2\/types\/page"}],"author":[{"embeddable":true,"href":"https:\/\/mapetitetable.fr\/de\/wp-json\/wp\/v2\/users\/1"}],"replies":[{"embeddable":true,"href":"https:\/\/mapetitetable.fr\/de\/wp-json\/wp\/v2\/comments?post=1116"}],"version-history":[{"count":9,"href":"https:\/\/mapetitetable.fr\/de\/wp-json\/wp\/v2\/pages\/1116\/revisions"}],"predecessor-version":[{"id":1176,"href":"https:\/\/mapetitetable.fr\/de\/wp-json\/wp\/v2\/pages\/1116\/revisions\/1176"}],"wp:attachment":[{"href":"https:\/\/mapetitetable.fr\/de\/wp-json\/wp\/v2\/media?parent=1116"}],"curies":[{"name":"wp","href":"https:\/\/api.w.org\/{rel}","templated":true}]}}