{"id":1366,"date":"2022-05-30T15:39:53","date_gmt":"2022-05-30T15:39:53","guid":{"rendered":"https:\/\/mapetitetable.fr\/?page_id=1366"},"modified":"2022-05-30T15:42:25","modified_gmt":"2022-05-30T15:42:25","slug":"planetes","status":"publish","type":"page","link":"https:\/\/mapetitetable.fr\/de\/planetes\/","title":{"rendered":"Plan\u00e8tes"},"content":{"rendered":"<p>Table basse en merisier et r\u00e9sine transparente de diff\u00e9rentes couleurs.<\/p>\n\n\n\n<p>Je souhaitais r\u00e9aliser un plateau style &#8220;galaxie&#8221;, quelque chose de profond, apaisant, presque hypnotique.<\/p>\n\n\n\n<p>C&#8217;est un premier essai pour mon plateau &#8220;galaxie&#8221;.<\/p>\n\n\n\n<p>Pour le prochain essai, j&#8217;utiliserai un fond sombre, avec des projections de rose, bleu et blanc nacr\u00e9.<\/p>\n\n\n\n<p>Pour l&#8217;instant, ma &#8220;galaxie&#8221; s&#8217;est transform\u00e9e en plan\u00e8tes fun \ud83d\ude09<\/p>\n\n\n\n<p>Et je lui ai trouv\u00e9 des pieds color\u00e9s qui vont bien avec et qui donnent envie de rester sur ces plan\u00e8tes \ud83d\ude00<\/p>\n\n\n\n<p><\/p>\n\n\n\n<p>Pour la petite histoire : <\/p>\n\n\n\n<p>Quand je suis all\u00e9e chercher du merisier \u00e0 la scierie pr\u00e8s de chez moi, j&#8217;ai demand\u00e9 si leur merisier \u00e9tait sec.<\/p>\n\n\n\n<p>La personne qui m&#8217;a re\u00e7ue a \u00e9clat\u00e9 de rire et m&#8217;a dit que cela faisait 10 ans qu&#8217;il n&#8217;en n&#8217;avait pas vendu.<\/p>\n\n\n\n<p>Traduction : il \u00e9tait bien sec \ud83d\ude00<\/p>\n\n\n\n<p>Je le trouve tr\u00e8s beau ce merisier, il tire bien vers le orange, mais pas trop.<\/p>\n\n\n<style>.wp-block-kadence-advancedgallery .kb-gallery-type-masonry.kb-gallery-id-_0f0a60-fb{margin:-5px;}.kb-gallery-type-masonry.kb-gallery-id-_0f0a60-fb .kadence-blocks-gallery-item{padding:5px;}.kb-gallery-id-_0f0a60-fb .kadence-blocks-gallery-item .kb-gal-image-radius, .kb-gallery-id-_0f0a60-fb .kb-slide-item .kb-gal-image-radius img{border-radius:0px 0px 0px 0px;;}.kb-gallery-id-_0f0a60-fb .kadence-blocks-gallery-item .kadence-blocks-gallery-item-inner .kadence-blocks-gallery-item__caption{color:#000000;}.kb-gallery-caption-style-cover-hover.kb-gallery-id-_0f0a60-fb .kadence-blocks-gallery-item .kadence-blocks-gallery-item-inner .kadence-blocks-gallery-item__caption, .kb-gallery-caption-style-below.kb-gallery-id-_0f0a60-fb .kadence-blocks-gallery-item .kadence-blocks-gallery-item-inner .kadence-blocks-gallery-item__caption{background:#ffffff;}<\/style><div class=\"kb-gallery-wrap-id-_0f0a60-fb alignnone wp-block-kadence-advancedgallery\"><ul class=\"kb-gallery-ul kb-gallery-non-static kb-gallery-type-masonry kb-masonry-init kb-gallery-id-_0f0a60-fb kb-gallery-caption-style-below kb-gallery-filter-none\" data-image-filter=\"none\" data-item-selector=\".kadence-blocks-gallery-item\" data-lightbox-caption=\"true\" data-columns-xxl=\"3\" data-columns-xl=\"3\" data-columns-md=\"3\" data-columns-sm=\"2\" data-columns-xs=\"1\" data-columns-ss=\"1\"><li class=\"kadence-blocks-gallery-item\"><div class=\"kadence-blocks-gallery-item-inner\"><figure class=\"kb-gallery-figure kadence-blocks-gallery-item-has-caption\" style=\"max-width:1024px;\"><div class=\"kb-gal-image-radius\" style=\"max-width:1024px;\"><div class=\"kb-gallery-image-contain kadence-blocks-gallery-intrinsic\" style=\"padding-bottom:56%;\"><img decoding=\"async\" src=\"https:\/\/mapetitetable.fr\/wp-content\/uploads\/2022\/05\/05-Preparation_coulage-1024x576.jpg\" width=\"1024\" height=\"576\" alt=\"\" data-full-image=\"https:\/\/mapetitetable.fr\/wp-content\/uploads\/2022\/05\/05-Preparation_coulage.jpg\" data-light-image=\"https:\/\/mapetitetable.fr\/wp-content\/uploads\/2022\/05\/05-Preparation_coulage.jpg\" data-id=\"1368\" class=\"wp-image-1368\" srcset=\"https:\/\/mapetitetable.fr\/wp-content\/uploads\/2022\/05\/05-Preparation_coulage-1024x576.jpg 1024w, https:\/\/mapetitetable.fr\/wp-content\/uploads\/2022\/05\/05-Preparation_coulage-300x169.jpg 300w, https:\/\/mapetitetable.fr\/wp-content\/uploads\/2022\/05\/05-Preparation_coulage-768x432.jpg 768w, https:\/\/mapetitetable.fr\/wp-content\/uploads\/2022\/05\/05-Preparation_coulage-1536x864.jpg 1536w, https:\/\/mapetitetable.fr\/wp-content\/uploads\/2022\/05\/05-Preparation_coulage-2048x1152.jpg 2048w, https:\/\/mapetitetable.fr\/wp-content\/uploads\/2022\/05\/05-Preparation_coulage-600x338.jpg 600w\" sizes=\"(max-width: 1024px) 100vw, 1024px\" \/><\/div><\/div><figcaption class=\"kadence-blocks-gallery-item__caption\">Pr\u00e9paration du coulage de la r\u00e9sine<\/figcaption><\/figure><\/div><\/li><li class=\"kadence-blocks-gallery-item\"><div class=\"kadence-blocks-gallery-item-inner\"><figure class=\"kb-gallery-figure kadence-blocks-gallery-item-has-caption\" style=\"max-width:1024px;\"><div class=\"kb-gal-image-radius\" style=\"max-width:1024px;\"><div class=\"kb-gallery-image-contain kadence-blocks-gallery-intrinsic\" style=\"padding-bottom:56%;\"><img decoding=\"async\" src=\"https:\/\/mapetitetable.fr\/wp-content\/uploads\/2022\/05\/10-Arghhh_des_bulles-1024x576.jpg\" width=\"1024\" height=\"576\" alt=\"\" data-full-image=\"https:\/\/mapetitetable.fr\/wp-content\/uploads\/2022\/05\/10-Arghhh_des_bulles.jpg\" data-light-image=\"https:\/\/mapetitetable.fr\/wp-content\/uploads\/2022\/05\/10-Arghhh_des_bulles.jpg\" data-id=\"1369\" class=\"wp-image-1369\" srcset=\"https:\/\/mapetitetable.fr\/wp-content\/uploads\/2022\/05\/10-Arghhh_des_bulles-1024x576.jpg 1024w, https:\/\/mapetitetable.fr\/wp-content\/uploads\/2022\/05\/10-Arghhh_des_bulles-300x169.jpg 300w, https:\/\/mapetitetable.fr\/wp-content\/uploads\/2022\/05\/10-Arghhh_des_bulles-768x432.jpg 768w, https:\/\/mapetitetable.fr\/wp-content\/uploads\/2022\/05\/10-Arghhh_des_bulles-1536x864.jpg 1536w, https:\/\/mapetitetable.fr\/wp-content\/uploads\/2022\/05\/10-Arghhh_des_bulles-2048x1152.jpg 2048w, https:\/\/mapetitetable.fr\/wp-content\/uploads\/2022\/05\/10-Arghhh_des_bulles-600x338.jpg 600w\" sizes=\"(max-width: 1024px) 100vw, 1024px\" \/><\/div><\/div><figcaption class=\"kadence-blocks-gallery-item__caption\">Arghhhh c&#8217;est quoi ces bulles ?!?<\/figcaption><\/figure><\/div><\/li><li class=\"kadence-blocks-gallery-item\"><div class=\"kadence-blocks-gallery-item-inner\"><figure class=\"kb-gallery-figure kadence-blocks-gallery-item-has-caption\" style=\"max-width:1024px;\"><div class=\"kb-gal-image-radius\" style=\"max-width:1024px;\"><div class=\"kb-gallery-image-contain kadence-blocks-gallery-intrinsic\" style=\"padding-bottom:56%;\"><img decoding=\"async\" src=\"https:\/\/mapetitetable.fr\/wp-content\/uploads\/2022\/05\/15-Ca_va_mieux-1024x576.jpg\" width=\"1024\" height=\"576\" alt=\"\" data-full-image=\"https:\/\/mapetitetable.fr\/wp-content\/uploads\/2022\/05\/15-Ca_va_mieux.jpg\" data-light-image=\"https:\/\/mapetitetable.fr\/wp-content\/uploads\/2022\/05\/15-Ca_va_mieux.jpg\" data-id=\"1370\" class=\"wp-image-1370\" srcset=\"https:\/\/mapetitetable.fr\/wp-content\/uploads\/2022\/05\/15-Ca_va_mieux-1024x576.jpg 1024w, https:\/\/mapetitetable.fr\/wp-content\/uploads\/2022\/05\/15-Ca_va_mieux-300x169.jpg 300w, https:\/\/mapetitetable.fr\/wp-content\/uploads\/2022\/05\/15-Ca_va_mieux-768x432.jpg 768w, https:\/\/mapetitetable.fr\/wp-content\/uploads\/2022\/05\/15-Ca_va_mieux-1536x864.jpg 1536w, https:\/\/mapetitetable.fr\/wp-content\/uploads\/2022\/05\/15-Ca_va_mieux-2048x1152.jpg 2048w, https:\/\/mapetitetable.fr\/wp-content\/uploads\/2022\/05\/15-Ca_va_mieux-600x338.jpg 600w\" sizes=\"(max-width: 1024px) 100vw, 1024px\" \/><\/div><\/div><figcaption class=\"kadence-blocks-gallery-item__caption\">Ca va mieux apr\u00e8s le pon\u00e7age<\/figcaption><\/figure><\/div><\/li><li class=\"kadence-blocks-gallery-item\"><div class=\"kadence-blocks-gallery-item-inner\"><figure class=\"kb-gallery-figure kadence-blocks-gallery-item-has-caption\" style=\"max-width:576px;\"><div class=\"kb-gal-image-radius\" style=\"max-width:576px;\"><div class=\"kb-gallery-image-contain kadence-blocks-gallery-intrinsic\" style=\"padding-bottom:177%;\"><img decoding=\"async\" src=\"https:\/\/mapetitetable.fr\/wp-content\/uploads\/2022\/05\/20-A_Bastille_avec_ses_2emes_pieds-576x1024.jpg\" width=\"576\" height=\"1024\" alt=\"\" data-full-image=\"https:\/\/mapetitetable.fr\/wp-content\/uploads\/2022\/05\/20-A_Bastille_avec_ses_2emes_pieds-rotated.jpg\" data-light-image=\"https:\/\/mapetitetable.fr\/wp-content\/uploads\/2022\/05\/20-A_Bastille_avec_ses_2emes_pieds-rotated.jpg\" data-id=\"1371\" class=\"wp-image-1371\" srcset=\"https:\/\/mapetitetable.fr\/wp-content\/uploads\/2022\/05\/20-A_Bastille_avec_ses_2emes_pieds-576x1024.jpg 576w, https:\/\/mapetitetable.fr\/wp-content\/uploads\/2022\/05\/20-A_Bastille_avec_ses_2emes_pieds-169x300.jpg 169w, https:\/\/mapetitetable.fr\/wp-content\/uploads\/2022\/05\/20-A_Bastille_avec_ses_2emes_pieds-768x1365.jpg 768w, https:\/\/mapetitetable.fr\/wp-content\/uploads\/2022\/05\/20-A_Bastille_avec_ses_2emes_pieds-864x1536.jpg 864w, https:\/\/mapetitetable.fr\/wp-content\/uploads\/2022\/05\/20-A_Bastille_avec_ses_2emes_pieds-1152x2048.jpg 1152w, https:\/\/mapetitetable.fr\/wp-content\/uploads\/2022\/05\/20-A_Bastille_avec_ses_2emes_pieds-600x1067.jpg 600w, https:\/\/mapetitetable.fr\/wp-content\/uploads\/2022\/05\/20-A_Bastille_avec_ses_2emes_pieds-rotated.jpg 1440w\" sizes=\"(max-width: 576px) 100vw, 576px\" \/><\/div><\/div><figcaption class=\"kadence-blocks-gallery-item__caption\">A Bastille avec d\u00e9j\u00e0 ses 2\u00e8mes pieds (04\/2022)<\/figcaption><\/figure><\/div><\/li><li class=\"kadence-blocks-gallery-item\"><div class=\"kadence-blocks-gallery-item-inner\"><figure class=\"kb-gallery-figure kadence-blocks-gallery-item-has-caption\" style=\"max-width:576px;\"><div class=\"kb-gal-image-radius\" style=\"max-width:576px;\"><div class=\"kb-gallery-image-contain kadence-blocks-gallery-intrinsic\" style=\"padding-bottom:177%;\"><img decoding=\"async\" src=\"https:\/\/mapetitetable.fr\/wp-content\/uploads\/2022\/05\/20-Bastille_Detail-576x1024.jpg\" width=\"576\" height=\"1024\" alt=\"\" data-full-image=\"https:\/\/mapetitetable.fr\/wp-content\/uploads\/2022\/05\/20-Bastille_Detail-rotated.jpg\" data-light-image=\"https:\/\/mapetitetable.fr\/wp-content\/uploads\/2022\/05\/20-Bastille_Detail-rotated.jpg\" data-id=\"1372\" class=\"wp-image-1372\" srcset=\"https:\/\/mapetitetable.fr\/wp-content\/uploads\/2022\/05\/20-Bastille_Detail-576x1024.jpg 576w, https:\/\/mapetitetable.fr\/wp-content\/uploads\/2022\/05\/20-Bastille_Detail-169x300.jpg 169w, https:\/\/mapetitetable.fr\/wp-content\/uploads\/2022\/05\/20-Bastille_Detail-768x1365.jpg 768w, https:\/\/mapetitetable.fr\/wp-content\/uploads\/2022\/05\/20-Bastille_Detail-864x1536.jpg 864w, https:\/\/mapetitetable.fr\/wp-content\/uploads\/2022\/05\/20-Bastille_Detail-1152x2048.jpg 1152w, https:\/\/mapetitetable.fr\/wp-content\/uploads\/2022\/05\/20-Bastille_Detail-600x1067.jpg 600w, https:\/\/mapetitetable.fr\/wp-content\/uploads\/2022\/05\/20-Bastille_Detail-rotated.jpg 1440w\" sizes=\"(max-width: 576px) 100vw, 576px\" \/><\/div><\/div><figcaption class=\"kadence-blocks-gallery-item__caption\">A Bastille &#8211; D\u00e9tail<\/figcaption><\/figure><\/div><\/li><li class=\"kadence-blocks-gallery-item\"><div class=\"kadence-blocks-gallery-item-inner\"><figure class=\"kb-gallery-figure kadence-blocks-gallery-item-has-caption\" style=\"max-width:576px;\"><div class=\"kb-gal-image-radius\" style=\"max-width:576px;\"><div class=\"kb-gallery-image-contain kadence-blocks-gallery-intrinsic\" style=\"padding-bottom:177%;\"><img decoding=\"async\" src=\"https:\/\/mapetitetable.fr\/wp-content\/uploads\/2022\/05\/25-Marais_avec_ses_pieds_definitifs-576x1024.jpg\" width=\"576\" height=\"1024\" alt=\"\" data-full-image=\"https:\/\/mapetitetable.fr\/wp-content\/uploads\/2022\/05\/25-Marais_avec_ses_pieds_definitifs-rotated.jpg\" data-light-image=\"https:\/\/mapetitetable.fr\/wp-content\/uploads\/2022\/05\/25-Marais_avec_ses_pieds_definitifs-rotated.jpg\" data-id=\"1374\" class=\"wp-image-1374\" srcset=\"https:\/\/mapetitetable.fr\/wp-content\/uploads\/2022\/05\/25-Marais_avec_ses_pieds_definitifs-576x1024.jpg 576w, https:\/\/mapetitetable.fr\/wp-content\/uploads\/2022\/05\/25-Marais_avec_ses_pieds_definitifs-169x300.jpg 169w, https:\/\/mapetitetable.fr\/wp-content\/uploads\/2022\/05\/25-Marais_avec_ses_pieds_definitifs-768x1365.jpg 768w, https:\/\/mapetitetable.fr\/wp-content\/uploads\/2022\/05\/25-Marais_avec_ses_pieds_definitifs-864x1536.jpg 864w, https:\/\/mapetitetable.fr\/wp-content\/uploads\/2022\/05\/25-Marais_avec_ses_pieds_definitifs-1152x2048.jpg 1152w, https:\/\/mapetitetable.fr\/wp-content\/uploads\/2022\/05\/25-Marais_avec_ses_pieds_definitifs-600x1067.jpg 600w, https:\/\/mapetitetable.fr\/wp-content\/uploads\/2022\/05\/25-Marais_avec_ses_pieds_definitifs-rotated.jpg 1440w\" sizes=\"(max-width: 576px) 100vw, 576px\" \/><\/div><\/div><figcaption class=\"kadence-blocks-gallery-item__caption\">Dans le Marais avec ses pieds d\u00e9finitifs<\/figcaption><\/figure><\/div><\/li><\/ul><\/div>\n\n\n<p><\/p>","protected":false},"excerpt":{"rendered":"<p>Table basse en merisier et r\u00e9sine transparente de diff\u00e9rentes couleurs. Je souhaitais r\u00e9aliser un plateau style &#8220;galaxie&#8221;, quelque chose de profond, apaisant, presque hypnotique. C&#8217;est un premier essai pour mon plateau &#8220;galaxie&#8221;. Pour le prochain essai, j&#8217;utiliserai un fond sombre, avec des projections de rose,&nbsp;<a class=\"read-more\" href=\"https:\/\/mapetitetable.fr\/de\/planetes\/\">&hellip;<\/a><\/p>","protected":false},"author":1,"featured_media":0,"parent":0,"menu_order":0,"comment_status":"closed","ping_status":"closed","template":"","meta":{"ngg_post_thumbnail":0,"footnotes":""},"class_list":["post-1366","page","type-page","status-publish","hentry"],"yoast_head":"<!-- This site is optimized with the Yoast SEO plugin v27.4 - https:\/\/yoast.com\/product\/yoast-seo-wordpress\/ -->\n<title>Plan\u00e8tes - Ma petite table<\/title>\n<meta name=\"robots\" content=\"index, follow, max-snippet:-1, max-image-preview:large, max-video-preview:-1\" \/>\n<link rel=\"canonical\" href=\"https:\/\/mapetitetable.fr\/de\/planetes\/\" \/>\n<meta property=\"og:locale\" content=\"de_DE\" \/>\n<meta property=\"og:type\" content=\"article\" \/>\n<meta property=\"og:title\" content=\"Plan\u00e8tes - Ma petite table\" \/>\n<meta property=\"og:description\" content=\"Table basse en merisier et r\u00e9sine transparente de diff\u00e9rentes couleurs. Je souhaitais r\u00e9aliser un plateau style &#8220;galaxie&#8221;, quelque chose de profond, apaisant, presque hypnotique. C&#8217;est un premier essai pour mon plateau &#8220;galaxie&#8221;. Pour le prochain essai, j&#8217;utiliserai un fond sombre, avec des projections de rose,&nbsp;&hellip;\" \/>\n<meta property=\"og:url\" content=\"https:\/\/mapetitetable.fr\/de\/planetes\/\" \/>\n<meta property=\"og:site_name\" content=\"Ma petite table\" \/>\n<meta property=\"article:modified_time\" content=\"2022-05-30T15:42:25+00:00\" \/>\n<meta property=\"og:image\" content=\"https:\/\/mapetitetable.fr\/wp-content\/uploads\/2022\/05\/05-Preparation_coulage-1024x576.jpg\" \/>\n<meta name=\"twitter:card\" content=\"summary_large_image\" \/>\n<meta name=\"twitter:label1\" content=\"Gesch\u00e4tzte Lesezeit\" \/>\n\t<meta name=\"twitter:data1\" content=\"1\u00a0Minute\" \/>\n<script type=\"application\/ld+json\" class=\"yoast-schema-graph\">{\"@context\":\"https:\\\/\\\/schema.org\",\"@graph\":[{\"@type\":\"WebPage\",\"@id\":\"https:\\\/\\\/mapetitetable.fr\\\/planetes\\\/\",\"url\":\"https:\\\/\\\/mapetitetable.fr\\\/planetes\\\/\",\"name\":\"Plan\u00e8tes - Ma petite table\",\"isPartOf\":{\"@id\":\"https:\\\/\\\/mapetitetable.fr\\\/#website\"},\"primaryImageOfPage\":{\"@id\":\"https:\\\/\\\/mapetitetable.fr\\\/planetes\\\/#primaryimage\"},\"image\":{\"@id\":\"https:\\\/\\\/mapetitetable.fr\\\/planetes\\\/#primaryimage\"},\"thumbnailUrl\":\"https:\\\/\\\/mapetitetable.fr\\\/wp-content\\\/uploads\\\/2022\\\/05\\\/05-Preparation_coulage-1024x576.jpg\",\"datePublished\":\"2022-05-30T15:39:53+00:00\",\"dateModified\":\"2022-05-30T15:42:25+00:00\",\"breadcrumb\":{\"@id\":\"https:\\\/\\\/mapetitetable.fr\\\/planetes\\\/#breadcrumb\"},\"inLanguage\":\"de\",\"potentialAction\":[{\"@type\":\"ReadAction\",\"target\":[\"https:\\\/\\\/mapetitetable.fr\\\/planetes\\\/\"]}]},{\"@type\":\"ImageObject\",\"inLanguage\":\"de\",\"@id\":\"https:\\\/\\\/mapetitetable.fr\\\/planetes\\\/#primaryimage\",\"url\":\"https:\\\/\\\/mapetitetable.fr\\\/wp-content\\\/uploads\\\/2022\\\/05\\\/05-Preparation_coulage-1024x576.jpg\",\"contentUrl\":\"https:\\\/\\\/mapetitetable.fr\\\/wp-content\\\/uploads\\\/2022\\\/05\\\/05-Preparation_coulage-1024x576.jpg\"},{\"@type\":\"BreadcrumbList\",\"@id\":\"https:\\\/\\\/mapetitetable.fr\\\/planetes\\\/#breadcrumb\",\"itemListElement\":[{\"@type\":\"ListItem\",\"position\":1,\"name\":\"Accueil\",\"item\":\"https:\\\/\\\/mapetitetable.fr\\\/\"},{\"@type\":\"ListItem\",\"position\":2,\"name\":\"Plan\u00e8tes\"}]},{\"@type\":\"WebSite\",\"@id\":\"https:\\\/\\\/mapetitetable.fr\\\/#website\",\"url\":\"https:\\\/\\\/mapetitetable.fr\\\/\",\"name\":\"Ma petite table\",\"description\":\"Cr\u00e9ations en bois par Estelle\",\"potentialAction\":[{\"@type\":\"SearchAction\",\"target\":{\"@type\":\"EntryPoint\",\"urlTemplate\":\"https:\\\/\\\/mapetitetable.fr\\\/?s={search_term_string}\"},\"query-input\":{\"@type\":\"PropertyValueSpecification\",\"valueRequired\":true,\"valueName\":\"search_term_string\"}}],\"inLanguage\":\"de\"}]}<\/script>\n<!-- \/ Yoast SEO plugin. -->","yoast_head_json":{"title":"Plan\u00e8tes - Ma petite table","robots":{"index":"index","follow":"follow","max-snippet":"max-snippet:-1","max-image-preview":"max-image-preview:large","max-video-preview":"max-video-preview:-1"},"canonical":"https:\/\/mapetitetable.fr\/de\/planetes\/","og_locale":"de_DE","og_type":"article","og_title":"Plan\u00e8tes - Ma petite table","og_description":"Table basse en merisier et r\u00e9sine transparente de diff\u00e9rentes couleurs. Je souhaitais r\u00e9aliser un plateau style &#8220;galaxie&#8221;, quelque chose de profond, apaisant, presque hypnotique. C&#8217;est un premier essai pour mon plateau &#8220;galaxie&#8221;. Pour le prochain essai, j&#8217;utiliserai un fond sombre, avec des projections de rose,&nbsp;&hellip;","og_url":"https:\/\/mapetitetable.fr\/de\/planetes\/","og_site_name":"Ma petite table","article_modified_time":"2022-05-30T15:42:25+00:00","og_image":[{"url":"https:\/\/mapetitetable.fr\/wp-content\/uploads\/2022\/05\/05-Preparation_coulage-1024x576.jpg","type":"","width":"","height":""}],"twitter_card":"summary_large_image","twitter_misc":{"Gesch\u00e4tzte Lesezeit":"1\u00a0Minute"},"schema":{"@context":"https:\/\/schema.org","@graph":[{"@type":"WebPage","@id":"https:\/\/mapetitetable.fr\/planetes\/","url":"https:\/\/mapetitetable.fr\/planetes\/","name":"Plan\u00e8tes - Ma petite table","isPartOf":{"@id":"https:\/\/mapetitetable.fr\/#website"},"primaryImageOfPage":{"@id":"https:\/\/mapetitetable.fr\/planetes\/#primaryimage"},"image":{"@id":"https:\/\/mapetitetable.fr\/planetes\/#primaryimage"},"thumbnailUrl":"https:\/\/mapetitetable.fr\/wp-content\/uploads\/2022\/05\/05-Preparation_coulage-1024x576.jpg","datePublished":"2022-05-30T15:39:53+00:00","dateModified":"2022-05-30T15:42:25+00:00","breadcrumb":{"@id":"https:\/\/mapetitetable.fr\/planetes\/#breadcrumb"},"inLanguage":"de","potentialAction":[{"@type":"ReadAction","target":["https:\/\/mapetitetable.fr\/planetes\/"]}]},{"@type":"ImageObject","inLanguage":"de","@id":"https:\/\/mapetitetable.fr\/planetes\/#primaryimage","url":"https:\/\/mapetitetable.fr\/wp-content\/uploads\/2022\/05\/05-Preparation_coulage-1024x576.jpg","contentUrl":"https:\/\/mapetitetable.fr\/wp-content\/uploads\/2022\/05\/05-Preparation_coulage-1024x576.jpg"},{"@type":"BreadcrumbList","@id":"https:\/\/mapetitetable.fr\/planetes\/#breadcrumb","itemListElement":[{"@type":"ListItem","position":1,"name":"Accueil","item":"https:\/\/mapetitetable.fr\/"},{"@type":"ListItem","position":2,"name":"Plan\u00e8tes"}]},{"@type":"WebSite","@id":"https:\/\/mapetitetable.fr\/#website","url":"https:\/\/mapetitetable.fr\/","name":"Ma petite table","description":"Cr\u00e9ations en bois par Estelle","potentialAction":[{"@type":"SearchAction","target":{"@type":"EntryPoint","urlTemplate":"https:\/\/mapetitetable.fr\/?s={search_term_string}"},"query-input":{"@type":"PropertyValueSpecification","valueRequired":true,"valueName":"search_term_string"}}],"inLanguage":"de"}]}},"_links":{"self":[{"href":"https:\/\/mapetitetable.fr\/de\/wp-json\/wp\/v2\/pages\/1366","targetHints":{"allow":["GET"]}}],"collection":[{"href":"https:\/\/mapetitetable.fr\/de\/wp-json\/wp\/v2\/pages"}],"about":[{"href":"https:\/\/mapetitetable.fr\/de\/wp-json\/wp\/v2\/types\/page"}],"author":[{"embeddable":true,"href":"https:\/\/mapetitetable.fr\/de\/wp-json\/wp\/v2\/users\/1"}],"replies":[{"embeddable":true,"href":"https:\/\/mapetitetable.fr\/de\/wp-json\/wp\/v2\/comments?post=1366"}],"version-history":[{"count":2,"href":"https:\/\/mapetitetable.fr\/de\/wp-json\/wp\/v2\/pages\/1366\/revisions"}],"predecessor-version":[{"id":1375,"href":"https:\/\/mapetitetable.fr\/de\/wp-json\/wp\/v2\/pages\/1366\/revisions\/1375"}],"wp:attachment":[{"href":"https:\/\/mapetitetable.fr\/de\/wp-json\/wp\/v2\/media?parent=1366"}],"curies":[{"name":"wp","href":"https:\/\/api.w.org\/{rel}","templated":true}]}}