{"id":1388,"date":"2022-05-30T16:17:56","date_gmt":"2022-05-30T16:17:56","guid":{"rendered":"https:\/\/mapetitetable.fr\/?page_id=1388"},"modified":"2022-05-30T16:43:30","modified_gmt":"2022-05-30T16:43:30","slug":"smiley","status":"publish","type":"page","link":"https:\/\/mapetitetable.fr\/de\/smiley\/","title":{"rendered":"Smiley"},"content":{"rendered":"<p>Petite table ronde en olivier et r\u00e9sine rose.<\/p>\n\n\n\n<p>L&#8217;histoire de Smiley a d\u00e9but\u00e9 par une d\u00e9ception : j&#8217;avais achet\u00e9 une tranche d&#8217;olivier dont je trouvais la forme superbe et inspirante.<\/p>\n\n\n\n<p>Mais \u00e0 la r\u00e9ception de la tranche, force a \u00e9t\u00e9 de constater que le gauchissement \u00e9tait trop important pour conserver la tranche d&#8217;un seul tenant.<\/p>\n\n\n\n<p>Apr\u00e8s l&#8217;avoir tourn\u00e9e dans tous les sens et imagin\u00e9 toutes les possibilit\u00e9s, j&#8217;ai fini par la d\u00e9couper en 2 parties. SNIF.<\/p>\n\n\n\n<p>Et l\u00e0 est apparu Smiley avec ses petits yeux malicieux et sa fossette !<\/p>\n\n\n\n<p>Encore une fois, nous avons d\u00e9cid\u00e9 de la couleur de la r\u00e9sine en famille, les gar\u00e7ons penchant plut\u00f4t pour le bleu et les filles pour le rose (tiens, \u00e7a me rappelle quelque chose \u00e7a &#8230; LOL).<\/p>\n\n\n\n<p>Faisant fi des clich\u00e9s, j&#8217;ai cr\u00e9\u00e9 des petits yeux roses \u00e0 Smiley.<\/p>\n\n\n\n<p>Il n&#8217;a pas encore ses pieds d\u00e9finitifs (les pieds Tip Toe sur la derni\u00e8re photo sont temporaires) mais \u00e7a ne saurait tarder.<\/p>\n\n\n\n<p>Quel suspense &#8230; !<\/p>\n\n\n<style>.wp-block-kadence-advancedgallery .kb-gallery-type-masonry.kb-gallery-id-_03f42c-8f{margin:-5px;}.kb-gallery-type-masonry.kb-gallery-id-_03f42c-8f .kadence-blocks-gallery-item{padding:5px;}.kb-gallery-id-_03f42c-8f .kadence-blocks-gallery-item .kb-gal-image-radius, .kb-gallery-id-_03f42c-8f .kb-slide-item .kb-gal-image-radius img{border-radius:0px 0px 0px 0px;;}.kb-gallery-id-_03f42c-8f .kadence-blocks-gallery-item .kadence-blocks-gallery-item-inner .kadence-blocks-gallery-item__caption{color:#000000;}.kb-gallery-caption-style-cover-hover.kb-gallery-id-_03f42c-8f .kadence-blocks-gallery-item .kadence-blocks-gallery-item-inner .kadence-blocks-gallery-item__caption, .kb-gallery-caption-style-below.kb-gallery-id-_03f42c-8f .kadence-blocks-gallery-item .kadence-blocks-gallery-item-inner .kadence-blocks-gallery-item__caption{background:#ffffff;}<\/style><div class=\"kb-gallery-wrap-id-_03f42c-8f alignnone wp-block-kadence-advancedgallery\"><ul class=\"kb-gallery-ul kb-gallery-non-static kb-gallery-type-masonry kb-masonry-init kb-gallery-id-_03f42c-8f kb-gallery-caption-style-below kb-gallery-filter-none\" data-image-filter=\"none\" data-item-selector=\".kadence-blocks-gallery-item\" data-lightbox-caption=\"true\" data-columns-xxl=\"3\" data-columns-xl=\"3\" data-columns-md=\"3\" data-columns-sm=\"2\" data-columns-xs=\"1\" data-columns-ss=\"1\"><li class=\"kadence-blocks-gallery-item\"><div class=\"kadence-blocks-gallery-item-inner\"><figure class=\"kb-gallery-figure kadence-blocks-gallery-item-has-caption\" style=\"max-width:1024px;\"><div class=\"kb-gal-image-radius\" style=\"max-width:1024px;\"><div class=\"kb-gallery-image-contain kadence-blocks-gallery-intrinsic\" style=\"padding-bottom:56%;\"><img decoding=\"async\" src=\"https:\/\/mapetitetable.fr\/wp-content\/uploads\/2022\/05\/01-Planche_a_l_origine-1024x576.jpg\" width=\"1024\" height=\"576\" alt=\"\" data-full-image=\"https:\/\/mapetitetable.fr\/wp-content\/uploads\/2022\/05\/01-Planche_a_l_origine.jpg\" data-light-image=\"https:\/\/mapetitetable.fr\/wp-content\/uploads\/2022\/05\/01-Planche_a_l_origine.jpg\" data-id=\"1392\" class=\"wp-image-1392\" srcset=\"https:\/\/mapetitetable.fr\/wp-content\/uploads\/2022\/05\/01-Planche_a_l_origine-1024x576.jpg 1024w, https:\/\/mapetitetable.fr\/wp-content\/uploads\/2022\/05\/01-Planche_a_l_origine-300x169.jpg 300w, https:\/\/mapetitetable.fr\/wp-content\/uploads\/2022\/05\/01-Planche_a_l_origine-768x432.jpg 768w, https:\/\/mapetitetable.fr\/wp-content\/uploads\/2022\/05\/01-Planche_a_l_origine-1536x864.jpg 1536w, https:\/\/mapetitetable.fr\/wp-content\/uploads\/2022\/05\/01-Planche_a_l_origine-2048x1152.jpg 2048w, https:\/\/mapetitetable.fr\/wp-content\/uploads\/2022\/05\/01-Planche_a_l_origine-600x338.jpg 600w\" sizes=\"(max-width: 1024px) 100vw, 1024px\" \/><\/div><\/div><figcaption class=\"kadence-blocks-gallery-item__caption\">Planche \u00e0 l&#8217;origine<\/figcaption><\/figure><\/div><\/li><li class=\"kadence-blocks-gallery-item\"><div class=\"kadence-blocks-gallery-item-inner\"><figure class=\"kb-gallery-figure kadence-blocks-gallery-item-has-caption\" style=\"max-width:1024px;\"><div class=\"kb-gal-image-radius\" style=\"max-width:1024px;\"><div class=\"kb-gallery-image-contain kadence-blocks-gallery-intrinsic\" style=\"padding-bottom:56%;\"><img decoding=\"async\" src=\"https:\/\/mapetitetable.fr\/wp-content\/uploads\/2022\/05\/02-La_decoupe_Smiley_apparait-1024x576.jpg\" width=\"1024\" height=\"576\" alt=\"\" data-full-image=\"https:\/\/mapetitetable.fr\/wp-content\/uploads\/2022\/05\/02-La_decoupe_Smiley_apparait.jpg\" data-light-image=\"https:\/\/mapetitetable.fr\/wp-content\/uploads\/2022\/05\/02-La_decoupe_Smiley_apparait.jpg\" data-id=\"1393\" class=\"wp-image-1393\" srcset=\"https:\/\/mapetitetable.fr\/wp-content\/uploads\/2022\/05\/02-La_decoupe_Smiley_apparait-1024x576.jpg 1024w, https:\/\/mapetitetable.fr\/wp-content\/uploads\/2022\/05\/02-La_decoupe_Smiley_apparait-300x169.jpg 300w, https:\/\/mapetitetable.fr\/wp-content\/uploads\/2022\/05\/02-La_decoupe_Smiley_apparait-768x432.jpg 768w, https:\/\/mapetitetable.fr\/wp-content\/uploads\/2022\/05\/02-La_decoupe_Smiley_apparait-1536x864.jpg 1536w, https:\/\/mapetitetable.fr\/wp-content\/uploads\/2022\/05\/02-La_decoupe_Smiley_apparait-2048x1152.jpg 2048w, https:\/\/mapetitetable.fr\/wp-content\/uploads\/2022\/05\/02-La_decoupe_Smiley_apparait-600x338.jpg 600w\" sizes=\"(max-width: 1024px) 100vw, 1024px\" \/><\/div><\/div><figcaption class=\"kadence-blocks-gallery-item__caption\">La d\u00e9coupe Smiley appara\u00eet !<\/figcaption><\/figure><\/div><\/li><li class=\"kadence-blocks-gallery-item\"><div class=\"kadence-blocks-gallery-item-inner\"><figure class=\"kb-gallery-figure kadence-blocks-gallery-item-has-caption\" style=\"max-width:1024px;\"><div class=\"kb-gal-image-radius\" style=\"max-width:1024px;\"><div class=\"kb-gallery-image-contain kadence-blocks-gallery-intrinsic\" style=\"padding-bottom:56%;\"><img decoding=\"async\" src=\"https:\/\/mapetitetable.fr\/wp-content\/uploads\/2022\/05\/05-Coulage-1024x576.jpg\" width=\"1024\" height=\"576\" alt=\"\" data-full-image=\"https:\/\/mapetitetable.fr\/wp-content\/uploads\/2022\/05\/05-Coulage.jpg\" data-light-image=\"https:\/\/mapetitetable.fr\/wp-content\/uploads\/2022\/05\/05-Coulage.jpg\" data-id=\"1394\" class=\"wp-image-1394\" srcset=\"https:\/\/mapetitetable.fr\/wp-content\/uploads\/2022\/05\/05-Coulage-1024x576.jpg 1024w, https:\/\/mapetitetable.fr\/wp-content\/uploads\/2022\/05\/05-Coulage-300x169.jpg 300w, https:\/\/mapetitetable.fr\/wp-content\/uploads\/2022\/05\/05-Coulage-768x432.jpg 768w, https:\/\/mapetitetable.fr\/wp-content\/uploads\/2022\/05\/05-Coulage-1536x864.jpg 1536w, https:\/\/mapetitetable.fr\/wp-content\/uploads\/2022\/05\/05-Coulage-2048x1152.jpg 2048w, https:\/\/mapetitetable.fr\/wp-content\/uploads\/2022\/05\/05-Coulage-600x338.jpg 600w\" sizes=\"(max-width: 1024px) 100vw, 1024px\" \/><\/div><\/div><figcaption class=\"kadence-blocks-gallery-item__caption\">Coulage<\/figcaption><\/figure><\/div><\/li><li class=\"kadence-blocks-gallery-item\"><div class=\"kadence-blocks-gallery-item-inner\"><figure class=\"kb-gallery-figure kadence-blocks-gallery-item-has-caption\" style=\"max-width:576px;\"><div class=\"kb-gal-image-radius\" style=\"max-width:576px;\"><div class=\"kb-gallery-image-contain kadence-blocks-gallery-intrinsic\" style=\"padding-bottom:177%;\"><img decoding=\"async\" src=\"https:\/\/mapetitetable.fr\/wp-content\/uploads\/2022\/05\/10-Coulage_les_yeux-576x1024.jpg\" width=\"576\" height=\"1024\" alt=\"\" data-full-image=\"https:\/\/mapetitetable.fr\/wp-content\/uploads\/2022\/05\/10-Coulage_les_yeux-rotated.jpg\" data-light-image=\"https:\/\/mapetitetable.fr\/wp-content\/uploads\/2022\/05\/10-Coulage_les_yeux-rotated.jpg\" data-id=\"1395\" class=\"wp-image-1395\" srcset=\"https:\/\/mapetitetable.fr\/wp-content\/uploads\/2022\/05\/10-Coulage_les_yeux-576x1024.jpg 576w, https:\/\/mapetitetable.fr\/wp-content\/uploads\/2022\/05\/10-Coulage_les_yeux-169x300.jpg 169w, https:\/\/mapetitetable.fr\/wp-content\/uploads\/2022\/05\/10-Coulage_les_yeux-768x1365.jpg 768w, https:\/\/mapetitetable.fr\/wp-content\/uploads\/2022\/05\/10-Coulage_les_yeux-864x1536.jpg 864w, https:\/\/mapetitetable.fr\/wp-content\/uploads\/2022\/05\/10-Coulage_les_yeux-1152x2048.jpg 1152w, https:\/\/mapetitetable.fr\/wp-content\/uploads\/2022\/05\/10-Coulage_les_yeux-600x1067.jpg 600w, https:\/\/mapetitetable.fr\/wp-content\/uploads\/2022\/05\/10-Coulage_les_yeux-rotated.jpg 1440w\" sizes=\"(max-width: 576px) 100vw, 576px\" \/><\/div><\/div><figcaption class=\"kadence-blocks-gallery-item__caption\">Coulage &#8211; Les yeux<\/figcaption><\/figure><\/div><\/li><li class=\"kadence-blocks-gallery-item\"><div class=\"kadence-blocks-gallery-item-inner\"><figure class=\"kb-gallery-figure kadence-blocks-gallery-item-has-caption\" style=\"max-width:1024px;\"><div class=\"kb-gal-image-radius\" style=\"max-width:1024px;\"><div class=\"kb-gallery-image-contain kadence-blocks-gallery-intrinsic\" style=\"padding-bottom:99%;\"><img decoding=\"async\" src=\"https:\/\/mapetitetable.fr\/wp-content\/uploads\/2022\/05\/15-Finitions_terminees-1024x1017.jpg\" width=\"1024\" height=\"1017\" alt=\"\" data-full-image=\"https:\/\/mapetitetable.fr\/wp-content\/uploads\/2022\/05\/15-Finitions_terminees.jpg\" data-light-image=\"https:\/\/mapetitetable.fr\/wp-content\/uploads\/2022\/05\/15-Finitions_terminees.jpg\" data-id=\"1396\" class=\"wp-image-1396\" srcset=\"https:\/\/mapetitetable.fr\/wp-content\/uploads\/2022\/05\/15-Finitions_terminees-1024x1017.jpg 1024w, https:\/\/mapetitetable.fr\/wp-content\/uploads\/2022\/05\/15-Finitions_terminees-300x298.jpg 300w, https:\/\/mapetitetable.fr\/wp-content\/uploads\/2022\/05\/15-Finitions_terminees-150x150.jpg 150w, https:\/\/mapetitetable.fr\/wp-content\/uploads\/2022\/05\/15-Finitions_terminees-768x763.jpg 768w, https:\/\/mapetitetable.fr\/wp-content\/uploads\/2022\/05\/15-Finitions_terminees-600x596.jpg 600w, https:\/\/mapetitetable.fr\/wp-content\/uploads\/2022\/05\/15-Finitions_terminees-100x100.jpg 100w, https:\/\/mapetitetable.fr\/wp-content\/uploads\/2022\/05\/15-Finitions_terminees.jpg 1440w\" sizes=\"(max-width: 1024px) 100vw, 1024px\" \/><\/div><\/div><figcaption class=\"kadence-blocks-gallery-item__caption\">Smiley apr\u00e8s les finitions<\/figcaption><\/figure><\/div><\/li><li class=\"kadence-blocks-gallery-item\"><div class=\"kadence-blocks-gallery-item-inner\"><figure class=\"kb-gallery-figure kadence-blocks-gallery-item-has-caption\" style=\"max-width:1024px;\"><div class=\"kb-gal-image-radius\" style=\"max-width:1024px;\"><div class=\"kb-gallery-image-contain kadence-blocks-gallery-intrinsic\" style=\"padding-bottom:82%;\"><img decoding=\"async\" src=\"https:\/\/mapetitetable.fr\/wp-content\/uploads\/2022\/05\/20-1ere_sortie-1024x846.jpg\" width=\"1024\" height=\"846\" alt=\"\" data-full-image=\"https:\/\/mapetitetable.fr\/wp-content\/uploads\/2022\/05\/20-1ere_sortie.jpg\" data-light-image=\"https:\/\/mapetitetable.fr\/wp-content\/uploads\/2022\/05\/20-1ere_sortie.jpg\" data-id=\"1397\" class=\"wp-image-1397\" srcset=\"https:\/\/mapetitetable.fr\/wp-content\/uploads\/2022\/05\/20-1ere_sortie-1024x846.jpg 1024w, https:\/\/mapetitetable.fr\/wp-content\/uploads\/2022\/05\/20-1ere_sortie-300x248.jpg 300w, https:\/\/mapetitetable.fr\/wp-content\/uploads\/2022\/05\/20-1ere_sortie-768x635.jpg 768w, https:\/\/mapetitetable.fr\/wp-content\/uploads\/2022\/05\/20-1ere_sortie-1536x1269.jpg 1536w, https:\/\/mapetitetable.fr\/wp-content\/uploads\/2022\/05\/20-1ere_sortie-2048x1692.jpg 2048w, https:\/\/mapetitetable.fr\/wp-content\/uploads\/2022\/05\/20-1ere_sortie-600x496.jpg 600w\" sizes=\"(max-width: 1024px) 100vw, 1024px\" \/><\/div><\/div><figcaption class=\"kadence-blocks-gallery-item__caption\">Smiley avec ses pieds temporaires &#8211; 1\u00e8re sortie \ud83d\ude42<\/figcaption><\/figure><\/div><\/li><\/ul><\/div>","protected":false},"excerpt":{"rendered":"<p>Petite table ronde en olivier et r\u00e9sine rose. L&#8217;histoire de Smiley a d\u00e9but\u00e9 par une d\u00e9ception : j&#8217;avais achet\u00e9 une tranche d&#8217;olivier dont je trouvais la forme superbe et inspirante. Mais \u00e0 la r\u00e9ception de la tranche, force a \u00e9t\u00e9 de constater que le gauchissement&nbsp;<a class=\"read-more\" href=\"https:\/\/mapetitetable.fr\/de\/smiley\/\">&hellip;<\/a><\/p>","protected":false},"author":1,"featured_media":0,"parent":0,"menu_order":0,"comment_status":"closed","ping_status":"closed","template":"","meta":{"ngg_post_thumbnail":0,"footnotes":""},"class_list":["post-1388","page","type-page","status-publish","hentry"],"yoast_head":"<!-- This site is optimized with the Yoast SEO plugin v27.4 - https:\/\/yoast.com\/product\/yoast-seo-wordpress\/ -->\n<title>Smiley - Ma petite table<\/title>\n<meta name=\"robots\" content=\"index, follow, max-snippet:-1, max-image-preview:large, max-video-preview:-1\" \/>\n<link rel=\"canonical\" href=\"https:\/\/mapetitetable.fr\/de\/smiley\/\" \/>\n<meta property=\"og:locale\" content=\"de_DE\" \/>\n<meta property=\"og:type\" content=\"article\" \/>\n<meta property=\"og:title\" content=\"Smiley - Ma petite table\" \/>\n<meta property=\"og:description\" content=\"Petite table ronde en olivier et r\u00e9sine rose. L&#8217;histoire de Smiley a d\u00e9but\u00e9 par une d\u00e9ception : j&#8217;avais achet\u00e9 une tranche d&#8217;olivier dont je trouvais la forme superbe et inspirante. Mais \u00e0 la r\u00e9ception de la tranche, force a \u00e9t\u00e9 de constater que le gauchissement&nbsp;&hellip;\" \/>\n<meta property=\"og:url\" content=\"https:\/\/mapetitetable.fr\/de\/smiley\/\" \/>\n<meta property=\"og:site_name\" content=\"Ma petite table\" \/>\n<meta property=\"article:modified_time\" content=\"2022-05-30T16:43:30+00:00\" \/>\n<meta property=\"og:image\" content=\"https:\/\/mapetitetable.fr\/wp-content\/uploads\/2022\/05\/01-Planche_a_l_origine-1024x576.jpg\" \/>\n<meta name=\"twitter:card\" content=\"summary_large_image\" \/>\n<meta name=\"twitter:label1\" content=\"Gesch\u00e4tzte Lesezeit\" \/>\n\t<meta name=\"twitter:data1\" content=\"1\u00a0Minute\" \/>\n<script type=\"application\/ld+json\" class=\"yoast-schema-graph\">{\"@context\":\"https:\\\/\\\/schema.org\",\"@graph\":[{\"@type\":\"WebPage\",\"@id\":\"https:\\\/\\\/mapetitetable.fr\\\/smiley\\\/\",\"url\":\"https:\\\/\\\/mapetitetable.fr\\\/smiley\\\/\",\"name\":\"Smiley - Ma petite table\",\"isPartOf\":{\"@id\":\"https:\\\/\\\/mapetitetable.fr\\\/#website\"},\"primaryImageOfPage\":{\"@id\":\"https:\\\/\\\/mapetitetable.fr\\\/smiley\\\/#primaryimage\"},\"image\":{\"@id\":\"https:\\\/\\\/mapetitetable.fr\\\/smiley\\\/#primaryimage\"},\"thumbnailUrl\":\"https:\\\/\\\/mapetitetable.fr\\\/wp-content\\\/uploads\\\/2022\\\/05\\\/01-Planche_a_l_origine-1024x576.jpg\",\"datePublished\":\"2022-05-30T16:17:56+00:00\",\"dateModified\":\"2022-05-30T16:43:30+00:00\",\"breadcrumb\":{\"@id\":\"https:\\\/\\\/mapetitetable.fr\\\/smiley\\\/#breadcrumb\"},\"inLanguage\":\"de\",\"potentialAction\":[{\"@type\":\"ReadAction\",\"target\":[\"https:\\\/\\\/mapetitetable.fr\\\/smiley\\\/\"]}]},{\"@type\":\"ImageObject\",\"inLanguage\":\"de\",\"@id\":\"https:\\\/\\\/mapetitetable.fr\\\/smiley\\\/#primaryimage\",\"url\":\"https:\\\/\\\/mapetitetable.fr\\\/wp-content\\\/uploads\\\/2022\\\/05\\\/01-Planche_a_l_origine-1024x576.jpg\",\"contentUrl\":\"https:\\\/\\\/mapetitetable.fr\\\/wp-content\\\/uploads\\\/2022\\\/05\\\/01-Planche_a_l_origine-1024x576.jpg\"},{\"@type\":\"BreadcrumbList\",\"@id\":\"https:\\\/\\\/mapetitetable.fr\\\/smiley\\\/#breadcrumb\",\"itemListElement\":[{\"@type\":\"ListItem\",\"position\":1,\"name\":\"Accueil\",\"item\":\"https:\\\/\\\/mapetitetable.fr\\\/\"},{\"@type\":\"ListItem\",\"position\":2,\"name\":\"Smiley\"}]},{\"@type\":\"WebSite\",\"@id\":\"https:\\\/\\\/mapetitetable.fr\\\/#website\",\"url\":\"https:\\\/\\\/mapetitetable.fr\\\/\",\"name\":\"Ma petite table\",\"description\":\"Cr\u00e9ations en bois par Estelle\",\"potentialAction\":[{\"@type\":\"SearchAction\",\"target\":{\"@type\":\"EntryPoint\",\"urlTemplate\":\"https:\\\/\\\/mapetitetable.fr\\\/?s={search_term_string}\"},\"query-input\":{\"@type\":\"PropertyValueSpecification\",\"valueRequired\":true,\"valueName\":\"search_term_string\"}}],\"inLanguage\":\"de\"}]}<\/script>\n<!-- \/ Yoast SEO plugin. -->","yoast_head_json":{"title":"Smiley - Ma petite table","robots":{"index":"index","follow":"follow","max-snippet":"max-snippet:-1","max-image-preview":"max-image-preview:large","max-video-preview":"max-video-preview:-1"},"canonical":"https:\/\/mapetitetable.fr\/de\/smiley\/","og_locale":"de_DE","og_type":"article","og_title":"Smiley - Ma petite table","og_description":"Petite table ronde en olivier et r\u00e9sine rose. L&#8217;histoire de Smiley a d\u00e9but\u00e9 par une d\u00e9ception : j&#8217;avais achet\u00e9 une tranche d&#8217;olivier dont je trouvais la forme superbe et inspirante. Mais \u00e0 la r\u00e9ception de la tranche, force a \u00e9t\u00e9 de constater que le gauchissement&nbsp;&hellip;","og_url":"https:\/\/mapetitetable.fr\/de\/smiley\/","og_site_name":"Ma petite table","article_modified_time":"2022-05-30T16:43:30+00:00","og_image":[{"url":"https:\/\/mapetitetable.fr\/wp-content\/uploads\/2022\/05\/01-Planche_a_l_origine-1024x576.jpg","type":"","width":"","height":""}],"twitter_card":"summary_large_image","twitter_misc":{"Gesch\u00e4tzte Lesezeit":"1\u00a0Minute"},"schema":{"@context":"https:\/\/schema.org","@graph":[{"@type":"WebPage","@id":"https:\/\/mapetitetable.fr\/smiley\/","url":"https:\/\/mapetitetable.fr\/smiley\/","name":"Smiley - Ma petite table","isPartOf":{"@id":"https:\/\/mapetitetable.fr\/#website"},"primaryImageOfPage":{"@id":"https:\/\/mapetitetable.fr\/smiley\/#primaryimage"},"image":{"@id":"https:\/\/mapetitetable.fr\/smiley\/#primaryimage"},"thumbnailUrl":"https:\/\/mapetitetable.fr\/wp-content\/uploads\/2022\/05\/01-Planche_a_l_origine-1024x576.jpg","datePublished":"2022-05-30T16:17:56+00:00","dateModified":"2022-05-30T16:43:30+00:00","breadcrumb":{"@id":"https:\/\/mapetitetable.fr\/smiley\/#breadcrumb"},"inLanguage":"de","potentialAction":[{"@type":"ReadAction","target":["https:\/\/mapetitetable.fr\/smiley\/"]}]},{"@type":"ImageObject","inLanguage":"de","@id":"https:\/\/mapetitetable.fr\/smiley\/#primaryimage","url":"https:\/\/mapetitetable.fr\/wp-content\/uploads\/2022\/05\/01-Planche_a_l_origine-1024x576.jpg","contentUrl":"https:\/\/mapetitetable.fr\/wp-content\/uploads\/2022\/05\/01-Planche_a_l_origine-1024x576.jpg"},{"@type":"BreadcrumbList","@id":"https:\/\/mapetitetable.fr\/smiley\/#breadcrumb","itemListElement":[{"@type":"ListItem","position":1,"name":"Accueil","item":"https:\/\/mapetitetable.fr\/"},{"@type":"ListItem","position":2,"name":"Smiley"}]},{"@type":"WebSite","@id":"https:\/\/mapetitetable.fr\/#website","url":"https:\/\/mapetitetable.fr\/","name":"Ma petite table","description":"Cr\u00e9ations en bois par Estelle","potentialAction":[{"@type":"SearchAction","target":{"@type":"EntryPoint","urlTemplate":"https:\/\/mapetitetable.fr\/?s={search_term_string}"},"query-input":{"@type":"PropertyValueSpecification","valueRequired":true,"valueName":"search_term_string"}}],"inLanguage":"de"}]}},"_links":{"self":[{"href":"https:\/\/mapetitetable.fr\/de\/wp-json\/wp\/v2\/pages\/1388","targetHints":{"allow":["GET"]}}],"collection":[{"href":"https:\/\/mapetitetable.fr\/de\/wp-json\/wp\/v2\/pages"}],"about":[{"href":"https:\/\/mapetitetable.fr\/de\/wp-json\/wp\/v2\/types\/page"}],"author":[{"embeddable":true,"href":"https:\/\/mapetitetable.fr\/de\/wp-json\/wp\/v2\/users\/1"}],"replies":[{"embeddable":true,"href":"https:\/\/mapetitetable.fr\/de\/wp-json\/wp\/v2\/comments?post=1388"}],"version-history":[{"count":8,"href":"https:\/\/mapetitetable.fr\/de\/wp-json\/wp\/v2\/pages\/1388\/revisions"}],"predecessor-version":[{"id":1416,"href":"https:\/\/mapetitetable.fr\/de\/wp-json\/wp\/v2\/pages\/1388\/revisions\/1416"}],"wp:attachment":[{"href":"https:\/\/mapetitetable.fr\/de\/wp-json\/wp\/v2\/media?parent=1388"}],"curies":[{"name":"wp","href":"https:\/\/api.w.org\/{rel}","templated":true}]}}