{"id":1402,"date":"2022-05-30T16:34:10","date_gmt":"2022-05-30T16:34:10","guid":{"rendered":"https:\/\/mapetitetable.fr\/?page_id=1402"},"modified":"2022-05-30T16:41:10","modified_gmt":"2022-05-30T16:41:10","slug":"ma-petite-morille","status":"publish","type":"page","link":"https:\/\/mapetitetable.fr\/de\/ma-petite-morille\/","title":{"rendered":"Ma petite morille"},"content":{"rendered":"<p>Banc en olivier avec pieds m\u00e9talliques asym\u00e9triques.<\/p>\n\n\n\n<p><\/p>\n\n\n\n<p>Bon, soyons honn\u00eates, je n&#8217;ai pas fait grand chose pour ce banc.<\/p>\n\n\n\n<p>Le bois est tellement magnifique !!!<\/p>\n\n\n\n<p>Il a fallu le poncer et le nourrir, lui associer des pieds un peu originaux, et c&#8217;est tout !<\/p>\n\n\n\n<p><\/p>\n\n\n\n<p>Il est tr\u00e8s sympa au quotidien : mes coll\u00e8gues des boutiques \u00e9ph\u00e9m\u00e8res auxquelles il a particip\u00e9 peuvent vous le confirmer \ud83d\ude42<\/p>\n\n\n\n<p>M\u00eame s&#8217;il a un petit c\u00f4t\u00e9 &#8220;fauteuil aventureux&#8221; : il faut faire corps avec lui et donc trouver votre position d&#8217;\u00e9quilibre avec lui.<\/p>\n\n\n\n<p>Une fois ensemble, vous ne le quittez plus \ud83d\ude00<\/p>\n\n\n\n<p><\/p>\n\n\n\n<p>Ah oui j&#8217;oubliais : pourquoi &#8220;Ma petite morille&#8221; ? R\u00e9ponse en photo ci-dessous \ud83d\ude09<\/p>\n\n\n<style>.wp-block-kadence-advancedgallery .kb-gallery-type-masonry.kb-gallery-id-_eb0500-66{margin:-5px;}.kb-gallery-type-masonry.kb-gallery-id-_eb0500-66 .kadence-blocks-gallery-item{padding:5px;}.kb-gallery-id-_eb0500-66 .kadence-blocks-gallery-item .kb-gal-image-radius, .kb-gallery-id-_eb0500-66 .kb-slide-item .kb-gal-image-radius img{border-radius:0px 0px 0px 0px;;}.kb-gallery-id-_eb0500-66 .kadence-blocks-gallery-item .kadence-blocks-gallery-item-inner .kadence-blocks-gallery-item__caption{color:#000000;}.kb-gallery-caption-style-cover-hover.kb-gallery-id-_eb0500-66 .kadence-blocks-gallery-item .kadence-blocks-gallery-item-inner .kadence-blocks-gallery-item__caption, .kb-gallery-caption-style-below.kb-gallery-id-_eb0500-66 .kadence-blocks-gallery-item .kadence-blocks-gallery-item-inner .kadence-blocks-gallery-item__caption{background:#ffffff;}<\/style><div class=\"kb-gallery-wrap-id-_eb0500-66 alignnone wp-block-kadence-advancedgallery\"><ul class=\"kb-gallery-ul kb-gallery-non-static kb-gallery-type-masonry kb-masonry-init kb-gallery-id-_eb0500-66 kb-gallery-caption-style-below kb-gallery-filter-none\" data-image-filter=\"none\" data-item-selector=\".kadence-blocks-gallery-item\" data-lightbox-caption=\"true\" data-columns-xxl=\"2\" data-columns-xl=\"2\" data-columns-md=\"2\" data-columns-sm=\"2\" data-columns-xs=\"1\" data-columns-ss=\"1\"><li class=\"kadence-blocks-gallery-item\"><div class=\"kadence-blocks-gallery-item-inner\"><figure class=\"kb-gallery-figure kadence-blocks-gallery-item-has-caption\" style=\"max-width:1024px;\"><div class=\"kb-gal-image-radius\" style=\"max-width:1024px;\"><div class=\"kb-gallery-image-contain kadence-blocks-gallery-intrinsic\" style=\"padding-bottom:56%;\"><img decoding=\"async\" src=\"https:\/\/mapetitetable.fr\/wp-content\/uploads\/2022\/05\/05-Pattes_d_eph-1024x576.jpg\" width=\"1024\" height=\"576\" alt=\"\" data-full-image=\"https:\/\/mapetitetable.fr\/wp-content\/uploads\/2022\/05\/05-Pattes_d_eph.jpg\" data-light-image=\"https:\/\/mapetitetable.fr\/wp-content\/uploads\/2022\/05\/05-Pattes_d_eph.jpg\" data-id=\"1406\" class=\"wp-image-1406\" srcset=\"https:\/\/mapetitetable.fr\/wp-content\/uploads\/2022\/05\/05-Pattes_d_eph-1024x576.jpg 1024w, https:\/\/mapetitetable.fr\/wp-content\/uploads\/2022\/05\/05-Pattes_d_eph-300x169.jpg 300w, https:\/\/mapetitetable.fr\/wp-content\/uploads\/2022\/05\/05-Pattes_d_eph-768x432.jpg 768w, https:\/\/mapetitetable.fr\/wp-content\/uploads\/2022\/05\/05-Pattes_d_eph-1536x864.jpg 1536w, https:\/\/mapetitetable.fr\/wp-content\/uploads\/2022\/05\/05-Pattes_d_eph-2048x1152.jpg 2048w, https:\/\/mapetitetable.fr\/wp-content\/uploads\/2022\/05\/05-Pattes_d_eph-600x338.jpg 600w\" sizes=\"(max-width: 1024px) 100vw, 1024px\" \/><\/div><\/div><figcaption class=\"kadence-blocks-gallery-item__caption\">A la mode des 60&#8217;s-70&#8217;s avec ses pattes d&#8217;eph !<\/figcaption><\/figure><\/div><\/li><li class=\"kadence-blocks-gallery-item\"><div class=\"kadence-blocks-gallery-item-inner\"><figure class=\"kb-gallery-figure kadence-blocks-gallery-item-has-caption\" style=\"max-width:1024px;\"><div class=\"kb-gal-image-radius\" style=\"max-width:1024px;\"><div class=\"kb-gallery-image-contain kadence-blocks-gallery-intrinsic\" style=\"padding-bottom:56%;\"><img decoding=\"async\" src=\"https:\/\/mapetitetable.fr\/wp-content\/uploads\/2022\/05\/10-Morille-1024x576.jpg\" width=\"1024\" height=\"576\" alt=\"\" data-full-image=\"https:\/\/mapetitetable.fr\/wp-content\/uploads\/2022\/05\/10-Morille.jpg\" data-light-image=\"https:\/\/mapetitetable.fr\/wp-content\/uploads\/2022\/05\/10-Morille.jpg\" data-id=\"1407\" class=\"wp-image-1407\" srcset=\"https:\/\/mapetitetable.fr\/wp-content\/uploads\/2022\/05\/10-Morille-1024x576.jpg 1024w, https:\/\/mapetitetable.fr\/wp-content\/uploads\/2022\/05\/10-Morille-300x169.jpg 300w, https:\/\/mapetitetable.fr\/wp-content\/uploads\/2022\/05\/10-Morille-768x432.jpg 768w, https:\/\/mapetitetable.fr\/wp-content\/uploads\/2022\/05\/10-Morille-1536x864.jpg 1536w, https:\/\/mapetitetable.fr\/wp-content\/uploads\/2022\/05\/10-Morille-2048x1152.jpg 2048w, https:\/\/mapetitetable.fr\/wp-content\/uploads\/2022\/05\/10-Morille-600x338.jpg 600w\" sizes=\"(max-width: 1024px) 100vw, 1024px\" \/><\/div><\/div><figcaption class=\"kadence-blocks-gallery-item__caption\">La r\u00e9ponse \u00e0 l&#8217;appellation &#8220;Ma petite morille&#8221; \ud83d\ude00<\/figcaption><\/figure><\/div><\/li><li class=\"kadence-blocks-gallery-item\"><div class=\"kadence-blocks-gallery-item-inner\"><figure class=\"kb-gallery-figure kadence-blocks-gallery-item-has-caption\" style=\"max-width:1024px;\"><div class=\"kb-gal-image-radius\" style=\"max-width:1024px;\"><div class=\"kb-gallery-image-contain kadence-blocks-gallery-intrinsic\" style=\"padding-bottom:56%;\"><img decoding=\"async\" src=\"https:\/\/mapetitetable.fr\/wp-content\/uploads\/2022\/05\/15-Pieds_asymetriques-1024x576.jpg\" width=\"1024\" height=\"576\" alt=\"\" data-full-image=\"https:\/\/mapetitetable.fr\/wp-content\/uploads\/2022\/05\/15-Pieds_asymetriques.jpg\" data-light-image=\"https:\/\/mapetitetable.fr\/wp-content\/uploads\/2022\/05\/15-Pieds_asymetriques.jpg\" data-id=\"1408\" class=\"wp-image-1408\" srcset=\"https:\/\/mapetitetable.fr\/wp-content\/uploads\/2022\/05\/15-Pieds_asymetriques-1024x576.jpg 1024w, https:\/\/mapetitetable.fr\/wp-content\/uploads\/2022\/05\/15-Pieds_asymetriques-300x169.jpg 300w, https:\/\/mapetitetable.fr\/wp-content\/uploads\/2022\/05\/15-Pieds_asymetriques-768x432.jpg 768w, https:\/\/mapetitetable.fr\/wp-content\/uploads\/2022\/05\/15-Pieds_asymetriques-1536x864.jpg 1536w, https:\/\/mapetitetable.fr\/wp-content\/uploads\/2022\/05\/15-Pieds_asymetriques-2048x1152.jpg 2048w, https:\/\/mapetitetable.fr\/wp-content\/uploads\/2022\/05\/15-Pieds_asymetriques-600x338.jpg 600w\" sizes=\"(max-width: 1024px) 100vw, 1024px\" \/><\/div><\/div><figcaption class=\"kadence-blocks-gallery-item__caption\">Les pieds asym\u00e9triques<\/figcaption><\/figure><\/div><\/li><li class=\"kadence-blocks-gallery-item\"><div class=\"kadence-blocks-gallery-item-inner\"><figure class=\"kb-gallery-figure kadence-blocks-gallery-item-has-caption\" style=\"max-width:1024px;\"><div class=\"kb-gal-image-radius\" style=\"max-width:1024px;\"><div class=\"kb-gallery-image-contain kadence-blocks-gallery-intrinsic\" style=\"padding-bottom:100%;\"><img decoding=\"async\" src=\"https:\/\/mapetitetable.fr\/wp-content\/uploads\/2022\/05\/Banc-1024x1024.jpg\" width=\"1024\" height=\"1024\" alt=\"\" data-full-image=\"https:\/\/mapetitetable.fr\/wp-content\/uploads\/2022\/05\/Banc.jpg\" data-light-image=\"https:\/\/mapetitetable.fr\/wp-content\/uploads\/2022\/05\/Banc.jpg\" data-id=\"1409\" class=\"wp-image-1409\" srcset=\"https:\/\/mapetitetable.fr\/wp-content\/uploads\/2022\/05\/Banc-1024x1024.jpg 1024w, https:\/\/mapetitetable.fr\/wp-content\/uploads\/2022\/05\/Banc-300x300.jpg 300w, https:\/\/mapetitetable.fr\/wp-content\/uploads\/2022\/05\/Banc-150x150.jpg 150w, https:\/\/mapetitetable.fr\/wp-content\/uploads\/2022\/05\/Banc-768x768.jpg 768w, https:\/\/mapetitetable.fr\/wp-content\/uploads\/2022\/05\/Banc-600x600.jpg 600w, https:\/\/mapetitetable.fr\/wp-content\/uploads\/2022\/05\/Banc-100x100.jpg 100w, https:\/\/mapetitetable.fr\/wp-content\/uploads\/2022\/05\/Banc.jpg 1438w\" sizes=\"(max-width: 1024px) 100vw, 1024px\" \/><\/div><\/div><figcaption class=\"kadence-blocks-gallery-item__caption\">Mon petit banc<\/figcaption><\/figure><\/div><\/li><\/ul><\/div>","protected":false},"excerpt":{"rendered":"<p>Banc en olivier avec pieds m\u00e9talliques asym\u00e9triques. Bon, soyons honn\u00eates, je n&#8217;ai pas fait grand chose pour ce banc. Le bois est tellement magnifique !!! Il a fallu le poncer et le nourrir, lui associer des pieds un peu originaux, et c&#8217;est tout ! Il&nbsp;<a class=\"read-more\" href=\"https:\/\/mapetitetable.fr\/de\/ma-petite-morille\/\">&hellip;<\/a><\/p>","protected":false},"author":1,"featured_media":0,"parent":0,"menu_order":0,"comment_status":"closed","ping_status":"closed","template":"","meta":{"ngg_post_thumbnail":0,"footnotes":""},"class_list":["post-1402","page","type-page","status-publish","hentry"],"yoast_head":"<!-- This site is optimized with the Yoast SEO plugin v27.4 - https:\/\/yoast.com\/product\/yoast-seo-wordpress\/ -->\n<title>Ma petite morille - Ma petite table<\/title>\n<meta name=\"robots\" content=\"index, follow, max-snippet:-1, max-image-preview:large, max-video-preview:-1\" \/>\n<link rel=\"canonical\" href=\"https:\/\/mapetitetable.fr\/de\/ma-petite-morille\/\" \/>\n<meta property=\"og:locale\" content=\"de_DE\" \/>\n<meta property=\"og:type\" content=\"article\" \/>\n<meta property=\"og:title\" content=\"Ma petite morille - Ma petite table\" \/>\n<meta property=\"og:description\" content=\"Banc en olivier avec pieds m\u00e9talliques asym\u00e9triques. Bon, soyons honn\u00eates, je n&#8217;ai pas fait grand chose pour ce banc. Le bois est tellement magnifique !!! Il a fallu le poncer et le nourrir, lui associer des pieds un peu originaux, et c&#8217;est tout ! Il&nbsp;&hellip;\" \/>\n<meta property=\"og:url\" content=\"https:\/\/mapetitetable.fr\/de\/ma-petite-morille\/\" \/>\n<meta property=\"og:site_name\" content=\"Ma petite table\" \/>\n<meta property=\"article:modified_time\" content=\"2022-05-30T16:41:10+00:00\" \/>\n<meta property=\"og:image\" content=\"https:\/\/mapetitetable.fr\/wp-content\/uploads\/2022\/05\/05-Pattes_d_eph-1024x576.jpg\" \/>\n<meta name=\"twitter:card\" content=\"summary_large_image\" \/>\n<meta name=\"twitter:label1\" content=\"Gesch\u00e4tzte Lesezeit\" \/>\n\t<meta name=\"twitter:data1\" content=\"1\u00a0Minute\" \/>\n<script type=\"application\/ld+json\" class=\"yoast-schema-graph\">{\"@context\":\"https:\\\/\\\/schema.org\",\"@graph\":[{\"@type\":\"WebPage\",\"@id\":\"https:\\\/\\\/mapetitetable.fr\\\/ma-petite-morille\\\/\",\"url\":\"https:\\\/\\\/mapetitetable.fr\\\/ma-petite-morille\\\/\",\"name\":\"Ma petite morille - Ma petite table\",\"isPartOf\":{\"@id\":\"https:\\\/\\\/mapetitetable.fr\\\/#website\"},\"primaryImageOfPage\":{\"@id\":\"https:\\\/\\\/mapetitetable.fr\\\/ma-petite-morille\\\/#primaryimage\"},\"image\":{\"@id\":\"https:\\\/\\\/mapetitetable.fr\\\/ma-petite-morille\\\/#primaryimage\"},\"thumbnailUrl\":\"https:\\\/\\\/mapetitetable.fr\\\/wp-content\\\/uploads\\\/2022\\\/05\\\/05-Pattes_d_eph-1024x576.jpg\",\"datePublished\":\"2022-05-30T16:34:10+00:00\",\"dateModified\":\"2022-05-30T16:41:10+00:00\",\"breadcrumb\":{\"@id\":\"https:\\\/\\\/mapetitetable.fr\\\/ma-petite-morille\\\/#breadcrumb\"},\"inLanguage\":\"de\",\"potentialAction\":[{\"@type\":\"ReadAction\",\"target\":[\"https:\\\/\\\/mapetitetable.fr\\\/ma-petite-morille\\\/\"]}]},{\"@type\":\"ImageObject\",\"inLanguage\":\"de\",\"@id\":\"https:\\\/\\\/mapetitetable.fr\\\/ma-petite-morille\\\/#primaryimage\",\"url\":\"https:\\\/\\\/mapetitetable.fr\\\/wp-content\\\/uploads\\\/2022\\\/05\\\/05-Pattes_d_eph-1024x576.jpg\",\"contentUrl\":\"https:\\\/\\\/mapetitetable.fr\\\/wp-content\\\/uploads\\\/2022\\\/05\\\/05-Pattes_d_eph-1024x576.jpg\"},{\"@type\":\"BreadcrumbList\",\"@id\":\"https:\\\/\\\/mapetitetable.fr\\\/ma-petite-morille\\\/#breadcrumb\",\"itemListElement\":[{\"@type\":\"ListItem\",\"position\":1,\"name\":\"Accueil\",\"item\":\"https:\\\/\\\/mapetitetable.fr\\\/\"},{\"@type\":\"ListItem\",\"position\":2,\"name\":\"Ma petite morille\"}]},{\"@type\":\"WebSite\",\"@id\":\"https:\\\/\\\/mapetitetable.fr\\\/#website\",\"url\":\"https:\\\/\\\/mapetitetable.fr\\\/\",\"name\":\"Ma petite table\",\"description\":\"Cr\u00e9ations en bois par Estelle\",\"potentialAction\":[{\"@type\":\"SearchAction\",\"target\":{\"@type\":\"EntryPoint\",\"urlTemplate\":\"https:\\\/\\\/mapetitetable.fr\\\/?s={search_term_string}\"},\"query-input\":{\"@type\":\"PropertyValueSpecification\",\"valueRequired\":true,\"valueName\":\"search_term_string\"}}],\"inLanguage\":\"de\"}]}<\/script>\n<!-- \/ Yoast SEO plugin. -->","yoast_head_json":{"title":"Ma petite morille - Ma petite table","robots":{"index":"index","follow":"follow","max-snippet":"max-snippet:-1","max-image-preview":"max-image-preview:large","max-video-preview":"max-video-preview:-1"},"canonical":"https:\/\/mapetitetable.fr\/de\/ma-petite-morille\/","og_locale":"de_DE","og_type":"article","og_title":"Ma petite morille - Ma petite table","og_description":"Banc en olivier avec pieds m\u00e9talliques asym\u00e9triques. Bon, soyons honn\u00eates, je n&#8217;ai pas fait grand chose pour ce banc. Le bois est tellement magnifique !!! Il a fallu le poncer et le nourrir, lui associer des pieds un peu originaux, et c&#8217;est tout ! Il&nbsp;&hellip;","og_url":"https:\/\/mapetitetable.fr\/de\/ma-petite-morille\/","og_site_name":"Ma petite table","article_modified_time":"2022-05-30T16:41:10+00:00","og_image":[{"url":"https:\/\/mapetitetable.fr\/wp-content\/uploads\/2022\/05\/05-Pattes_d_eph-1024x576.jpg","type":"","width":"","height":""}],"twitter_card":"summary_large_image","twitter_misc":{"Gesch\u00e4tzte Lesezeit":"1\u00a0Minute"},"schema":{"@context":"https:\/\/schema.org","@graph":[{"@type":"WebPage","@id":"https:\/\/mapetitetable.fr\/ma-petite-morille\/","url":"https:\/\/mapetitetable.fr\/ma-petite-morille\/","name":"Ma petite morille - Ma petite table","isPartOf":{"@id":"https:\/\/mapetitetable.fr\/#website"},"primaryImageOfPage":{"@id":"https:\/\/mapetitetable.fr\/ma-petite-morille\/#primaryimage"},"image":{"@id":"https:\/\/mapetitetable.fr\/ma-petite-morille\/#primaryimage"},"thumbnailUrl":"https:\/\/mapetitetable.fr\/wp-content\/uploads\/2022\/05\/05-Pattes_d_eph-1024x576.jpg","datePublished":"2022-05-30T16:34:10+00:00","dateModified":"2022-05-30T16:41:10+00:00","breadcrumb":{"@id":"https:\/\/mapetitetable.fr\/ma-petite-morille\/#breadcrumb"},"inLanguage":"de","potentialAction":[{"@type":"ReadAction","target":["https:\/\/mapetitetable.fr\/ma-petite-morille\/"]}]},{"@type":"ImageObject","inLanguage":"de","@id":"https:\/\/mapetitetable.fr\/ma-petite-morille\/#primaryimage","url":"https:\/\/mapetitetable.fr\/wp-content\/uploads\/2022\/05\/05-Pattes_d_eph-1024x576.jpg","contentUrl":"https:\/\/mapetitetable.fr\/wp-content\/uploads\/2022\/05\/05-Pattes_d_eph-1024x576.jpg"},{"@type":"BreadcrumbList","@id":"https:\/\/mapetitetable.fr\/ma-petite-morille\/#breadcrumb","itemListElement":[{"@type":"ListItem","position":1,"name":"Accueil","item":"https:\/\/mapetitetable.fr\/"},{"@type":"ListItem","position":2,"name":"Ma petite morille"}]},{"@type":"WebSite","@id":"https:\/\/mapetitetable.fr\/#website","url":"https:\/\/mapetitetable.fr\/","name":"Ma petite table","description":"Cr\u00e9ations en bois par Estelle","potentialAction":[{"@type":"SearchAction","target":{"@type":"EntryPoint","urlTemplate":"https:\/\/mapetitetable.fr\/?s={search_term_string}"},"query-input":{"@type":"PropertyValueSpecification","valueRequired":true,"valueName":"search_term_string"}}],"inLanguage":"de"}]}},"_links":{"self":[{"href":"https:\/\/mapetitetable.fr\/de\/wp-json\/wp\/v2\/pages\/1402","targetHints":{"allow":["GET"]}}],"collection":[{"href":"https:\/\/mapetitetable.fr\/de\/wp-json\/wp\/v2\/pages"}],"about":[{"href":"https:\/\/mapetitetable.fr\/de\/wp-json\/wp\/v2\/types\/page"}],"author":[{"embeddable":true,"href":"https:\/\/mapetitetable.fr\/de\/wp-json\/wp\/v2\/users\/1"}],"replies":[{"embeddable":true,"href":"https:\/\/mapetitetable.fr\/de\/wp-json\/wp\/v2\/comments?post=1402"}],"version-history":[{"count":4,"href":"https:\/\/mapetitetable.fr\/de\/wp-json\/wp\/v2\/pages\/1402\/revisions"}],"predecessor-version":[{"id":1412,"href":"https:\/\/mapetitetable.fr\/de\/wp-json\/wp\/v2\/pages\/1402\/revisions\/1412"}],"wp:attachment":[{"href":"https:\/\/mapetitetable.fr\/de\/wp-json\/wp\/v2\/media?parent=1402"}],"curies":[{"name":"wp","href":"https:\/\/api.w.org\/{rel}","templated":true}]}}