{"id":1538,"date":"2023-02-04T17:54:30","date_gmt":"2023-02-04T17:54:30","guid":{"rendered":"https:\/\/mapetitetable.fr\/?page_id=1538"},"modified":"2023-02-04T17:56:51","modified_gmt":"2023-02-04T17:56:51","slug":"constellation","status":"publish","type":"page","link":"https:\/\/mapetitetable.fr\/de\/constellation\/","title":{"rendered":"Constellation"},"content":{"rendered":"<p><\/p>\n\n\n\n<p>Loupe d&#8217;orme et r\u00e9sine &#8220;spatiale&#8221; \ud83d\ude42<\/p>\n\n\n\n<p><\/p>\n\n\n\n<p>Je suis passionn\u00e9e depuis toujours par l&#8217;espace, fascin\u00e9e par l&#8217;id\u00e9e qu&#8217;il y a tellement plus grand au-dessus de nos t\u00eates, par cette promesse d&#8217;\u00e9ternit\u00e9 malgr\u00e9 le mouvement permanent de tous ces corps c\u00e9lestes.<\/p>\n\n\n\n<p>Cela pourrait donner le tournis, cela m&#8217;apaise.<\/p>\n\n\n\n<p><\/p>\n\n\n\n<p>Allez hop ! bye bye po\u00e9sie, repartons patauger dans la r\u00e9sine \ud83d\ude00<\/p>\n\n\n\n<p><\/p>\n\n\n\n<p>Apr\u00e8s quelques essais infructueux, &#8220;Constellation&#8221; a commenc\u00e9 \u00e0 se rapprocher de mon id\u00e9e de l&#8217;espace : un m\u00e9lange de couleurs, allant du bleu profond au blanc nacr\u00e9, avec des touches de rose, d&#8217;orange &#8230;<\/p>\n\n\n\n<p>La loupe d&#8217;orme a apport\u00e9 ses volutes et le c\u00f4t\u00e9 organique (bah oui on n&#8217;est s\u00fbrement pas les seules formes de vie dans l&#8217;Univers ;).<\/p>\n\n\n\n<p>J&#8217;aurais aim\u00e9 parsemer moi-m\u00eame ce tableau de petites loupiottes pour que &#8220;Constellation&#8221; prenne des airs de luciole \u00e0 la fin du jour.<\/p>\n\n\n\n<p>Je laisse cette id\u00e9e et ce soin aux nouveaux propri\u00e9taires \ud83d\ude00<\/p>\n\n\n\n<p> <\/p>\n\n\n<style>.wp-block-kadence-advancedgallery .kb-gallery-type-masonry.kb-gallery-id-_3c8224-3d{margin:-5px;}.kb-gallery-type-masonry.kb-gallery-id-_3c8224-3d .kadence-blocks-gallery-item{padding:5px;}.kb-gallery-id-_3c8224-3d .kadence-blocks-gallery-item .kb-gal-image-radius, .kb-gallery-id-_3c8224-3d .kb-slide-item .kb-gal-image-radius img{border-radius:0px 0px 0px 0px;;}.kb-gallery-id-_3c8224-3d .kadence-blocks-gallery-item .kadence-blocks-gallery-item-inner .kadence-blocks-gallery-item__caption{color:#000000;}.kb-gallery-caption-style-cover-hover.kb-gallery-id-_3c8224-3d .kadence-blocks-gallery-item .kadence-blocks-gallery-item-inner .kadence-blocks-gallery-item__caption, .kb-gallery-caption-style-below.kb-gallery-id-_3c8224-3d .kadence-blocks-gallery-item .kadence-blocks-gallery-item-inner .kadence-blocks-gallery-item__caption{background:#ffffff;}<\/style><div class=\"kb-gallery-wrap-id-_3c8224-3d alignnone wp-block-kadence-advancedgallery\"><ul class=\"kb-gallery-ul kb-gallery-non-static kb-gallery-type-masonry kb-masonry-init kb-gallery-id-_3c8224-3d kb-gallery-caption-style-below kb-gallery-filter-none\" data-image-filter=\"none\" data-item-selector=\".kadence-blocks-gallery-item\" data-lightbox-caption=\"true\" data-columns-xxl=\"3\" data-columns-xl=\"3\" data-columns-md=\"3\" data-columns-sm=\"2\" data-columns-xs=\"1\" data-columns-ss=\"1\"><li class=\"kadence-blocks-gallery-item\"><div class=\"kadence-blocks-gallery-item-inner\"><figure class=\"kb-gallery-figure kadence-blocks-gallery-item-has-caption\" style=\"max-width:963px;\"><div class=\"kb-gal-image-radius\" style=\"max-width:963px;\"><div class=\"kb-gallery-image-contain kadence-blocks-gallery-intrinsic\" style=\"padding-bottom:106%;\"><img decoding=\"async\" src=\"https:\/\/mapetitetable.fr\/wp-content\/uploads\/2023\/02\/05_Ma_petite_table_Dessin-963x1024.jpg\" width=\"963\" height=\"1024\" alt=\"\" data-full-image=\"https:\/\/mapetitetable.fr\/wp-content\/uploads\/2023\/02\/05_Ma_petite_table_Dessin.jpg\" data-light-image=\"https:\/\/mapetitetable.fr\/wp-content\/uploads\/2023\/02\/05_Ma_petite_table_Dessin.jpg\" data-id=\"1545\" class=\"wp-image-1545\" srcset=\"https:\/\/mapetitetable.fr\/wp-content\/uploads\/2023\/02\/05_Ma_petite_table_Dessin-963x1024.jpg 963w, https:\/\/mapetitetable.fr\/wp-content\/uploads\/2023\/02\/05_Ma_petite_table_Dessin-282x300.jpg 282w, https:\/\/mapetitetable.fr\/wp-content\/uploads\/2023\/02\/05_Ma_petite_table_Dessin-768x817.jpg 768w, https:\/\/mapetitetable.fr\/wp-content\/uploads\/2023\/02\/05_Ma_petite_table_Dessin-1444x1536.jpg 1444w, https:\/\/mapetitetable.fr\/wp-content\/uploads\/2023\/02\/05_Ma_petite_table_Dessin-600x638.jpg 600w, https:\/\/mapetitetable.fr\/wp-content\/uploads\/2023\/02\/05_Ma_petite_table_Dessin.jpg 1805w\" sizes=\"(max-width: 963px) 100vw, 963px\" \/><\/div><\/div><figcaption class=\"kadence-blocks-gallery-item__caption\">01 &#8211; Juste une id\u00e9e comme \u00e7a \ud83d\ude42<\/figcaption><\/figure><\/div><\/li><li class=\"kadence-blocks-gallery-item\"><div class=\"kadence-blocks-gallery-item-inner\"><figure class=\"kb-gallery-figure kadence-blocks-gallery-item-has-caption\" style=\"max-width:575px;\"><div class=\"kb-gal-image-radius\" style=\"max-width:575px;\"><div class=\"kb-gallery-image-contain kadence-blocks-gallery-intrinsic\" style=\"padding-bottom:178%;\"><img decoding=\"async\" src=\"https:\/\/mapetitetable.fr\/wp-content\/uploads\/2023\/02\/05_Coulage-575x1024.jpg\" width=\"575\" height=\"1024\" alt=\"\" data-full-image=\"https:\/\/mapetitetable.fr\/wp-content\/uploads\/2023\/02\/05_Coulage.jpg\" data-light-image=\"https:\/\/mapetitetable.fr\/wp-content\/uploads\/2023\/02\/05_Coulage.jpg\" data-id=\"1542\" class=\"wp-image-1542\" srcset=\"https:\/\/mapetitetable.fr\/wp-content\/uploads\/2023\/02\/05_Coulage-575x1024.jpg 575w, https:\/\/mapetitetable.fr\/wp-content\/uploads\/2023\/02\/05_Coulage-168x300.jpg 168w, https:\/\/mapetitetable.fr\/wp-content\/uploads\/2023\/02\/05_Coulage-768x1368.jpg 768w, https:\/\/mapetitetable.fr\/wp-content\/uploads\/2023\/02\/05_Coulage-862x1536.jpg 862w, https:\/\/mapetitetable.fr\/wp-content\/uploads\/2023\/02\/05_Coulage-600x1069.jpg 600w, https:\/\/mapetitetable.fr\/wp-content\/uploads\/2023\/02\/05_Coulage.jpg 1078w\" sizes=\"(max-width: 575px) 100vw, 575px\" \/><\/div><\/div><figcaption class=\"kadence-blocks-gallery-item__caption\">02 &#8211; Coulage de la r\u00e9sine<\/figcaption><\/figure><\/div><\/li><li class=\"kadence-blocks-gallery-item\"><div class=\"kadence-blocks-gallery-item-inner\"><figure class=\"kb-gallery-figure kadence-blocks-gallery-item-has-caption\" style=\"max-width:575px;\"><div class=\"kb-gal-image-radius\" style=\"max-width:575px;\"><div class=\"kb-gallery-image-contain kadence-blocks-gallery-intrinsic\" style=\"padding-bottom:178%;\"><img decoding=\"async\" src=\"https:\/\/mapetitetable.fr\/wp-content\/uploads\/2023\/02\/10_Sur_pieds-575x1024.jpg\" width=\"575\" height=\"1024\" alt=\"\" data-full-image=\"https:\/\/mapetitetable.fr\/wp-content\/uploads\/2023\/02\/10_Sur_pieds.jpg\" data-light-image=\"https:\/\/mapetitetable.fr\/wp-content\/uploads\/2023\/02\/10_Sur_pieds.jpg\" data-id=\"1543\" class=\"wp-image-1543\" srcset=\"https:\/\/mapetitetable.fr\/wp-content\/uploads\/2023\/02\/10_Sur_pieds-575x1024.jpg 575w, https:\/\/mapetitetable.fr\/wp-content\/uploads\/2023\/02\/10_Sur_pieds-168x300.jpg 168w, https:\/\/mapetitetable.fr\/wp-content\/uploads\/2023\/02\/10_Sur_pieds-768x1368.jpg 768w, https:\/\/mapetitetable.fr\/wp-content\/uploads\/2023\/02\/10_Sur_pieds-862x1536.jpg 862w, https:\/\/mapetitetable.fr\/wp-content\/uploads\/2023\/02\/10_Sur_pieds-600x1069.jpg 600w, https:\/\/mapetitetable.fr\/wp-content\/uploads\/2023\/02\/10_Sur_pieds.jpg 1078w\" sizes=\"(max-width: 575px) 100vw, 575px\" \/><\/div><\/div><figcaption class=\"kadence-blocks-gallery-item__caption\">03 &#8211; 1\u00e8re sortie<\/figcaption><\/figure><\/div><\/li><li class=\"kadence-blocks-gallery-item\"><div class=\"kadence-blocks-gallery-item-inner\"><figure class=\"kb-gallery-figure kadence-blocks-gallery-item-has-caption\" style=\"max-width:1024px;\"><div class=\"kb-gal-image-radius\" style=\"max-width:1024px;\"><div class=\"kb-gallery-image-contain kadence-blocks-gallery-intrinsic\" style=\"padding-bottom:100%;\"><img decoding=\"async\" src=\"https:\/\/mapetitetable.fr\/wp-content\/uploads\/2023\/02\/20_Detail-1024x1024.jpg\" width=\"1024\" height=\"1024\" alt=\"\" data-full-image=\"https:\/\/mapetitetable.fr\/wp-content\/uploads\/2023\/02\/20_Detail.jpg\" data-light-image=\"https:\/\/mapetitetable.fr\/wp-content\/uploads\/2023\/02\/20_Detail.jpg\" data-id=\"1544\" class=\"wp-image-1544\" srcset=\"https:\/\/mapetitetable.fr\/wp-content\/uploads\/2023\/02\/20_Detail-1024x1024.jpg 1024w, https:\/\/mapetitetable.fr\/wp-content\/uploads\/2023\/02\/20_Detail-300x300.jpg 300w, https:\/\/mapetitetable.fr\/wp-content\/uploads\/2023\/02\/20_Detail-150x150.jpg 150w, https:\/\/mapetitetable.fr\/wp-content\/uploads\/2023\/02\/20_Detail-768x768.jpg 768w, https:\/\/mapetitetable.fr\/wp-content\/uploads\/2023\/02\/20_Detail-1536x1536.jpg 1536w, https:\/\/mapetitetable.fr\/wp-content\/uploads\/2023\/02\/20_Detail-600x600.jpg 600w, https:\/\/mapetitetable.fr\/wp-content\/uploads\/2023\/02\/20_Detail-100x100.jpg 100w, https:\/\/mapetitetable.fr\/wp-content\/uploads\/2023\/02\/20_Detail.jpg 1920w\" sizes=\"(max-width: 1024px) 100vw, 1024px\" \/><\/div><\/div><figcaption class=\"kadence-blocks-gallery-item__caption\">04 &#8211; D\u00e9tail<\/figcaption><\/figure><\/div><\/li><\/ul><\/div>","protected":false},"excerpt":{"rendered":"<p>Loupe d&#8217;orme et r\u00e9sine &#8220;spatiale&#8221; \ud83d\ude42 Je suis passionn\u00e9e depuis toujours par l&#8217;espace, fascin\u00e9e par l&#8217;id\u00e9e qu&#8217;il y a tellement plus grand au-dessus de nos t\u00eates, par cette promesse d&#8217;\u00e9ternit\u00e9 malgr\u00e9 le mouvement permanent de tous ces corps c\u00e9lestes. Cela pourrait donner le tournis, cela&nbsp;<a class=\"read-more\" href=\"https:\/\/mapetitetable.fr\/de\/constellation\/\">&hellip;<\/a><\/p>","protected":false},"author":1,"featured_media":0,"parent":0,"menu_order":0,"comment_status":"closed","ping_status":"closed","template":"","meta":{"ngg_post_thumbnail":0,"footnotes":""},"class_list":["post-1538","page","type-page","status-publish","hentry"],"yoast_head":"<!-- This site is optimized with the Yoast SEO plugin v27.4 - https:\/\/yoast.com\/product\/yoast-seo-wordpress\/ -->\n<title>Constellation - Ma petite table<\/title>\n<meta name=\"robots\" content=\"index, follow, max-snippet:-1, max-image-preview:large, max-video-preview:-1\" \/>\n<link rel=\"canonical\" href=\"https:\/\/mapetitetable.fr\/de\/constellation\/\" \/>\n<meta property=\"og:locale\" content=\"de_DE\" \/>\n<meta property=\"og:type\" content=\"article\" \/>\n<meta property=\"og:title\" content=\"Constellation - Ma petite table\" \/>\n<meta property=\"og:description\" content=\"Loupe d&#8217;orme et r\u00e9sine &#8220;spatiale&#8221; \ud83d\ude42 Je suis passionn\u00e9e depuis toujours par l&#8217;espace, fascin\u00e9e par l&#8217;id\u00e9e qu&#8217;il y a tellement plus grand au-dessus de nos t\u00eates, par cette promesse d&#8217;\u00e9ternit\u00e9 malgr\u00e9 le mouvement permanent de tous ces corps c\u00e9lestes. Cela pourrait donner le tournis, cela&nbsp;&hellip;\" \/>\n<meta property=\"og:url\" content=\"https:\/\/mapetitetable.fr\/de\/constellation\/\" \/>\n<meta property=\"og:site_name\" content=\"Ma petite table\" \/>\n<meta property=\"article:modified_time\" content=\"2023-02-04T17:56:51+00:00\" \/>\n<meta property=\"og:image\" content=\"https:\/\/mapetitetable.fr\/wp-content\/uploads\/2023\/02\/05_Ma_petite_table_Dessin-963x1024.jpg\" \/>\n<meta name=\"twitter:card\" content=\"summary_large_image\" \/>\n<meta name=\"twitter:label1\" content=\"Gesch\u00e4tzte Lesezeit\" \/>\n\t<meta name=\"twitter:data1\" content=\"2\u00a0Minuten\" \/>\n<script type=\"application\/ld+json\" class=\"yoast-schema-graph\">{\"@context\":\"https:\\\/\\\/schema.org\",\"@graph\":[{\"@type\":\"WebPage\",\"@id\":\"https:\\\/\\\/mapetitetable.fr\\\/constellation\\\/\",\"url\":\"https:\\\/\\\/mapetitetable.fr\\\/constellation\\\/\",\"name\":\"Constellation - Ma petite table\",\"isPartOf\":{\"@id\":\"https:\\\/\\\/mapetitetable.fr\\\/#website\"},\"primaryImageOfPage\":{\"@id\":\"https:\\\/\\\/mapetitetable.fr\\\/constellation\\\/#primaryimage\"},\"image\":{\"@id\":\"https:\\\/\\\/mapetitetable.fr\\\/constellation\\\/#primaryimage\"},\"thumbnailUrl\":\"https:\\\/\\\/mapetitetable.fr\\\/wp-content\\\/uploads\\\/2023\\\/02\\\/05_Ma_petite_table_Dessin-963x1024.jpg\",\"datePublished\":\"2023-02-04T17:54:30+00:00\",\"dateModified\":\"2023-02-04T17:56:51+00:00\",\"breadcrumb\":{\"@id\":\"https:\\\/\\\/mapetitetable.fr\\\/constellation\\\/#breadcrumb\"},\"inLanguage\":\"de\",\"potentialAction\":[{\"@type\":\"ReadAction\",\"target\":[\"https:\\\/\\\/mapetitetable.fr\\\/constellation\\\/\"]}]},{\"@type\":\"ImageObject\",\"inLanguage\":\"de\",\"@id\":\"https:\\\/\\\/mapetitetable.fr\\\/constellation\\\/#primaryimage\",\"url\":\"https:\\\/\\\/mapetitetable.fr\\\/wp-content\\\/uploads\\\/2023\\\/02\\\/05_Ma_petite_table_Dessin-963x1024.jpg\",\"contentUrl\":\"https:\\\/\\\/mapetitetable.fr\\\/wp-content\\\/uploads\\\/2023\\\/02\\\/05_Ma_petite_table_Dessin-963x1024.jpg\"},{\"@type\":\"BreadcrumbList\",\"@id\":\"https:\\\/\\\/mapetitetable.fr\\\/constellation\\\/#breadcrumb\",\"itemListElement\":[{\"@type\":\"ListItem\",\"position\":1,\"name\":\"Accueil\",\"item\":\"https:\\\/\\\/mapetitetable.fr\\\/\"},{\"@type\":\"ListItem\",\"position\":2,\"name\":\"Constellation\"}]},{\"@type\":\"WebSite\",\"@id\":\"https:\\\/\\\/mapetitetable.fr\\\/#website\",\"url\":\"https:\\\/\\\/mapetitetable.fr\\\/\",\"name\":\"Ma petite table\",\"description\":\"Cr\u00e9ations en bois par Estelle\",\"potentialAction\":[{\"@type\":\"SearchAction\",\"target\":{\"@type\":\"EntryPoint\",\"urlTemplate\":\"https:\\\/\\\/mapetitetable.fr\\\/?s={search_term_string}\"},\"query-input\":{\"@type\":\"PropertyValueSpecification\",\"valueRequired\":true,\"valueName\":\"search_term_string\"}}],\"inLanguage\":\"de\"}]}<\/script>\n<!-- \/ Yoast SEO plugin. -->","yoast_head_json":{"title":"Constellation - Ma petite table","robots":{"index":"index","follow":"follow","max-snippet":"max-snippet:-1","max-image-preview":"max-image-preview:large","max-video-preview":"max-video-preview:-1"},"canonical":"https:\/\/mapetitetable.fr\/de\/constellation\/","og_locale":"de_DE","og_type":"article","og_title":"Constellation - Ma petite table","og_description":"Loupe d&#8217;orme et r\u00e9sine &#8220;spatiale&#8221; \ud83d\ude42 Je suis passionn\u00e9e depuis toujours par l&#8217;espace, fascin\u00e9e par l&#8217;id\u00e9e qu&#8217;il y a tellement plus grand au-dessus de nos t\u00eates, par cette promesse d&#8217;\u00e9ternit\u00e9 malgr\u00e9 le mouvement permanent de tous ces corps c\u00e9lestes. Cela pourrait donner le tournis, cela&nbsp;&hellip;","og_url":"https:\/\/mapetitetable.fr\/de\/constellation\/","og_site_name":"Ma petite table","article_modified_time":"2023-02-04T17:56:51+00:00","og_image":[{"url":"https:\/\/mapetitetable.fr\/wp-content\/uploads\/2023\/02\/05_Ma_petite_table_Dessin-963x1024.jpg","type":"","width":"","height":""}],"twitter_card":"summary_large_image","twitter_misc":{"Gesch\u00e4tzte Lesezeit":"2\u00a0Minuten"},"schema":{"@context":"https:\/\/schema.org","@graph":[{"@type":"WebPage","@id":"https:\/\/mapetitetable.fr\/constellation\/","url":"https:\/\/mapetitetable.fr\/constellation\/","name":"Constellation - Ma petite table","isPartOf":{"@id":"https:\/\/mapetitetable.fr\/#website"},"primaryImageOfPage":{"@id":"https:\/\/mapetitetable.fr\/constellation\/#primaryimage"},"image":{"@id":"https:\/\/mapetitetable.fr\/constellation\/#primaryimage"},"thumbnailUrl":"https:\/\/mapetitetable.fr\/wp-content\/uploads\/2023\/02\/05_Ma_petite_table_Dessin-963x1024.jpg","datePublished":"2023-02-04T17:54:30+00:00","dateModified":"2023-02-04T17:56:51+00:00","breadcrumb":{"@id":"https:\/\/mapetitetable.fr\/constellation\/#breadcrumb"},"inLanguage":"de","potentialAction":[{"@type":"ReadAction","target":["https:\/\/mapetitetable.fr\/constellation\/"]}]},{"@type":"ImageObject","inLanguage":"de","@id":"https:\/\/mapetitetable.fr\/constellation\/#primaryimage","url":"https:\/\/mapetitetable.fr\/wp-content\/uploads\/2023\/02\/05_Ma_petite_table_Dessin-963x1024.jpg","contentUrl":"https:\/\/mapetitetable.fr\/wp-content\/uploads\/2023\/02\/05_Ma_petite_table_Dessin-963x1024.jpg"},{"@type":"BreadcrumbList","@id":"https:\/\/mapetitetable.fr\/constellation\/#breadcrumb","itemListElement":[{"@type":"ListItem","position":1,"name":"Accueil","item":"https:\/\/mapetitetable.fr\/"},{"@type":"ListItem","position":2,"name":"Constellation"}]},{"@type":"WebSite","@id":"https:\/\/mapetitetable.fr\/#website","url":"https:\/\/mapetitetable.fr\/","name":"Ma petite table","description":"Cr\u00e9ations en bois par Estelle","potentialAction":[{"@type":"SearchAction","target":{"@type":"EntryPoint","urlTemplate":"https:\/\/mapetitetable.fr\/?s={search_term_string}"},"query-input":{"@type":"PropertyValueSpecification","valueRequired":true,"valueName":"search_term_string"}}],"inLanguage":"de"}]}},"_links":{"self":[{"href":"https:\/\/mapetitetable.fr\/de\/wp-json\/wp\/v2\/pages\/1538","targetHints":{"allow":["GET"]}}],"collection":[{"href":"https:\/\/mapetitetable.fr\/de\/wp-json\/wp\/v2\/pages"}],"about":[{"href":"https:\/\/mapetitetable.fr\/de\/wp-json\/wp\/v2\/types\/page"}],"author":[{"embeddable":true,"href":"https:\/\/mapetitetable.fr\/de\/wp-json\/wp\/v2\/users\/1"}],"replies":[{"embeddable":true,"href":"https:\/\/mapetitetable.fr\/de\/wp-json\/wp\/v2\/comments?post=1538"}],"version-history":[{"count":4,"href":"https:\/\/mapetitetable.fr\/de\/wp-json\/wp\/v2\/pages\/1538\/revisions"}],"predecessor-version":[{"id":1548,"href":"https:\/\/mapetitetable.fr\/de\/wp-json\/wp\/v2\/pages\/1538\/revisions\/1548"}],"wp:attachment":[{"href":"https:\/\/mapetitetable.fr\/de\/wp-json\/wp\/v2\/media?parent=1538"}],"curies":[{"name":"wp","href":"https:\/\/api.w.org\/{rel}","templated":true}]}}