{"id":1560,"date":"2023-02-05T11:25:11","date_gmt":"2023-02-05T11:25:11","guid":{"rendered":"https:\/\/mapetitetable.fr\/?page_id=1560"},"modified":"2023-02-05T11:52:35","modified_gmt":"2023-02-05T11:52:35","slug":"faucon","status":"publish","type":"page","link":"https:\/\/mapetitetable.fr\/de\/faucon\/","title":{"rendered":"Faucon"},"content":{"rendered":"<p>Olivier et r\u00e9sine bleue \/ rose \/ grise avec incrustation du Faucon Millenium de Star Wars (fait maison :)).<\/p>\n\n\n\n<p>L&#8217;id\u00e9e avec cette petite table \u00e9tait de recr\u00e9er un peu l&#8217;espace et l&#8217;environnement de Star Wars, avec ses paysages d\u00e9sertiques, ce sentiment d&#8217;immensit\u00e9 et de solitude (petit vaisseau perdu au milieu de nulle part).<\/p>\n\n\n\n<p>Et puis surtout de s&#8217;amuser avec le c\u00f4t\u00e9 tr\u00e8s masculin de Star Wars, et plus particuli\u00e8rement de Han Solo, en ajoutant une touche de rose \u00e0 l&#8217;ensemble : c&#8217;est mon petit Faucon Girly \ud83d\ude09<\/p>\n\n\n\n<p>Cette petite table a eu beaucoup de succ\u00e8s d\u00e8s sa 1\u00e8re sortie \ud83d\ude00<\/p>\n\n\n\n<p>Elle a fait beaucoup d&#8217;expositions car gentiment pr\u00eat\u00e9 par sa propri\u00e9taire qui a patiemment attendu 4 mois avant d&#8217;en profiter. 1000 mercis Sylvie !<\/p>\n\n\n\n<p> <\/p>\n\n\n<style>.wp-block-kadence-advancedgallery .kb-gallery-type-masonry.kb-gallery-id-_3c8224-3d{margin:-5px;}.kb-gallery-type-masonry.kb-gallery-id-_3c8224-3d .kadence-blocks-gallery-item{padding:5px;}.kb-gallery-id-_3c8224-3d .kadence-blocks-gallery-item .kb-gal-image-radius, .kb-gallery-id-_3c8224-3d .kb-slide-item .kb-gal-image-radius img{border-radius:0px 0px 0px 0px;;}.kb-gallery-id-_3c8224-3d .kadence-blocks-gallery-item .kadence-blocks-gallery-item-inner .kadence-blocks-gallery-item__caption{color:#000000;}.kb-gallery-caption-style-cover-hover.kb-gallery-id-_3c8224-3d .kadence-blocks-gallery-item .kadence-blocks-gallery-item-inner .kadence-blocks-gallery-item__caption, .kb-gallery-caption-style-below.kb-gallery-id-_3c8224-3d .kadence-blocks-gallery-item .kadence-blocks-gallery-item-inner .kadence-blocks-gallery-item__caption{background:#ffffff;}<\/style><div class=\"kb-gallery-wrap-id-_3c8224-3d alignnone wp-block-kadence-advancedgallery\"><ul class=\"kb-gallery-ul kb-gallery-non-static kb-gallery-type-masonry kb-masonry-init kb-gallery-id-_3c8224-3d kb-gallery-caption-style-below kb-gallery-filter-none\" data-image-filter=\"none\" data-item-selector=\".kadence-blocks-gallery-item\" data-lightbox-caption=\"true\" data-columns-xxl=\"3\" data-columns-xl=\"3\" data-columns-md=\"3\" data-columns-sm=\"2\" data-columns-xs=\"1\" data-columns-ss=\"1\"><li class=\"kadence-blocks-gallery-item\"><div class=\"kadence-blocks-gallery-item-inner\"><figure class=\"kb-gallery-figure kadence-blocks-gallery-item-has-caption\" style=\"max-width:575px;\"><div class=\"kb-gal-image-radius\" style=\"max-width:575px;\"><div class=\"kb-gallery-image-contain kadence-blocks-gallery-intrinsic\" style=\"padding-bottom:178%;\"><img decoding=\"async\" src=\"https:\/\/mapetitetable.fr\/wp-content\/uploads\/2023\/02\/05-Faucon_de_sortie_Ma_petite_table_olivier_resine_Star_Wars-1-575x1024.jpg\" width=\"575\" height=\"1024\" alt=\"\" data-full-image=\"https:\/\/mapetitetable.fr\/wp-content\/uploads\/2023\/02\/05-Faucon_de_sortie_Ma_petite_table_olivier_resine_Star_Wars-1.jpg\" data-light-image=\"https:\/\/mapetitetable.fr\/wp-content\/uploads\/2023\/02\/05-Faucon_de_sortie_Ma_petite_table_olivier_resine_Star_Wars-1.jpg\" data-id=\"1563\" class=\"wp-image-1563\" srcset=\"https:\/\/mapetitetable.fr\/wp-content\/uploads\/2023\/02\/05-Faucon_de_sortie_Ma_petite_table_olivier_resine_Star_Wars-1-575x1024.jpg 575w, https:\/\/mapetitetable.fr\/wp-content\/uploads\/2023\/02\/05-Faucon_de_sortie_Ma_petite_table_olivier_resine_Star_Wars-1-168x300.jpg 168w, https:\/\/mapetitetable.fr\/wp-content\/uploads\/2023\/02\/05-Faucon_de_sortie_Ma_petite_table_olivier_resine_Star_Wars-1-768x1368.jpg 768w, https:\/\/mapetitetable.fr\/wp-content\/uploads\/2023\/02\/05-Faucon_de_sortie_Ma_petite_table_olivier_resine_Star_Wars-1-862x1536.jpg 862w, https:\/\/mapetitetable.fr\/wp-content\/uploads\/2023\/02\/05-Faucon_de_sortie_Ma_petite_table_olivier_resine_Star_Wars-1-600x1069.jpg 600w, https:\/\/mapetitetable.fr\/wp-content\/uploads\/2023\/02\/05-Faucon_de_sortie_Ma_petite_table_olivier_resine_Star_Wars-1.jpg 1078w\" sizes=\"(max-width: 575px) 100vw, 575px\" \/><\/div><\/div><figcaption class=\"kadence-blocks-gallery-item__caption\">01 &#8211; Faucon est de sortie<\/figcaption><\/figure><\/div><\/li><li class=\"kadence-blocks-gallery-item\"><div class=\"kadence-blocks-gallery-item-inner\"><figure class=\"kb-gallery-figure kadence-blocks-gallery-item-has-caption\" style=\"max-width:575px;\"><div class=\"kb-gal-image-radius\" style=\"max-width:575px;\"><div class=\"kb-gallery-image-contain kadence-blocks-gallery-intrinsic\" style=\"padding-bottom:178%;\"><img decoding=\"async\" src=\"https:\/\/mapetitetable.fr\/wp-content\/uploads\/2023\/02\/10-Faucon_Detail_Ma_petite_table_olivier_resine_Star_Wars-575x1024.jpg\" width=\"575\" height=\"1024\" alt=\"\" data-full-image=\"https:\/\/mapetitetable.fr\/wp-content\/uploads\/2023\/02\/10-Faucon_Detail_Ma_petite_table_olivier_resine_Star_Wars.jpg\" data-light-image=\"https:\/\/mapetitetable.fr\/wp-content\/uploads\/2023\/02\/10-Faucon_Detail_Ma_petite_table_olivier_resine_Star_Wars.jpg\" data-id=\"1564\" class=\"wp-image-1564\" srcset=\"https:\/\/mapetitetable.fr\/wp-content\/uploads\/2023\/02\/10-Faucon_Detail_Ma_petite_table_olivier_resine_Star_Wars-575x1024.jpg 575w, https:\/\/mapetitetable.fr\/wp-content\/uploads\/2023\/02\/10-Faucon_Detail_Ma_petite_table_olivier_resine_Star_Wars-168x300.jpg 168w, https:\/\/mapetitetable.fr\/wp-content\/uploads\/2023\/02\/10-Faucon_Detail_Ma_petite_table_olivier_resine_Star_Wars-768x1368.jpg 768w, https:\/\/mapetitetable.fr\/wp-content\/uploads\/2023\/02\/10-Faucon_Detail_Ma_petite_table_olivier_resine_Star_Wars-862x1536.jpg 862w, https:\/\/mapetitetable.fr\/wp-content\/uploads\/2023\/02\/10-Faucon_Detail_Ma_petite_table_olivier_resine_Star_Wars-600x1069.jpg 600w, https:\/\/mapetitetable.fr\/wp-content\/uploads\/2023\/02\/10-Faucon_Detail_Ma_petite_table_olivier_resine_Star_Wars.jpg 1078w\" sizes=\"(max-width: 575px) 100vw, 575px\" \/><\/div><\/div><figcaption class=\"kadence-blocks-gallery-item__caption\">02 &#8211; D\u00e9tail<\/figcaption><\/figure><\/div><\/li><li class=\"kadence-blocks-gallery-item\"><div class=\"kadence-blocks-gallery-item-inner\"><figure class=\"kb-gallery-figure kadence-blocks-gallery-item-has-caption\" style=\"max-width:1024px;\"><div class=\"kb-gal-image-radius\" style=\"max-width:1024px;\"><div class=\"kb-gallery-image-contain kadence-blocks-gallery-intrinsic\" style=\"padding-bottom:45%;\"><img decoding=\"async\" src=\"https:\/\/mapetitetable.fr\/wp-content\/uploads\/2023\/02\/15-Faucon_tons_roses_Ma_petite_table_olivier_resine_Star_Wars-1024x471.jpg\" width=\"1024\" height=\"471\" alt=\"\" data-full-image=\"https:\/\/mapetitetable.fr\/wp-content\/uploads\/2023\/02\/15-Faucon_tons_roses_Ma_petite_table_olivier_resine_Star_Wars.jpg\" data-light-image=\"https:\/\/mapetitetable.fr\/wp-content\/uploads\/2023\/02\/15-Faucon_tons_roses_Ma_petite_table_olivier_resine_Star_Wars.jpg\" data-id=\"1565\" class=\"wp-image-1565\" srcset=\"https:\/\/mapetitetable.fr\/wp-content\/uploads\/2023\/02\/15-Faucon_tons_roses_Ma_petite_table_olivier_resine_Star_Wars-1024x471.jpg 1024w, https:\/\/mapetitetable.fr\/wp-content\/uploads\/2023\/02\/15-Faucon_tons_roses_Ma_petite_table_olivier_resine_Star_Wars-300x138.jpg 300w, https:\/\/mapetitetable.fr\/wp-content\/uploads\/2023\/02\/15-Faucon_tons_roses_Ma_petite_table_olivier_resine_Star_Wars-768x353.jpg 768w, https:\/\/mapetitetable.fr\/wp-content\/uploads\/2023\/02\/15-Faucon_tons_roses_Ma_petite_table_olivier_resine_Star_Wars-1536x706.jpg 1536w, https:\/\/mapetitetable.fr\/wp-content\/uploads\/2023\/02\/15-Faucon_tons_roses_Ma_petite_table_olivier_resine_Star_Wars-600x276.jpg 600w, https:\/\/mapetitetable.fr\/wp-content\/uploads\/2023\/02\/15-Faucon_tons_roses_Ma_petite_table_olivier_resine_Star_Wars.jpg 1920w\" sizes=\"(max-width: 1024px) 100vw, 1024px\" \/><\/div><\/div><figcaption class=\"kadence-blocks-gallery-item__caption\">03 &#8211; Du rose pour une touche de Girly \ud83d\ude00<\/figcaption><\/figure><\/div><\/li><li class=\"kadence-blocks-gallery-item\"><div class=\"kadence-blocks-gallery-item-inner\"><figure class=\"kb-gallery-figure kadence-blocks-gallery-item-has-caption\" style=\"max-width:575px;\"><div class=\"kb-gal-image-radius\" style=\"max-width:575px;\"><div class=\"kb-gallery-image-contain kadence-blocks-gallery-intrinsic\" style=\"padding-bottom:178%;\"><img decoding=\"async\" src=\"https:\/\/mapetitetable.fr\/wp-content\/uploads\/2023\/02\/20-Faucon_chez_sa_proprietaire__Ma_petite_table_olivier_resine_Star_Wars-575x1024.jpg\" width=\"575\" height=\"1024\" alt=\"\" data-full-image=\"https:\/\/mapetitetable.fr\/wp-content\/uploads\/2023\/02\/20-Faucon_chez_sa_proprietaire__Ma_petite_table_olivier_resine_Star_Wars.jpg\" data-light-image=\"https:\/\/mapetitetable.fr\/wp-content\/uploads\/2023\/02\/20-Faucon_chez_sa_proprietaire__Ma_petite_table_olivier_resine_Star_Wars.jpg\" data-id=\"1566\" class=\"wp-image-1566\" srcset=\"https:\/\/mapetitetable.fr\/wp-content\/uploads\/2023\/02\/20-Faucon_chez_sa_proprietaire__Ma_petite_table_olivier_resine_Star_Wars-575x1024.jpg 575w, https:\/\/mapetitetable.fr\/wp-content\/uploads\/2023\/02\/20-Faucon_chez_sa_proprietaire__Ma_petite_table_olivier_resine_Star_Wars-168x300.jpg 168w, https:\/\/mapetitetable.fr\/wp-content\/uploads\/2023\/02\/20-Faucon_chez_sa_proprietaire__Ma_petite_table_olivier_resine_Star_Wars-768x1368.jpg 768w, https:\/\/mapetitetable.fr\/wp-content\/uploads\/2023\/02\/20-Faucon_chez_sa_proprietaire__Ma_petite_table_olivier_resine_Star_Wars-862x1536.jpg 862w, https:\/\/mapetitetable.fr\/wp-content\/uploads\/2023\/02\/20-Faucon_chez_sa_proprietaire__Ma_petite_table_olivier_resine_Star_Wars-600x1069.jpg 600w, https:\/\/mapetitetable.fr\/wp-content\/uploads\/2023\/02\/20-Faucon_chez_sa_proprietaire__Ma_petite_table_olivier_resine_Star_Wars.jpg 1078w\" sizes=\"(max-width: 575px) 100vw, 575px\" \/><\/div><\/div><figcaption class=\"kadence-blocks-gallery-item__caption\">04 &#8211; Faucon chez sa propri\u00e9taire<\/figcaption><\/figure><\/div><\/li><\/ul><\/div>","protected":false},"excerpt":{"rendered":"<p>Olivier et r\u00e9sine bleue \/ rose \/ grise avec incrustation du Faucon Millenium de Star Wars (fait maison :)). L&#8217;id\u00e9e avec cette petite table \u00e9tait de recr\u00e9er un peu l&#8217;espace et l&#8217;environnement de Star Wars, avec ses paysages d\u00e9sertiques, ce sentiment d&#8217;immensit\u00e9 et de solitude&nbsp;<a class=\"read-more\" href=\"https:\/\/mapetitetable.fr\/de\/faucon\/\">&hellip;<\/a><\/p>","protected":false},"author":1,"featured_media":0,"parent":0,"menu_order":0,"comment_status":"closed","ping_status":"closed","template":"","meta":{"ngg_post_thumbnail":0,"footnotes":""},"class_list":["post-1560","page","type-page","status-publish","hentry"],"yoast_head":"<!-- This site is optimized with the Yoast SEO plugin v27.4 - https:\/\/yoast.com\/product\/yoast-seo-wordpress\/ -->\n<title>Faucon - Ma petite table<\/title>\n<meta name=\"robots\" content=\"index, follow, max-snippet:-1, max-image-preview:large, max-video-preview:-1\" \/>\n<link rel=\"canonical\" href=\"https:\/\/mapetitetable.fr\/de\/faucon\/\" \/>\n<meta property=\"og:locale\" content=\"de_DE\" \/>\n<meta property=\"og:type\" content=\"article\" \/>\n<meta property=\"og:title\" content=\"Faucon - Ma petite table\" \/>\n<meta property=\"og:description\" content=\"Olivier et r\u00e9sine bleue \/ rose \/ grise avec incrustation du Faucon Millenium de Star Wars (fait maison :)). L&#8217;id\u00e9e avec cette petite table \u00e9tait de recr\u00e9er un peu l&#8217;espace et l&#8217;environnement de Star Wars, avec ses paysages d\u00e9sertiques, ce sentiment d&#8217;immensit\u00e9 et de solitude&nbsp;&hellip;\" \/>\n<meta property=\"og:url\" content=\"https:\/\/mapetitetable.fr\/de\/faucon\/\" \/>\n<meta property=\"og:site_name\" content=\"Ma petite table\" \/>\n<meta property=\"article:modified_time\" content=\"2023-02-05T11:52:35+00:00\" \/>\n<meta property=\"og:image\" content=\"https:\/\/mapetitetable.fr\/wp-content\/uploads\/2023\/02\/05-Faucon_de_sortie_Ma_petite_table_olivier_resine_Star_Wars-1-575x1024.jpg\" \/>\n<meta name=\"twitter:card\" content=\"summary_large_image\" \/>\n<meta name=\"twitter:label1\" content=\"Gesch\u00e4tzte Lesezeit\" \/>\n\t<meta name=\"twitter:data1\" content=\"2\u00a0Minuten\" \/>\n<script type=\"application\/ld+json\" class=\"yoast-schema-graph\">{\"@context\":\"https:\\\/\\\/schema.org\",\"@graph\":[{\"@type\":\"WebPage\",\"@id\":\"https:\\\/\\\/mapetitetable.fr\\\/faucon\\\/\",\"url\":\"https:\\\/\\\/mapetitetable.fr\\\/faucon\\\/\",\"name\":\"Faucon - Ma petite table\",\"isPartOf\":{\"@id\":\"https:\\\/\\\/mapetitetable.fr\\\/#website\"},\"primaryImageOfPage\":{\"@id\":\"https:\\\/\\\/mapetitetable.fr\\\/faucon\\\/#primaryimage\"},\"image\":{\"@id\":\"https:\\\/\\\/mapetitetable.fr\\\/faucon\\\/#primaryimage\"},\"thumbnailUrl\":\"https:\\\/\\\/mapetitetable.fr\\\/wp-content\\\/uploads\\\/2023\\\/02\\\/05-Faucon_de_sortie_Ma_petite_table_olivier_resine_Star_Wars-1-575x1024.jpg\",\"datePublished\":\"2023-02-05T11:25:11+00:00\",\"dateModified\":\"2023-02-05T11:52:35+00:00\",\"breadcrumb\":{\"@id\":\"https:\\\/\\\/mapetitetable.fr\\\/faucon\\\/#breadcrumb\"},\"inLanguage\":\"de\",\"potentialAction\":[{\"@type\":\"ReadAction\",\"target\":[\"https:\\\/\\\/mapetitetable.fr\\\/faucon\\\/\"]}]},{\"@type\":\"ImageObject\",\"inLanguage\":\"de\",\"@id\":\"https:\\\/\\\/mapetitetable.fr\\\/faucon\\\/#primaryimage\",\"url\":\"https:\\\/\\\/mapetitetable.fr\\\/wp-content\\\/uploads\\\/2023\\\/02\\\/05-Faucon_de_sortie_Ma_petite_table_olivier_resine_Star_Wars-1-575x1024.jpg\",\"contentUrl\":\"https:\\\/\\\/mapetitetable.fr\\\/wp-content\\\/uploads\\\/2023\\\/02\\\/05-Faucon_de_sortie_Ma_petite_table_olivier_resine_Star_Wars-1-575x1024.jpg\"},{\"@type\":\"BreadcrumbList\",\"@id\":\"https:\\\/\\\/mapetitetable.fr\\\/faucon\\\/#breadcrumb\",\"itemListElement\":[{\"@type\":\"ListItem\",\"position\":1,\"name\":\"Accueil\",\"item\":\"https:\\\/\\\/mapetitetable.fr\\\/\"},{\"@type\":\"ListItem\",\"position\":2,\"name\":\"Faucon\"}]},{\"@type\":\"WebSite\",\"@id\":\"https:\\\/\\\/mapetitetable.fr\\\/#website\",\"url\":\"https:\\\/\\\/mapetitetable.fr\\\/\",\"name\":\"Ma petite table\",\"description\":\"Cr\u00e9ations en bois par Estelle\",\"potentialAction\":[{\"@type\":\"SearchAction\",\"target\":{\"@type\":\"EntryPoint\",\"urlTemplate\":\"https:\\\/\\\/mapetitetable.fr\\\/?s={search_term_string}\"},\"query-input\":{\"@type\":\"PropertyValueSpecification\",\"valueRequired\":true,\"valueName\":\"search_term_string\"}}],\"inLanguage\":\"de\"}]}<\/script>\n<!-- \/ Yoast SEO plugin. -->","yoast_head_json":{"title":"Faucon - Ma petite table","robots":{"index":"index","follow":"follow","max-snippet":"max-snippet:-1","max-image-preview":"max-image-preview:large","max-video-preview":"max-video-preview:-1"},"canonical":"https:\/\/mapetitetable.fr\/de\/faucon\/","og_locale":"de_DE","og_type":"article","og_title":"Faucon - Ma petite table","og_description":"Olivier et r\u00e9sine bleue \/ rose \/ grise avec incrustation du Faucon Millenium de Star Wars (fait maison :)). L&#8217;id\u00e9e avec cette petite table \u00e9tait de recr\u00e9er un peu l&#8217;espace et l&#8217;environnement de Star Wars, avec ses paysages d\u00e9sertiques, ce sentiment d&#8217;immensit\u00e9 et de solitude&nbsp;&hellip;","og_url":"https:\/\/mapetitetable.fr\/de\/faucon\/","og_site_name":"Ma petite table","article_modified_time":"2023-02-05T11:52:35+00:00","og_image":[{"url":"https:\/\/mapetitetable.fr\/wp-content\/uploads\/2023\/02\/05-Faucon_de_sortie_Ma_petite_table_olivier_resine_Star_Wars-1-575x1024.jpg","type":"","width":"","height":""}],"twitter_card":"summary_large_image","twitter_misc":{"Gesch\u00e4tzte Lesezeit":"2\u00a0Minuten"},"schema":{"@context":"https:\/\/schema.org","@graph":[{"@type":"WebPage","@id":"https:\/\/mapetitetable.fr\/faucon\/","url":"https:\/\/mapetitetable.fr\/faucon\/","name":"Faucon - Ma petite table","isPartOf":{"@id":"https:\/\/mapetitetable.fr\/#website"},"primaryImageOfPage":{"@id":"https:\/\/mapetitetable.fr\/faucon\/#primaryimage"},"image":{"@id":"https:\/\/mapetitetable.fr\/faucon\/#primaryimage"},"thumbnailUrl":"https:\/\/mapetitetable.fr\/wp-content\/uploads\/2023\/02\/05-Faucon_de_sortie_Ma_petite_table_olivier_resine_Star_Wars-1-575x1024.jpg","datePublished":"2023-02-05T11:25:11+00:00","dateModified":"2023-02-05T11:52:35+00:00","breadcrumb":{"@id":"https:\/\/mapetitetable.fr\/faucon\/#breadcrumb"},"inLanguage":"de","potentialAction":[{"@type":"ReadAction","target":["https:\/\/mapetitetable.fr\/faucon\/"]}]},{"@type":"ImageObject","inLanguage":"de","@id":"https:\/\/mapetitetable.fr\/faucon\/#primaryimage","url":"https:\/\/mapetitetable.fr\/wp-content\/uploads\/2023\/02\/05-Faucon_de_sortie_Ma_petite_table_olivier_resine_Star_Wars-1-575x1024.jpg","contentUrl":"https:\/\/mapetitetable.fr\/wp-content\/uploads\/2023\/02\/05-Faucon_de_sortie_Ma_petite_table_olivier_resine_Star_Wars-1-575x1024.jpg"},{"@type":"BreadcrumbList","@id":"https:\/\/mapetitetable.fr\/faucon\/#breadcrumb","itemListElement":[{"@type":"ListItem","position":1,"name":"Accueil","item":"https:\/\/mapetitetable.fr\/"},{"@type":"ListItem","position":2,"name":"Faucon"}]},{"@type":"WebSite","@id":"https:\/\/mapetitetable.fr\/#website","url":"https:\/\/mapetitetable.fr\/","name":"Ma petite table","description":"Cr\u00e9ations en bois par Estelle","potentialAction":[{"@type":"SearchAction","target":{"@type":"EntryPoint","urlTemplate":"https:\/\/mapetitetable.fr\/?s={search_term_string}"},"query-input":{"@type":"PropertyValueSpecification","valueRequired":true,"valueName":"search_term_string"}}],"inLanguage":"de"}]}},"_links":{"self":[{"href":"https:\/\/mapetitetable.fr\/de\/wp-json\/wp\/v2\/pages\/1560","targetHints":{"allow":["GET"]}}],"collection":[{"href":"https:\/\/mapetitetable.fr\/de\/wp-json\/wp\/v2\/pages"}],"about":[{"href":"https:\/\/mapetitetable.fr\/de\/wp-json\/wp\/v2\/types\/page"}],"author":[{"embeddable":true,"href":"https:\/\/mapetitetable.fr\/de\/wp-json\/wp\/v2\/users\/1"}],"replies":[{"embeddable":true,"href":"https:\/\/mapetitetable.fr\/de\/wp-json\/wp\/v2\/comments?post=1560"}],"version-history":[{"count":3,"href":"https:\/\/mapetitetable.fr\/de\/wp-json\/wp\/v2\/pages\/1560\/revisions"}],"predecessor-version":[{"id":1571,"href":"https:\/\/mapetitetable.fr\/de\/wp-json\/wp\/v2\/pages\/1560\/revisions\/1571"}],"wp:attachment":[{"href":"https:\/\/mapetitetable.fr\/de\/wp-json\/wp\/v2\/media?parent=1560"}],"curies":[{"name":"wp","href":"https:\/\/api.w.org\/{rel}","templated":true}]}}