{"id":1711,"date":"2023-10-09T07:59:27","date_gmt":"2023-10-09T07:59:27","guid":{"rendered":"https:\/\/mapetitetable.fr\/?page_id=1711"},"modified":"2023-10-09T07:59:28","modified_gmt":"2023-10-09T07:59:28","slug":"houpette","status":"publish","type":"page","link":"https:\/\/mapetitetable.fr\/de\/houpette\/","title":{"rendered":"Houpette"},"content":{"rendered":"<p>Bois : if pour les c\u00f4t\u00e9s + gen\u00e9vrier au centre sous le personnage.<\/p>\n\n\n\n<p>R\u00e9sine \u00e9poxy : psych\u00e9d\u00e9lique.<\/p>\n\n\n\n<p>Personnage : Tintin aka la Houpette.<\/p>\n\n\n<style>.wp-block-kadence-advancedgallery .kb-gallery-type-masonry.kb-gallery-id-1711_c49fdc-df{margin:-5px;}.kb-gallery-type-masonry.kb-gallery-id-1711_c49fdc-df .kadence-blocks-gallery-item{padding:5px;}.kb-gallery-id-1711_c49fdc-df .kadence-blocks-gallery-item .kb-gal-image-radius, .kb-gallery-id-1711_c49fdc-df .kb-slide-item .kb-gal-image-radius img{border-radius:0px 0px 0px 0px;;}<\/style><div class=\"kb-gallery-wrap-id-1711_c49fdc-df alignnone wp-block-kadence-advancedgallery\"><ul class=\"kb-gallery-ul kb-gallery-non-static kb-gallery-type-masonry kb-masonry-init kb-gallery-id-1711_c49fdc-df kb-gallery-caption-style-bottom-hover kb-gallery-filter-none\" data-image-filter=\"none\" data-item-selector=\".kadence-blocks-gallery-item\" data-lightbox-caption=\"true\" data-columns-xxl=\"3\" data-columns-xl=\"3\" data-columns-md=\"3\" data-columns-sm=\"2\" data-columns-xs=\"1\" data-columns-ss=\"1\"><li class=\"kadence-blocks-gallery-item\" tabindex=\"0\"><div class=\"kadence-blocks-gallery-item-inner\"><figure class=\"kb-gallery-figure kadence-blocks-gallery-item-hide-caption\"><div class=\"kb-gal-image-radius\" style=\"max-width:1024px;\"><div class=\"kb-gallery-image-contain kadence-blocks-gallery-intrinsic\" style=\"padding-bottom:100%;\"><img decoding=\"async\" src=\"https:\/\/mapetitetable.fr\/wp-content\/uploads\/2023\/10\/0-Vignette-1024x1024.jpg\" width=\"1024\" height=\"1024\" alt=\"\" data-full-image=\"https:\/\/mapetitetable.fr\/wp-content\/uploads\/2023\/10\/0-Vignette.jpg\" data-light-image=\"https:\/\/mapetitetable.fr\/wp-content\/uploads\/2023\/10\/0-Vignette.jpg\" data-id=\"1712\" class=\"wp-image-1712\" srcset=\"https:\/\/mapetitetable.fr\/wp-content\/uploads\/2023\/10\/0-Vignette-1024x1024.jpg 1024w, https:\/\/mapetitetable.fr\/wp-content\/uploads\/2023\/10\/0-Vignette-300x300.jpg 300w, https:\/\/mapetitetable.fr\/wp-content\/uploads\/2023\/10\/0-Vignette-150x150.jpg 150w, https:\/\/mapetitetable.fr\/wp-content\/uploads\/2023\/10\/0-Vignette-768x768.jpg 768w, https:\/\/mapetitetable.fr\/wp-content\/uploads\/2023\/10\/0-Vignette-1536x1536.jpg 1536w, https:\/\/mapetitetable.fr\/wp-content\/uploads\/2023\/10\/0-Vignette-600x600.jpg 600w, https:\/\/mapetitetable.fr\/wp-content\/uploads\/2023\/10\/0-Vignette-100x100.jpg 100w, https:\/\/mapetitetable.fr\/wp-content\/uploads\/2023\/10\/0-Vignette.jpg 1920w\" sizes=\"(max-width: 1024px) 100vw, 1024px\" \/><\/div><\/div><\/figure><\/div><\/li><li class=\"kadence-blocks-gallery-item\" tabindex=\"0\"><div class=\"kadence-blocks-gallery-item-inner\"><figure class=\"kb-gallery-figure kadence-blocks-gallery-item-hide-caption\"><div class=\"kb-gal-image-radius\" style=\"max-width:575px;\"><div class=\"kb-gallery-image-contain kadence-blocks-gallery-intrinsic\" style=\"padding-bottom:178%;\"><img decoding=\"async\" src=\"https:\/\/mapetitetable.fr\/wp-content\/uploads\/2023\/10\/2-Zoom_1-575x1024.jpg\" width=\"575\" height=\"1024\" alt=\"\" data-full-image=\"https:\/\/mapetitetable.fr\/wp-content\/uploads\/2023\/10\/2-Zoom_1.jpg\" data-light-image=\"https:\/\/mapetitetable.fr\/wp-content\/uploads\/2023\/10\/2-Zoom_1.jpg\" data-id=\"1714\" class=\"wp-image-1714\" srcset=\"https:\/\/mapetitetable.fr\/wp-content\/uploads\/2023\/10\/2-Zoom_1-575x1024.jpg 575w, https:\/\/mapetitetable.fr\/wp-content\/uploads\/2023\/10\/2-Zoom_1-168x300.jpg 168w, https:\/\/mapetitetable.fr\/wp-content\/uploads\/2023\/10\/2-Zoom_1-768x1368.jpg 768w, https:\/\/mapetitetable.fr\/wp-content\/uploads\/2023\/10\/2-Zoom_1-862x1536.jpg 862w, https:\/\/mapetitetable.fr\/wp-content\/uploads\/2023\/10\/2-Zoom_1-600x1069.jpg 600w, https:\/\/mapetitetable.fr\/wp-content\/uploads\/2023\/10\/2-Zoom_1.jpg 1078w\" sizes=\"(max-width: 575px) 100vw, 575px\" \/><\/div><\/div><\/figure><\/div><\/li><li class=\"kadence-blocks-gallery-item\" tabindex=\"0\"><div class=\"kadence-blocks-gallery-item-inner\"><figure class=\"kb-gallery-figure kadence-blocks-gallery-item-hide-caption\"><div class=\"kb-gal-image-radius\" style=\"max-width:575px;\"><div class=\"kb-gallery-image-contain kadence-blocks-gallery-intrinsic\" style=\"padding-bottom:178%;\"><img decoding=\"async\" src=\"https:\/\/mapetitetable.fr\/wp-content\/uploads\/2023\/10\/3-Zoom_2-575x1024.jpg\" width=\"575\" height=\"1024\" alt=\"\" data-full-image=\"https:\/\/mapetitetable.fr\/wp-content\/uploads\/2023\/10\/3-Zoom_2.jpg\" data-light-image=\"https:\/\/mapetitetable.fr\/wp-content\/uploads\/2023\/10\/3-Zoom_2.jpg\" data-id=\"1715\" class=\"wp-image-1715\" srcset=\"https:\/\/mapetitetable.fr\/wp-content\/uploads\/2023\/10\/3-Zoom_2-575x1024.jpg 575w, https:\/\/mapetitetable.fr\/wp-content\/uploads\/2023\/10\/3-Zoom_2-168x300.jpg 168w, https:\/\/mapetitetable.fr\/wp-content\/uploads\/2023\/10\/3-Zoom_2-768x1368.jpg 768w, https:\/\/mapetitetable.fr\/wp-content\/uploads\/2023\/10\/3-Zoom_2-862x1536.jpg 862w, https:\/\/mapetitetable.fr\/wp-content\/uploads\/2023\/10\/3-Zoom_2-600x1069.jpg 600w, https:\/\/mapetitetable.fr\/wp-content\/uploads\/2023\/10\/3-Zoom_2.jpg 1078w\" sizes=\"(max-width: 575px) 100vw, 575px\" \/><\/div><\/div><\/figure><\/div><\/li><\/ul><\/div>","protected":false},"excerpt":{"rendered":"<p>Bois : if pour les c\u00f4t\u00e9s + gen\u00e9vrier au centre sous le personnage. R\u00e9sine \u00e9poxy : psych\u00e9d\u00e9lique. Personnage : Tintin aka la Houpette.<\/p>","protected":false},"author":1,"featured_media":0,"parent":0,"menu_order":0,"comment_status":"closed","ping_status":"closed","template":"","meta":{"ngg_post_thumbnail":0,"footnotes":""},"class_list":["post-1711","page","type-page","status-publish","hentry"],"yoast_head":"<!-- This site is optimized with the Yoast SEO plugin v27.4 - https:\/\/yoast.com\/product\/yoast-seo-wordpress\/ -->\n<title>Houpette - Ma petite table<\/title>\n<meta name=\"robots\" content=\"index, follow, max-snippet:-1, max-image-preview:large, max-video-preview:-1\" \/>\n<link rel=\"canonical\" href=\"https:\/\/mapetitetable.fr\/de\/houpette\/\" \/>\n<meta property=\"og:locale\" content=\"de_DE\" \/>\n<meta property=\"og:type\" content=\"article\" \/>\n<meta property=\"og:title\" content=\"Houpette - Ma petite table\" \/>\n<meta property=\"og:description\" content=\"Bois : if pour les c\u00f4t\u00e9s + gen\u00e9vrier au centre sous le personnage. R\u00e9sine \u00e9poxy : psych\u00e9d\u00e9lique. Personnage : Tintin aka la Houpette.\" \/>\n<meta property=\"og:url\" content=\"https:\/\/mapetitetable.fr\/de\/houpette\/\" \/>\n<meta property=\"og:site_name\" content=\"Ma petite table\" \/>\n<meta property=\"article:modified_time\" content=\"2023-10-09T07:59:28+00:00\" \/>\n<meta name=\"twitter:card\" content=\"summary_large_image\" \/>\n<meta name=\"twitter:label1\" content=\"Gesch\u00e4tzte Lesezeit\" \/>\n\t<meta name=\"twitter:data1\" content=\"1\u00a0Minute\" \/>\n<script type=\"application\/ld+json\" class=\"yoast-schema-graph\">{\"@context\":\"https:\\\/\\\/schema.org\",\"@graph\":[{\"@type\":\"WebPage\",\"@id\":\"https:\\\/\\\/mapetitetable.fr\\\/houpette\\\/\",\"url\":\"https:\\\/\\\/mapetitetable.fr\\\/houpette\\\/\",\"name\":\"Houpette - Ma petite table\",\"isPartOf\":{\"@id\":\"https:\\\/\\\/mapetitetable.fr\\\/#website\"},\"datePublished\":\"2023-10-09T07:59:27+00:00\",\"dateModified\":\"2023-10-09T07:59:28+00:00\",\"breadcrumb\":{\"@id\":\"https:\\\/\\\/mapetitetable.fr\\\/houpette\\\/#breadcrumb\"},\"inLanguage\":\"de\",\"potentialAction\":[{\"@type\":\"ReadAction\",\"target\":[\"https:\\\/\\\/mapetitetable.fr\\\/houpette\\\/\"]}]},{\"@type\":\"BreadcrumbList\",\"@id\":\"https:\\\/\\\/mapetitetable.fr\\\/houpette\\\/#breadcrumb\",\"itemListElement\":[{\"@type\":\"ListItem\",\"position\":1,\"name\":\"Accueil\",\"item\":\"https:\\\/\\\/mapetitetable.fr\\\/\"},{\"@type\":\"ListItem\",\"position\":2,\"name\":\"Houpette\"}]},{\"@type\":\"WebSite\",\"@id\":\"https:\\\/\\\/mapetitetable.fr\\\/#website\",\"url\":\"https:\\\/\\\/mapetitetable.fr\\\/\",\"name\":\"Ma petite table\",\"description\":\"Cr\u00e9ations en bois par Estelle\",\"potentialAction\":[{\"@type\":\"SearchAction\",\"target\":{\"@type\":\"EntryPoint\",\"urlTemplate\":\"https:\\\/\\\/mapetitetable.fr\\\/?s={search_term_string}\"},\"query-input\":{\"@type\":\"PropertyValueSpecification\",\"valueRequired\":true,\"valueName\":\"search_term_string\"}}],\"inLanguage\":\"de\"}]}<\/script>\n<!-- \/ Yoast SEO plugin. -->","yoast_head_json":{"title":"Houpette - Ma petite table","robots":{"index":"index","follow":"follow","max-snippet":"max-snippet:-1","max-image-preview":"max-image-preview:large","max-video-preview":"max-video-preview:-1"},"canonical":"https:\/\/mapetitetable.fr\/de\/houpette\/","og_locale":"de_DE","og_type":"article","og_title":"Houpette - Ma petite table","og_description":"Bois : if pour les c\u00f4t\u00e9s + gen\u00e9vrier au centre sous le personnage. R\u00e9sine \u00e9poxy : psych\u00e9d\u00e9lique. Personnage : Tintin aka la Houpette.","og_url":"https:\/\/mapetitetable.fr\/de\/houpette\/","og_site_name":"Ma petite table","article_modified_time":"2023-10-09T07:59:28+00:00","twitter_card":"summary_large_image","twitter_misc":{"Gesch\u00e4tzte Lesezeit":"1\u00a0Minute"},"schema":{"@context":"https:\/\/schema.org","@graph":[{"@type":"WebPage","@id":"https:\/\/mapetitetable.fr\/houpette\/","url":"https:\/\/mapetitetable.fr\/houpette\/","name":"Houpette - Ma petite table","isPartOf":{"@id":"https:\/\/mapetitetable.fr\/#website"},"datePublished":"2023-10-09T07:59:27+00:00","dateModified":"2023-10-09T07:59:28+00:00","breadcrumb":{"@id":"https:\/\/mapetitetable.fr\/houpette\/#breadcrumb"},"inLanguage":"de","potentialAction":[{"@type":"ReadAction","target":["https:\/\/mapetitetable.fr\/houpette\/"]}]},{"@type":"BreadcrumbList","@id":"https:\/\/mapetitetable.fr\/houpette\/#breadcrumb","itemListElement":[{"@type":"ListItem","position":1,"name":"Accueil","item":"https:\/\/mapetitetable.fr\/"},{"@type":"ListItem","position":2,"name":"Houpette"}]},{"@type":"WebSite","@id":"https:\/\/mapetitetable.fr\/#website","url":"https:\/\/mapetitetable.fr\/","name":"Ma petite table","description":"Cr\u00e9ations en bois par Estelle","potentialAction":[{"@type":"SearchAction","target":{"@type":"EntryPoint","urlTemplate":"https:\/\/mapetitetable.fr\/?s={search_term_string}"},"query-input":{"@type":"PropertyValueSpecification","valueRequired":true,"valueName":"search_term_string"}}],"inLanguage":"de"}]}},"_links":{"self":[{"href":"https:\/\/mapetitetable.fr\/de\/wp-json\/wp\/v2\/pages\/1711","targetHints":{"allow":["GET"]}}],"collection":[{"href":"https:\/\/mapetitetable.fr\/de\/wp-json\/wp\/v2\/pages"}],"about":[{"href":"https:\/\/mapetitetable.fr\/de\/wp-json\/wp\/v2\/types\/page"}],"author":[{"embeddable":true,"href":"https:\/\/mapetitetable.fr\/de\/wp-json\/wp\/v2\/users\/1"}],"replies":[{"embeddable":true,"href":"https:\/\/mapetitetable.fr\/de\/wp-json\/wp\/v2\/comments?post=1711"}],"version-history":[{"count":1,"href":"https:\/\/mapetitetable.fr\/de\/wp-json\/wp\/v2\/pages\/1711\/revisions"}],"predecessor-version":[{"id":1716,"href":"https:\/\/mapetitetable.fr\/de\/wp-json\/wp\/v2\/pages\/1711\/revisions\/1716"}],"wp:attachment":[{"href":"https:\/\/mapetitetable.fr\/de\/wp-json\/wp\/v2\/media?parent=1711"}],"curies":[{"name":"wp","href":"https:\/\/api.w.org\/{rel}","templated":true}]}}