{"id":1751,"date":"2023-10-09T08:50:35","date_gmt":"2023-10-09T08:50:35","guid":{"rendered":"https:\/\/mapetitetable.fr\/?page_id=1751"},"modified":"2023-10-09T08:50:36","modified_gmt":"2023-10-09T08:50:36","slug":"fight","status":"publish","type":"page","link":"https:\/\/mapetitetable.fr\/de\/fight\/","title":{"rendered":"Fight"},"content":{"rendered":"<p>Tableau \u00e0 poser.<\/p>\n\n\n\n<p>Bois : c\u00e8dre.<\/p>\n\n\n\n<p>R\u00e9sine : vert \/ bleu \/ argent\u00e9.<\/p>\n\n\n\n<p>Personnages : vaisseaux spatiaux Star Wars : X-Wing + Tie Fighter.<\/p>\n\n\n\n<p>Dimensions : environ 50 cm * 18 cm * 4 cm.<\/p>\n\n\n<style>.kb-gallery-id-1751_da8a5f-8d .kadence-blocks-gallery-item .kb-gal-image-radius, .kb-gallery-id-1751_da8a5f-8d .kb-slide-item .kb-gal-image-radius img{border-radius:0px 0px 0px 0px;;}.kb-gallery-id-1751_da8a5f-8d .kadence-blocks-gallery-item .kadence-blocks-gallery-item-inner .kadence-blocks-gallery-item__caption{color:#000000;}.kb-gallery-caption-style-bottom.kb-gallery-id-1751_da8a5f-8d .kadence-blocks-gallery-item .kadence-blocks-gallery-item-inner .kadence-blocks-gallery-item__caption, .kb-gallery-caption-style-bottom-hover.kb-gallery-id-1751_da8a5f-8d .kadence-blocks-gallery-item .kadence-blocks-gallery-item-inner .kadence-blocks-gallery-item__caption{background:linear-gradient(0deg, #ffffff 0, rgba(0, 0, 0, 0) 100%);}.kb-gallery-wrap-id-1751_da8a5f-8d.wp-block-kadence-advancedgallery{overflow:visible;}.kb-gallery-wrap-id-1751_da8a5f-8d.wp-block-kadence-advancedgallery .kt-blocks-carousel{overflow:visible;}<\/style><div class=\"kb-gallery-wrap-id-1751_da8a5f-8d alignnone wp-block-kadence-advancedgallery\"><div class=\"kb-gallery-ul kb-gallery-non-static kb-gallery-type-slider kb-gallery-id-1751_da8a5f-8d kb-gallery-caption-style-bottom kb-gallery-filter-none\" data-image-filter=\"none\" data-lightbox-caption=\"true\"><div class=\"kt-blocks-carousel splide kt-carousel-container-dotstyle-dark kt-carousel-arrowstyle-none kt-carousel-dotstyle-dark kb-slider-group-arrow kb-slider-arrow-position-center\" data-slider-anim-speed=\"400\" data-slider-scroll=\"1\" data-slider-arrows=\"false\" data-slider-fade=\"true\" data-slider-dots=\"true\" data-slider-type=\"slider\" data-slider-hover-pause=\"false\" data-slider-auto=\"\" data-slider-speed=\"7000\" data-show-pause-button=\"false\"><div class=\"splide__track\"><ul class=\"kt-blocks-carousel-init kb-blocks-slider splide__list\"><li class=\"kb-slide-item kb-gallery-slide-item splide__slide\"><div class=\"kadence-blocks-gallery-item\"><div class=\"kadence-blocks-gallery-item-inner\"><figure class=\"kb-gallery-figure kadence-blocks-gallery-item-has-caption\"><div class=\"kb-gal-image-radius\"><div class=\"kb-gallery-image-contain kadence-blocks-gallery-intrinsic kb-gallery-image-ratio-land32 kb-has-image-ratio-land32\" ><img decoding=\"async\" src=\"https:\/\/mapetitetable.fr\/wp-content\/uploads\/2023\/10\/1-Lumiere-1024x576.jpg\" width=\"1024\" height=\"576\" alt=\"\" data-full-image=\"https:\/\/mapetitetable.fr\/wp-content\/uploads\/2023\/10\/1-Lumiere.jpg\" data-light-image=\"https:\/\/mapetitetable.fr\/wp-content\/uploads\/2023\/10\/1-Lumiere.jpg\" data-id=\"1752\" class=\"wp-image-1752 skip-lazy\" srcset=\"https:\/\/mapetitetable.fr\/wp-content\/uploads\/2023\/10\/1-Lumiere-1024x576.jpg 1024w, https:\/\/mapetitetable.fr\/wp-content\/uploads\/2023\/10\/1-Lumiere-300x169.jpg 300w, https:\/\/mapetitetable.fr\/wp-content\/uploads\/2023\/10\/1-Lumiere-768x432.jpg 768w, https:\/\/mapetitetable.fr\/wp-content\/uploads\/2023\/10\/1-Lumiere-1536x864.jpg 1536w, https:\/\/mapetitetable.fr\/wp-content\/uploads\/2023\/10\/1-Lumiere-600x338.jpg 600w, https:\/\/mapetitetable.fr\/wp-content\/uploads\/2023\/10\/1-Lumiere.jpg 1920w\" sizes=\"(max-width: 1024px) 100vw, 1024px\" \/><\/div><div class=\"kadence-blocks-gallery-item__caption\">Fight !<\/div><\/div><\/figure><\/div><\/div><\/li><\/ul><\/div><\/div><\/div><\/div>\n\n\n<div style=\"height:5px\" aria-hidden=\"true\" class=\"wp-block-spacer\"><\/div>\n\n\n<style>.wp-block-kadence-advancedgallery .kb-gallery-type-masonry.kb-gallery-id-1751_92dbdf-3a{margin:-5px;}.kb-gallery-type-masonry.kb-gallery-id-1751_92dbdf-3a .kadence-blocks-gallery-item{padding:5px;}.kb-gallery-id-1751_92dbdf-3a .kadence-blocks-gallery-item .kb-gal-image-radius, .kb-gallery-id-1751_92dbdf-3a .kb-slide-item .kb-gal-image-radius img{border-radius:0px 0px 0px 0px;;}.kb-gallery-caption-style-bottom.kb-gallery-id-1751_92dbdf-3a .kadence-blocks-gallery-item .kadence-blocks-gallery-item-inner .kadence-blocks-gallery-item__caption, .kb-gallery-caption-style-bottom-hover.kb-gallery-id-1751_92dbdf-3a .kadence-blocks-gallery-item .kadence-blocks-gallery-item-inner .kadence-blocks-gallery-item__caption{background:linear-gradient(0deg, rgba(0, 0, 0, 0.8) 0, rgba(0, 0, 0, 0) 100%);}<\/style><div class=\"kb-gallery-wrap-id-1751_92dbdf-3a alignnone wp-block-kadence-advancedgallery\"><ul class=\"kb-gallery-ul kb-gallery-non-static kb-gallery-type-masonry kb-masonry-init kb-gallery-id-1751_92dbdf-3a kb-gallery-caption-style-bottom kb-gallery-filter-none\" data-image-filter=\"none\" data-item-selector=\".kadence-blocks-gallery-item\" data-lightbox-caption=\"true\" data-columns-xxl=\"3\" data-columns-xl=\"3\" data-columns-md=\"3\" data-columns-sm=\"2\" data-columns-xs=\"1\" data-columns-ss=\"1\"><li class=\"kadence-blocks-gallery-item\"><div class=\"kadence-blocks-gallery-item-inner\"><figure class=\"kb-gallery-figure kadence-blocks-gallery-item-has-caption\"><div class=\"kb-gal-image-radius\" style=\"max-width:575px;\"><div class=\"kb-gallery-image-contain kadence-blocks-gallery-intrinsic\" style=\"padding-bottom:178%;\"><img decoding=\"async\" src=\"https:\/\/mapetitetable.fr\/wp-content\/uploads\/2023\/10\/2-Detail-575x1024.jpg\" width=\"575\" height=\"1024\" alt=\"\" data-full-image=\"https:\/\/mapetitetable.fr\/wp-content\/uploads\/2023\/10\/2-Detail.jpg\" data-light-image=\"https:\/\/mapetitetable.fr\/wp-content\/uploads\/2023\/10\/2-Detail.jpg\" data-id=\"1753\" class=\"wp-image-1753\" srcset=\"https:\/\/mapetitetable.fr\/wp-content\/uploads\/2023\/10\/2-Detail-575x1024.jpg 575w, https:\/\/mapetitetable.fr\/wp-content\/uploads\/2023\/10\/2-Detail-168x300.jpg 168w, https:\/\/mapetitetable.fr\/wp-content\/uploads\/2023\/10\/2-Detail-768x1368.jpg 768w, https:\/\/mapetitetable.fr\/wp-content\/uploads\/2023\/10\/2-Detail-862x1536.jpg 862w, https:\/\/mapetitetable.fr\/wp-content\/uploads\/2023\/10\/2-Detail-600x1069.jpg 600w, https:\/\/mapetitetable.fr\/wp-content\/uploads\/2023\/10\/2-Detail.jpg 1078w\" sizes=\"(max-width: 575px) 100vw, 575px\" \/><\/div><div class=\"kadence-blocks-gallery-item__caption\">D\u00e9tail Tie<\/div><\/div><\/figure><\/div><\/li><li class=\"kadence-blocks-gallery-item\"><div class=\"kadence-blocks-gallery-item-inner\"><figure class=\"kb-gallery-figure kadence-blocks-gallery-item-has-caption\"><div class=\"kb-gal-image-radius\" style=\"max-width:575px;\"><div class=\"kb-gallery-image-contain kadence-blocks-gallery-intrinsic\" style=\"padding-bottom:178%;\"><img decoding=\"async\" src=\"https:\/\/mapetitetable.fr\/wp-content\/uploads\/2023\/10\/3-Tranche-575x1024.jpg\" width=\"575\" height=\"1024\" alt=\"\" data-full-image=\"https:\/\/mapetitetable.fr\/wp-content\/uploads\/2023\/10\/3-Tranche.jpg\" data-light-image=\"https:\/\/mapetitetable.fr\/wp-content\/uploads\/2023\/10\/3-Tranche.jpg\" data-id=\"1754\" class=\"wp-image-1754\" srcset=\"https:\/\/mapetitetable.fr\/wp-content\/uploads\/2023\/10\/3-Tranche-575x1024.jpg 575w, https:\/\/mapetitetable.fr\/wp-content\/uploads\/2023\/10\/3-Tranche-168x300.jpg 168w, https:\/\/mapetitetable.fr\/wp-content\/uploads\/2023\/10\/3-Tranche-768x1368.jpg 768w, https:\/\/mapetitetable.fr\/wp-content\/uploads\/2023\/10\/3-Tranche-862x1536.jpg 862w, https:\/\/mapetitetable.fr\/wp-content\/uploads\/2023\/10\/3-Tranche-600x1069.jpg 600w, https:\/\/mapetitetable.fr\/wp-content\/uploads\/2023\/10\/3-Tranche.jpg 1078w\" sizes=\"(max-width: 575px) 100vw, 575px\" \/><\/div><div class=\"kadence-blocks-gallery-item__caption\">Tranche Tie<\/div><\/div><\/figure><\/div><\/li><li class=\"kadence-blocks-gallery-item\"><div class=\"kadence-blocks-gallery-item-inner\"><figure class=\"kb-gallery-figure kadence-blocks-gallery-item-has-caption\"><div class=\"kb-gal-image-radius\" style=\"max-width:575px;\"><div class=\"kb-gallery-image-contain kadence-blocks-gallery-intrinsic\" style=\"padding-bottom:178%;\"><img decoding=\"async\" src=\"https:\/\/mapetitetable.fr\/wp-content\/uploads\/2023\/10\/4-Tranche-575x1024.jpg\" width=\"575\" height=\"1024\" alt=\"\" data-full-image=\"https:\/\/mapetitetable.fr\/wp-content\/uploads\/2023\/10\/4-Tranche.jpg\" data-light-image=\"https:\/\/mapetitetable.fr\/wp-content\/uploads\/2023\/10\/4-Tranche.jpg\" data-id=\"1755\" class=\"wp-image-1755\" srcset=\"https:\/\/mapetitetable.fr\/wp-content\/uploads\/2023\/10\/4-Tranche-575x1024.jpg 575w, https:\/\/mapetitetable.fr\/wp-content\/uploads\/2023\/10\/4-Tranche-168x300.jpg 168w, https:\/\/mapetitetable.fr\/wp-content\/uploads\/2023\/10\/4-Tranche-768x1368.jpg 768w, https:\/\/mapetitetable.fr\/wp-content\/uploads\/2023\/10\/4-Tranche-862x1536.jpg 862w, https:\/\/mapetitetable.fr\/wp-content\/uploads\/2023\/10\/4-Tranche-600x1069.jpg 600w, https:\/\/mapetitetable.fr\/wp-content\/uploads\/2023\/10\/4-Tranche.jpg 1078w\" sizes=\"(max-width: 575px) 100vw, 575px\" \/><\/div><div class=\"kadence-blocks-gallery-item__caption\">Tranche X-Wing<\/div><\/div><\/figure><\/div><\/li><\/ul><\/div>\n\n\n<div style=\"height:30px\" aria-hidden=\"true\" class=\"wp-block-spacer\"><\/div>\n\n\n<style>.kb-gallery-id-1751_6fa24e-73 .kadence-blocks-gallery-item .kb-gal-image-radius, .kb-gallery-id-1751_6fa24e-73 .kb-slide-item .kb-gal-image-radius img{border-radius:0px 0px 0px 0px;;}.kb-gallery-caption-style-bottom.kb-gallery-id-1751_6fa24e-73 .kadence-blocks-gallery-item .kadence-blocks-gallery-item-inner .kadence-blocks-gallery-item__caption, .kb-gallery-caption-style-bottom-hover.kb-gallery-id-1751_6fa24e-73 .kadence-blocks-gallery-item .kadence-blocks-gallery-item-inner .kadence-blocks-gallery-item__caption{background:linear-gradient(0deg, rgba(0, 0, 0, 0.8) 0, rgba(0, 0, 0, 0) 100%);}.kb-gallery-wrap-id-1751_6fa24e-73.wp-block-kadence-advancedgallery{overflow:visible;}.kb-gallery-wrap-id-1751_6fa24e-73.wp-block-kadence-advancedgallery .kt-blocks-carousel{overflow:visible;}<\/style><div class=\"kb-gallery-wrap-id-1751_6fa24e-73 alignnone wp-block-kadence-advancedgallery\"><div class=\"kb-gallery-ul kb-gallery-non-static kb-gallery-type-slider kb-gallery-id-1751_6fa24e-73 kb-gallery-caption-style-bottom kb-gallery-filter-none\" data-image-filter=\"none\" data-lightbox-caption=\"true\"><div class=\"kt-blocks-carousel splide kt-carousel-container-dotstyle-dark kt-carousel-arrowstyle-none kt-carousel-dotstyle-dark kb-slider-group-arrow kb-slider-arrow-position-center\" data-slider-anim-speed=\"400\" data-slider-scroll=\"1\" data-slider-arrows=\"false\" data-slider-fade=\"true\" data-slider-dots=\"true\" data-slider-type=\"slider\" data-slider-hover-pause=\"false\" data-slider-auto=\"\" data-slider-speed=\"7000\" data-show-pause-button=\"false\"><div class=\"splide__track\"><ul class=\"kt-blocks-carousel-init kb-blocks-slider splide__list\"><li class=\"kb-slide-item kb-gallery-slide-item splide__slide\"><div class=\"kadence-blocks-gallery-item\"><div class=\"kadence-blocks-gallery-item-inner\"><figure class=\"kb-gallery-figure kadence-blocks-gallery-item-has-caption\"><div class=\"kb-gal-image-radius\"><div class=\"kb-gallery-image-contain kadence-blocks-gallery-intrinsic kb-gallery-image-ratio-land32 kb-has-image-ratio-land32\" ><img decoding=\"async\" src=\"https:\/\/mapetitetable.fr\/wp-content\/uploads\/2023\/10\/5-Idee-1024x576.jpg\" width=\"1024\" height=\"576\" alt=\"\" data-full-image=\"https:\/\/mapetitetable.fr\/wp-content\/uploads\/2023\/10\/5-Idee.jpg\" data-light-image=\"https:\/\/mapetitetable.fr\/wp-content\/uploads\/2023\/10\/5-Idee.jpg\" data-id=\"1756\" class=\"wp-image-1756 skip-lazy\" srcset=\"https:\/\/mapetitetable.fr\/wp-content\/uploads\/2023\/10\/5-Idee-1024x576.jpg 1024w, https:\/\/mapetitetable.fr\/wp-content\/uploads\/2023\/10\/5-Idee-300x169.jpg 300w, https:\/\/mapetitetable.fr\/wp-content\/uploads\/2023\/10\/5-Idee-768x432.jpg 768w, https:\/\/mapetitetable.fr\/wp-content\/uploads\/2023\/10\/5-Idee-1536x864.jpg 1536w, https:\/\/mapetitetable.fr\/wp-content\/uploads\/2023\/10\/5-Idee-600x338.jpg 600w, https:\/\/mapetitetable.fr\/wp-content\/uploads\/2023\/10\/5-Idee.jpg 1920w\" sizes=\"(max-width: 1024px) 100vw, 1024px\" \/><\/div><div class=\"kadence-blocks-gallery-item__caption\">L&#8217;id\u00e9e du d\u00e9but<\/div><\/div><\/figure><\/div><\/div><\/li><\/ul><\/div><\/div><\/div><\/div>","protected":false},"excerpt":{"rendered":"<p>Tableau \u00e0 poser. Bois : c\u00e8dre. R\u00e9sine : vert \/ bleu \/ argent\u00e9. Personnages : vaisseaux spatiaux Star Wars : X-Wing + Tie Fighter. Dimensions : environ 50 cm * 18 cm * 4 cm.<\/p>","protected":false},"author":1,"featured_media":0,"parent":0,"menu_order":0,"comment_status":"closed","ping_status":"closed","template":"","meta":{"ngg_post_thumbnail":0,"footnotes":""},"class_list":["post-1751","page","type-page","status-publish","hentry"],"yoast_head":"<!-- This site is optimized with the Yoast SEO plugin v27.4 - https:\/\/yoast.com\/product\/yoast-seo-wordpress\/ -->\n<title>Fight - Ma petite table<\/title>\n<meta name=\"robots\" content=\"index, follow, max-snippet:-1, max-image-preview:large, max-video-preview:-1\" \/>\n<link rel=\"canonical\" href=\"https:\/\/mapetitetable.fr\/de\/fight\/\" \/>\n<meta property=\"og:locale\" content=\"de_DE\" \/>\n<meta property=\"og:type\" content=\"article\" \/>\n<meta property=\"og:title\" content=\"Fight - Ma petite table\" \/>\n<meta property=\"og:description\" content=\"Tableau \u00e0 poser. Bois : c\u00e8dre. R\u00e9sine : vert \/ bleu \/ argent\u00e9. Personnages : vaisseaux spatiaux Star Wars : X-Wing + Tie Fighter. Dimensions : environ 50 cm * 18 cm * 4 cm.\" \/>\n<meta property=\"og:url\" content=\"https:\/\/mapetitetable.fr\/de\/fight\/\" \/>\n<meta property=\"og:site_name\" content=\"Ma petite table\" \/>\n<meta property=\"article:modified_time\" content=\"2023-10-09T08:50:36+00:00\" \/>\n<meta name=\"twitter:card\" content=\"summary_large_image\" \/>\n<meta name=\"twitter:label1\" content=\"Gesch\u00e4tzte Lesezeit\" \/>\n\t<meta name=\"twitter:data1\" content=\"1\u00a0Minute\" \/>\n<script type=\"application\/ld+json\" class=\"yoast-schema-graph\">{\"@context\":\"https:\\\/\\\/schema.org\",\"@graph\":[{\"@type\":\"WebPage\",\"@id\":\"https:\\\/\\\/mapetitetable.fr\\\/fight\\\/\",\"url\":\"https:\\\/\\\/mapetitetable.fr\\\/fight\\\/\",\"name\":\"Fight - Ma petite table\",\"isPartOf\":{\"@id\":\"https:\\\/\\\/mapetitetable.fr\\\/#website\"},\"datePublished\":\"2023-10-09T08:50:35+00:00\",\"dateModified\":\"2023-10-09T08:50:36+00:00\",\"breadcrumb\":{\"@id\":\"https:\\\/\\\/mapetitetable.fr\\\/fight\\\/#breadcrumb\"},\"inLanguage\":\"de\",\"potentialAction\":[{\"@type\":\"ReadAction\",\"target\":[\"https:\\\/\\\/mapetitetable.fr\\\/fight\\\/\"]}]},{\"@type\":\"BreadcrumbList\",\"@id\":\"https:\\\/\\\/mapetitetable.fr\\\/fight\\\/#breadcrumb\",\"itemListElement\":[{\"@type\":\"ListItem\",\"position\":1,\"name\":\"Accueil\",\"item\":\"https:\\\/\\\/mapetitetable.fr\\\/\"},{\"@type\":\"ListItem\",\"position\":2,\"name\":\"Fight\"}]},{\"@type\":\"WebSite\",\"@id\":\"https:\\\/\\\/mapetitetable.fr\\\/#website\",\"url\":\"https:\\\/\\\/mapetitetable.fr\\\/\",\"name\":\"Ma petite table\",\"description\":\"Cr\u00e9ations en bois par Estelle\",\"potentialAction\":[{\"@type\":\"SearchAction\",\"target\":{\"@type\":\"EntryPoint\",\"urlTemplate\":\"https:\\\/\\\/mapetitetable.fr\\\/?s={search_term_string}\"},\"query-input\":{\"@type\":\"PropertyValueSpecification\",\"valueRequired\":true,\"valueName\":\"search_term_string\"}}],\"inLanguage\":\"de\"}]}<\/script>\n<!-- \/ Yoast SEO plugin. -->","yoast_head_json":{"title":"Fight - Ma petite table","robots":{"index":"index","follow":"follow","max-snippet":"max-snippet:-1","max-image-preview":"max-image-preview:large","max-video-preview":"max-video-preview:-1"},"canonical":"https:\/\/mapetitetable.fr\/de\/fight\/","og_locale":"de_DE","og_type":"article","og_title":"Fight - Ma petite table","og_description":"Tableau \u00e0 poser. Bois : c\u00e8dre. R\u00e9sine : vert \/ bleu \/ argent\u00e9. Personnages : vaisseaux spatiaux Star Wars : X-Wing + Tie Fighter. Dimensions : environ 50 cm * 18 cm * 4 cm.","og_url":"https:\/\/mapetitetable.fr\/de\/fight\/","og_site_name":"Ma petite table","article_modified_time":"2023-10-09T08:50:36+00:00","twitter_card":"summary_large_image","twitter_misc":{"Gesch\u00e4tzte Lesezeit":"1\u00a0Minute"},"schema":{"@context":"https:\/\/schema.org","@graph":[{"@type":"WebPage","@id":"https:\/\/mapetitetable.fr\/fight\/","url":"https:\/\/mapetitetable.fr\/fight\/","name":"Fight - Ma petite table","isPartOf":{"@id":"https:\/\/mapetitetable.fr\/#website"},"datePublished":"2023-10-09T08:50:35+00:00","dateModified":"2023-10-09T08:50:36+00:00","breadcrumb":{"@id":"https:\/\/mapetitetable.fr\/fight\/#breadcrumb"},"inLanguage":"de","potentialAction":[{"@type":"ReadAction","target":["https:\/\/mapetitetable.fr\/fight\/"]}]},{"@type":"BreadcrumbList","@id":"https:\/\/mapetitetable.fr\/fight\/#breadcrumb","itemListElement":[{"@type":"ListItem","position":1,"name":"Accueil","item":"https:\/\/mapetitetable.fr\/"},{"@type":"ListItem","position":2,"name":"Fight"}]},{"@type":"WebSite","@id":"https:\/\/mapetitetable.fr\/#website","url":"https:\/\/mapetitetable.fr\/","name":"Ma petite table","description":"Cr\u00e9ations en bois par Estelle","potentialAction":[{"@type":"SearchAction","target":{"@type":"EntryPoint","urlTemplate":"https:\/\/mapetitetable.fr\/?s={search_term_string}"},"query-input":{"@type":"PropertyValueSpecification","valueRequired":true,"valueName":"search_term_string"}}],"inLanguage":"de"}]}},"_links":{"self":[{"href":"https:\/\/mapetitetable.fr\/de\/wp-json\/wp\/v2\/pages\/1751","targetHints":{"allow":["GET"]}}],"collection":[{"href":"https:\/\/mapetitetable.fr\/de\/wp-json\/wp\/v2\/pages"}],"about":[{"href":"https:\/\/mapetitetable.fr\/de\/wp-json\/wp\/v2\/types\/page"}],"author":[{"embeddable":true,"href":"https:\/\/mapetitetable.fr\/de\/wp-json\/wp\/v2\/users\/1"}],"replies":[{"embeddable":true,"href":"https:\/\/mapetitetable.fr\/de\/wp-json\/wp\/v2\/comments?post=1751"}],"version-history":[{"count":1,"href":"https:\/\/mapetitetable.fr\/de\/wp-json\/wp\/v2\/pages\/1751\/revisions"}],"predecessor-version":[{"id":1757,"href":"https:\/\/mapetitetable.fr\/de\/wp-json\/wp\/v2\/pages\/1751\/revisions\/1757"}],"wp:attachment":[{"href":"https:\/\/mapetitetable.fr\/de\/wp-json\/wp\/v2\/media?parent=1751"}],"curies":[{"name":"wp","href":"https:\/\/api.w.org\/{rel}","templated":true}]}}