{"id":1855,"date":"2024-11-15T20:43:16","date_gmt":"2024-11-15T20:43:16","guid":{"rendered":"https:\/\/mapetitetable.fr\/?page_id=1855"},"modified":"2025-06-16T21:57:17","modified_gmt":"2025-06-16T21:57:17","slug":"planches-de-presentation-de-decoupe","status":"publish","type":"page","link":"https:\/\/mapetitetable.fr\/de\/planches-de-presentation-de-decoupe\/","title":{"rendered":"Planches \u00e0 d\u00e9couper \/ Planches de pr\u00e9sentation"},"content":{"rendered":"<div style=\"height:30px\" aria-hidden=\"true\" class=\"wp-block-spacer\"><\/div>\n\n\n<style>.wp-block-kadence-advancedgallery .kb-gallery-type-grid.kb-gallery-id-1855_b6d83c-7d{margin:-5px;}.kb-gallery-type-grid.kb-gallery-id-1855_b6d83c-7d .kadence-blocks-gallery-item{padding:5px;}.kb-gallery-id-1855_b6d83c-7d .kadence-blocks-gallery-item .kb-gal-image-radius, .kb-gallery-id-1855_b6d83c-7d .kb-slide-item .kb-gal-image-radius img{border-radius:0px 0px 0px 0px;;}.kb-gallery-id-1855_b6d83c-7d .kadence-blocks-gallery-item .kadence-blocks-gallery-item-inner .kadence-blocks-gallery-item__caption{color:#000000;}.kb-gallery-caption-style-cover-hover.kb-gallery-id-1855_b6d83c-7d .kadence-blocks-gallery-item .kadence-blocks-gallery-item-inner .kadence-blocks-gallery-item__caption, .kb-gallery-caption-style-below.kb-gallery-id-1855_b6d83c-7d .kadence-blocks-gallery-item .kadence-blocks-gallery-item-inner .kadence-blocks-gallery-item__caption{background:#ffffff;}<\/style><div class=\"kb-gallery-wrap-id-1855_b6d83c-7d alignnone wp-block-kadence-advancedgallery\"><ul class=\"kb-gallery-ul kb-gallery-non-static kb-gallery-type-grid kb-gallery-id-1855_b6d83c-7d kb-gallery-caption-style-below kb-gallery-filter-none\" data-image-filter=\"none\" data-item-selector=\".kadence-blocks-gallery-item\" data-lightbox-caption=\"true\" data-columns-xxl=\"3\" data-columns-xl=\"3\" data-columns-md=\"3\" data-columns-sm=\"2\" data-columns-xs=\"1\" data-columns-ss=\"1\"><li class=\"kadence-blocks-gallery-item\"><div class=\"kadence-blocks-gallery-item-inner\"><figure class=\"kb-gallery-figure kb-gallery-item-has-link kadence-blocks-gallery-item-has-caption\"><a href=\"https:\/\/mapetitetable.fr\/de\/collection-nature\/\" class=\"kb-gallery-item-link\"  ><div class=\"kb-gal-image-radius\"><div class=\"kb-gallery-image-contain kadence-blocks-gallery-intrinsic kb-gallery-image-ratio-land32 kb-has-image-ratio-land32\" ><img decoding=\"async\" src=\"https:\/\/mapetitetable.fr\/wp-content\/uploads\/2024\/11\/Collection_Nature-1024x768.jpg\" width=\"1024\" height=\"768\" alt=\"\" data-full-image=\"https:\/\/mapetitetable.fr\/wp-content\/uploads\/2024\/11\/Collection_Nature.jpg\" data-light-image=\"https:\/\/mapetitetable.fr\/wp-content\/uploads\/2024\/11\/Collection_Nature.jpg\" data-id=\"1857\" class=\"wp-image-1857\" srcset=\"https:\/\/mapetitetable.fr\/wp-content\/uploads\/2024\/11\/Collection_Nature-1024x768.jpg 1024w, https:\/\/mapetitetable.fr\/wp-content\/uploads\/2024\/11\/Collection_Nature-300x225.jpg 300w, https:\/\/mapetitetable.fr\/wp-content\/uploads\/2024\/11\/Collection_Nature-768x576.jpg 768w, https:\/\/mapetitetable.fr\/wp-content\/uploads\/2024\/11\/Collection_Nature-1536x1152.jpg 1536w, https:\/\/mapetitetable.fr\/wp-content\/uploads\/2024\/11\/Collection_Nature-16x12.jpg 16w, https:\/\/mapetitetable.fr\/wp-content\/uploads\/2024\/11\/Collection_Nature-600x450.jpg 600w, https:\/\/mapetitetable.fr\/wp-content\/uploads\/2024\/11\/Collection_Nature.jpg 1920w\" sizes=\"(max-width: 1024px) 100vw, 1024px\" \/><\/div><\/div><div class=\"kadence-blocks-gallery-item__caption\"><strong>Collection Nature<\/strong><\/div><\/a><\/figure><\/div><\/li><li class=\"kadence-blocks-gallery-item\"><div class=\"kadence-blocks-gallery-item-inner\"><figure class=\"kb-gallery-figure kb-gallery-item-has-link kadence-blocks-gallery-item-has-caption\"><a href=\"https:\/\/mapetitetable.fr\/de\/collection-pix\/\" class=\"kb-gallery-item-link\"  ><div class=\"kb-gal-image-radius\"><div class=\"kb-gallery-image-contain kadence-blocks-gallery-intrinsic kb-gallery-image-ratio-land32 kb-has-image-ratio-land32\" ><img decoding=\"async\" src=\"https:\/\/mapetitetable.fr\/wp-content\/uploads\/2024\/11\/Collection_Pix-1024x768.jpg\" width=\"1024\" height=\"768\" alt=\"\" data-full-image=\"https:\/\/mapetitetable.fr\/wp-content\/uploads\/2024\/11\/Collection_Pix.jpg\" data-light-image=\"https:\/\/mapetitetable.fr\/wp-content\/uploads\/2024\/11\/Collection_Pix.jpg\" data-id=\"1858\" class=\"wp-image-1858\" srcset=\"https:\/\/mapetitetable.fr\/wp-content\/uploads\/2024\/11\/Collection_Pix-1024x768.jpg 1024w, https:\/\/mapetitetable.fr\/wp-content\/uploads\/2024\/11\/Collection_Pix-300x225.jpg 300w, https:\/\/mapetitetable.fr\/wp-content\/uploads\/2024\/11\/Collection_Pix-768x576.jpg 768w, https:\/\/mapetitetable.fr\/wp-content\/uploads\/2024\/11\/Collection_Pix-1536x1152.jpg 1536w, https:\/\/mapetitetable.fr\/wp-content\/uploads\/2024\/11\/Collection_Pix-16x12.jpg 16w, https:\/\/mapetitetable.fr\/wp-content\/uploads\/2024\/11\/Collection_Pix-600x450.jpg 600w, https:\/\/mapetitetable.fr\/wp-content\/uploads\/2024\/11\/Collection_Pix.jpg 1920w\" sizes=\"(max-width: 1024px) 100vw, 1024px\" \/><\/div><\/div><div class=\"kadence-blocks-gallery-item__caption\"><strong>Collection Pix<\/strong><br><\/div><\/a><\/figure><\/div><\/li><li class=\"kadence-blocks-gallery-item\"><div class=\"kadence-blocks-gallery-item-inner\"><figure class=\"kb-gallery-figure kb-gallery-item-has-link kadence-blocks-gallery-item-has-caption\"><a href=\"https:\/\/mapetitetable.fr\/de\/collection-tutti-frutti\/\" class=\"kb-gallery-item-link\"  ><div class=\"kb-gal-image-radius\"><div class=\"kb-gallery-image-contain kadence-blocks-gallery-intrinsic kb-gallery-image-ratio-land32 kb-has-image-ratio-land32\" ><img decoding=\"async\" src=\"https:\/\/mapetitetable.fr\/wp-content\/uploads\/2024\/11\/Collection_Tutti_Frutti-1-1024x683.jpg\" width=\"1024\" height=\"683\" alt=\"\" data-full-image=\"https:\/\/mapetitetable.fr\/wp-content\/uploads\/2024\/11\/Collection_Tutti_Frutti-1.jpg\" data-light-image=\"https:\/\/mapetitetable.fr\/wp-content\/uploads\/2024\/11\/Collection_Tutti_Frutti-1.jpg\" data-id=\"1864\" class=\"wp-image-1864\" srcset=\"https:\/\/mapetitetable.fr\/wp-content\/uploads\/2024\/11\/Collection_Tutti_Frutti-1-1024x683.jpg 1024w, https:\/\/mapetitetable.fr\/wp-content\/uploads\/2024\/11\/Collection_Tutti_Frutti-1-300x200.jpg 300w, https:\/\/mapetitetable.fr\/wp-content\/uploads\/2024\/11\/Collection_Tutti_Frutti-1-768x512.jpg 768w, https:\/\/mapetitetable.fr\/wp-content\/uploads\/2024\/11\/Collection_Tutti_Frutti-1-1536x1024.jpg 1536w, https:\/\/mapetitetable.fr\/wp-content\/uploads\/2024\/11\/Collection_Tutti_Frutti-1-18x12.jpg 18w, https:\/\/mapetitetable.fr\/wp-content\/uploads\/2024\/11\/Collection_Tutti_Frutti-1-600x400.jpg 600w, https:\/\/mapetitetable.fr\/wp-content\/uploads\/2024\/11\/Collection_Tutti_Frutti-1.jpg 1920w\" sizes=\"(max-width: 1024px) 100vw, 1024px\" \/><\/div><\/div><div class=\"kadence-blocks-gallery-item__caption\"><strong>Collection Tutti Frutti<\/strong><br><\/div><\/a><\/figure><\/div><\/li><li class=\"kadence-blocks-gallery-item\"><div class=\"kadence-blocks-gallery-item-inner\"><figure class=\"kb-gallery-figure kb-gallery-item-has-link kadence-blocks-gallery-item-has-caption\"><a href=\"https:\/\/mapetitetable.fr\/de\/collection-clair-obscur\/\" class=\"kb-gallery-item-link\"  ><div class=\"kb-gal-image-radius\"><div class=\"kb-gallery-image-contain kadence-blocks-gallery-intrinsic kb-gallery-image-ratio-land32 kb-has-image-ratio-land32\" ><img decoding=\"async\" src=\"https:\/\/mapetitetable.fr\/wp-content\/uploads\/2025\/06\/20250518_162710-1024x768.jpg\" width=\"1024\" height=\"768\" alt=\"Clair obcur\" data-full-image=\"https:\/\/mapetitetable.fr\/wp-content\/uploads\/2025\/06\/20250518_162710.jpg\" data-light-image=\"https:\/\/mapetitetable.fr\/wp-content\/uploads\/2025\/06\/20250518_162710.jpg\" data-id=\"2050\" class=\"wp-image-2050\" srcset=\"https:\/\/mapetitetable.fr\/wp-content\/uploads\/2025\/06\/20250518_162710-1024x768.jpg 1024w, https:\/\/mapetitetable.fr\/wp-content\/uploads\/2025\/06\/20250518_162710-300x225.jpg 300w, https:\/\/mapetitetable.fr\/wp-content\/uploads\/2025\/06\/20250518_162710-768x576.jpg 768w, https:\/\/mapetitetable.fr\/wp-content\/uploads\/2025\/06\/20250518_162710-1536x1152.jpg 1536w, https:\/\/mapetitetable.fr\/wp-content\/uploads\/2025\/06\/20250518_162710-16x12.jpg 16w, https:\/\/mapetitetable.fr\/wp-content\/uploads\/2025\/06\/20250518_162710-600x450.jpg 600w, https:\/\/mapetitetable.fr\/wp-content\/uploads\/2025\/06\/20250518_162710.jpg 1920w\" sizes=\"(max-width: 1024px) 100vw, 1024px\" \/><\/div><\/div><div class=\"kadence-blocks-gallery-item__caption\"><strong>Collection Clair Obscur<\/strong><\/div><\/a><\/figure><\/div><\/li><li class=\"kadence-blocks-gallery-item\"><div class=\"kadence-blocks-gallery-item-inner\"><figure class=\"kb-gallery-figure kb-gallery-item-has-link kadence-blocks-gallery-item-has-caption\"><a href=\"https:\/\/mapetitetable.fr\/de\/collection-surf\/\" class=\"kb-gallery-item-link\"  ><div class=\"kb-gal-image-radius\"><div class=\"kb-gallery-image-contain kadence-blocks-gallery-intrinsic kb-gallery-image-ratio-land32 kb-has-image-ratio-land32\" ><img decoding=\"async\" src=\"https:\/\/mapetitetable.fr\/wp-content\/uploads\/2024\/11\/Collection_Surf-1024x768.jpg\" width=\"1024\" height=\"768\" alt=\"\" data-full-image=\"https:\/\/mapetitetable.fr\/wp-content\/uploads\/2024\/11\/Collection_Surf.jpg\" data-light-image=\"https:\/\/mapetitetable.fr\/wp-content\/uploads\/2024\/11\/Collection_Surf.jpg\" data-id=\"1859\" class=\"wp-image-1859\" srcset=\"https:\/\/mapetitetable.fr\/wp-content\/uploads\/2024\/11\/Collection_Surf-1024x768.jpg 1024w, https:\/\/mapetitetable.fr\/wp-content\/uploads\/2024\/11\/Collection_Surf-300x225.jpg 300w, https:\/\/mapetitetable.fr\/wp-content\/uploads\/2024\/11\/Collection_Surf-768x576.jpg 768w, https:\/\/mapetitetable.fr\/wp-content\/uploads\/2024\/11\/Collection_Surf-1536x1152.jpg 1536w, https:\/\/mapetitetable.fr\/wp-content\/uploads\/2024\/11\/Collection_Surf-16x12.jpg 16w, https:\/\/mapetitetable.fr\/wp-content\/uploads\/2024\/11\/Collection_Surf-600x450.jpg 600w, https:\/\/mapetitetable.fr\/wp-content\/uploads\/2024\/11\/Collection_Surf.jpg 1920w\" sizes=\"(max-width: 1024px) 100vw, 1024px\" \/><\/div><\/div><div class=\"kadence-blocks-gallery-item__caption\"><strong>Collection Surf<\/strong><\/div><\/a><\/figure><\/div><\/li><li class=\"kadence-blocks-gallery-item\"><div class=\"kadence-blocks-gallery-item-inner\"><figure class=\"kb-gallery-figure kb-gallery-item-has-link kadence-blocks-gallery-item-has-caption\"><a href=\"https:\/\/mapetitetable.fr\/de\/collection-voilier\/\" class=\"kb-gallery-item-link\"  ><div class=\"kb-gal-image-radius\"><div class=\"kb-gallery-image-contain kadence-blocks-gallery-intrinsic kb-gallery-image-ratio-land32 kb-has-image-ratio-land32\" ><img decoding=\"async\" src=\"https:\/\/mapetitetable.fr\/wp-content\/uploads\/2024\/11\/Collection_Voilier-1024x766.jpg\" width=\"1024\" height=\"766\" alt=\"\" data-full-image=\"https:\/\/mapetitetable.fr\/wp-content\/uploads\/2024\/11\/Collection_Voilier.jpg\" data-light-image=\"https:\/\/mapetitetable.fr\/wp-content\/uploads\/2024\/11\/Collection_Voilier.jpg\" data-id=\"1861\" class=\"wp-image-1861\" srcset=\"https:\/\/mapetitetable.fr\/wp-content\/uploads\/2024\/11\/Collection_Voilier-1024x766.jpg 1024w, https:\/\/mapetitetable.fr\/wp-content\/uploads\/2024\/11\/Collection_Voilier-300x224.jpg 300w, https:\/\/mapetitetable.fr\/wp-content\/uploads\/2024\/11\/Collection_Voilier-768x574.jpg 768w, https:\/\/mapetitetable.fr\/wp-content\/uploads\/2024\/11\/Collection_Voilier-1536x1149.jpg 1536w, https:\/\/mapetitetable.fr\/wp-content\/uploads\/2024\/11\/Collection_Voilier-16x12.jpg 16w, https:\/\/mapetitetable.fr\/wp-content\/uploads\/2024\/11\/Collection_Voilier-600x449.jpg 600w, https:\/\/mapetitetable.fr\/wp-content\/uploads\/2024\/11\/Collection_Voilier.jpg 1920w\" sizes=\"(max-width: 1024px) 100vw, 1024px\" \/><\/div><\/div><div class=\"kadence-blocks-gallery-item__caption\"><strong>Collection Voilier<\/strong><\/div><\/a><\/figure><\/div><\/li><li class=\"kadence-blocks-gallery-item\"><div class=\"kadence-blocks-gallery-item-inner\"><figure class=\"kb-gallery-figure kb-gallery-item-has-link kadence-blocks-gallery-item-has-caption\"><a href=\"https:\/\/mapetitetable.fr\/de\/collection-bayadere\/\" class=\"kb-gallery-item-link\"  ><div class=\"kb-gal-image-radius\"><div class=\"kb-gallery-image-contain kadence-blocks-gallery-intrinsic kb-gallery-image-ratio-land32 kb-has-image-ratio-land32\" ><img decoding=\"async\" src=\"https:\/\/mapetitetable.fr\/wp-content\/uploads\/2024\/11\/Collection_Bayadere-1024x766.jpg\" width=\"1024\" height=\"766\" alt=\"\" data-full-image=\"https:\/\/mapetitetable.fr\/wp-content\/uploads\/2024\/11\/Collection_Bayadere.jpg\" data-light-image=\"https:\/\/mapetitetable.fr\/wp-content\/uploads\/2024\/11\/Collection_Bayadere.jpg\" data-id=\"1856\" class=\"wp-image-1856\" srcset=\"https:\/\/mapetitetable.fr\/wp-content\/uploads\/2024\/11\/Collection_Bayadere-1024x766.jpg 1024w, https:\/\/mapetitetable.fr\/wp-content\/uploads\/2024\/11\/Collection_Bayadere-300x224.jpg 300w, https:\/\/mapetitetable.fr\/wp-content\/uploads\/2024\/11\/Collection_Bayadere-768x574.jpg 768w, https:\/\/mapetitetable.fr\/wp-content\/uploads\/2024\/11\/Collection_Bayadere-1536x1149.jpg 1536w, https:\/\/mapetitetable.fr\/wp-content\/uploads\/2024\/11\/Collection_Bayadere-16x12.jpg 16w, https:\/\/mapetitetable.fr\/wp-content\/uploads\/2024\/11\/Collection_Bayadere-600x449.jpg 600w, https:\/\/mapetitetable.fr\/wp-content\/uploads\/2024\/11\/Collection_Bayadere.jpg 1920w\" sizes=\"(max-width: 1024px) 100vw, 1024px\" \/><\/div><\/div><div class=\"kadence-blocks-gallery-item__caption\"><strong>Collection Bayad\u00e8re<\/strong><\/div><\/a><\/figure><\/div><\/li><\/ul><\/div>\n\n\n<div style=\"height:30px\" aria-hidden=\"true\" class=\"wp-block-spacer\"><\/div>\n\n\n\n<hr class=\"wp-block-separator has-text-color has-black-color has-css-opacity has-black-background-color has-background is-style-wide\"\/>\n\n\n\n<p>Ma petite table<\/p>\n\n\n\n<p>SIREN 879 337 855<\/p>\n\n\n\n<p>Situ\u00e9e \u00e0 Saint-Maur-des-Foss\u00e9s dans le Val-de-Marne (94100)<\/p>\n\n\n\n<p>estelle@mapetitetable.fr<\/p>\n\n\n\n<p>06 24 75 11 18<\/p>\n\n\n\n<hr class=\"wp-block-separator has-text-color has-black-color has-css-opacity has-black-background-color has-background is-style-wide\"\/>","protected":false},"excerpt":{"rendered":"<p>Ma petite table SIREN 879 337 855 Situ\u00e9e \u00e0 Saint-Maur-des-Foss\u00e9s dans le Val-de-Marne (94100) estelle@mapetitetable.fr 06 24 75 11 18<\/p>","protected":false},"author":1,"featured_media":0,"parent":0,"menu_order":0,"comment_status":"closed","ping_status":"closed","template":"","meta":{"ngg_post_thumbnail":0,"footnotes":""},"class_list":["post-1855","page","type-page","status-publish","hentry"],"yoast_head":"<!-- This site is optimized with the Yoast SEO plugin v27.4 - https:\/\/yoast.com\/product\/yoast-seo-wordpress\/ -->\n<title>Planches \u00e0 d\u00e9couper \/ Planches de pr\u00e9sentation - Ma petite table<\/title>\n<meta name=\"robots\" content=\"index, follow, max-snippet:-1, max-image-preview:large, max-video-preview:-1\" \/>\n<link rel=\"canonical\" href=\"https:\/\/mapetitetable.fr\/de\/planches-de-presentation-de-decoupe\/\" \/>\n<meta property=\"og:locale\" content=\"de_DE\" \/>\n<meta property=\"og:type\" content=\"article\" \/>\n<meta property=\"og:title\" content=\"Planches \u00e0 d\u00e9couper \/ Planches de pr\u00e9sentation - Ma petite table\" \/>\n<meta property=\"og:description\" content=\"Ma petite table SIREN 879 337 855 Situ\u00e9e \u00e0 Saint-Maur-des-Foss\u00e9s dans le Val-de-Marne (94100) estelle@mapetitetable.fr 06 24 75 11 18\" \/>\n<meta property=\"og:url\" content=\"https:\/\/mapetitetable.fr\/de\/planches-de-presentation-de-decoupe\/\" \/>\n<meta property=\"og:site_name\" content=\"Ma petite table\" \/>\n<meta property=\"article:modified_time\" content=\"2025-06-16T21:57:17+00:00\" \/>\n<meta name=\"twitter:card\" content=\"summary_large_image\" \/>\n<meta name=\"twitter:label1\" content=\"Gesch\u00e4tzte Lesezeit\" \/>\n\t<meta name=\"twitter:data1\" content=\"1\u00a0Minute\" \/>\n<script type=\"application\/ld+json\" class=\"yoast-schema-graph\">{\"@context\":\"https:\\\/\\\/schema.org\",\"@graph\":[{\"@type\":\"WebPage\",\"@id\":\"https:\\\/\\\/mapetitetable.fr\\\/planches-de-presentation-de-decoupe\\\/\",\"url\":\"https:\\\/\\\/mapetitetable.fr\\\/planches-de-presentation-de-decoupe\\\/\",\"name\":\"Planches \u00e0 d\u00e9couper \\\/ Planches de pr\u00e9sentation - Ma petite table\",\"isPartOf\":{\"@id\":\"https:\\\/\\\/mapetitetable.fr\\\/#website\"},\"datePublished\":\"2024-11-15T20:43:16+00:00\",\"dateModified\":\"2025-06-16T21:57:17+00:00\",\"breadcrumb\":{\"@id\":\"https:\\\/\\\/mapetitetable.fr\\\/planches-de-presentation-de-decoupe\\\/#breadcrumb\"},\"inLanguage\":\"de\",\"potentialAction\":[{\"@type\":\"ReadAction\",\"target\":[\"https:\\\/\\\/mapetitetable.fr\\\/planches-de-presentation-de-decoupe\\\/\"]}]},{\"@type\":\"BreadcrumbList\",\"@id\":\"https:\\\/\\\/mapetitetable.fr\\\/planches-de-presentation-de-decoupe\\\/#breadcrumb\",\"itemListElement\":[{\"@type\":\"ListItem\",\"position\":1,\"name\":\"Accueil\",\"item\":\"https:\\\/\\\/mapetitetable.fr\\\/\"},{\"@type\":\"ListItem\",\"position\":2,\"name\":\"Planches \u00e0 d\u00e9couper \\\/ Planches de pr\u00e9sentation\"}]},{\"@type\":\"WebSite\",\"@id\":\"https:\\\/\\\/mapetitetable.fr\\\/#website\",\"url\":\"https:\\\/\\\/mapetitetable.fr\\\/\",\"name\":\"Ma petite table\",\"description\":\"Cr\u00e9ations en bois par Estelle\",\"potentialAction\":[{\"@type\":\"SearchAction\",\"target\":{\"@type\":\"EntryPoint\",\"urlTemplate\":\"https:\\\/\\\/mapetitetable.fr\\\/?s={search_term_string}\"},\"query-input\":{\"@type\":\"PropertyValueSpecification\",\"valueRequired\":true,\"valueName\":\"search_term_string\"}}],\"inLanguage\":\"de\"}]}<\/script>\n<!-- \/ Yoast SEO plugin. -->","yoast_head_json":{"title":"Planches \u00e0 d\u00e9couper \/ Planches de pr\u00e9sentation - Ma petite table","robots":{"index":"index","follow":"follow","max-snippet":"max-snippet:-1","max-image-preview":"max-image-preview:large","max-video-preview":"max-video-preview:-1"},"canonical":"https:\/\/mapetitetable.fr\/de\/planches-de-presentation-de-decoupe\/","og_locale":"de_DE","og_type":"article","og_title":"Planches \u00e0 d\u00e9couper \/ Planches de pr\u00e9sentation - Ma petite table","og_description":"Ma petite table SIREN 879 337 855 Situ\u00e9e \u00e0 Saint-Maur-des-Foss\u00e9s dans le Val-de-Marne (94100) estelle@mapetitetable.fr 06 24 75 11 18","og_url":"https:\/\/mapetitetable.fr\/de\/planches-de-presentation-de-decoupe\/","og_site_name":"Ma petite table","article_modified_time":"2025-06-16T21:57:17+00:00","twitter_card":"summary_large_image","twitter_misc":{"Gesch\u00e4tzte Lesezeit":"1\u00a0Minute"},"schema":{"@context":"https:\/\/schema.org","@graph":[{"@type":"WebPage","@id":"https:\/\/mapetitetable.fr\/planches-de-presentation-de-decoupe\/","url":"https:\/\/mapetitetable.fr\/planches-de-presentation-de-decoupe\/","name":"Planches \u00e0 d\u00e9couper \/ Planches de pr\u00e9sentation - Ma petite table","isPartOf":{"@id":"https:\/\/mapetitetable.fr\/#website"},"datePublished":"2024-11-15T20:43:16+00:00","dateModified":"2025-06-16T21:57:17+00:00","breadcrumb":{"@id":"https:\/\/mapetitetable.fr\/planches-de-presentation-de-decoupe\/#breadcrumb"},"inLanguage":"de","potentialAction":[{"@type":"ReadAction","target":["https:\/\/mapetitetable.fr\/planches-de-presentation-de-decoupe\/"]}]},{"@type":"BreadcrumbList","@id":"https:\/\/mapetitetable.fr\/planches-de-presentation-de-decoupe\/#breadcrumb","itemListElement":[{"@type":"ListItem","position":1,"name":"Accueil","item":"https:\/\/mapetitetable.fr\/"},{"@type":"ListItem","position":2,"name":"Planches \u00e0 d\u00e9couper \/ Planches de pr\u00e9sentation"}]},{"@type":"WebSite","@id":"https:\/\/mapetitetable.fr\/#website","url":"https:\/\/mapetitetable.fr\/","name":"Ma petite table","description":"Cr\u00e9ations en bois par Estelle","potentialAction":[{"@type":"SearchAction","target":{"@type":"EntryPoint","urlTemplate":"https:\/\/mapetitetable.fr\/?s={search_term_string}"},"query-input":{"@type":"PropertyValueSpecification","valueRequired":true,"valueName":"search_term_string"}}],"inLanguage":"de"}]}},"_links":{"self":[{"href":"https:\/\/mapetitetable.fr\/de\/wp-json\/wp\/v2\/pages\/1855","targetHints":{"allow":["GET"]}}],"collection":[{"href":"https:\/\/mapetitetable.fr\/de\/wp-json\/wp\/v2\/pages"}],"about":[{"href":"https:\/\/mapetitetable.fr\/de\/wp-json\/wp\/v2\/types\/page"}],"author":[{"embeddable":true,"href":"https:\/\/mapetitetable.fr\/de\/wp-json\/wp\/v2\/users\/1"}],"replies":[{"embeddable":true,"href":"https:\/\/mapetitetable.fr\/de\/wp-json\/wp\/v2\/comments?post=1855"}],"version-history":[{"count":10,"href":"https:\/\/mapetitetable.fr\/de\/wp-json\/wp\/v2\/pages\/1855\/revisions"}],"predecessor-version":[{"id":2061,"href":"https:\/\/mapetitetable.fr\/de\/wp-json\/wp\/v2\/pages\/1855\/revisions\/2061"}],"wp:attachment":[{"href":"https:\/\/mapetitetable.fr\/de\/wp-json\/wp\/v2\/media?parent=1855"}],"curies":[{"name":"wp","href":"https:\/\/api.w.org\/{rel}","templated":true}]}}