{"id":2086,"date":"2025-12-31T18:33:14","date_gmt":"2025-12-31T18:33:14","guid":{"rendered":"https:\/\/mapetitetable.fr\/?page_id=2086"},"modified":"2025-12-31T18:42:48","modified_gmt":"2025-12-31T18:42:48","slug":"vide-poches","status":"publish","type":"page","link":"https:\/\/mapetitetable.fr\/de\/vide-poches\/","title":{"rendered":"Vide-poches"},"content":{"rendered":"<div style=\"height:30px\" aria-hidden=\"true\" class=\"wp-block-spacer\"><\/div>\n\n\n<style>.wp-block-kadence-advancedgallery .kb-gallery-type-grid.kb-gallery-id-2086_dc7e2f-ca{margin:-5px;}.kb-gallery-type-grid.kb-gallery-id-2086_dc7e2f-ca .kadence-blocks-gallery-item{padding:5px;}.kb-gallery-id-2086_dc7e2f-ca .kadence-blocks-gallery-item .kb-gal-image-radius, .kb-gallery-id-2086_dc7e2f-ca .kb-slide-item .kb-gal-image-radius img{border-radius:0px 0px 0px 0px;;}.kb-gallery-id-2086_dc7e2f-ca .kadence-blocks-gallery-item .kadence-blocks-gallery-item-inner .kadence-blocks-gallery-item__caption{color:#000000;}.kb-gallery-caption-style-cover-hover.kb-gallery-id-2086_dc7e2f-ca .kadence-blocks-gallery-item .kadence-blocks-gallery-item-inner .kadence-blocks-gallery-item__caption, .kb-gallery-caption-style-below.kb-gallery-id-2086_dc7e2f-ca .kadence-blocks-gallery-item .kadence-blocks-gallery-item-inner .kadence-blocks-gallery-item__caption{background:#ffffff;}<\/style><div class=\"kb-gallery-wrap-id-2086_dc7e2f-ca alignnone wp-block-kadence-advancedgallery\"><ul class=\"kb-gallery-ul kb-gallery-non-static kb-gallery-type-grid kb-gallery-id-2086_dc7e2f-ca kb-gallery-caption-style-below kb-gallery-filter-none\" data-image-filter=\"none\" data-item-selector=\".kadence-blocks-gallery-item\" data-lightbox-caption=\"true\" data-columns-xxl=\"3\" data-columns-xl=\"3\" data-columns-md=\"3\" data-columns-sm=\"2\" data-columns-xs=\"1\" data-columns-ss=\"1\"><li class=\"kadence-blocks-gallery-item\"><div class=\"kadence-blocks-gallery-item-inner\"><figure class=\"kb-gallery-figure kadence-blocks-gallery-item-has-caption\"><div class=\"kb-gal-image-radius\"><div class=\"kb-gallery-image-contain kadence-blocks-gallery-intrinsic kb-gallery-image-ratio-land32 kb-has-image-ratio-land32\" ><img decoding=\"async\" src=\"https:\/\/mapetitetable.fr\/wp-content\/uploads\/2025\/12\/20250928_095630-3-766x1024.jpg\" width=\"766\" height=\"1024\" alt=\"\" data-full-image=\"https:\/\/mapetitetable.fr\/wp-content\/uploads\/2025\/12\/20250928_095630-3.jpg\" data-light-image=\"https:\/\/mapetitetable.fr\/wp-content\/uploads\/2025\/12\/20250928_095630-3.jpg\" data-id=\"2099\" class=\"wp-image-2099\" srcset=\"https:\/\/mapetitetable.fr\/wp-content\/uploads\/2025\/12\/20250928_095630-3-766x1024.jpg 766w, https:\/\/mapetitetable.fr\/wp-content\/uploads\/2025\/12\/20250928_095630-3-224x300.jpg 224w, https:\/\/mapetitetable.fr\/wp-content\/uploads\/2025\/12\/20250928_095630-3-768x1027.jpg 768w, https:\/\/mapetitetable.fr\/wp-content\/uploads\/2025\/12\/20250928_095630-3-1149x1536.jpg 1149w, https:\/\/mapetitetable.fr\/wp-content\/uploads\/2025\/12\/20250928_095630-3-9x12.jpg 9w, https:\/\/mapetitetable.fr\/wp-content\/uploads\/2025\/12\/20250928_095630-3-600x802.jpg 600w, https:\/\/mapetitetable.fr\/wp-content\/uploads\/2025\/12\/20250928_095630-3.jpg 1436w\" sizes=\"(max-width: 766px) 100vw, 766px\" \/><\/div><\/div><figcaption class=\"kadence-blocks-gallery-item__caption\"><strong>Tutti frutti<\/strong> Tutti frutti clair<\/figcaption><\/figure><\/div><\/li><li class=\"kadence-blocks-gallery-item\"><div class=\"kadence-blocks-gallery-item-inner\"><figure class=\"kb-gallery-figure kadence-blocks-gallery-item-has-caption\"><div class=\"kb-gal-image-radius\"><div class=\"kb-gallery-image-contain kadence-blocks-gallery-intrinsic kb-gallery-image-ratio-land32 kb-has-image-ratio-land32\" ><img decoding=\"async\" src=\"https:\/\/mapetitetable.fr\/wp-content\/uploads\/2025\/12\/20250928_095536-1-766x1024.jpg\" width=\"766\" height=\"1024\" alt=\"\" data-full-image=\"https:\/\/mapetitetable.fr\/wp-content\/uploads\/2025\/12\/20250928_095536-1.jpg\" data-light-image=\"https:\/\/mapetitetable.fr\/wp-content\/uploads\/2025\/12\/20250928_095536-1.jpg\" data-id=\"2098\" class=\"wp-image-2098\" srcset=\"https:\/\/mapetitetable.fr\/wp-content\/uploads\/2025\/12\/20250928_095536-1-766x1024.jpg 766w, https:\/\/mapetitetable.fr\/wp-content\/uploads\/2025\/12\/20250928_095536-1-224x300.jpg 224w, https:\/\/mapetitetable.fr\/wp-content\/uploads\/2025\/12\/20250928_095536-1-768x1027.jpg 768w, https:\/\/mapetitetable.fr\/wp-content\/uploads\/2025\/12\/20250928_095536-1-1149x1536.jpg 1149w, https:\/\/mapetitetable.fr\/wp-content\/uploads\/2025\/12\/20250928_095536-1-9x12.jpg 9w, https:\/\/mapetitetable.fr\/wp-content\/uploads\/2025\/12\/20250928_095536-1-600x802.jpg 600w, https:\/\/mapetitetable.fr\/wp-content\/uploads\/2025\/12\/20250928_095536-1.jpg 1436w\" sizes=\"(max-width: 766px) 100vw, 766px\" \/><\/div><\/div><figcaption class=\"kadence-blocks-gallery-item__caption\"><strong>Tutti frutti<\/strong> Tutti frutti fonc\u00e9<\/figcaption><\/figure><\/div><\/li><li class=\"kadence-blocks-gallery-item\"><div class=\"kadence-blocks-gallery-item-inner\"><figure class=\"kb-gallery-figure kadence-blocks-gallery-item-has-caption\"><div class=\"kb-gal-image-radius\"><div class=\"kb-gallery-image-contain kadence-blocks-gallery-intrinsic kb-gallery-image-ratio-land32 kb-has-image-ratio-land32\" ><img decoding=\"async\" src=\"https:\/\/mapetitetable.fr\/wp-content\/uploads\/2025\/12\/20250928_095640-1-766x1024.jpg\" width=\"766\" height=\"1024\" alt=\"\" data-full-image=\"https:\/\/mapetitetable.fr\/wp-content\/uploads\/2025\/12\/20250928_095640-1.jpg\" data-light-image=\"https:\/\/mapetitetable.fr\/wp-content\/uploads\/2025\/12\/20250928_095640-1.jpg\" data-id=\"2100\" class=\"wp-image-2100\" srcset=\"https:\/\/mapetitetable.fr\/wp-content\/uploads\/2025\/12\/20250928_095640-1-766x1024.jpg 766w, https:\/\/mapetitetable.fr\/wp-content\/uploads\/2025\/12\/20250928_095640-1-224x300.jpg 224w, https:\/\/mapetitetable.fr\/wp-content\/uploads\/2025\/12\/20250928_095640-1-768x1027.jpg 768w, https:\/\/mapetitetable.fr\/wp-content\/uploads\/2025\/12\/20250928_095640-1-1149x1536.jpg 1149w, https:\/\/mapetitetable.fr\/wp-content\/uploads\/2025\/12\/20250928_095640-1-9x12.jpg 9w, https:\/\/mapetitetable.fr\/wp-content\/uploads\/2025\/12\/20250928_095640-1-600x802.jpg 600w, https:\/\/mapetitetable.fr\/wp-content\/uploads\/2025\/12\/20250928_095640-1.jpg 1436w\" sizes=\"(max-width: 766px) 100vw, 766px\" \/><\/div><\/div><figcaption class=\"kadence-blocks-gallery-item__caption\"><strong>Tutti frutti<\/strong> Tutti frutti clair : le dessous<\/figcaption><\/figure><\/div><\/li><li class=\"kadence-blocks-gallery-item\"><div class=\"kadence-blocks-gallery-item-inner\"><figure class=\"kb-gallery-figure kadence-blocks-gallery-item-has-caption\"><div class=\"kb-gal-image-radius\"><div class=\"kb-gallery-image-contain kadence-blocks-gallery-intrinsic kb-gallery-image-ratio-land32 kb-has-image-ratio-land32\" ><img decoding=\"async\" src=\"https:\/\/mapetitetable.fr\/wp-content\/uploads\/2025\/12\/20250928_100442-2-766x1024.jpg\" width=\"766\" height=\"1024\" alt=\"\" data-full-image=\"https:\/\/mapetitetable.fr\/wp-content\/uploads\/2025\/12\/20250928_100442-2.jpg\" data-light-image=\"https:\/\/mapetitetable.fr\/wp-content\/uploads\/2025\/12\/20250928_100442-2.jpg\" data-id=\"2103\" class=\"wp-image-2103\" srcset=\"https:\/\/mapetitetable.fr\/wp-content\/uploads\/2025\/12\/20250928_100442-2-766x1024.jpg 766w, https:\/\/mapetitetable.fr\/wp-content\/uploads\/2025\/12\/20250928_100442-2-224x300.jpg 224w, https:\/\/mapetitetable.fr\/wp-content\/uploads\/2025\/12\/20250928_100442-2-768x1027.jpg 768w, https:\/\/mapetitetable.fr\/wp-content\/uploads\/2025\/12\/20250928_100442-2-1149x1536.jpg 1149w, https:\/\/mapetitetable.fr\/wp-content\/uploads\/2025\/12\/20250928_100442-2-9x12.jpg 9w, https:\/\/mapetitetable.fr\/wp-content\/uploads\/2025\/12\/20250928_100442-2-600x802.jpg 600w, https:\/\/mapetitetable.fr\/wp-content\/uploads\/2025\/12\/20250928_100442-2.jpg 1436w\" sizes=\"(max-width: 766px) 100vw, 766px\" \/><\/div><\/div><figcaption class=\"kadence-blocks-gallery-item__caption\"><strong>R\u00e9sine<\/strong> Olivier + r\u00e9sine bleue<\/figcaption><\/figure><\/div><\/li><li class=\"kadence-blocks-gallery-item\"><div class=\"kadence-blocks-gallery-item-inner\"><figure class=\"kb-gallery-figure kadence-blocks-gallery-item-has-caption\"><div class=\"kb-gal-image-radius\"><div class=\"kb-gallery-image-contain kadence-blocks-gallery-intrinsic kb-gallery-image-ratio-land32 kb-has-image-ratio-land32\" ><img decoding=\"async\" src=\"https:\/\/mapetitetable.fr\/wp-content\/uploads\/2025\/12\/20250928_095834-1-766x1024.jpg\" width=\"766\" height=\"1024\" alt=\"\" data-full-image=\"https:\/\/mapetitetable.fr\/wp-content\/uploads\/2025\/12\/20250928_095834-1.jpg\" data-light-image=\"https:\/\/mapetitetable.fr\/wp-content\/uploads\/2025\/12\/20250928_095834-1.jpg\" data-id=\"2101\" class=\"wp-image-2101\" srcset=\"https:\/\/mapetitetable.fr\/wp-content\/uploads\/2025\/12\/20250928_095834-1-766x1024.jpg 766w, https:\/\/mapetitetable.fr\/wp-content\/uploads\/2025\/12\/20250928_095834-1-224x300.jpg 224w, https:\/\/mapetitetable.fr\/wp-content\/uploads\/2025\/12\/20250928_095834-1-768x1027.jpg 768w, https:\/\/mapetitetable.fr\/wp-content\/uploads\/2025\/12\/20250928_095834-1-1149x1536.jpg 1149w, https:\/\/mapetitetable.fr\/wp-content\/uploads\/2025\/12\/20250928_095834-1-9x12.jpg 9w, https:\/\/mapetitetable.fr\/wp-content\/uploads\/2025\/12\/20250928_095834-1-600x802.jpg 600w, https:\/\/mapetitetable.fr\/wp-content\/uploads\/2025\/12\/20250928_095834-1.jpg 1436w\" sizes=\"(max-width: 766px) 100vw, 766px\" \/><\/div><\/div><figcaption class=\"kadence-blocks-gallery-item__caption\"><strong>Skate<\/strong> Erable naturel + \u00e9rable teint\u00e9 dans la masse<\/figcaption><\/figure><\/div><\/li><li class=\"kadence-blocks-gallery-item\"><div class=\"kadence-blocks-gallery-item-inner\"><figure class=\"kb-gallery-figure kadence-blocks-gallery-item-has-caption\"><div class=\"kb-gal-image-radius\"><div class=\"kb-gallery-image-contain kadence-blocks-gallery-intrinsic kb-gallery-image-ratio-land32 kb-has-image-ratio-land32\" ><img decoding=\"async\" src=\"https:\/\/mapetitetable.fr\/wp-content\/uploads\/2025\/12\/20250928_100610-1-766x1024.jpg\" width=\"766\" height=\"1024\" alt=\"\" data-full-image=\"https:\/\/mapetitetable.fr\/wp-content\/uploads\/2025\/12\/20250928_100610-1.jpg\" data-light-image=\"https:\/\/mapetitetable.fr\/wp-content\/uploads\/2025\/12\/20250928_100610-1.jpg\" data-id=\"2104\" class=\"wp-image-2104\" srcset=\"https:\/\/mapetitetable.fr\/wp-content\/uploads\/2025\/12\/20250928_100610-1-766x1024.jpg 766w, https:\/\/mapetitetable.fr\/wp-content\/uploads\/2025\/12\/20250928_100610-1-224x300.jpg 224w, https:\/\/mapetitetable.fr\/wp-content\/uploads\/2025\/12\/20250928_100610-1-768x1027.jpg 768w, https:\/\/mapetitetable.fr\/wp-content\/uploads\/2025\/12\/20250928_100610-1-1149x1536.jpg 1149w, https:\/\/mapetitetable.fr\/wp-content\/uploads\/2025\/12\/20250928_100610-1-9x12.jpg 9w, https:\/\/mapetitetable.fr\/wp-content\/uploads\/2025\/12\/20250928_100610-1-600x802.jpg 600w, https:\/\/mapetitetable.fr\/wp-content\/uploads\/2025\/12\/20250928_100610-1.jpg 1436w\" sizes=\"(max-width: 766px) 100vw, 766px\" \/><\/div><\/div><figcaption class=\"kadence-blocks-gallery-item__caption\"><strong>R\u00e9sine<\/strong> Olivier + r\u00e9sine violette<\/figcaption><\/figure><\/div><\/li><\/ul><\/div>\n\n\n<div style=\"height:30px\" aria-hidden=\"true\" class=\"wp-block-spacer\"><\/div>\n\n\n\n<hr class=\"wp-block-separator has-text-color has-black-color has-css-opacity has-black-background-color has-background is-style-wide\"\/>\n\n\n\n<p>Ma petite table<\/p>\n\n\n\n<p>SIREN 879 337 855<\/p>\n\n\n\n<p>Situ\u00e9e \u00e0 Saint-Maur-des-Foss\u00e9s dans le Val-de-Marne (94100)<\/p>\n\n\n\n<p>estelle@mapetitetable.fr<\/p>\n\n\n\n<p>06 24 75 11 18<\/p>\n\n\n\n<hr class=\"wp-block-separator has-text-color has-black-color has-css-opacity has-black-background-color has-background is-style-wide\"\/>","protected":false},"excerpt":{"rendered":"<p>Ma petite table SIREN 879 337 855 Situ\u00e9e \u00e0 Saint-Maur-des-Foss\u00e9s dans le Val-de-Marne (94100) estelle@mapetitetable.fr 06 24 75 11 18<\/p>","protected":false},"author":1,"featured_media":0,"parent":0,"menu_order":0,"comment_status":"closed","ping_status":"closed","template":"","meta":{"ngg_post_thumbnail":0,"footnotes":""},"class_list":["post-2086","page","type-page","status-publish","hentry"],"yoast_head":"<!-- This site is optimized with the Yoast SEO plugin v27.5 - https:\/\/yoast.com\/product\/yoast-seo-wordpress\/ -->\n<title>Vide-poches - Ma petite table<\/title>\n<meta name=\"robots\" content=\"index, follow, max-snippet:-1, max-image-preview:large, max-video-preview:-1\" \/>\n<link rel=\"canonical\" href=\"https:\/\/mapetitetable.fr\/de\/vide-poches\/\" \/>\n<meta property=\"og:locale\" content=\"de_DE\" \/>\n<meta property=\"og:type\" content=\"article\" \/>\n<meta property=\"og:title\" content=\"Vide-poches - Ma petite table\" \/>\n<meta property=\"og:description\" content=\"Ma petite table SIREN 879 337 855 Situ\u00e9e \u00e0 Saint-Maur-des-Foss\u00e9s dans le Val-de-Marne (94100) estelle@mapetitetable.fr 06 24 75 11 18\" \/>\n<meta property=\"og:url\" content=\"https:\/\/mapetitetable.fr\/de\/vide-poches\/\" \/>\n<meta property=\"og:site_name\" content=\"Ma petite table\" \/>\n<meta property=\"article:modified_time\" content=\"2025-12-31T18:42:48+00:00\" \/>\n<meta name=\"twitter:card\" content=\"summary_large_image\" \/>\n<meta name=\"twitter:label1\" content=\"Gesch\u00e4tzte Lesezeit\" \/>\n\t<meta name=\"twitter:data1\" content=\"1\u00a0Minute\" \/>\n<script type=\"application\/ld+json\" class=\"yoast-schema-graph\">{\"@context\":\"https:\\\/\\\/schema.org\",\"@graph\":[{\"@type\":\"WebPage\",\"@id\":\"https:\\\/\\\/mapetitetable.fr\\\/vide-poches\\\/\",\"url\":\"https:\\\/\\\/mapetitetable.fr\\\/vide-poches\\\/\",\"name\":\"Vide-poches - Ma petite table\",\"isPartOf\":{\"@id\":\"https:\\\/\\\/mapetitetable.fr\\\/#website\"},\"datePublished\":\"2025-12-31T18:33:14+00:00\",\"dateModified\":\"2025-12-31T18:42:48+00:00\",\"breadcrumb\":{\"@id\":\"https:\\\/\\\/mapetitetable.fr\\\/vide-poches\\\/#breadcrumb\"},\"inLanguage\":\"de\",\"potentialAction\":[{\"@type\":\"ReadAction\",\"target\":[\"https:\\\/\\\/mapetitetable.fr\\\/vide-poches\\\/\"]}]},{\"@type\":\"BreadcrumbList\",\"@id\":\"https:\\\/\\\/mapetitetable.fr\\\/vide-poches\\\/#breadcrumb\",\"itemListElement\":[{\"@type\":\"ListItem\",\"position\":1,\"name\":\"Accueil\",\"item\":\"https:\\\/\\\/mapetitetable.fr\\\/\"},{\"@type\":\"ListItem\",\"position\":2,\"name\":\"Vide-poches\"}]},{\"@type\":\"WebSite\",\"@id\":\"https:\\\/\\\/mapetitetable.fr\\\/#website\",\"url\":\"https:\\\/\\\/mapetitetable.fr\\\/\",\"name\":\"Ma petite table\",\"description\":\"Cr\u00e9ations en bois par Estelle\",\"potentialAction\":[{\"@type\":\"SearchAction\",\"target\":{\"@type\":\"EntryPoint\",\"urlTemplate\":\"https:\\\/\\\/mapetitetable.fr\\\/?s={search_term_string}\"},\"query-input\":{\"@type\":\"PropertyValueSpecification\",\"valueRequired\":true,\"valueName\":\"search_term_string\"}}],\"inLanguage\":\"de\"}]}<\/script>\n<!-- \/ Yoast SEO plugin. -->","yoast_head_json":{"title":"Vide-poches - Ma petite table","robots":{"index":"index","follow":"follow","max-snippet":"max-snippet:-1","max-image-preview":"max-image-preview:large","max-video-preview":"max-video-preview:-1"},"canonical":"https:\/\/mapetitetable.fr\/de\/vide-poches\/","og_locale":"de_DE","og_type":"article","og_title":"Vide-poches - Ma petite table","og_description":"Ma petite table SIREN 879 337 855 Situ\u00e9e \u00e0 Saint-Maur-des-Foss\u00e9s dans le Val-de-Marne (94100) estelle@mapetitetable.fr 06 24 75 11 18","og_url":"https:\/\/mapetitetable.fr\/de\/vide-poches\/","og_site_name":"Ma petite table","article_modified_time":"2025-12-31T18:42:48+00:00","twitter_card":"summary_large_image","twitter_misc":{"Gesch\u00e4tzte Lesezeit":"1\u00a0Minute"},"schema":{"@context":"https:\/\/schema.org","@graph":[{"@type":"WebPage","@id":"https:\/\/mapetitetable.fr\/vide-poches\/","url":"https:\/\/mapetitetable.fr\/vide-poches\/","name":"Vide-poches - Ma petite table","isPartOf":{"@id":"https:\/\/mapetitetable.fr\/#website"},"datePublished":"2025-12-31T18:33:14+00:00","dateModified":"2025-12-31T18:42:48+00:00","breadcrumb":{"@id":"https:\/\/mapetitetable.fr\/vide-poches\/#breadcrumb"},"inLanguage":"de","potentialAction":[{"@type":"ReadAction","target":["https:\/\/mapetitetable.fr\/vide-poches\/"]}]},{"@type":"BreadcrumbList","@id":"https:\/\/mapetitetable.fr\/vide-poches\/#breadcrumb","itemListElement":[{"@type":"ListItem","position":1,"name":"Accueil","item":"https:\/\/mapetitetable.fr\/"},{"@type":"ListItem","position":2,"name":"Vide-poches"}]},{"@type":"WebSite","@id":"https:\/\/mapetitetable.fr\/#website","url":"https:\/\/mapetitetable.fr\/","name":"Ma petite table","description":"Cr\u00e9ations en bois par Estelle","potentialAction":[{"@type":"SearchAction","target":{"@type":"EntryPoint","urlTemplate":"https:\/\/mapetitetable.fr\/?s={search_term_string}"},"query-input":{"@type":"PropertyValueSpecification","valueRequired":true,"valueName":"search_term_string"}}],"inLanguage":"de"}]}},"_links":{"self":[{"href":"https:\/\/mapetitetable.fr\/de\/wp-json\/wp\/v2\/pages\/2086","targetHints":{"allow":["GET"]}}],"collection":[{"href":"https:\/\/mapetitetable.fr\/de\/wp-json\/wp\/v2\/pages"}],"about":[{"href":"https:\/\/mapetitetable.fr\/de\/wp-json\/wp\/v2\/types\/page"}],"author":[{"embeddable":true,"href":"https:\/\/mapetitetable.fr\/de\/wp-json\/wp\/v2\/users\/1"}],"replies":[{"embeddable":true,"href":"https:\/\/mapetitetable.fr\/de\/wp-json\/wp\/v2\/comments?post=2086"}],"version-history":[{"count":3,"href":"https:\/\/mapetitetable.fr\/de\/wp-json\/wp\/v2\/pages\/2086\/revisions"}],"predecessor-version":[{"id":2108,"href":"https:\/\/mapetitetable.fr\/de\/wp-json\/wp\/v2\/pages\/2086\/revisions\/2108"}],"wp:attachment":[{"href":"https:\/\/mapetitetable.fr\/de\/wp-json\/wp\/v2\/media?parent=2086"}],"curies":[{"name":"wp","href":"https:\/\/api.w.org\/{rel}","templated":true}]}}