{"id":328,"date":"2021-07-22T15:15:35","date_gmt":"2021-07-22T15:15:35","guid":{"rendered":"https:\/\/mapetitetable.fr\/?page_id=328"},"modified":"2022-02-17T08:20:16","modified_gmt":"2022-02-17T08:20:16","slug":"tutti-frutti","status":"publish","type":"page","link":"https:\/\/mapetitetable.fr\/de\/tutti-frutti\/","title":{"rendered":"Tutti Frutti"},"content":{"rendered":"<p>Le plateau Tutti Frutti a \u00e9t\u00e9 r\u00e9alis\u00e9 avec 9 essences de bois, un peu de r\u00e9sine blanche et beaucoup de r\u00e9sine bleue.<\/p>\n\n\n\n<p>J\u2019ai pr\u00e9lev\u00e9 un peu de toutes les essences que j\u2019avais \u00e0 l\u2019atelier au moment de ce projet.<\/p>\n\n\n\n<p>Les essences de bois utilis\u00e9es sont (dans l\u2019ordre alphab\u00e9tique) : ch\u00eane, framir\u00e9, fr\u00eane, h\u00eatre, merisier, moabi, niangon, Nicole (du nom de ma Tata qui m\u2019a offert du bois que je ne connais pas), noyer.<\/p>\n\n\n\n<p><\/p>\n\n\n<style>.wp-block-kadence-advancedgallery.kb-gallery-wrap-id-_ae0b8b-71{overflow:hidden;}.kb-gallery-id-_ae0b8b-71 .kadence-blocks-gallery-item .kb-gal-image-radius, .kb-gallery-id-_ae0b8b-71 .kb-slide-item .kb-gal-image-radius img{border-radius:0px 0px 0px 0px;;}.kb-gallery-id-_ae0b8b-71 .kadence-blocks-gallery-item .kadence-blocks-gallery-item-inner .kadence-blocks-gallery-item__caption{color:#000000;}.kb-gallery-caption-style-cover-hover.kb-gallery-id-_ae0b8b-71 .kadence-blocks-gallery-item .kadence-blocks-gallery-item-inner .kadence-blocks-gallery-item__caption, .kb-gallery-caption-style-below.kb-gallery-id-_ae0b8b-71 .kadence-blocks-gallery-item .kadence-blocks-gallery-item-inner .kadence-blocks-gallery-item__caption{background:#ffffff;}.kb-gallery-wrap-id-_ae0b8b-71.wp-block-kadence-advancedgallery{overflow:visible;}.kb-gallery-wrap-id-_ae0b8b-71.wp-block-kadence-advancedgallery .kt-blocks-carousel{overflow:visible;}<\/style><div class=\"kb-gallery-wrap-id-_ae0b8b-71 alignnone wp-block-kadence-advancedgallery\"><div class=\"kb-gallery-ul kb-gallery-non-static kb-gallery-type-carousel kb-gallery-id-_ae0b8b-71 kb-gallery-caption-style-below kb-gallery-filter-none\" data-image-filter=\"none\" data-lightbox-caption=\"true\"><div class=\"kt-blocks-carousel splide kt-carousel-container-dotstyle-dark kt-carousel-arrowstyle-whiteondark kt-carousel-dotstyle-dark kb-slider-group-arrow kb-slider-arrow-position-center\" data-columns-xxl=\"2\" data-columns-xl=\"2\" data-columns-md=\"2\" data-columns-sm=\"2\" data-columns-xs=\"1\" data-columns-ss=\"1\" data-slider-anim-speed=\"400\" data-slider-scroll=\"1\" data-slider-arrows=\"true\" data-slider-dots=\"true\" data-slider-hover-pause=\"false\" data-slider-auto=\"\" data-slider-speed=\"7000\" data-slider-gap=\"10px\" data-slider-gap-tablet=\"10px\" data-slider-gap-mobile=\"10px\" data-show-pause-button=\"false\" data-slider-label=\"Photo Gallery Carousel\"><div class=\"splide__track\"><ul class=\"kt-blocks-carousel-init kb-gallery-carousel splide__list\"><li class=\"kb-slide-item kb-gallery-carousel-item splide__slide\"><div class=\"kadence-blocks-gallery-item\"><div class=\"kadence-blocks-gallery-item-inner\"><figure class=\"kb-gallery-figure kadence-blocks-gallery-item-has-caption\"><div class=\"kb-gal-image-radius\"><div class=\"kb-gallery-image-contain kadence-blocks-gallery-intrinsic kb-gallery-image-ratio-land32 kb-has-image-ratio-land32\" ><img decoding=\"async\" src=\"https:\/\/mapetitetable.fr\/wp-content\/uploads\/2022\/02\/Web_Tutti_Frutti_2-1024x576.jpg\" width=\"1024\" height=\"576\" alt=\"\" data-full-image=\"https:\/\/mapetitetable.fr\/wp-content\/uploads\/2022\/02\/Web_Tutti_Frutti_2.jpg\" data-light-image=\"https:\/\/mapetitetable.fr\/wp-content\/uploads\/2022\/02\/Web_Tutti_Frutti_2.jpg\" data-id=\"901\" class=\"wp-image-901 skip-lazy\" srcset=\"https:\/\/mapetitetable.fr\/wp-content\/uploads\/2022\/02\/Web_Tutti_Frutti_2-1024x576.jpg 1024w, https:\/\/mapetitetable.fr\/wp-content\/uploads\/2022\/02\/Web_Tutti_Frutti_2-300x169.jpg 300w, https:\/\/mapetitetable.fr\/wp-content\/uploads\/2022\/02\/Web_Tutti_Frutti_2-768x432.jpg 768w, https:\/\/mapetitetable.fr\/wp-content\/uploads\/2022\/02\/Web_Tutti_Frutti_2-1536x864.jpg 1536w, https:\/\/mapetitetable.fr\/wp-content\/uploads\/2022\/02\/Web_Tutti_Frutti_2-2048x1152.jpg 2048w, https:\/\/mapetitetable.fr\/wp-content\/uploads\/2022\/02\/Web_Tutti_Frutti_2-600x338.jpg 600w\" sizes=\"(max-width: 1024px) 100vw, 1024px\" \/><\/div><\/div><figcaption class=\"kadence-blocks-gallery-item__caption\">Tutti Frutti \u2013 D\u00e9tail<\/figcaption><\/figure><\/div><\/div><\/li><li class=\"kb-slide-item kb-gallery-carousel-item splide__slide\"><div class=\"kadence-blocks-gallery-item\"><div class=\"kadence-blocks-gallery-item-inner\"><figure class=\"kb-gallery-figure kadence-blocks-gallery-item-has-caption\"><div class=\"kb-gal-image-radius\"><div class=\"kb-gallery-image-contain kadence-blocks-gallery-intrinsic kb-gallery-image-ratio-land32 kb-has-image-ratio-land32\" ><img decoding=\"async\" src=\"https:\/\/mapetitetable.fr\/wp-content\/uploads\/2022\/02\/Web_Tutti_Frutti_1-1024x576.jpg\" width=\"1024\" height=\"576\" alt=\"\" data-full-image=\"https:\/\/mapetitetable.fr\/wp-content\/uploads\/2022\/02\/Web_Tutti_Frutti_1.jpg\" data-light-image=\"https:\/\/mapetitetable.fr\/wp-content\/uploads\/2022\/02\/Web_Tutti_Frutti_1.jpg\" data-id=\"900\" class=\"wp-image-900 skip-lazy\" srcset=\"https:\/\/mapetitetable.fr\/wp-content\/uploads\/2022\/02\/Web_Tutti_Frutti_1-1024x576.jpg 1024w, https:\/\/mapetitetable.fr\/wp-content\/uploads\/2022\/02\/Web_Tutti_Frutti_1-300x169.jpg 300w, https:\/\/mapetitetable.fr\/wp-content\/uploads\/2022\/02\/Web_Tutti_Frutti_1-768x432.jpg 768w, https:\/\/mapetitetable.fr\/wp-content\/uploads\/2022\/02\/Web_Tutti_Frutti_1-1536x864.jpg 1536w, https:\/\/mapetitetable.fr\/wp-content\/uploads\/2022\/02\/Web_Tutti_Frutti_1-2048x1152.jpg 2048w, https:\/\/mapetitetable.fr\/wp-content\/uploads\/2022\/02\/Web_Tutti_Frutti_1-600x338.jpg 600w\" sizes=\"(max-width: 1024px) 100vw, 1024px\" \/><\/div><\/div><figcaption class=\"kadence-blocks-gallery-item__caption\">Tutti Frutti \u2013 Une des premi\u00e8res coul\u00e9es<\/figcaption><\/figure><\/div><\/div><\/li><li class=\"kb-slide-item kb-gallery-carousel-item splide__slide\"><div class=\"kadence-blocks-gallery-item\"><div class=\"kadence-blocks-gallery-item-inner\"><figure class=\"kb-gallery-figure kadence-blocks-gallery-item-has-caption\"><div class=\"kb-gal-image-radius\"><div class=\"kb-gallery-image-contain kadence-blocks-gallery-intrinsic kb-gallery-image-ratio-land32 kb-has-image-ratio-land32\" ><img decoding=\"async\" src=\"https:\/\/mapetitetable.fr\/wp-content\/uploads\/2022\/02\/Web_Tutti_Frutti_3-2-1024x573.jpg\" width=\"1024\" height=\"573\" alt=\"\" data-full-image=\"https:\/\/mapetitetable.fr\/wp-content\/uploads\/2022\/02\/Web_Tutti_Frutti_3-2.jpg\" data-light-image=\"https:\/\/mapetitetable.fr\/wp-content\/uploads\/2022\/02\/Web_Tutti_Frutti_3-2.jpg\" data-id=\"907\" class=\"wp-image-907 skip-lazy\" srcset=\"https:\/\/mapetitetable.fr\/wp-content\/uploads\/2022\/02\/Web_Tutti_Frutti_3-2-1024x573.jpg 1024w, https:\/\/mapetitetable.fr\/wp-content\/uploads\/2022\/02\/Web_Tutti_Frutti_3-2-300x168.jpg 300w, https:\/\/mapetitetable.fr\/wp-content\/uploads\/2022\/02\/Web_Tutti_Frutti_3-2-768x430.jpg 768w, https:\/\/mapetitetable.fr\/wp-content\/uploads\/2022\/02\/Web_Tutti_Frutti_3-2-1536x860.jpg 1536w, https:\/\/mapetitetable.fr\/wp-content\/uploads\/2022\/02\/Web_Tutti_Frutti_3-2-2048x1147.jpg 2048w, https:\/\/mapetitetable.fr\/wp-content\/uploads\/2022\/02\/Web_Tutti_Frutti_3-2-600x336.jpg 600w\" sizes=\"(max-width: 1024px) 100vw, 1024px\" \/><\/div><\/div><figcaption class=\"kadence-blocks-gallery-item__caption\">Tutti Frutti \u2013 Avant mise au propre d\u00e9finitive<\/figcaption><\/figure><\/div><\/div><\/li><\/ul><\/div><\/div><\/div><\/div>\n\n\n<div style=\"height:50px\" aria-hidden=\"true\" class=\"wp-block-spacer\"><\/div>","protected":false},"excerpt":{"rendered":"<p>Le plateau Tutti Frutti a \u00e9t\u00e9 r\u00e9alis\u00e9 avec 9 essences de bois, un peu de r\u00e9sine blanche et beaucoup de r\u00e9sine bleue. J\u2019ai pr\u00e9lev\u00e9 un peu de toutes les essences que j\u2019avais \u00e0 l\u2019atelier au moment de ce projet. Les essences de bois utilis\u00e9es sont&nbsp;<a class=\"read-more\" href=\"https:\/\/mapetitetable.fr\/de\/tutti-frutti\/\">&hellip;<\/a><\/p>","protected":false},"author":1,"featured_media":0,"parent":0,"menu_order":0,"comment_status":"closed","ping_status":"closed","template":"","meta":{"ngg_post_thumbnail":0,"footnotes":""},"class_list":["post-328","page","type-page","status-publish","hentry"],"yoast_head":"<!-- This site is optimized with the Yoast SEO plugin v27.5 - https:\/\/yoast.com\/product\/yoast-seo-wordpress\/ -->\n<title>Tutti Frutti - Ma petite table<\/title>\n<meta name=\"robots\" content=\"index, follow, max-snippet:-1, max-image-preview:large, max-video-preview:-1\" \/>\n<link rel=\"canonical\" href=\"https:\/\/mapetitetable.fr\/de\/tutti-frutti\/\" \/>\n<meta property=\"og:locale\" content=\"de_DE\" \/>\n<meta property=\"og:type\" content=\"article\" \/>\n<meta property=\"og:title\" content=\"Tutti Frutti - Ma petite table\" \/>\n<meta property=\"og:description\" content=\"Le plateau Tutti Frutti a \u00e9t\u00e9 r\u00e9alis\u00e9 avec 9 essences de bois, un peu de r\u00e9sine blanche et beaucoup de r\u00e9sine bleue. J\u2019ai pr\u00e9lev\u00e9 un peu de toutes les essences que j\u2019avais \u00e0 l\u2019atelier au moment de ce projet. Les essences de bois utilis\u00e9es sont&nbsp;&hellip;\" \/>\n<meta property=\"og:url\" content=\"https:\/\/mapetitetable.fr\/de\/tutti-frutti\/\" \/>\n<meta property=\"og:site_name\" content=\"Ma petite table\" \/>\n<meta property=\"article:modified_time\" content=\"2022-02-17T08:20:16+00:00\" \/>\n<meta property=\"og:image\" content=\"https:\/\/mapetitetable.fr\/wp-content\/uploads\/2022\/02\/Web_Tutti_Frutti_2-1024x576.jpg\" \/>\n<meta name=\"twitter:card\" content=\"summary_large_image\" \/>\n<meta name=\"twitter:label1\" content=\"Gesch\u00e4tzte Lesezeit\" \/>\n\t<meta name=\"twitter:data1\" content=\"1\u00a0Minute\" \/>\n<script type=\"application\/ld+json\" class=\"yoast-schema-graph\">{\"@context\":\"https:\\\/\\\/schema.org\",\"@graph\":[{\"@type\":\"WebPage\",\"@id\":\"https:\\\/\\\/mapetitetable.fr\\\/tutti-frutti\\\/\",\"url\":\"https:\\\/\\\/mapetitetable.fr\\\/tutti-frutti\\\/\",\"name\":\"Tutti Frutti - Ma petite table\",\"isPartOf\":{\"@id\":\"https:\\\/\\\/mapetitetable.fr\\\/#website\"},\"primaryImageOfPage\":{\"@id\":\"https:\\\/\\\/mapetitetable.fr\\\/tutti-frutti\\\/#primaryimage\"},\"image\":{\"@id\":\"https:\\\/\\\/mapetitetable.fr\\\/tutti-frutti\\\/#primaryimage\"},\"thumbnailUrl\":\"https:\\\/\\\/mapetitetable.fr\\\/wp-content\\\/uploads\\\/2022\\\/02\\\/Web_Tutti_Frutti_2-1024x576.jpg\",\"datePublished\":\"2021-07-22T15:15:35+00:00\",\"dateModified\":\"2022-02-17T08:20:16+00:00\",\"breadcrumb\":{\"@id\":\"https:\\\/\\\/mapetitetable.fr\\\/tutti-frutti\\\/#breadcrumb\"},\"inLanguage\":\"de\",\"potentialAction\":[{\"@type\":\"ReadAction\",\"target\":[\"https:\\\/\\\/mapetitetable.fr\\\/tutti-frutti\\\/\"]}]},{\"@type\":\"ImageObject\",\"inLanguage\":\"de\",\"@id\":\"https:\\\/\\\/mapetitetable.fr\\\/tutti-frutti\\\/#primaryimage\",\"url\":\"https:\\\/\\\/mapetitetable.fr\\\/wp-content\\\/uploads\\\/2022\\\/02\\\/Web_Tutti_Frutti_2-1024x576.jpg\",\"contentUrl\":\"https:\\\/\\\/mapetitetable.fr\\\/wp-content\\\/uploads\\\/2022\\\/02\\\/Web_Tutti_Frutti_2-1024x576.jpg\"},{\"@type\":\"BreadcrumbList\",\"@id\":\"https:\\\/\\\/mapetitetable.fr\\\/tutti-frutti\\\/#breadcrumb\",\"itemListElement\":[{\"@type\":\"ListItem\",\"position\":1,\"name\":\"Accueil\",\"item\":\"https:\\\/\\\/mapetitetable.fr\\\/\"},{\"@type\":\"ListItem\",\"position\":2,\"name\":\"Tutti Frutti\"}]},{\"@type\":\"WebSite\",\"@id\":\"https:\\\/\\\/mapetitetable.fr\\\/#website\",\"url\":\"https:\\\/\\\/mapetitetable.fr\\\/\",\"name\":\"Ma petite table\",\"description\":\"Cr\u00e9ations en bois par Estelle\",\"potentialAction\":[{\"@type\":\"SearchAction\",\"target\":{\"@type\":\"EntryPoint\",\"urlTemplate\":\"https:\\\/\\\/mapetitetable.fr\\\/?s={search_term_string}\"},\"query-input\":{\"@type\":\"PropertyValueSpecification\",\"valueRequired\":true,\"valueName\":\"search_term_string\"}}],\"inLanguage\":\"de\"}]}<\/script>\n<!-- \/ Yoast SEO plugin. -->","yoast_head_json":{"title":"Tutti Frutti - Ma petite table","robots":{"index":"index","follow":"follow","max-snippet":"max-snippet:-1","max-image-preview":"max-image-preview:large","max-video-preview":"max-video-preview:-1"},"canonical":"https:\/\/mapetitetable.fr\/de\/tutti-frutti\/","og_locale":"de_DE","og_type":"article","og_title":"Tutti Frutti - Ma petite table","og_description":"Le plateau Tutti Frutti a \u00e9t\u00e9 r\u00e9alis\u00e9 avec 9 essences de bois, un peu de r\u00e9sine blanche et beaucoup de r\u00e9sine bleue. J\u2019ai pr\u00e9lev\u00e9 un peu de toutes les essences que j\u2019avais \u00e0 l\u2019atelier au moment de ce projet. Les essences de bois utilis\u00e9es sont&nbsp;&hellip;","og_url":"https:\/\/mapetitetable.fr\/de\/tutti-frutti\/","og_site_name":"Ma petite table","article_modified_time":"2022-02-17T08:20:16+00:00","og_image":[{"url":"https:\/\/mapetitetable.fr\/wp-content\/uploads\/2022\/02\/Web_Tutti_Frutti_2-1024x576.jpg","type":"","width":"","height":""}],"twitter_card":"summary_large_image","twitter_misc":{"Gesch\u00e4tzte Lesezeit":"1\u00a0Minute"},"schema":{"@context":"https:\/\/schema.org","@graph":[{"@type":"WebPage","@id":"https:\/\/mapetitetable.fr\/tutti-frutti\/","url":"https:\/\/mapetitetable.fr\/tutti-frutti\/","name":"Tutti Frutti - Ma petite table","isPartOf":{"@id":"https:\/\/mapetitetable.fr\/#website"},"primaryImageOfPage":{"@id":"https:\/\/mapetitetable.fr\/tutti-frutti\/#primaryimage"},"image":{"@id":"https:\/\/mapetitetable.fr\/tutti-frutti\/#primaryimage"},"thumbnailUrl":"https:\/\/mapetitetable.fr\/wp-content\/uploads\/2022\/02\/Web_Tutti_Frutti_2-1024x576.jpg","datePublished":"2021-07-22T15:15:35+00:00","dateModified":"2022-02-17T08:20:16+00:00","breadcrumb":{"@id":"https:\/\/mapetitetable.fr\/tutti-frutti\/#breadcrumb"},"inLanguage":"de","potentialAction":[{"@type":"ReadAction","target":["https:\/\/mapetitetable.fr\/tutti-frutti\/"]}]},{"@type":"ImageObject","inLanguage":"de","@id":"https:\/\/mapetitetable.fr\/tutti-frutti\/#primaryimage","url":"https:\/\/mapetitetable.fr\/wp-content\/uploads\/2022\/02\/Web_Tutti_Frutti_2-1024x576.jpg","contentUrl":"https:\/\/mapetitetable.fr\/wp-content\/uploads\/2022\/02\/Web_Tutti_Frutti_2-1024x576.jpg"},{"@type":"BreadcrumbList","@id":"https:\/\/mapetitetable.fr\/tutti-frutti\/#breadcrumb","itemListElement":[{"@type":"ListItem","position":1,"name":"Accueil","item":"https:\/\/mapetitetable.fr\/"},{"@type":"ListItem","position":2,"name":"Tutti Frutti"}]},{"@type":"WebSite","@id":"https:\/\/mapetitetable.fr\/#website","url":"https:\/\/mapetitetable.fr\/","name":"Ma petite table","description":"Cr\u00e9ations en bois par Estelle","potentialAction":[{"@type":"SearchAction","target":{"@type":"EntryPoint","urlTemplate":"https:\/\/mapetitetable.fr\/?s={search_term_string}"},"query-input":{"@type":"PropertyValueSpecification","valueRequired":true,"valueName":"search_term_string"}}],"inLanguage":"de"}]}},"_links":{"self":[{"href":"https:\/\/mapetitetable.fr\/de\/wp-json\/wp\/v2\/pages\/328","targetHints":{"allow":["GET"]}}],"collection":[{"href":"https:\/\/mapetitetable.fr\/de\/wp-json\/wp\/v2\/pages"}],"about":[{"href":"https:\/\/mapetitetable.fr\/de\/wp-json\/wp\/v2\/types\/page"}],"author":[{"embeddable":true,"href":"https:\/\/mapetitetable.fr\/de\/wp-json\/wp\/v2\/users\/1"}],"replies":[{"embeddable":true,"href":"https:\/\/mapetitetable.fr\/de\/wp-json\/wp\/v2\/comments?post=328"}],"version-history":[{"count":49,"href":"https:\/\/mapetitetable.fr\/de\/wp-json\/wp\/v2\/pages\/328\/revisions"}],"predecessor-version":[{"id":1174,"href":"https:\/\/mapetitetable.fr\/de\/wp-json\/wp\/v2\/pages\/328\/revisions\/1174"}],"wp:attachment":[{"href":"https:\/\/mapetitetable.fr\/de\/wp-json\/wp\/v2\/media?parent=328"}],"curies":[{"name":"wp","href":"https:\/\/api.w.org\/{rel}","templated":true}]}}