{"id":689,"date":"2021-10-28T22:07:48","date_gmt":"2021-10-28T22:07:48","guid":{"rendered":"https:\/\/mapetitetable.fr\/?page_id=689"},"modified":"2022-02-17T08:16:29","modified_gmt":"2022-02-17T08:16:29","slug":"filaments","status":"publish","type":"page","link":"https:\/\/mapetitetable.fr\/de\/filaments\/","title":{"rendered":"Filaments"},"content":{"rendered":"<p>Plateau en fr\u00eane, incrustation de 3 filaments de fr\u00eane et r\u00e9sine bleu nuit.<\/p>\n\n\n\n<p>A la base, la &#8220;rivi\u00e8re&#8221; me semblait un petit peu trop sage ; j&#8217;ai d\u00e9cid\u00e9 de la bousculer un peu un lui ajoutant 3 compagnons provenant du plateau principal. <\/p>\n\n\n<style>.wp-block-kadence-advancedgallery.kb-gallery-wrap-id-_3b2459-a3{overflow:hidden;}.kb-gallery-id-_3b2459-a3 .kadence-blocks-gallery-item .kb-gal-image-radius, .kb-gallery-id-_3b2459-a3 .kb-slide-item .kb-gal-image-radius img{border-radius:0px 0px 0px 0px;;}.kb-gallery-wrap-id-_3b2459-a3.wp-block-kadence-advancedgallery{overflow:visible;}.kb-gallery-wrap-id-_3b2459-a3.wp-block-kadence-advancedgallery .kt-blocks-carousel{overflow:visible;}<\/style><div class=\"kb-gallery-wrap-id-_3b2459-a3 alignnone wp-block-kadence-advancedgallery\"><div class=\"kb-gallery-ul kb-gallery-non-static kb-gallery-type-carousel kb-gallery-id-_3b2459-a3 kb-gallery-caption-style-bottom-hover kb-gallery-filter-none\" data-image-filter=\"none\" data-lightbox-caption=\"true\"><div class=\"kt-blocks-carousel splide kt-carousel-container-dotstyle-dark kt-carousel-arrowstyle-whiteondark kt-carousel-dotstyle-dark kb-slider-group-arrow kb-slider-arrow-position-center\" data-columns-xxl=\"2\" data-columns-xl=\"2\" data-columns-md=\"2\" data-columns-sm=\"2\" data-columns-xs=\"1\" data-columns-ss=\"1\" data-slider-anim-speed=\"400\" data-slider-scroll=\"1\" data-slider-arrows=\"true\" data-slider-dots=\"true\" data-slider-hover-pause=\"false\" data-slider-auto=\"\" data-slider-speed=\"7000\" data-slider-gap=\"10px\" data-slider-gap-tablet=\"10px\" data-slider-gap-mobile=\"10px\" data-show-pause-button=\"false\" data-slider-label=\"Photo Gallery Carousel\"><div class=\"splide__track\"><ul class=\"kt-blocks-carousel-init kb-gallery-carousel splide__list\"><li class=\"kb-slide-item kb-gallery-carousel-item splide__slide\"><div class=\"kadence-blocks-gallery-item\"><div class=\"kadence-blocks-gallery-item-inner\"><figure class=\"kb-gallery-figure kadence-blocks-gallery-item-hide-caption\"><div class=\"kb-gal-image-radius\"><div class=\"kb-gallery-image-contain kadence-blocks-gallery-intrinsic kb-gallery-image-ratio-land32 kb-has-image-ratio-land32\" ><img decoding=\"async\" src=\"https:\/\/mapetitetable.fr\/wp-content\/uploads\/2021\/10\/Filaments_Web_1-1-1024x1024.jpg\" width=\"1024\" height=\"1024\" alt=\"\" data-full-image=\"https:\/\/mapetitetable.fr\/wp-content\/uploads\/2021\/10\/Filaments_Web_1-1.jpg\" data-light-image=\"https:\/\/mapetitetable.fr\/wp-content\/uploads\/2021\/10\/Filaments_Web_1-1.jpg\" data-id=\"690\" class=\"wp-image-690 skip-lazy\" srcset=\"https:\/\/mapetitetable.fr\/wp-content\/uploads\/2021\/10\/Filaments_Web_1-1-1024x1024.jpg 1024w, https:\/\/mapetitetable.fr\/wp-content\/uploads\/2021\/10\/Filaments_Web_1-1-300x300.jpg 300w, https:\/\/mapetitetable.fr\/wp-content\/uploads\/2021\/10\/Filaments_Web_1-1-100x100.jpg 100w, https:\/\/mapetitetable.fr\/wp-content\/uploads\/2021\/10\/Filaments_Web_1-1-600x600.jpg 600w, https:\/\/mapetitetable.fr\/wp-content\/uploads\/2021\/10\/Filaments_Web_1-1-150x150.jpg 150w, https:\/\/mapetitetable.fr\/wp-content\/uploads\/2021\/10\/Filaments_Web_1-1-768x768.jpg 768w, https:\/\/mapetitetable.fr\/wp-content\/uploads\/2021\/10\/Filaments_Web_1-1.jpg 1179w\" sizes=\"(max-width: 1024px) 100vw, 1024px\" \/><\/div><\/div><\/figure><\/div><\/div><\/li><li class=\"kb-slide-item kb-gallery-carousel-item splide__slide\"><div class=\"kadence-blocks-gallery-item\"><div class=\"kadence-blocks-gallery-item-inner\"><figure class=\"kb-gallery-figure kadence-blocks-gallery-item-hide-caption\"><div class=\"kb-gal-image-radius\"><div class=\"kb-gallery-image-contain kadence-blocks-gallery-intrinsic kb-gallery-image-ratio-land32 kb-has-image-ratio-land32\" ><img decoding=\"async\" src=\"https:\/\/mapetitetable.fr\/wp-content\/uploads\/2021\/10\/Filaments_Web_2-1-1024x819.jpg\" width=\"1024\" height=\"819\" alt=\"\" data-full-image=\"https:\/\/mapetitetable.fr\/wp-content\/uploads\/2021\/10\/Filaments_Web_2-1.jpg\" data-light-image=\"https:\/\/mapetitetable.fr\/wp-content\/uploads\/2021\/10\/Filaments_Web_2-1.jpg\" data-id=\"691\" class=\"wp-image-691 skip-lazy\" srcset=\"https:\/\/mapetitetable.fr\/wp-content\/uploads\/2021\/10\/Filaments_Web_2-1-1024x819.jpg 1024w, https:\/\/mapetitetable.fr\/wp-content\/uploads\/2021\/10\/Filaments_Web_2-1-600x480.jpg 600w, https:\/\/mapetitetable.fr\/wp-content\/uploads\/2021\/10\/Filaments_Web_2-1-300x240.jpg 300w, https:\/\/mapetitetable.fr\/wp-content\/uploads\/2021\/10\/Filaments_Web_2-1-768x615.jpg 768w, https:\/\/mapetitetable.fr\/wp-content\/uploads\/2021\/10\/Filaments_Web_2-1.jpg 1346w\" sizes=\"(max-width: 1024px) 100vw, 1024px\" \/><\/div><\/div><\/figure><\/div><\/div><\/li><li class=\"kb-slide-item kb-gallery-carousel-item splide__slide\"><div class=\"kadence-blocks-gallery-item\"><div class=\"kadence-blocks-gallery-item-inner\"><figure class=\"kb-gallery-figure kadence-blocks-gallery-item-hide-caption\"><div class=\"kb-gal-image-radius\"><div class=\"kb-gallery-image-contain kadence-blocks-gallery-intrinsic kb-gallery-image-ratio-land32 kb-has-image-ratio-land32\" ><img decoding=\"async\" src=\"https:\/\/mapetitetable.fr\/wp-content\/uploads\/2021\/10\/Filaments_Web_3-1-1024x733.jpg\" width=\"1024\" height=\"733\" alt=\"\" data-full-image=\"https:\/\/mapetitetable.fr\/wp-content\/uploads\/2021\/10\/Filaments_Web_3-1.jpg\" data-light-image=\"https:\/\/mapetitetable.fr\/wp-content\/uploads\/2021\/10\/Filaments_Web_3-1.jpg\" data-id=\"692\" class=\"wp-image-692 skip-lazy\" srcset=\"https:\/\/mapetitetable.fr\/wp-content\/uploads\/2021\/10\/Filaments_Web_3-1-1024x733.jpg 1024w, https:\/\/mapetitetable.fr\/wp-content\/uploads\/2021\/10\/Filaments_Web_3-1-600x429.jpg 600w, https:\/\/mapetitetable.fr\/wp-content\/uploads\/2021\/10\/Filaments_Web_3-1-300x215.jpg 300w, https:\/\/mapetitetable.fr\/wp-content\/uploads\/2021\/10\/Filaments_Web_3-1-768x550.jpg 768w, https:\/\/mapetitetable.fr\/wp-content\/uploads\/2021\/10\/Filaments_Web_3-1.jpg 1280w\" sizes=\"(max-width: 1024px) 100vw, 1024px\" \/><\/div><\/div><\/figure><\/div><\/div><\/li><\/ul><\/div><\/div><\/div><\/div>","protected":false},"excerpt":{"rendered":"<p>Plateau en fr\u00eane, incrustation de 3 filaments de fr\u00eane et r\u00e9sine bleu nuit. A la base, la &#8220;rivi\u00e8re&#8221; me semblait un petit peu trop sage ; j&#8217;ai d\u00e9cid\u00e9 de la bousculer un peu un lui ajoutant 3 compagnons provenant du plateau principal.<\/p>","protected":false},"author":1,"featured_media":0,"parent":0,"menu_order":0,"comment_status":"closed","ping_status":"closed","template":"","meta":{"ngg_post_thumbnail":0,"footnotes":""},"class_list":["post-689","page","type-page","status-publish","hentry"],"yoast_head":"<!-- This site is optimized with the Yoast SEO plugin v27.4 - https:\/\/yoast.com\/product\/yoast-seo-wordpress\/ -->\n<title>Filaments - Ma petite table<\/title>\n<meta name=\"robots\" content=\"index, follow, max-snippet:-1, max-image-preview:large, max-video-preview:-1\" \/>\n<link rel=\"canonical\" href=\"https:\/\/mapetitetable.fr\/de\/filaments\/\" \/>\n<meta property=\"og:locale\" content=\"de_DE\" \/>\n<meta property=\"og:type\" content=\"article\" \/>\n<meta property=\"og:title\" content=\"Filaments - Ma petite table\" \/>\n<meta property=\"og:description\" content=\"Plateau en fr\u00eane, incrustation de 3 filaments de fr\u00eane et r\u00e9sine bleu nuit. A la base, la &#8220;rivi\u00e8re&#8221; me semblait un petit peu trop sage ; j&#8217;ai d\u00e9cid\u00e9 de la bousculer un peu un lui ajoutant 3 compagnons provenant du plateau principal.\" \/>\n<meta property=\"og:url\" content=\"https:\/\/mapetitetable.fr\/de\/filaments\/\" \/>\n<meta property=\"og:site_name\" content=\"Ma petite table\" \/>\n<meta property=\"article:modified_time\" content=\"2022-02-17T08:16:29+00:00\" \/>\n<meta property=\"og:image\" content=\"https:\/\/mapetitetable.fr\/wp-content\/uploads\/2021\/10\/Filaments_Web_1-1-1024x1024.jpg\" \/>\n<meta name=\"twitter:card\" content=\"summary_large_image\" \/>\n<script type=\"application\/ld+json\" class=\"yoast-schema-graph\">{\"@context\":\"https:\\\/\\\/schema.org\",\"@graph\":[{\"@type\":\"WebPage\",\"@id\":\"https:\\\/\\\/mapetitetable.fr\\\/filaments\\\/\",\"url\":\"https:\\\/\\\/mapetitetable.fr\\\/filaments\\\/\",\"name\":\"Filaments - Ma petite table\",\"isPartOf\":{\"@id\":\"https:\\\/\\\/mapetitetable.fr\\\/#website\"},\"primaryImageOfPage\":{\"@id\":\"https:\\\/\\\/mapetitetable.fr\\\/filaments\\\/#primaryimage\"},\"image\":{\"@id\":\"https:\\\/\\\/mapetitetable.fr\\\/filaments\\\/#primaryimage\"},\"thumbnailUrl\":\"https:\\\/\\\/mapetitetable.fr\\\/wp-content\\\/uploads\\\/2021\\\/10\\\/Filaments_Web_1-1-1024x1024.jpg\",\"datePublished\":\"2021-10-28T22:07:48+00:00\",\"dateModified\":\"2022-02-17T08:16:29+00:00\",\"breadcrumb\":{\"@id\":\"https:\\\/\\\/mapetitetable.fr\\\/filaments\\\/#breadcrumb\"},\"inLanguage\":\"de\",\"potentialAction\":[{\"@type\":\"ReadAction\",\"target\":[\"https:\\\/\\\/mapetitetable.fr\\\/filaments\\\/\"]}]},{\"@type\":\"ImageObject\",\"inLanguage\":\"de\",\"@id\":\"https:\\\/\\\/mapetitetable.fr\\\/filaments\\\/#primaryimage\",\"url\":\"https:\\\/\\\/mapetitetable.fr\\\/wp-content\\\/uploads\\\/2021\\\/10\\\/Filaments_Web_1-1-1024x1024.jpg\",\"contentUrl\":\"https:\\\/\\\/mapetitetable.fr\\\/wp-content\\\/uploads\\\/2021\\\/10\\\/Filaments_Web_1-1-1024x1024.jpg\"},{\"@type\":\"BreadcrumbList\",\"@id\":\"https:\\\/\\\/mapetitetable.fr\\\/filaments\\\/#breadcrumb\",\"itemListElement\":[{\"@type\":\"ListItem\",\"position\":1,\"name\":\"Accueil\",\"item\":\"https:\\\/\\\/mapetitetable.fr\\\/\"},{\"@type\":\"ListItem\",\"position\":2,\"name\":\"Filaments\"}]},{\"@type\":\"WebSite\",\"@id\":\"https:\\\/\\\/mapetitetable.fr\\\/#website\",\"url\":\"https:\\\/\\\/mapetitetable.fr\\\/\",\"name\":\"Ma petite table\",\"description\":\"Cr\u00e9ations en bois par Estelle\",\"potentialAction\":[{\"@type\":\"SearchAction\",\"target\":{\"@type\":\"EntryPoint\",\"urlTemplate\":\"https:\\\/\\\/mapetitetable.fr\\\/?s={search_term_string}\"},\"query-input\":{\"@type\":\"PropertyValueSpecification\",\"valueRequired\":true,\"valueName\":\"search_term_string\"}}],\"inLanguage\":\"de\"}]}<\/script>\n<!-- \/ Yoast SEO plugin. -->","yoast_head_json":{"title":"Filaments - Ma petite table","robots":{"index":"index","follow":"follow","max-snippet":"max-snippet:-1","max-image-preview":"max-image-preview:large","max-video-preview":"max-video-preview:-1"},"canonical":"https:\/\/mapetitetable.fr\/de\/filaments\/","og_locale":"de_DE","og_type":"article","og_title":"Filaments - Ma petite table","og_description":"Plateau en fr\u00eane, incrustation de 3 filaments de fr\u00eane et r\u00e9sine bleu nuit. A la base, la &#8220;rivi\u00e8re&#8221; me semblait un petit peu trop sage ; j&#8217;ai d\u00e9cid\u00e9 de la bousculer un peu un lui ajoutant 3 compagnons provenant du plateau principal.","og_url":"https:\/\/mapetitetable.fr\/de\/filaments\/","og_site_name":"Ma petite table","article_modified_time":"2022-02-17T08:16:29+00:00","og_image":[{"url":"https:\/\/mapetitetable.fr\/wp-content\/uploads\/2021\/10\/Filaments_Web_1-1-1024x1024.jpg","type":"","width":"","height":""}],"twitter_card":"summary_large_image","schema":{"@context":"https:\/\/schema.org","@graph":[{"@type":"WebPage","@id":"https:\/\/mapetitetable.fr\/filaments\/","url":"https:\/\/mapetitetable.fr\/filaments\/","name":"Filaments - Ma petite table","isPartOf":{"@id":"https:\/\/mapetitetable.fr\/#website"},"primaryImageOfPage":{"@id":"https:\/\/mapetitetable.fr\/filaments\/#primaryimage"},"image":{"@id":"https:\/\/mapetitetable.fr\/filaments\/#primaryimage"},"thumbnailUrl":"https:\/\/mapetitetable.fr\/wp-content\/uploads\/2021\/10\/Filaments_Web_1-1-1024x1024.jpg","datePublished":"2021-10-28T22:07:48+00:00","dateModified":"2022-02-17T08:16:29+00:00","breadcrumb":{"@id":"https:\/\/mapetitetable.fr\/filaments\/#breadcrumb"},"inLanguage":"de","potentialAction":[{"@type":"ReadAction","target":["https:\/\/mapetitetable.fr\/filaments\/"]}]},{"@type":"ImageObject","inLanguage":"de","@id":"https:\/\/mapetitetable.fr\/filaments\/#primaryimage","url":"https:\/\/mapetitetable.fr\/wp-content\/uploads\/2021\/10\/Filaments_Web_1-1-1024x1024.jpg","contentUrl":"https:\/\/mapetitetable.fr\/wp-content\/uploads\/2021\/10\/Filaments_Web_1-1-1024x1024.jpg"},{"@type":"BreadcrumbList","@id":"https:\/\/mapetitetable.fr\/filaments\/#breadcrumb","itemListElement":[{"@type":"ListItem","position":1,"name":"Accueil","item":"https:\/\/mapetitetable.fr\/"},{"@type":"ListItem","position":2,"name":"Filaments"}]},{"@type":"WebSite","@id":"https:\/\/mapetitetable.fr\/#website","url":"https:\/\/mapetitetable.fr\/","name":"Ma petite table","description":"Cr\u00e9ations en bois par Estelle","potentialAction":[{"@type":"SearchAction","target":{"@type":"EntryPoint","urlTemplate":"https:\/\/mapetitetable.fr\/?s={search_term_string}"},"query-input":{"@type":"PropertyValueSpecification","valueRequired":true,"valueName":"search_term_string"}}],"inLanguage":"de"}]}},"_links":{"self":[{"href":"https:\/\/mapetitetable.fr\/de\/wp-json\/wp\/v2\/pages\/689","targetHints":{"allow":["GET"]}}],"collection":[{"href":"https:\/\/mapetitetable.fr\/de\/wp-json\/wp\/v2\/pages"}],"about":[{"href":"https:\/\/mapetitetable.fr\/de\/wp-json\/wp\/v2\/types\/page"}],"author":[{"embeddable":true,"href":"https:\/\/mapetitetable.fr\/de\/wp-json\/wp\/v2\/users\/1"}],"replies":[{"embeddable":true,"href":"https:\/\/mapetitetable.fr\/de\/wp-json\/wp\/v2\/comments?post=689"}],"version-history":[{"count":8,"href":"https:\/\/mapetitetable.fr\/de\/wp-json\/wp\/v2\/pages\/689\/revisions"}],"predecessor-version":[{"id":1170,"href":"https:\/\/mapetitetable.fr\/de\/wp-json\/wp\/v2\/pages\/689\/revisions\/1170"}],"wp:attachment":[{"href":"https:\/\/mapetitetable.fr\/de\/wp-json\/wp\/v2\/media?parent=689"}],"curies":[{"name":"wp","href":"https:\/\/api.w.org\/{rel}","templated":true}]}}