{"id":697,"date":"2021-10-28T22:12:25","date_gmt":"2021-10-28T22:12:25","guid":{"rendered":"https:\/\/mapetitetable.fr\/?page_id=697"},"modified":"2022-02-17T08:14:37","modified_gmt":"2022-02-17T08:14:37","slug":"puzzle","status":"publish","type":"page","link":"https:\/\/mapetitetable.fr\/de\/puzzle\/","title":{"rendered":"Puzzle"},"content":{"rendered":"<p>Plateau en \u00e9pic\u00e9a et r\u00e9sine transparente l\u00e9g\u00e8rement bleut\u00e9e.<\/p>\n\n\n\n<p>C&#8217;est une de mes toutes premi\u00e8res r\u00e9alisations.<\/p>\n\n\n\n<p>Pour la petite histoire, j&#8217;ai r\u00e9cup\u00e9r\u00e9 les planches d&#8217;\u00e9pic\u00e9a chez un menuisier qui partait \u00e0 la retraite (\u00e0 plus de 70 ans). Les planches \u00e9taient tr\u00e8s ab\u00eem\u00e9es mais elles avaient une forme et une couleur qui m&#8217;ont plus : j&#8217;ai d\u00e9cid\u00e9 d&#8217;essayer de conserver les parties saines et celles qui se d\u00e9litaient en les prot\u00e9geant dans la r\u00e9sine.<\/p>\n\n\n\n<p>Ce petit plateau (environ 70 cm de long pour 30 cm de large) peut tr\u00e8s bien faire office de tableau pour votre d\u00e9coration.<\/p>\n\n\n\n<p>Les pieds ne sont pas d\u00e9finitifs non plus, le plateau est juste pos\u00e9 dessus : vous pouvez les remplacer \u00e0 votre guise.<\/p>\n\n\n\n<p><\/p>\n\n\n<style>.wp-block-kadence-advancedgallery.kb-gallery-wrap-id-_e27c51-27{overflow:hidden;}.kb-gallery-id-_e27c51-27 .kadence-blocks-gallery-item .kb-gal-image-radius, .kb-gallery-id-_e27c51-27 .kb-slide-item .kb-gal-image-radius img{border-radius:0px 0px 0px 0px;;}.kb-gallery-id-_e27c51-27 .kadence-blocks-gallery-item .kadence-blocks-gallery-item-inner .kadence-blocks-gallery-item__caption{color:#000000;}.kb-gallery-caption-style-cover-hover.kb-gallery-id-_e27c51-27 .kadence-blocks-gallery-item .kadence-blocks-gallery-item-inner .kadence-blocks-gallery-item__caption, .kb-gallery-caption-style-below.kb-gallery-id-_e27c51-27 .kadence-blocks-gallery-item .kadence-blocks-gallery-item-inner .kadence-blocks-gallery-item__caption{background:#ffffff;}.kb-gallery-wrap-id-_e27c51-27.wp-block-kadence-advancedgallery{overflow:visible;}.kb-gallery-wrap-id-_e27c51-27.wp-block-kadence-advancedgallery .kt-blocks-carousel{overflow:visible;}<\/style><div class=\"kb-gallery-wrap-id-_e27c51-27 alignnone wp-block-kadence-advancedgallery\"><div class=\"kb-gallery-ul kb-gallery-non-static kb-gallery-type-carousel kb-gallery-id-_e27c51-27 kb-gallery-caption-style-below kb-gallery-filter-none\" data-image-filter=\"none\" data-lightbox-caption=\"true\"><div class=\"kt-blocks-carousel splide kt-carousel-container-dotstyle-dark kt-carousel-arrowstyle-whiteondark kt-carousel-dotstyle-dark kb-slider-group-arrow kb-slider-arrow-position-center\" data-columns-xxl=\"2\" data-columns-xl=\"2\" data-columns-md=\"2\" data-columns-sm=\"2\" data-columns-xs=\"1\" data-columns-ss=\"1\" data-slider-anim-speed=\"400\" data-slider-scroll=\"1\" data-slider-arrows=\"true\" data-slider-dots=\"true\" data-slider-hover-pause=\"false\" data-slider-auto=\"\" data-slider-speed=\"7000\" data-slider-gap=\"10px\" data-slider-gap-tablet=\"10px\" data-slider-gap-mobile=\"10px\" data-show-pause-button=\"false\" data-slider-label=\"Photo Gallery Carousel\"><div class=\"splide__track\"><ul class=\"kt-blocks-carousel-init kb-gallery-carousel splide__list\"><li class=\"kb-slide-item kb-gallery-carousel-item splide__slide\"><div class=\"kadence-blocks-gallery-item\"><div class=\"kadence-blocks-gallery-item-inner\"><figure class=\"kb-gallery-figure kadence-blocks-gallery-item-has-caption\"><div class=\"kb-gal-image-radius\"><div class=\"kb-gallery-image-contain kadence-blocks-gallery-intrinsic kb-gallery-image-ratio-land32 kb-has-image-ratio-land32\" ><img decoding=\"async\" src=\"https:\/\/mapetitetable.fr\/wp-content\/uploads\/2022\/02\/Web_Puzzle-1024x731.jpg\" width=\"1024\" height=\"731\" alt=\"\" data-full-image=\"https:\/\/mapetitetable.fr\/wp-content\/uploads\/2022\/02\/Web_Puzzle.jpg\" data-light-image=\"https:\/\/mapetitetable.fr\/wp-content\/uploads\/2022\/02\/Web_Puzzle.jpg\" data-id=\"878\" class=\"wp-image-878 skip-lazy\" srcset=\"https:\/\/mapetitetable.fr\/wp-content\/uploads\/2022\/02\/Web_Puzzle-1024x731.jpg 1024w, https:\/\/mapetitetable.fr\/wp-content\/uploads\/2022\/02\/Web_Puzzle-300x214.jpg 300w, https:\/\/mapetitetable.fr\/wp-content\/uploads\/2022\/02\/Web_Puzzle-768x548.jpg 768w, https:\/\/mapetitetable.fr\/wp-content\/uploads\/2022\/02\/Web_Puzzle-600x428.jpg 600w, https:\/\/mapetitetable.fr\/wp-content\/uploads\/2022\/02\/Web_Puzzle.jpg 1280w\" sizes=\"(max-width: 1024px) 100vw, 1024px\" \/><\/div><\/div><figcaption class=\"kadence-blocks-gallery-item__caption\">Puzzle<\/figcaption><\/figure><\/div><\/div><\/li><li class=\"kb-slide-item kb-gallery-carousel-item splide__slide\"><div class=\"kadence-blocks-gallery-item\"><div class=\"kadence-blocks-gallery-item-inner\"><figure class=\"kb-gallery-figure kadence-blocks-gallery-item-has-caption\"><div class=\"kb-gal-image-radius\"><div class=\"kb-gallery-image-contain kadence-blocks-gallery-intrinsic kb-gallery-image-ratio-land32 kb-has-image-ratio-land32\" ><img decoding=\"async\" src=\"https:\/\/mapetitetable.fr\/wp-content\/uploads\/2022\/02\/Web_Puzzle_Detail-1024x662.jpg\" width=\"1024\" height=\"662\" alt=\"\" data-full-image=\"https:\/\/mapetitetable.fr\/wp-content\/uploads\/2022\/02\/Web_Puzzle_Detail-scaled.jpg\" data-light-image=\"https:\/\/mapetitetable.fr\/wp-content\/uploads\/2022\/02\/Web_Puzzle_Detail-scaled.jpg\" data-id=\"879\" class=\"wp-image-879 skip-lazy\" srcset=\"https:\/\/mapetitetable.fr\/wp-content\/uploads\/2022\/02\/Web_Puzzle_Detail-1024x662.jpg 1024w, https:\/\/mapetitetable.fr\/wp-content\/uploads\/2022\/02\/Web_Puzzle_Detail-300x194.jpg 300w, https:\/\/mapetitetable.fr\/wp-content\/uploads\/2022\/02\/Web_Puzzle_Detail-768x497.jpg 768w, https:\/\/mapetitetable.fr\/wp-content\/uploads\/2022\/02\/Web_Puzzle_Detail-1536x993.jpg 1536w, https:\/\/mapetitetable.fr\/wp-content\/uploads\/2022\/02\/Web_Puzzle_Detail-2048x1325.jpg 2048w, https:\/\/mapetitetable.fr\/wp-content\/uploads\/2022\/02\/Web_Puzzle_Detail-600x388.jpg 600w\" sizes=\"(max-width: 1024px) 100vw, 1024px\" \/><\/div><\/div><figcaption class=\"kadence-blocks-gallery-item__caption\">Puzzle &#8211; D\u00e9tail<\/figcaption><\/figure><\/div><\/div><\/li><\/ul><\/div><\/div><\/div><\/div>\n\n\n<p><\/p>","protected":false},"excerpt":{"rendered":"<p>Plateau en \u00e9pic\u00e9a et r\u00e9sine transparente l\u00e9g\u00e8rement bleut\u00e9e. C&#8217;est une de mes toutes premi\u00e8res r\u00e9alisations. Pour la petite histoire, j&#8217;ai r\u00e9cup\u00e9r\u00e9 les planches d&#8217;\u00e9pic\u00e9a chez un menuisier qui partait \u00e0 la retraite (\u00e0 plus de 70 ans). Les planches \u00e9taient tr\u00e8s ab\u00eem\u00e9es mais elles avaient&nbsp;<a class=\"read-more\" href=\"https:\/\/mapetitetable.fr\/de\/puzzle\/\">&hellip;<\/a><\/p>","protected":false},"author":1,"featured_media":0,"parent":0,"menu_order":0,"comment_status":"closed","ping_status":"closed","template":"","meta":{"ngg_post_thumbnail":0,"footnotes":""},"class_list":["post-697","page","type-page","status-publish","hentry"],"yoast_head":"<!-- This site is optimized with the Yoast SEO plugin v27.4 - https:\/\/yoast.com\/product\/yoast-seo-wordpress\/ -->\n<title>Puzzle - Ma petite table<\/title>\n<meta name=\"robots\" content=\"index, follow, max-snippet:-1, max-image-preview:large, max-video-preview:-1\" \/>\n<link rel=\"canonical\" href=\"https:\/\/mapetitetable.fr\/de\/puzzle\/\" \/>\n<meta property=\"og:locale\" content=\"de_DE\" \/>\n<meta property=\"og:type\" content=\"article\" \/>\n<meta property=\"og:title\" content=\"Puzzle - Ma petite table\" \/>\n<meta property=\"og:description\" content=\"Plateau en \u00e9pic\u00e9a et r\u00e9sine transparente l\u00e9g\u00e8rement bleut\u00e9e. C&#8217;est une de mes toutes premi\u00e8res r\u00e9alisations. Pour la petite histoire, j&#8217;ai r\u00e9cup\u00e9r\u00e9 les planches d&#8217;\u00e9pic\u00e9a chez un menuisier qui partait \u00e0 la retraite (\u00e0 plus de 70 ans). Les planches \u00e9taient tr\u00e8s ab\u00eem\u00e9es mais elles avaient&nbsp;&hellip;\" \/>\n<meta property=\"og:url\" content=\"https:\/\/mapetitetable.fr\/de\/puzzle\/\" \/>\n<meta property=\"og:site_name\" content=\"Ma petite table\" \/>\n<meta property=\"article:modified_time\" content=\"2022-02-17T08:14:37+00:00\" \/>\n<meta property=\"og:image\" content=\"https:\/\/mapetitetable.fr\/wp-content\/uploads\/2022\/02\/Web_Puzzle-1024x731.jpg\" \/>\n<meta name=\"twitter:card\" content=\"summary_large_image\" \/>\n<meta name=\"twitter:label1\" content=\"Gesch\u00e4tzte Lesezeit\" \/>\n\t<meta name=\"twitter:data1\" content=\"1\u00a0Minute\" \/>\n<script type=\"application\/ld+json\" class=\"yoast-schema-graph\">{\"@context\":\"https:\\\/\\\/schema.org\",\"@graph\":[{\"@type\":\"WebPage\",\"@id\":\"https:\\\/\\\/mapetitetable.fr\\\/puzzle\\\/\",\"url\":\"https:\\\/\\\/mapetitetable.fr\\\/puzzle\\\/\",\"name\":\"Puzzle - Ma petite table\",\"isPartOf\":{\"@id\":\"https:\\\/\\\/mapetitetable.fr\\\/#website\"},\"primaryImageOfPage\":{\"@id\":\"https:\\\/\\\/mapetitetable.fr\\\/puzzle\\\/#primaryimage\"},\"image\":{\"@id\":\"https:\\\/\\\/mapetitetable.fr\\\/puzzle\\\/#primaryimage\"},\"thumbnailUrl\":\"https:\\\/\\\/mapetitetable.fr\\\/wp-content\\\/uploads\\\/2022\\\/02\\\/Web_Puzzle-1024x731.jpg\",\"datePublished\":\"2021-10-28T22:12:25+00:00\",\"dateModified\":\"2022-02-17T08:14:37+00:00\",\"breadcrumb\":{\"@id\":\"https:\\\/\\\/mapetitetable.fr\\\/puzzle\\\/#breadcrumb\"},\"inLanguage\":\"de\",\"potentialAction\":[{\"@type\":\"ReadAction\",\"target\":[\"https:\\\/\\\/mapetitetable.fr\\\/puzzle\\\/\"]}]},{\"@type\":\"ImageObject\",\"inLanguage\":\"de\",\"@id\":\"https:\\\/\\\/mapetitetable.fr\\\/puzzle\\\/#primaryimage\",\"url\":\"https:\\\/\\\/mapetitetable.fr\\\/wp-content\\\/uploads\\\/2022\\\/02\\\/Web_Puzzle-1024x731.jpg\",\"contentUrl\":\"https:\\\/\\\/mapetitetable.fr\\\/wp-content\\\/uploads\\\/2022\\\/02\\\/Web_Puzzle-1024x731.jpg\"},{\"@type\":\"BreadcrumbList\",\"@id\":\"https:\\\/\\\/mapetitetable.fr\\\/puzzle\\\/#breadcrumb\",\"itemListElement\":[{\"@type\":\"ListItem\",\"position\":1,\"name\":\"Accueil\",\"item\":\"https:\\\/\\\/mapetitetable.fr\\\/\"},{\"@type\":\"ListItem\",\"position\":2,\"name\":\"Puzzle\"}]},{\"@type\":\"WebSite\",\"@id\":\"https:\\\/\\\/mapetitetable.fr\\\/#website\",\"url\":\"https:\\\/\\\/mapetitetable.fr\\\/\",\"name\":\"Ma petite table\",\"description\":\"Cr\u00e9ations en bois par Estelle\",\"potentialAction\":[{\"@type\":\"SearchAction\",\"target\":{\"@type\":\"EntryPoint\",\"urlTemplate\":\"https:\\\/\\\/mapetitetable.fr\\\/?s={search_term_string}\"},\"query-input\":{\"@type\":\"PropertyValueSpecification\",\"valueRequired\":true,\"valueName\":\"search_term_string\"}}],\"inLanguage\":\"de\"}]}<\/script>\n<!-- \/ Yoast SEO plugin. -->","yoast_head_json":{"title":"Puzzle - Ma petite table","robots":{"index":"index","follow":"follow","max-snippet":"max-snippet:-1","max-image-preview":"max-image-preview:large","max-video-preview":"max-video-preview:-1"},"canonical":"https:\/\/mapetitetable.fr\/de\/puzzle\/","og_locale":"de_DE","og_type":"article","og_title":"Puzzle - Ma petite table","og_description":"Plateau en \u00e9pic\u00e9a et r\u00e9sine transparente l\u00e9g\u00e8rement bleut\u00e9e. C&#8217;est une de mes toutes premi\u00e8res r\u00e9alisations. Pour la petite histoire, j&#8217;ai r\u00e9cup\u00e9r\u00e9 les planches d&#8217;\u00e9pic\u00e9a chez un menuisier qui partait \u00e0 la retraite (\u00e0 plus de 70 ans). Les planches \u00e9taient tr\u00e8s ab\u00eem\u00e9es mais elles avaient&nbsp;&hellip;","og_url":"https:\/\/mapetitetable.fr\/de\/puzzle\/","og_site_name":"Ma petite table","article_modified_time":"2022-02-17T08:14:37+00:00","og_image":[{"url":"https:\/\/mapetitetable.fr\/wp-content\/uploads\/2022\/02\/Web_Puzzle-1024x731.jpg","type":"","width":"","height":""}],"twitter_card":"summary_large_image","twitter_misc":{"Gesch\u00e4tzte Lesezeit":"1\u00a0Minute"},"schema":{"@context":"https:\/\/schema.org","@graph":[{"@type":"WebPage","@id":"https:\/\/mapetitetable.fr\/puzzle\/","url":"https:\/\/mapetitetable.fr\/puzzle\/","name":"Puzzle - Ma petite table","isPartOf":{"@id":"https:\/\/mapetitetable.fr\/#website"},"primaryImageOfPage":{"@id":"https:\/\/mapetitetable.fr\/puzzle\/#primaryimage"},"image":{"@id":"https:\/\/mapetitetable.fr\/puzzle\/#primaryimage"},"thumbnailUrl":"https:\/\/mapetitetable.fr\/wp-content\/uploads\/2022\/02\/Web_Puzzle-1024x731.jpg","datePublished":"2021-10-28T22:12:25+00:00","dateModified":"2022-02-17T08:14:37+00:00","breadcrumb":{"@id":"https:\/\/mapetitetable.fr\/puzzle\/#breadcrumb"},"inLanguage":"de","potentialAction":[{"@type":"ReadAction","target":["https:\/\/mapetitetable.fr\/puzzle\/"]}]},{"@type":"ImageObject","inLanguage":"de","@id":"https:\/\/mapetitetable.fr\/puzzle\/#primaryimage","url":"https:\/\/mapetitetable.fr\/wp-content\/uploads\/2022\/02\/Web_Puzzle-1024x731.jpg","contentUrl":"https:\/\/mapetitetable.fr\/wp-content\/uploads\/2022\/02\/Web_Puzzle-1024x731.jpg"},{"@type":"BreadcrumbList","@id":"https:\/\/mapetitetable.fr\/puzzle\/#breadcrumb","itemListElement":[{"@type":"ListItem","position":1,"name":"Accueil","item":"https:\/\/mapetitetable.fr\/"},{"@type":"ListItem","position":2,"name":"Puzzle"}]},{"@type":"WebSite","@id":"https:\/\/mapetitetable.fr\/#website","url":"https:\/\/mapetitetable.fr\/","name":"Ma petite table","description":"Cr\u00e9ations en bois par Estelle","potentialAction":[{"@type":"SearchAction","target":{"@type":"EntryPoint","urlTemplate":"https:\/\/mapetitetable.fr\/?s={search_term_string}"},"query-input":{"@type":"PropertyValueSpecification","valueRequired":true,"valueName":"search_term_string"}}],"inLanguage":"de"}]}},"_links":{"self":[{"href":"https:\/\/mapetitetable.fr\/de\/wp-json\/wp\/v2\/pages\/697","targetHints":{"allow":["GET"]}}],"collection":[{"href":"https:\/\/mapetitetable.fr\/de\/wp-json\/wp\/v2\/pages"}],"about":[{"href":"https:\/\/mapetitetable.fr\/de\/wp-json\/wp\/v2\/types\/page"}],"author":[{"embeddable":true,"href":"https:\/\/mapetitetable.fr\/de\/wp-json\/wp\/v2\/users\/1"}],"replies":[{"embeddable":true,"href":"https:\/\/mapetitetable.fr\/de\/wp-json\/wp\/v2\/comments?post=697"}],"version-history":[{"count":10,"href":"https:\/\/mapetitetable.fr\/de\/wp-json\/wp\/v2\/pages\/697\/revisions"}],"predecessor-version":[{"id":1168,"href":"https:\/\/mapetitetable.fr\/de\/wp-json\/wp\/v2\/pages\/697\/revisions\/1168"}],"wp:attachment":[{"href":"https:\/\/mapetitetable.fr\/de\/wp-json\/wp\/v2\/media?parent=697"}],"curies":[{"name":"wp","href":"https:\/\/api.w.org\/{rel}","templated":true}]}}