{"id":909,"date":"2022-02-15T18:34:31","date_gmt":"2022-02-15T18:34:31","guid":{"rendered":"https:\/\/mapetitetable.fr\/?page_id=909"},"modified":"2022-02-17T08:22:17","modified_gmt":"2022-02-17T08:22:17","slug":"capitaine-flamme","status":"publish","type":"page","link":"https:\/\/mapetitetable.fr\/de\/capitaine-flamme\/","title":{"rendered":"Capitaine Flamme"},"content":{"rendered":"<p>Plateau en fr\u00eane et r\u00e9sine indigo.<\/p>\n\n\n\n<p>Ce plateau est constitu\u00e9 de 6 planches de fr\u00eane, dont j\u2019ai sculpt\u00e9 l\u2019extr\u00e9mit\u00e9 int\u00e9rieure de fa\u00e7on obtenir des formes arrondies et du relief.<\/p>\n\n\n\n<p>Le relief fait que la r\u00e9sine s\u2019est parfois d\u00e9plac\u00e9e vers l\u2019ext\u00e9rieur du plateau, remontant la pente douce.<\/p>\n\n\n\n<p>A l\u2019origine, j\u2019avais sculpt\u00e9 le fr\u00eane pour faire des essais de forme pour la table de bar d\u2019un client.<\/p>\n\n\n\n<p>Le but du jeu \u00e9tait double : en associant les planches 2 par 2 et en coulant une r\u00e9sine de couleur diff\u00e9rente \u00e0 chaque fois (3 tests), je testais \u00e0 la fois la forme de la rivi\u00e8re et la couleur.<\/p>\n\n\n\n<p>Et puis mon mari et mon fils sont pass\u00e9s \u00e0 l\u2019atelier, me disant que j\u2019\u00e9tais folle d\u2019avoir sculpt\u00e9 tout ce bois juste pour des essais\u2026<\/p>\n\n\n\n<p>J\u2019ai c\u00e9d\u00e9 \u00e0 la pression familiale avec grand plaisir et j\u2019ai r\u00e9alis\u00e9 ce plateau de table basse.<\/p>\n\n\n\n<p><\/p>\n\n\n<style>.wp-block-kadence-advancedgallery.kb-gallery-wrap-id-_d441b1-9f{overflow:hidden;}.kb-gallery-id-_d441b1-9f .kadence-blocks-gallery-item .kb-gal-image-radius, .kb-gallery-id-_d441b1-9f .kb-slide-item .kb-gal-image-radius img{border-radius:0px 0px 0px 0px;;}.kb-gallery-id-_d441b1-9f .kadence-blocks-gallery-item .kadence-blocks-gallery-item-inner .kadence-blocks-gallery-item__caption{color:#000000;}.kb-gallery-caption-style-cover-hover.kb-gallery-id-_d441b1-9f .kadence-blocks-gallery-item .kadence-blocks-gallery-item-inner .kadence-blocks-gallery-item__caption, .kb-gallery-caption-style-below.kb-gallery-id-_d441b1-9f .kadence-blocks-gallery-item .kadence-blocks-gallery-item-inner .kadence-blocks-gallery-item__caption{background:#ffffff;}.kb-gallery-wrap-id-_d441b1-9f.wp-block-kadence-advancedgallery{overflow:visible;}.kb-gallery-wrap-id-_d441b1-9f.wp-block-kadence-advancedgallery .kt-blocks-carousel{overflow:visible;}<\/style><div class=\"kb-gallery-wrap-id-_d441b1-9f alignnone wp-block-kadence-advancedgallery\"><div class=\"kb-gallery-ul kb-gallery-non-static kb-gallery-type-carousel kb-gallery-id-_d441b1-9f kb-gallery-caption-style-below kb-gallery-filter-none\" data-image-filter=\"none\" data-lightbox-caption=\"true\"><div class=\"kt-blocks-carousel splide kt-carousel-container-dotstyle-dark kt-carousel-arrowstyle-whiteondark kt-carousel-dotstyle-dark kb-slider-group-arrow kb-slider-arrow-position-center\" data-columns-xxl=\"2\" data-columns-xl=\"2\" data-columns-md=\"2\" data-columns-sm=\"2\" data-columns-xs=\"1\" data-columns-ss=\"1\" data-slider-anim-speed=\"400\" data-slider-scroll=\"1\" data-slider-arrows=\"true\" data-slider-dots=\"true\" data-slider-hover-pause=\"false\" data-slider-auto=\"\" data-slider-speed=\"7000\" data-slider-gap=\"10px\" data-slider-gap-tablet=\"10px\" data-slider-gap-mobile=\"10px\" data-show-pause-button=\"false\" data-slider-label=\"Photo Gallery Carousel\"><div class=\"splide__track\"><ul class=\"kt-blocks-carousel-init kb-gallery-carousel splide__list\"><li class=\"kb-slide-item kb-gallery-carousel-item splide__slide\"><div class=\"kadence-blocks-gallery-item\"><div class=\"kadence-blocks-gallery-item-inner\"><figure class=\"kb-gallery-figure kadence-blocks-gallery-item-has-caption\"><div class=\"kb-gal-image-radius\"><div class=\"kb-gallery-image-contain kadence-blocks-gallery-intrinsic kb-gallery-image-ratio-land32 kb-has-image-ratio-land32\" ><img decoding=\"async\" src=\"https:\/\/mapetitetable.fr\/wp-content\/uploads\/2022\/02\/Web_Capitaine_Flamme_1-1024x551.jpg\" width=\"1024\" height=\"551\" alt=\"\" data-full-image=\"https:\/\/mapetitetable.fr\/wp-content\/uploads\/2022\/02\/Web_Capitaine_Flamme_1.jpg\" data-light-image=\"https:\/\/mapetitetable.fr\/wp-content\/uploads\/2022\/02\/Web_Capitaine_Flamme_1.jpg\" data-id=\"914\" class=\"wp-image-914 skip-lazy\" srcset=\"https:\/\/mapetitetable.fr\/wp-content\/uploads\/2022\/02\/Web_Capitaine_Flamme_1-1024x551.jpg 1024w, https:\/\/mapetitetable.fr\/wp-content\/uploads\/2022\/02\/Web_Capitaine_Flamme_1-300x161.jpg 300w, https:\/\/mapetitetable.fr\/wp-content\/uploads\/2022\/02\/Web_Capitaine_Flamme_1-768x413.jpg 768w, https:\/\/mapetitetable.fr\/wp-content\/uploads\/2022\/02\/Web_Capitaine_Flamme_1-1536x826.jpg 1536w, https:\/\/mapetitetable.fr\/wp-content\/uploads\/2022\/02\/Web_Capitaine_Flamme_1-600x323.jpg 600w, https:\/\/mapetitetable.fr\/wp-content\/uploads\/2022\/02\/Web_Capitaine_Flamme_1.jpg 1941w\" sizes=\"(max-width: 1024px) 100vw, 1024px\" \/><\/div><\/div><figcaption class=\"kadence-blocks-gallery-item__caption\">Capitaine Flamme<\/figcaption><\/figure><\/div><\/div><\/li><li class=\"kb-slide-item kb-gallery-carousel-item splide__slide\"><div class=\"kadence-blocks-gallery-item\"><div class=\"kadence-blocks-gallery-item-inner\"><figure class=\"kb-gallery-figure kadence-blocks-gallery-item-has-caption\"><div class=\"kb-gal-image-radius\"><div class=\"kb-gallery-image-contain kadence-blocks-gallery-intrinsic kb-gallery-image-ratio-land32 kb-has-image-ratio-land32\" ><img decoding=\"async\" src=\"https:\/\/mapetitetable.fr\/wp-content\/uploads\/2022\/02\/Web_Capitaine_Flamme_2-1024x576.jpg\" width=\"1024\" height=\"576\" alt=\"\" data-full-image=\"https:\/\/mapetitetable.fr\/wp-content\/uploads\/2022\/02\/Web_Capitaine_Flamme_2.jpg\" data-light-image=\"https:\/\/mapetitetable.fr\/wp-content\/uploads\/2022\/02\/Web_Capitaine_Flamme_2.jpg\" data-id=\"915\" class=\"wp-image-915 skip-lazy\" srcset=\"https:\/\/mapetitetable.fr\/wp-content\/uploads\/2022\/02\/Web_Capitaine_Flamme_2-1024x576.jpg 1024w, https:\/\/mapetitetable.fr\/wp-content\/uploads\/2022\/02\/Web_Capitaine_Flamme_2-300x169.jpg 300w, https:\/\/mapetitetable.fr\/wp-content\/uploads\/2022\/02\/Web_Capitaine_Flamme_2-768x432.jpg 768w, https:\/\/mapetitetable.fr\/wp-content\/uploads\/2022\/02\/Web_Capitaine_Flamme_2-1536x864.jpg 1536w, https:\/\/mapetitetable.fr\/wp-content\/uploads\/2022\/02\/Web_Capitaine_Flamme_2-2048x1152.jpg 2048w, https:\/\/mapetitetable.fr\/wp-content\/uploads\/2022\/02\/Web_Capitaine_Flamme_2-600x338.jpg 600w\" sizes=\"(max-width: 1024px) 100vw, 1024px\" \/><\/div><\/div><figcaption class=\"kadence-blocks-gallery-item__caption\">Capitaine Flamme \u2013 Vue du haut<\/figcaption><\/figure><\/div><\/div><\/li><li class=\"kb-slide-item kb-gallery-carousel-item splide__slide\"><div class=\"kadence-blocks-gallery-item\"><div class=\"kadence-blocks-gallery-item-inner\"><figure class=\"kb-gallery-figure kadence-blocks-gallery-item-has-caption\"><div class=\"kb-gal-image-radius\"><div class=\"kb-gallery-image-contain kadence-blocks-gallery-intrinsic kb-gallery-image-ratio-land32 kb-has-image-ratio-land32\" ><img decoding=\"async\" src=\"https:\/\/mapetitetable.fr\/wp-content\/uploads\/2022\/02\/Web_Capitaine_Flamme_3_en_cours-576x1024.jpg\" width=\"576\" height=\"1024\" alt=\"\" data-full-image=\"https:\/\/mapetitetable.fr\/wp-content\/uploads\/2022\/02\/Web_Capitaine_Flamme_3_en_cours-rotated.jpg\" data-light-image=\"https:\/\/mapetitetable.fr\/wp-content\/uploads\/2022\/02\/Web_Capitaine_Flamme_3_en_cours-rotated.jpg\" data-id=\"916\" class=\"wp-image-916 skip-lazy\" srcset=\"https:\/\/mapetitetable.fr\/wp-content\/uploads\/2022\/02\/Web_Capitaine_Flamme_3_en_cours-576x1024.jpg 576w, https:\/\/mapetitetable.fr\/wp-content\/uploads\/2022\/02\/Web_Capitaine_Flamme_3_en_cours-169x300.jpg 169w, https:\/\/mapetitetable.fr\/wp-content\/uploads\/2022\/02\/Web_Capitaine_Flamme_3_en_cours-768x1365.jpg 768w, https:\/\/mapetitetable.fr\/wp-content\/uploads\/2022\/02\/Web_Capitaine_Flamme_3_en_cours-864x1536.jpg 864w, https:\/\/mapetitetable.fr\/wp-content\/uploads\/2022\/02\/Web_Capitaine_Flamme_3_en_cours-1152x2048.jpg 1152w, https:\/\/mapetitetable.fr\/wp-content\/uploads\/2022\/02\/Web_Capitaine_Flamme_3_en_cours-600x1067.jpg 600w, https:\/\/mapetitetable.fr\/wp-content\/uploads\/2022\/02\/Web_Capitaine_Flamme_3_en_cours-rotated.jpg 1440w\" sizes=\"(max-width: 576px) 100vw, 576px\" \/><\/div><\/div><figcaption class=\"kadence-blocks-gallery-item__caption\">Capitaine Flamme \u2013 Travail de la r\u00e9sine en cours<\/figcaption><\/figure><\/div><\/div><\/li><li class=\"kb-slide-item kb-gallery-carousel-item splide__slide\"><div class=\"kadence-blocks-gallery-item\"><div class=\"kadence-blocks-gallery-item-inner\"><figure class=\"kb-gallery-figure kadence-blocks-gallery-item-has-caption\"><div class=\"kb-gal-image-radius\"><div class=\"kb-gallery-image-contain kadence-blocks-gallery-intrinsic kb-gallery-image-ratio-land32 kb-has-image-ratio-land32\" ><img decoding=\"async\" src=\"https:\/\/mapetitetable.fr\/wp-content\/uploads\/2021\/12\/Capitaine_Flamme_En_cours-1024x576.jpg\" width=\"1024\" height=\"576\" alt=\"\" data-full-image=\"https:\/\/mapetitetable.fr\/wp-content\/uploads\/2021\/12\/Capitaine_Flamme_En_cours.jpg\" data-light-image=\"https:\/\/mapetitetable.fr\/wp-content\/uploads\/2021\/12\/Capitaine_Flamme_En_cours.jpg\" data-id=\"781\" class=\"wp-image-781 skip-lazy\" srcset=\"https:\/\/mapetitetable.fr\/wp-content\/uploads\/2021\/12\/Capitaine_Flamme_En_cours-1024x576.jpg 1024w, https:\/\/mapetitetable.fr\/wp-content\/uploads\/2021\/12\/Capitaine_Flamme_En_cours-600x338.jpg 600w, https:\/\/mapetitetable.fr\/wp-content\/uploads\/2021\/12\/Capitaine_Flamme_En_cours-300x169.jpg 300w, https:\/\/mapetitetable.fr\/wp-content\/uploads\/2021\/12\/Capitaine_Flamme_En_cours-768x432.jpg 768w, https:\/\/mapetitetable.fr\/wp-content\/uploads\/2021\/12\/Capitaine_Flamme_En_cours-1536x864.jpg 1536w, https:\/\/mapetitetable.fr\/wp-content\/uploads\/2021\/12\/Capitaine_Flamme_En_cours-2048x1152.jpg 2048w\" sizes=\"(max-width: 1024px) 100vw, 1024px\" \/><\/div><\/div><figcaption class=\"kadence-blocks-gallery-item__caption\">Capitaine Flamme \u2013 Le relief des sculptures<\/figcaption><\/figure><\/div><\/div><\/li><\/ul><\/div><\/div><\/div><\/div>","protected":false},"excerpt":{"rendered":"<p>Plateau en fr\u00eane et r\u00e9sine indigo. Ce plateau est constitu\u00e9 de 6 planches de fr\u00eane, dont j\u2019ai sculpt\u00e9 l\u2019extr\u00e9mit\u00e9 int\u00e9rieure de fa\u00e7on obtenir des formes arrondies et du relief. Le relief fait que la r\u00e9sine s\u2019est parfois d\u00e9plac\u00e9e vers l\u2019ext\u00e9rieur du plateau, remontant la pente&nbsp;<a class=\"read-more\" href=\"https:\/\/mapetitetable.fr\/de\/capitaine-flamme\/\">&hellip;<\/a><\/p>","protected":false},"author":1,"featured_media":0,"parent":0,"menu_order":0,"comment_status":"closed","ping_status":"closed","template":"","meta":{"ngg_post_thumbnail":0,"footnotes":""},"class_list":["post-909","page","type-page","status-publish","hentry"],"yoast_head":"<!-- This site is optimized with the Yoast SEO plugin v27.5 - https:\/\/yoast.com\/product\/yoast-seo-wordpress\/ -->\n<title>Capitaine Flamme - Ma petite table<\/title>\n<meta name=\"robots\" content=\"index, follow, max-snippet:-1, max-image-preview:large, max-video-preview:-1\" \/>\n<link rel=\"canonical\" href=\"https:\/\/mapetitetable.fr\/de\/capitaine-flamme\/\" \/>\n<meta property=\"og:locale\" content=\"de_DE\" \/>\n<meta property=\"og:type\" content=\"article\" \/>\n<meta property=\"og:title\" content=\"Capitaine Flamme - Ma petite table\" \/>\n<meta property=\"og:description\" content=\"Plateau en fr\u00eane et r\u00e9sine indigo. Ce plateau est constitu\u00e9 de 6 planches de fr\u00eane, dont j\u2019ai sculpt\u00e9 l\u2019extr\u00e9mit\u00e9 int\u00e9rieure de fa\u00e7on obtenir des formes arrondies et du relief. Le relief fait que la r\u00e9sine s\u2019est parfois d\u00e9plac\u00e9e vers l\u2019ext\u00e9rieur du plateau, remontant la pente&nbsp;&hellip;\" \/>\n<meta property=\"og:url\" content=\"https:\/\/mapetitetable.fr\/de\/capitaine-flamme\/\" \/>\n<meta property=\"og:site_name\" content=\"Ma petite table\" \/>\n<meta property=\"article:modified_time\" content=\"2022-02-17T08:22:17+00:00\" \/>\n<meta property=\"og:image\" content=\"https:\/\/mapetitetable.fr\/wp-content\/uploads\/2022\/02\/Web_Capitaine_Flamme_1-1024x551.jpg\" \/>\n<meta name=\"twitter:card\" content=\"summary_large_image\" \/>\n<meta name=\"twitter:label1\" content=\"Gesch\u00e4tzte Lesezeit\" \/>\n\t<meta name=\"twitter:data1\" content=\"1\u00a0Minute\" \/>\n<script type=\"application\/ld+json\" class=\"yoast-schema-graph\">{\"@context\":\"https:\\\/\\\/schema.org\",\"@graph\":[{\"@type\":\"WebPage\",\"@id\":\"https:\\\/\\\/mapetitetable.fr\\\/capitaine-flamme\\\/\",\"url\":\"https:\\\/\\\/mapetitetable.fr\\\/capitaine-flamme\\\/\",\"name\":\"Capitaine Flamme - Ma petite table\",\"isPartOf\":{\"@id\":\"https:\\\/\\\/mapetitetable.fr\\\/#website\"},\"primaryImageOfPage\":{\"@id\":\"https:\\\/\\\/mapetitetable.fr\\\/capitaine-flamme\\\/#primaryimage\"},\"image\":{\"@id\":\"https:\\\/\\\/mapetitetable.fr\\\/capitaine-flamme\\\/#primaryimage\"},\"thumbnailUrl\":\"https:\\\/\\\/mapetitetable.fr\\\/wp-content\\\/uploads\\\/2022\\\/02\\\/Web_Capitaine_Flamme_1-1024x551.jpg\",\"datePublished\":\"2022-02-15T18:34:31+00:00\",\"dateModified\":\"2022-02-17T08:22:17+00:00\",\"breadcrumb\":{\"@id\":\"https:\\\/\\\/mapetitetable.fr\\\/capitaine-flamme\\\/#breadcrumb\"},\"inLanguage\":\"de\",\"potentialAction\":[{\"@type\":\"ReadAction\",\"target\":[\"https:\\\/\\\/mapetitetable.fr\\\/capitaine-flamme\\\/\"]}]},{\"@type\":\"ImageObject\",\"inLanguage\":\"de\",\"@id\":\"https:\\\/\\\/mapetitetable.fr\\\/capitaine-flamme\\\/#primaryimage\",\"url\":\"https:\\\/\\\/mapetitetable.fr\\\/wp-content\\\/uploads\\\/2022\\\/02\\\/Web_Capitaine_Flamme_1-1024x551.jpg\",\"contentUrl\":\"https:\\\/\\\/mapetitetable.fr\\\/wp-content\\\/uploads\\\/2022\\\/02\\\/Web_Capitaine_Flamme_1-1024x551.jpg\"},{\"@type\":\"BreadcrumbList\",\"@id\":\"https:\\\/\\\/mapetitetable.fr\\\/capitaine-flamme\\\/#breadcrumb\",\"itemListElement\":[{\"@type\":\"ListItem\",\"position\":1,\"name\":\"Accueil\",\"item\":\"https:\\\/\\\/mapetitetable.fr\\\/\"},{\"@type\":\"ListItem\",\"position\":2,\"name\":\"Capitaine Flamme\"}]},{\"@type\":\"WebSite\",\"@id\":\"https:\\\/\\\/mapetitetable.fr\\\/#website\",\"url\":\"https:\\\/\\\/mapetitetable.fr\\\/\",\"name\":\"Ma petite table\",\"description\":\"Cr\u00e9ations en bois par Estelle\",\"potentialAction\":[{\"@type\":\"SearchAction\",\"target\":{\"@type\":\"EntryPoint\",\"urlTemplate\":\"https:\\\/\\\/mapetitetable.fr\\\/?s={search_term_string}\"},\"query-input\":{\"@type\":\"PropertyValueSpecification\",\"valueRequired\":true,\"valueName\":\"search_term_string\"}}],\"inLanguage\":\"de\"}]}<\/script>\n<!-- \/ Yoast SEO plugin. -->","yoast_head_json":{"title":"Capitaine Flamme - Ma petite table","robots":{"index":"index","follow":"follow","max-snippet":"max-snippet:-1","max-image-preview":"max-image-preview:large","max-video-preview":"max-video-preview:-1"},"canonical":"https:\/\/mapetitetable.fr\/de\/capitaine-flamme\/","og_locale":"de_DE","og_type":"article","og_title":"Capitaine Flamme - Ma petite table","og_description":"Plateau en fr\u00eane et r\u00e9sine indigo. Ce plateau est constitu\u00e9 de 6 planches de fr\u00eane, dont j\u2019ai sculpt\u00e9 l\u2019extr\u00e9mit\u00e9 int\u00e9rieure de fa\u00e7on obtenir des formes arrondies et du relief. Le relief fait que la r\u00e9sine s\u2019est parfois d\u00e9plac\u00e9e vers l\u2019ext\u00e9rieur du plateau, remontant la pente&nbsp;&hellip;","og_url":"https:\/\/mapetitetable.fr\/de\/capitaine-flamme\/","og_site_name":"Ma petite table","article_modified_time":"2022-02-17T08:22:17+00:00","og_image":[{"url":"https:\/\/mapetitetable.fr\/wp-content\/uploads\/2022\/02\/Web_Capitaine_Flamme_1-1024x551.jpg","type":"","width":"","height":""}],"twitter_card":"summary_large_image","twitter_misc":{"Gesch\u00e4tzte Lesezeit":"1\u00a0Minute"},"schema":{"@context":"https:\/\/schema.org","@graph":[{"@type":"WebPage","@id":"https:\/\/mapetitetable.fr\/capitaine-flamme\/","url":"https:\/\/mapetitetable.fr\/capitaine-flamme\/","name":"Capitaine Flamme - Ma petite table","isPartOf":{"@id":"https:\/\/mapetitetable.fr\/#website"},"primaryImageOfPage":{"@id":"https:\/\/mapetitetable.fr\/capitaine-flamme\/#primaryimage"},"image":{"@id":"https:\/\/mapetitetable.fr\/capitaine-flamme\/#primaryimage"},"thumbnailUrl":"https:\/\/mapetitetable.fr\/wp-content\/uploads\/2022\/02\/Web_Capitaine_Flamme_1-1024x551.jpg","datePublished":"2022-02-15T18:34:31+00:00","dateModified":"2022-02-17T08:22:17+00:00","breadcrumb":{"@id":"https:\/\/mapetitetable.fr\/capitaine-flamme\/#breadcrumb"},"inLanguage":"de","potentialAction":[{"@type":"ReadAction","target":["https:\/\/mapetitetable.fr\/capitaine-flamme\/"]}]},{"@type":"ImageObject","inLanguage":"de","@id":"https:\/\/mapetitetable.fr\/capitaine-flamme\/#primaryimage","url":"https:\/\/mapetitetable.fr\/wp-content\/uploads\/2022\/02\/Web_Capitaine_Flamme_1-1024x551.jpg","contentUrl":"https:\/\/mapetitetable.fr\/wp-content\/uploads\/2022\/02\/Web_Capitaine_Flamme_1-1024x551.jpg"},{"@type":"BreadcrumbList","@id":"https:\/\/mapetitetable.fr\/capitaine-flamme\/#breadcrumb","itemListElement":[{"@type":"ListItem","position":1,"name":"Accueil","item":"https:\/\/mapetitetable.fr\/"},{"@type":"ListItem","position":2,"name":"Capitaine Flamme"}]},{"@type":"WebSite","@id":"https:\/\/mapetitetable.fr\/#website","url":"https:\/\/mapetitetable.fr\/","name":"Ma petite table","description":"Cr\u00e9ations en bois par Estelle","potentialAction":[{"@type":"SearchAction","target":{"@type":"EntryPoint","urlTemplate":"https:\/\/mapetitetable.fr\/?s={search_term_string}"},"query-input":{"@type":"PropertyValueSpecification","valueRequired":true,"valueName":"search_term_string"}}],"inLanguage":"de"}]}},"_links":{"self":[{"href":"https:\/\/mapetitetable.fr\/de\/wp-json\/wp\/v2\/pages\/909","targetHints":{"allow":["GET"]}}],"collection":[{"href":"https:\/\/mapetitetable.fr\/de\/wp-json\/wp\/v2\/pages"}],"about":[{"href":"https:\/\/mapetitetable.fr\/de\/wp-json\/wp\/v2\/types\/page"}],"author":[{"embeddable":true,"href":"https:\/\/mapetitetable.fr\/de\/wp-json\/wp\/v2\/users\/1"}],"replies":[{"embeddable":true,"href":"https:\/\/mapetitetable.fr\/de\/wp-json\/wp\/v2\/comments?post=909"}],"version-history":[{"count":6,"href":"https:\/\/mapetitetable.fr\/de\/wp-json\/wp\/v2\/pages\/909\/revisions"}],"predecessor-version":[{"id":1177,"href":"https:\/\/mapetitetable.fr\/de\/wp-json\/wp\/v2\/pages\/909\/revisions\/1177"}],"wp:attachment":[{"href":"https:\/\/mapetitetable.fr\/de\/wp-json\/wp\/v2\/media?parent=909"}],"curies":[{"name":"wp","href":"https:\/\/api.w.org\/{rel}","templated":true}]}}