{"id":937,"date":"2022-02-16T10:49:52","date_gmt":"2022-02-16T10:49:52","guid":{"rendered":"https:\/\/mapetitetable.fr\/?page_id=937"},"modified":"2025-06-16T21:21:18","modified_gmt":"2025-06-16T21:21:18","slug":"a_propos","status":"publish","type":"page","link":"https:\/\/mapetitetable.fr\/de\/a_propos\/","title":{"rendered":"A propos"},"content":{"rendered":"<div style=\"height:20px\" aria-hidden=\"true\" class=\"wp-block-spacer\"><\/div>\n\n\n\n<p>Bonjour !<\/p>\n\n\n\n<p>Je suis Estelle, je fabrique des planches de pr\u00e9sentation et des planches de d\u00e9coupe en bois massif.<\/p>\n\n\n\n<p>Je choisis mon bois sur coup de c\u0153ur et je travaille le design de la planche comme un tableau.<\/p>\n\n\n\n<p>Mon atelier est situ\u00e9 \u00e0 <a href=\"https:\/\/goo.gl\/maps\/KcWfKhSQDWZYfHud7\" target=\"_blank\" rel=\"noreferrer noopener\">Saint-Maur-des-Foss\u00e9s<\/a> dans le Val-de-Marne.<\/p>\n\n\n\n<p>Auparavant, je cr\u00e9ais des plateaux de table en bois massif et en r\u00e9sine \u00e9poxy. Vous trouverez donc sur ce site, en plus des planches de pr\u00e9sentation et de d\u00e9coupe, quelques-unes de mes r\u00e9alisations en bois et r\u00e9sine.<\/p>\n\n\n\n<p>Si vous voulez en savoir un peu plus sur moi et les mat\u00e9riaux que j&#8217;utilise, cliquez ci-dessous !<\/p>\n\n\n\n<div style=\"height:30px\" aria-hidden=\"true\" class=\"wp-block-spacer\"><\/div>\n\n\n\n<div class=\"wp-block-columns is-layout-flex wp-container-core-columns-is-layout-9d6595d7 wp-block-columns-is-layout-flex\">\n<div class=\"wp-block-column is-layout-flow wp-block-column-is-layout-flow\" style=\"flex-basis:100%\">\n<div class=\"wp-block-columns is-layout-flex wp-container-core-columns-is-layout-9d6595d7 wp-block-columns-is-layout-flex\">\n<div class=\"wp-block-column is-layout-flow wp-block-column-is-layout-flow\" style=\"flex-basis:50%\"><style>.wp-block-kadence-column.kb-section-dir-horizontal > .kt-inside-inner-col > .kt-info-box937_ca4a4b-32{max-width:100%;}.wp-block-kadence-column.kb-section-dir-horizontal > .kt-inside-inner-col > .kt-info-box937_ca4a4b-32 .kt-blocks-info-box-link-wrap{max-width:unset;}.kt-info-box937_ca4a4b-32 .kt-blocks-info-box-link-wrap{border-top:2px solid #eeeeee;border-right:2px solid #eeeeee;border-bottom:2px solid #eeeeee;border-left:2px solid #eeeeee;border-top-left-radius:0px;border-top-right-radius:0px;border-bottom-right-radius:0px;border-bottom-left-radius:0px;background:#ffffff;max-width:100%;padding-top:20px;padding-right:20px;padding-bottom:20px;padding-left:20px;}.kt-info-box937_ca4a4b-32 .kt-blocks-info-box-media-align-top .kt-blocks-info-box-media-container{max-width:100%;}.kt-info-box937_ca4a4b-32 .kt-blocks-info-box-link-wrap:hover{background:#ffffff;}.kt-info-box937_ca4a4b-32.wp-block-kadence-infobox{max-width:100%;}.kt-info-box937_ca4a4b-32 .kadence-info-box-image-inner-intrisic-container{max-width:200px;}.kt-info-box937_ca4a4b-32 .kadence-info-box-image-inner-intrisic-container .kadence-info-box-image-intrisic{padding-bottom:100%;width:1280px;height:0px;max-width:100%;}.kt-info-box937_ca4a4b-32 .kadence-info-box-icon-container .kt-info-svg-icon, .kt-info-box937_ca4a4b-32 .kt-info-svg-icon-flip, .kt-info-box937_ca4a4b-32 .kt-blocks-info-box-number{font-size:50px;}.kt-info-box937_ca4a4b-32 .kt-blocks-info-box-media{color:#444444;background:#eeeeee;border-radius:200px;overflow:hidden;border-top-width:0px;border-right-width:0px;border-bottom-width:0px;border-left-width:0px;padding-top:0px;padding-right:0px;padding-bottom:0px;padding-left:0px;}.kt-info-box937_ca4a4b-32 .kt-blocks-info-box-media-container{margin-top:0px;margin-right:15px;margin-bottom:10px;margin-left:15px;}.kt-info-box937_ca4a4b-32 .kt-blocks-info-box-link-wrap:hover .kt-blocks-info-box-media{color:#444444;background:#eeeeee;}.kt-info-box937_ca4a4b-32 .kt-infobox-textcontent h2.kt-blocks-info-box-title{padding-top:0px;padding-right:0px;padding-bottom:0px;padding-left:0px;margin-top:5px;margin-right:0px;margin-bottom:10px;margin-left:0px;}.kt-info-box937_ca4a4b-32 .kt-infobox-textcontent .kt-blocks-info-box-text{color:#555555;}.kt-info-box937_ca4a4b-32 .kt-blocks-info-box-text{min-height:100px;}.kt-info-box937_ca4a4b-32 .kt-blocks-info-box-learnmore{background:transparent;border-color:#555555;border-width:0px 0px 0px 0px;padding-top:4px;padding-right:8px;padding-bottom:4px;padding-left:8px;margin-top:10px;margin-right:0px;margin-bottom:10px;margin-left:0px;}.kt-info-box937_ca4a4b-32 .kt-blocks-info-box-link-wrap:hover .kt-blocks-info-box-learnmore,.kt-info-box937_ca4a4b-32 .kt-blocks-info-box-link-wrap .kt-blocks-info-box-learnmore:focus{color:#ffffff;background:#444444;border-color:#444444;}@media all and (max-width: 1024px){.kt-info-box937_ca4a4b-32 .kt-blocks-info-box-link-wrap{border-top:2px solid #eeeeee;border-right:2px solid #eeeeee;border-bottom:2px solid #eeeeee;border-left:2px solid #eeeeee;}}@media all and (max-width: 767px){.kt-info-box937_ca4a4b-32 .kt-blocks-info-box-link-wrap{border-top:2px solid #eeeeee;border-right:2px solid #eeeeee;border-bottom:2px solid #eeeeee;border-left:2px solid #eeeeee;}}<\/style>\n<div class=\"wp-block-kadence-infobox kt-info-box937_ca4a4b-32\"><a class=\"kt-blocks-info-box-link-wrap info-box-link kt-blocks-info-box-media-align-top kt-info-halign-center\" href=\"https:\/\/mapetitetable.fr\/de\/estelle\/\"><div class=\"kt-blocks-info-box-media-container\"><div class=\"kt-blocks-info-box-media kt-info-media-animate-none\"><div class=\"kadence-info-box-image-inner-intrisic-container\"><div class=\"kadence-info-box-image-intrisic kt-info-animate-none kb-info-box-image-ratio kb-info-box-image-ratio-square\"><div class=\"kadence-info-box-image-inner-intrisic\"><img decoding=\"async\" src=\"https:\/\/mapetitetable.fr\/wp-content\/uploads\/2022\/02\/Estelle.jpg\" alt=\"\" width=\"1280\" height=\"960\" class=\"kt-info-box-image wp-image-940\" srcset=\"https:\/\/mapetitetable.fr\/wp-content\/uploads\/2022\/02\/Estelle.jpg 1280w, https:\/\/mapetitetable.fr\/wp-content\/uploads\/2022\/02\/Estelle-300x225.jpg 300w, https:\/\/mapetitetable.fr\/wp-content\/uploads\/2022\/02\/Estelle-1024x768.jpg 1024w, https:\/\/mapetitetable.fr\/wp-content\/uploads\/2022\/02\/Estelle-768x576.jpg 768w, https:\/\/mapetitetable.fr\/wp-content\/uploads\/2022\/02\/Estelle-600x450.jpg 600w\" sizes=\"(max-width: 1280px) 100vw, 1280px\" \/><\/div><\/div><\/div><\/div><\/div><div class=\"kt-infobox-textcontent\"><h2 class=\"kt-blocks-info-box-title\">Estelle<\/h2><p class=\"kt-blocks-info-box-text\">Estelle est \u00e0 l&#8217;origine de la cr\u00e9ation de Ma petite table.<br>Elle a commenc\u00e9 par des \u00e9tudes de sciences (physique fondamentale et volcanologie), a d\u00e9but\u00e9 sa carri\u00e8re professionnelle dans le d\u00e9veloppement informatique puis a bifurqu\u00e9 vers le conseil &#8230;<br>   <\/p><div class=\"kt-blocks-info-box-learnmore-wrap\"><span class=\"kt-blocks-info-box-learnmore\">En savoir plus sur Estelle<\/span><\/div><\/div><\/a><\/div>\n<\/div>\n\n\n\n<div class=\"wp-block-column is-layout-flow wp-block-column-is-layout-flow\" style=\"flex-basis:50%\"><style>.wp-block-kadence-column.kb-section-dir-horizontal > .kt-inside-inner-col > .kt-info-box937_242e4e-a0{max-width:400px;}.wp-block-kadence-column.kb-section-dir-horizontal > .kt-inside-inner-col > .kt-info-box937_242e4e-a0 .kt-blocks-info-box-link-wrap{max-width:unset;}.kt-info-box937_242e4e-a0 .kt-blocks-info-box-link-wrap{border-top:2px solid #eeeeee;border-right:2px solid #eeeeee;border-bottom:2px solid #eeeeee;border-left:2px solid #eeeeee;border-top-left-radius:0px;border-top-right-radius:0px;border-bottom-right-radius:0px;border-bottom-left-radius:0px;background:#ffffff;max-width:400px;padding-top:20px;padding-right:20px;padding-bottom:20px;padding-left:20px;}.kt-info-box937_242e4e-a0 .kt-blocks-info-box-link-wrap:hover{background:#ffffff;}.kt-info-box937_242e4e-a0.wp-block-kadence-infobox{max-width:100%;}.kt-info-box937_242e4e-a0 .kadence-info-box-image-inner-intrisic-container{max-width:200px;}.kt-info-box937_242e4e-a0 .kadence-info-box-image-inner-intrisic-container .kadence-info-box-image-intrisic{padding-bottom:100%;width:1649px;height:0px;max-width:100%;}.kt-info-box937_242e4e-a0 .kadence-info-box-icon-container .kt-info-svg-icon, .kt-info-box937_242e4e-a0 .kt-info-svg-icon-flip, .kt-info-box937_242e4e-a0 .kt-blocks-info-box-number{font-size:50px;}.kt-info-box937_242e4e-a0 .kt-blocks-info-box-media{color:#444444;background:#eeeeee;border-radius:200px;overflow:hidden;border-top-width:0px;border-right-width:0px;border-bottom-width:0px;border-left-width:0px;padding-top:0px;padding-right:0px;padding-bottom:0px;padding-left:0px;}.kt-info-box937_242e4e-a0 .kt-blocks-info-box-media-container{margin-top:0px;margin-right:15px;margin-bottom:10px;margin-left:15px;}.kt-info-box937_242e4e-a0 .kt-blocks-info-box-link-wrap:hover .kt-blocks-info-box-media{color:#444444;background:#eeeeee;}.kt-info-box937_242e4e-a0 .kt-infobox-textcontent h2.kt-blocks-info-box-title{padding-top:0px;padding-right:0px;padding-bottom:0px;padding-left:0px;margin-top:5px;margin-right:0px;margin-bottom:10px;margin-left:0px;}.kt-info-box937_242e4e-a0 .kt-infobox-textcontent .kt-blocks-info-box-text{color:#555555;}.kt-info-box937_242e4e-a0 .kt-blocks-info-box-text{min-height:100px;}.kt-info-box937_242e4e-a0 .kt-blocks-info-box-learnmore{background:transparent;border-color:#555555;border-width:0px 0px 0px 0px;padding-top:4px;padding-right:8px;padding-bottom:4px;padding-left:8px;margin-top:10px;margin-right:0px;margin-bottom:10px;margin-left:0px;}.kt-info-box937_242e4e-a0 .kt-blocks-info-box-link-wrap:hover .kt-blocks-info-box-learnmore,.kt-info-box937_242e4e-a0 .kt-blocks-info-box-link-wrap .kt-blocks-info-box-learnmore:focus{color:#ffffff;background:#444444;border-color:#444444;}@media all and (max-width: 1024px){.kt-info-box937_242e4e-a0 .kt-blocks-info-box-link-wrap{border-top:2px solid #eeeeee;border-right:2px solid #eeeeee;border-bottom:2px solid #eeeeee;border-left:2px solid #eeeeee;}}@media all and (max-width: 767px){.kt-info-box937_242e4e-a0 .kt-blocks-info-box-link-wrap{border-top:2px solid #eeeeee;border-right:2px solid #eeeeee;border-bottom:2px solid #eeeeee;border-left:2px solid #eeeeee;}}<\/style>\n<div class=\"wp-block-kadence-infobox kt-info-box937_242e4e-a0\"><a class=\"kt-blocks-info-box-link-wrap info-box-link kt-blocks-info-box-media-align-top kt-info-halign-center\" href=\"https:\/\/mapetitetable.fr\/de\/nos-materiaux\/\"><div class=\"kt-blocks-info-box-media-container\"><div class=\"kt-blocks-info-box-media kt-info-media-animate-none\"><div class=\"kadence-info-box-image-inner-intrisic-container\"><div class=\"kadence-info-box-image-intrisic kt-info-animate-none kb-info-box-image-ratio kb-info-box-image-ratio-square\"><div class=\"kadence-info-box-image-inner-intrisic\"><img decoding=\"async\" src=\"https:\/\/mapetitetable.fr\/wp-content\/uploads\/2022\/02\/Bois_2.jpg\" alt=\"\" width=\"1649\" height=\"1440\" class=\"kt-info-box-image wp-image-948\" srcset=\"https:\/\/mapetitetable.fr\/wp-content\/uploads\/2022\/02\/Bois_2.jpg 1649w, https:\/\/mapetitetable.fr\/wp-content\/uploads\/2022\/02\/Bois_2-300x262.jpg 300w, https:\/\/mapetitetable.fr\/wp-content\/uploads\/2022\/02\/Bois_2-1024x894.jpg 1024w, https:\/\/mapetitetable.fr\/wp-content\/uploads\/2022\/02\/Bois_2-768x671.jpg 768w, https:\/\/mapetitetable.fr\/wp-content\/uploads\/2022\/02\/Bois_2-1536x1341.jpg 1536w, https:\/\/mapetitetable.fr\/wp-content\/uploads\/2022\/02\/Bois_2-600x524.jpg 600w\" sizes=\"(max-width: 1649px) 100vw, 1649px\" \/><\/div><\/div><\/div><\/div><\/div><div class=\"kt-infobox-textcontent\"><h2 class=\"kt-blocks-info-box-title\">Mes mat\u00e9riaux<\/h2><p class=\"kt-blocks-info-box-text\">Le bois<br>La r\u00e9sine \/ Les pigments<br>Les pieds<br>  <\/p><div class=\"kt-blocks-info-box-learnmore-wrap\"><span class=\"kt-blocks-info-box-learnmore\">En savoir plus sur Mes mat\u00e9riaux<\/span><\/div><\/div><\/a><\/div>\n<\/div>\n<\/div>\n<\/div>\n<\/div>\n\n\n\n<p><\/p>","protected":false},"excerpt":{"rendered":"<p>Bonjour ! Je suis Estelle, je fabrique des planches de pr\u00e9sentation et des planches de d\u00e9coupe en bois massif. Je choisis mon bois sur coup de c\u0153ur et je travaille le design de la planche comme un tableau. Mon atelier est situ\u00e9 \u00e0 Saint-Maur-des-Foss\u00e9s dans&nbsp;<a class=\"read-more\" href=\"https:\/\/mapetitetable.fr\/de\/a_propos\/\">&hellip;<\/a><\/p>","protected":false},"author":1,"featured_media":0,"parent":0,"menu_order":0,"comment_status":"closed","ping_status":"closed","template":"","meta":{"ngg_post_thumbnail":0,"footnotes":""},"class_list":["post-937","page","type-page","status-publish","hentry"],"yoast_head":"<!-- This site is optimized with the Yoast SEO plugin v27.4 - https:\/\/yoast.com\/product\/yoast-seo-wordpress\/ -->\n<title>A propos - Ma petite table<\/title>\n<meta name=\"robots\" content=\"index, follow, max-snippet:-1, max-image-preview:large, max-video-preview:-1\" \/>\n<link rel=\"canonical\" href=\"https:\/\/mapetitetable.fr\/de\/a_propos\/\" \/>\n<meta property=\"og:locale\" content=\"de_DE\" \/>\n<meta property=\"og:type\" content=\"article\" \/>\n<meta property=\"og:title\" content=\"A propos - Ma petite table\" \/>\n<meta property=\"og:description\" content=\"Bonjour ! Je suis Estelle, je fabrique des planches de pr\u00e9sentation et des planches de d\u00e9coupe en bois massif. Je choisis mon bois sur coup de c\u0153ur et je travaille le design de la planche comme un tableau. Mon atelier est situ\u00e9 \u00e0 Saint-Maur-des-Foss\u00e9s dans&nbsp;&hellip;\" \/>\n<meta property=\"og:url\" content=\"https:\/\/mapetitetable.fr\/de\/a_propos\/\" \/>\n<meta property=\"og:site_name\" content=\"Ma petite table\" \/>\n<meta property=\"article:modified_time\" content=\"2025-06-16T21:21:18+00:00\" \/>\n<meta property=\"og:image\" content=\"https:\/\/mapetitetable.fr\/wp-content\/uploads\/2022\/02\/Estelle.jpg\" \/>\n\t<meta property=\"og:image:width\" content=\"1280\" \/>\n\t<meta property=\"og:image:height\" content=\"960\" \/>\n\t<meta property=\"og:image:type\" content=\"image\/jpeg\" \/>\n<meta name=\"twitter:card\" content=\"summary_large_image\" \/>\n<meta name=\"twitter:label1\" content=\"Gesch\u00e4tzte Lesezeit\" \/>\n\t<meta name=\"twitter:data1\" content=\"2\u00a0Minuten\" \/>\n<script type=\"application\/ld+json\" class=\"yoast-schema-graph\">{\"@context\":\"https:\\\/\\\/schema.org\",\"@graph\":[{\"@type\":\"WebPage\",\"@id\":\"https:\\\/\\\/mapetitetable.fr\\\/a_propos\\\/\",\"url\":\"https:\\\/\\\/mapetitetable.fr\\\/a_propos\\\/\",\"name\":\"A propos - Ma petite table\",\"isPartOf\":{\"@id\":\"https:\\\/\\\/mapetitetable.fr\\\/#website\"},\"primaryImageOfPage\":{\"@id\":\"https:\\\/\\\/mapetitetable.fr\\\/a_propos\\\/#primaryimage\"},\"image\":{\"@id\":\"https:\\\/\\\/mapetitetable.fr\\\/a_propos\\\/#primaryimage\"},\"thumbnailUrl\":\"https:\\\/\\\/mapetitetable.fr\\\/wp-content\\\/uploads\\\/2022\\\/02\\\/Estelle.jpg\",\"datePublished\":\"2022-02-16T10:49:52+00:00\",\"dateModified\":\"2025-06-16T21:21:18+00:00\",\"breadcrumb\":{\"@id\":\"https:\\\/\\\/mapetitetable.fr\\\/a_propos\\\/#breadcrumb\"},\"inLanguage\":\"de\",\"potentialAction\":[{\"@type\":\"ReadAction\",\"target\":[\"https:\\\/\\\/mapetitetable.fr\\\/a_propos\\\/\"]}]},{\"@type\":\"ImageObject\",\"inLanguage\":\"de\",\"@id\":\"https:\\\/\\\/mapetitetable.fr\\\/a_propos\\\/#primaryimage\",\"url\":\"https:\\\/\\\/mapetitetable.fr\\\/wp-content\\\/uploads\\\/2022\\\/02\\\/Estelle.jpg\",\"contentUrl\":\"https:\\\/\\\/mapetitetable.fr\\\/wp-content\\\/uploads\\\/2022\\\/02\\\/Estelle.jpg\"},{\"@type\":\"BreadcrumbList\",\"@id\":\"https:\\\/\\\/mapetitetable.fr\\\/a_propos\\\/#breadcrumb\",\"itemListElement\":[{\"@type\":\"ListItem\",\"position\":1,\"name\":\"Accueil\",\"item\":\"https:\\\/\\\/mapetitetable.fr\\\/\"},{\"@type\":\"ListItem\",\"position\":2,\"name\":\"A propos\"}]},{\"@type\":\"WebSite\",\"@id\":\"https:\\\/\\\/mapetitetable.fr\\\/#website\",\"url\":\"https:\\\/\\\/mapetitetable.fr\\\/\",\"name\":\"Ma petite table\",\"description\":\"Cr\u00e9ations en bois par Estelle\",\"potentialAction\":[{\"@type\":\"SearchAction\",\"target\":{\"@type\":\"EntryPoint\",\"urlTemplate\":\"https:\\\/\\\/mapetitetable.fr\\\/?s={search_term_string}\"},\"query-input\":{\"@type\":\"PropertyValueSpecification\",\"valueRequired\":true,\"valueName\":\"search_term_string\"}}],\"inLanguage\":\"de\"}]}<\/script>\n<!-- \/ Yoast SEO plugin. -->","yoast_head_json":{"title":"A propos - Ma petite table","robots":{"index":"index","follow":"follow","max-snippet":"max-snippet:-1","max-image-preview":"max-image-preview:large","max-video-preview":"max-video-preview:-1"},"canonical":"https:\/\/mapetitetable.fr\/de\/a_propos\/","og_locale":"de_DE","og_type":"article","og_title":"A propos - Ma petite table","og_description":"Bonjour ! Je suis Estelle, je fabrique des planches de pr\u00e9sentation et des planches de d\u00e9coupe en bois massif. Je choisis mon bois sur coup de c\u0153ur et je travaille le design de la planche comme un tableau. Mon atelier est situ\u00e9 \u00e0 Saint-Maur-des-Foss\u00e9s dans&nbsp;&hellip;","og_url":"https:\/\/mapetitetable.fr\/de\/a_propos\/","og_site_name":"Ma petite table","article_modified_time":"2025-06-16T21:21:18+00:00","og_image":[{"width":1280,"height":960,"url":"https:\/\/mapetitetable.fr\/wp-content\/uploads\/2022\/02\/Estelle.jpg","type":"image\/jpeg"}],"twitter_card":"summary_large_image","twitter_misc":{"Gesch\u00e4tzte Lesezeit":"2\u00a0Minuten"},"schema":{"@context":"https:\/\/schema.org","@graph":[{"@type":"WebPage","@id":"https:\/\/mapetitetable.fr\/a_propos\/","url":"https:\/\/mapetitetable.fr\/a_propos\/","name":"A propos - Ma petite table","isPartOf":{"@id":"https:\/\/mapetitetable.fr\/#website"},"primaryImageOfPage":{"@id":"https:\/\/mapetitetable.fr\/a_propos\/#primaryimage"},"image":{"@id":"https:\/\/mapetitetable.fr\/a_propos\/#primaryimage"},"thumbnailUrl":"https:\/\/mapetitetable.fr\/wp-content\/uploads\/2022\/02\/Estelle.jpg","datePublished":"2022-02-16T10:49:52+00:00","dateModified":"2025-06-16T21:21:18+00:00","breadcrumb":{"@id":"https:\/\/mapetitetable.fr\/a_propos\/#breadcrumb"},"inLanguage":"de","potentialAction":[{"@type":"ReadAction","target":["https:\/\/mapetitetable.fr\/a_propos\/"]}]},{"@type":"ImageObject","inLanguage":"de","@id":"https:\/\/mapetitetable.fr\/a_propos\/#primaryimage","url":"https:\/\/mapetitetable.fr\/wp-content\/uploads\/2022\/02\/Estelle.jpg","contentUrl":"https:\/\/mapetitetable.fr\/wp-content\/uploads\/2022\/02\/Estelle.jpg"},{"@type":"BreadcrumbList","@id":"https:\/\/mapetitetable.fr\/a_propos\/#breadcrumb","itemListElement":[{"@type":"ListItem","position":1,"name":"Accueil","item":"https:\/\/mapetitetable.fr\/"},{"@type":"ListItem","position":2,"name":"A propos"}]},{"@type":"WebSite","@id":"https:\/\/mapetitetable.fr\/#website","url":"https:\/\/mapetitetable.fr\/","name":"Ma petite table","description":"Cr\u00e9ations en bois par Estelle","potentialAction":[{"@type":"SearchAction","target":{"@type":"EntryPoint","urlTemplate":"https:\/\/mapetitetable.fr\/?s={search_term_string}"},"query-input":{"@type":"PropertyValueSpecification","valueRequired":true,"valueName":"search_term_string"}}],"inLanguage":"de"}]}},"_links":{"self":[{"href":"https:\/\/mapetitetable.fr\/de\/wp-json\/wp\/v2\/pages\/937","targetHints":{"allow":["GET"]}}],"collection":[{"href":"https:\/\/mapetitetable.fr\/de\/wp-json\/wp\/v2\/pages"}],"about":[{"href":"https:\/\/mapetitetable.fr\/de\/wp-json\/wp\/v2\/types\/page"}],"author":[{"embeddable":true,"href":"https:\/\/mapetitetable.fr\/de\/wp-json\/wp\/v2\/users\/1"}],"replies":[{"embeddable":true,"href":"https:\/\/mapetitetable.fr\/de\/wp-json\/wp\/v2\/comments?post=937"}],"version-history":[{"count":55,"href":"https:\/\/mapetitetable.fr\/de\/wp-json\/wp\/v2\/pages\/937\/revisions"}],"predecessor-version":[{"id":2042,"href":"https:\/\/mapetitetable.fr\/de\/wp-json\/wp\/v2\/pages\/937\/revisions\/2042"}],"wp:attachment":[{"href":"https:\/\/mapetitetable.fr\/de\/wp-json\/wp\/v2\/media?parent=937"}],"curies":[{"name":"wp","href":"https:\/\/api.w.org\/{rel}","templated":true}]}}