{"id":952,"date":"2022-02-16T10:49:21","date_gmt":"2022-02-16T10:49:21","guid":{"rendered":"https:\/\/mapetitetable.fr\/?page_id=952"},"modified":"2022-02-16T10:49:22","modified_gmt":"2022-02-16T10:49:22","slug":"estelle","status":"publish","type":"page","link":"https:\/\/mapetitetable.fr\/de\/estelle\/","title":{"rendered":"Estelle"},"content":{"rendered":"<div class=\"wp-block-media-text alignwide is-stacked-on-mobile is-image-fill\"><figure class=\"wp-block-media-text__media\" style=\"background-image:url(https:\/\/mapetitetable.fr\/wp-content\/uploads\/2022\/02\/Auvergne-1024x618.jpg);background-position:50% 50%\"><img decoding=\"async\" width=\"1024\" height=\"618\" src=\"https:\/\/mapetitetable.fr\/wp-content\/uploads\/2022\/02\/Auvergne-1024x618.jpg\" alt=\"\" class=\"wp-image-959 size-full\" srcset=\"https:\/\/mapetitetable.fr\/wp-content\/uploads\/2022\/02\/Auvergne-1024x618.jpg 1024w, https:\/\/mapetitetable.fr\/wp-content\/uploads\/2022\/02\/Auvergne-300x181.jpg 300w, https:\/\/mapetitetable.fr\/wp-content\/uploads\/2022\/02\/Auvergne-768x463.jpg 768w, https:\/\/mapetitetable.fr\/wp-content\/uploads\/2022\/02\/Auvergne-600x362.jpg 600w, https:\/\/mapetitetable.fr\/wp-content\/uploads\/2022\/02\/Auvergne.jpg 1097w\" sizes=\"(max-width: 1024px) 100vw, 1024px\" \/><\/figure><div class=\"wp-block-media-text__content\">\n<p class=\"has-drop-cap\">Estelle a pass\u00e9 une bonne partie de ses \u00e9t\u00e9s en famille en Auvergne, \u00e0 suivre Papa Maman chez les antiquaires et brocanteurs, avec Maman amoureuse du bois.<br>Ca c\u2019\u00e9tait l\u2019enfance et l\u2019adolescence.<\/p>\n<\/div><\/div>\n\n\n\n<div style=\"height:30px\" aria-hidden=\"true\" class=\"wp-block-spacer\"><\/div>\n\n\n\n<div class=\"wp-block-media-text alignwide has-media-on-the-right is-stacked-on-mobile\"><figure class=\"wp-block-media-text__media\"><img decoding=\"async\" width=\"745\" height=\"368\" src=\"https:\/\/mapetitetable.fr\/wp-content\/uploads\/2022\/02\/Clavier_mains_a_droite.jpg\" alt=\"\" class=\"wp-image-953 size-full\" srcset=\"https:\/\/mapetitetable.fr\/wp-content\/uploads\/2022\/02\/Clavier_mains_a_droite.jpg 745w, https:\/\/mapetitetable.fr\/wp-content\/uploads\/2022\/02\/Clavier_mains_a_droite-300x148.jpg 300w, https:\/\/mapetitetable.fr\/wp-content\/uploads\/2022\/02\/Clavier_mains_a_droite-600x296.jpg 600w\" sizes=\"(max-width: 745px) 100vw, 745px\" \/><\/figure><div class=\"wp-block-media-text__content\">\n<p>Jeune adulte, le bois sort de la t\u00eate d\u2019Estelle : les \u00e9tudes (longues), le 1er boulot, la t\u00eate dans le guidon, gagner sa cro\u00fbte, la journ\u00e9e devant un clavier, \u2026<\/p>\n<\/div><\/div>\n\n\n\n<div style=\"height:30px\" aria-hidden=\"true\" class=\"wp-block-spacer\"><\/div>\n\n\n\n<div class=\"wp-block-media-text alignwide is-stacked-on-mobile\"><figure class=\"wp-block-media-text__media\"><img decoding=\"async\" width=\"341\" height=\"342\" src=\"https:\/\/mapetitetable.fr\/wp-content\/uploads\/2022\/02\/Ecole_dessin.jpg\" alt=\"\" class=\"wp-image-956 size-full\" srcset=\"https:\/\/mapetitetable.fr\/wp-content\/uploads\/2022\/02\/Ecole_dessin.jpg 341w, https:\/\/mapetitetable.fr\/wp-content\/uploads\/2022\/02\/Ecole_dessin-300x300.jpg 300w, https:\/\/mapetitetable.fr\/wp-content\/uploads\/2022\/02\/Ecole_dessin-150x150.jpg 150w, https:\/\/mapetitetable.fr\/wp-content\/uploads\/2022\/02\/Ecole_dessin-100x100.jpg 100w\" sizes=\"(max-width: 341px) 100vw, 341px\" \/><\/figure><div class=\"wp-block-media-text__content\">\n<p>Le bois recommence \u00e0 faire surface au bout de quelques ann\u00e9es.<br>Les enfants commencent \u00e0 grandir et Papa peut les g\u00e9rer seul le soir \u00e0 la maison : Estelle teste sa motivation et ses comp\u00e9tences manuelles (2 mains gauches ?) avec les cours du soir de l\u2019\u00e9cole Boulle.<br>Une ann\u00e9e difficile pour la famille parce qu\u2019Estelle est absente le soir et le samedi pour les cours et quand elle n\u2019est pas \u00e0 l\u2019\u00e9cole, elle rattrape ses heures au travail.<br>L\u2019id\u00e9e de changement de vie professionnelle fait lentement son chemin.<\/p>\n<\/div><\/div>\n\n\n\n<div style=\"height:30px\" aria-hidden=\"true\" class=\"wp-block-spacer\"><\/div>\n\n\n\n<div class=\"wp-block-media-text alignwide has-media-on-the-right is-stacked-on-mobile\"><figure class=\"wp-block-media-text__media\"><img decoding=\"async\" width=\"398\" height=\"363\" src=\"https:\/\/mapetitetable.fr\/wp-content\/uploads\/2022\/02\/Bye.jpg\" alt=\"\" class=\"wp-image-962 size-full\" srcset=\"https:\/\/mapetitetable.fr\/wp-content\/uploads\/2022\/02\/Bye.jpg 398w, https:\/\/mapetitetable.fr\/wp-content\/uploads\/2022\/02\/Bye-300x274.jpg 300w\" sizes=\"(max-width: 398px) 100vw, 398px\" \/><\/figure><div class=\"wp-block-media-text__content\">\n<p>A l\u2019\u00e9cole Boulle, Estelle a confirm\u00e9 que la routine n\u2019\u00e9tait pas pour elle et que le prototypage et les exp\u00e9rimentations \u00e9taient ce qui lui dessinait un sourire jusqu\u2019aux oreilles.<br>Allez ! encore 2 ann\u00e9es de d\u00e9cantation et hop ! Estelle se retrouve un jour \u00e0 annoncer \u00e0 son patron qu\u2019elle s\u2019en va tenter une autre aventure professionnelle.<br>N\u00e9gociation \u2026 Encore 6 longs mois \u00e0 passer devant un \u00e9cran mais avec une perspective lumineuse : une parenth\u00e8se \/ future vie professionnelle enchant\u00e9e !<\/p>\n<\/div><\/div>\n\n\n\n<div style=\"height:30px\" aria-hidden=\"true\" class=\"wp-block-spacer\"><\/div>\n\n\n\n<div class=\"wp-block-media-text alignwide is-stacked-on-mobile\"><figure class=\"wp-block-media-text__media\"><img decoding=\"async\" width=\"576\" height=\"1024\" src=\"https:\/\/mapetitetable.fr\/wp-content\/uploads\/2022\/02\/Kity_degau-576x1024.jpg\" alt=\"\" class=\"wp-image-964 size-full\" srcset=\"https:\/\/mapetitetable.fr\/wp-content\/uploads\/2022\/02\/Kity_degau-576x1024.jpg 576w, https:\/\/mapetitetable.fr\/wp-content\/uploads\/2022\/02\/Kity_degau-169x300.jpg 169w, https:\/\/mapetitetable.fr\/wp-content\/uploads\/2022\/02\/Kity_degau-768x1365.jpg 768w, https:\/\/mapetitetable.fr\/wp-content\/uploads\/2022\/02\/Kity_degau-864x1536.jpg 864w, https:\/\/mapetitetable.fr\/wp-content\/uploads\/2022\/02\/Kity_degau-1152x2048.jpg 1152w, https:\/\/mapetitetable.fr\/wp-content\/uploads\/2022\/02\/Kity_degau-600x1067.jpg 600w, https:\/\/mapetitetable.fr\/wp-content\/uploads\/2022\/02\/Kity_degau-scaled.jpg 1440w\" sizes=\"(max-width: 576px) 100vw, 576px\" \/><\/figure><div class=\"wp-block-media-text__content\">\n<p>Estelle r\u00e9quisitionne une partie du vieil entrep\u00f4t du fond du jardin et met en place un petit atelier.<br>Elle investit dans du mat\u00e9riel d\u2019occasion pour amateurs \u00e9clair\u00e9s : les fameuses petites Kity.<br>Elle d\u00e9marre avec un combin\u00e9 Kity des ann\u00e9es 1980 comprenant une d\u00e9gauchisseuse\/raboteuse de 20cm de large (la Kity 635), une scie sur table (qui n\u2019a jamais permis de d\u00e9couper autre chose que des tasseaux de pin :), une toupie (qu\u2019elle n\u2019ose pas utiliser) et une mortaiseuse.<br>Et trouve aussi une scie \u00e0 ruban (la Kity 613, ann\u00e9e 1982).<br>Un ami \u00e9b\u00e9niste lui fait acheter une petite d\u00e9fonceuse, outil \u00e9lectroportatif hyper polyvalent qui lui permettra de r\u00e9aliser chanfreins, rainure, \u2026<br>Un petit tour \u00e0 la scierie pour r\u00e9cup\u00e9rer des chutes, l\u2019achat de quelques flacons de r\u00e9sine et c\u2019est parti !<\/p>\n<\/div><\/div>\n\n\n\n<div style=\"height:30px\" aria-hidden=\"true\" class=\"wp-block-spacer\"><\/div>\n\n\n\n<div class=\"wp-block-media-text alignwide has-media-on-the-right is-stacked-on-mobile\"><figure class=\"wp-block-media-text__media\"><img decoding=\"async\" width=\"1024\" height=\"1024\" src=\"https:\/\/mapetitetable.fr\/wp-content\/uploads\/2022\/02\/Detail_1_format_carre-1024x1024.jpg\" alt=\"\" class=\"wp-image-966 size-full\" srcset=\"https:\/\/mapetitetable.fr\/wp-content\/uploads\/2022\/02\/Detail_1_format_carre-1024x1024.jpg 1024w, https:\/\/mapetitetable.fr\/wp-content\/uploads\/2022\/02\/Detail_1_format_carre-300x300.jpg 300w, https:\/\/mapetitetable.fr\/wp-content\/uploads\/2022\/02\/Detail_1_format_carre-150x150.jpg 150w, https:\/\/mapetitetable.fr\/wp-content\/uploads\/2022\/02\/Detail_1_format_carre-768x769.jpg 768w, https:\/\/mapetitetable.fr\/wp-content\/uploads\/2022\/02\/Detail_1_format_carre-600x600.jpg 600w, https:\/\/mapetitetable.fr\/wp-content\/uploads\/2022\/02\/Detail_1_format_carre-100x100.jpg 100w, https:\/\/mapetitetable.fr\/wp-content\/uploads\/2022\/02\/Detail_1_format_carre.jpg 1439w\" sizes=\"(max-width: 1024px) 100vw, 1024px\" \/><\/figure><div class=\"wp-block-media-text__content\">\n<p>Aujourd\u2019hui, Estelle a fait \u00e9voluer ses machines (elle a toujours une vieille d\u00e9gauchisseuse raboteuse Kity) et a diversifi\u00e9 ses sources d\u2019approvisionnement pour le bois : scieries, particuliers, r\u00e9cup\u00e9ration d\u2019anciens meubles.<br>Elle exp\u00e9rimente d\u00e8s qu\u2019elle le peut, faisant confiance au bois qu\u2019elle d\u00e9niche pour lui donner des id\u00e9es de nouvelles r\u00e9alisations.<br>Elle r\u00e9alise des tables basses, des tables de salon, des consoles, des appliques lumineuses, \u2026<\/p>\n<\/div><\/div>\n\n\n\n<div style=\"height:30px\" aria-hidden=\"true\" class=\"wp-block-spacer\"><\/div>\n\n\n\n<div class=\"wp-block-media-text alignwide is-stacked-on-mobile is-image-fill\"><figure class=\"wp-block-media-text__media\" style=\"background-image:url(https:\/\/mapetitetable.fr\/wp-content\/uploads\/2022\/02\/Votre_projet_2-576x1024.jpg);background-position:50% 50%\"><img decoding=\"async\" width=\"576\" height=\"1024\" src=\"https:\/\/mapetitetable.fr\/wp-content\/uploads\/2022\/02\/Votre_projet_2-576x1024.jpg\" alt=\"\" class=\"wp-image-968 size-full\" srcset=\"https:\/\/mapetitetable.fr\/wp-content\/uploads\/2022\/02\/Votre_projet_2-576x1024.jpg 576w, https:\/\/mapetitetable.fr\/wp-content\/uploads\/2022\/02\/Votre_projet_2-169x300.jpg 169w, https:\/\/mapetitetable.fr\/wp-content\/uploads\/2022\/02\/Votre_projet_2-768x1365.jpg 768w, https:\/\/mapetitetable.fr\/wp-content\/uploads\/2022\/02\/Votre_projet_2-864x1536.jpg 864w, https:\/\/mapetitetable.fr\/wp-content\/uploads\/2022\/02\/Votre_projet_2-1152x2048.jpg 1152w, https:\/\/mapetitetable.fr\/wp-content\/uploads\/2022\/02\/Votre_projet_2-600x1067.jpg 600w, https:\/\/mapetitetable.fr\/wp-content\/uploads\/2022\/02\/Votre_projet_2-rotated.jpg 1440w\" sizes=\"(max-width: 576px) 100vw, 576px\" \/><\/figure><div class=\"wp-block-media-text__content\">\n<p>En plus de ses cr\u00e9ations, elle peut r\u00e9aliser le petit mobilier que vous avez en t\u00eate.<br>A partir de bois \u00e0 l\u2019atelier, ou qu\u2019elle va d\u00e9nicher pour vous, ou encore \u00e0 partir de votre bois (un meuble auquel vous tenez mais qui aurait peut-\u00eatre besoin d\u2019une petite cure de rajeunissement par exemple).<br>Contactez-l\u00e0, elle sera ravie de partager son enthousiasme et son savoir-faire avec vous afin de r\u00e9aliser votre projet.<\/p>\n<\/div><\/div>","protected":false},"excerpt":{"rendered":"<p>Estelle a pass\u00e9 une bonne partie de ses \u00e9t\u00e9s en famille en Auvergne, \u00e0 suivre Papa Maman chez les antiquaires et brocanteurs, avec Maman amoureuse du bois.Ca c\u2019\u00e9tait l\u2019enfance et l\u2019adolescence. Jeune adulte, le bois sort de la t\u00eate d\u2019Estelle : les \u00e9tudes (longues), le&nbsp;<a class=\"read-more\" href=\"https:\/\/mapetitetable.fr\/de\/estelle\/\">&hellip;<\/a><\/p>","protected":false},"author":1,"featured_media":0,"parent":0,"menu_order":0,"comment_status":"closed","ping_status":"closed","template":"","meta":{"ngg_post_thumbnail":0,"footnotes":""},"class_list":["post-952","page","type-page","status-publish","hentry"],"yoast_head":"<!-- This site is optimized with the Yoast SEO plugin v27.5 - https:\/\/yoast.com\/product\/yoast-seo-wordpress\/ -->\n<title>Estelle - Ma petite table<\/title>\n<meta name=\"robots\" content=\"index, follow, max-snippet:-1, max-image-preview:large, max-video-preview:-1\" \/>\n<link rel=\"canonical\" href=\"https:\/\/mapetitetable.fr\/de\/estelle\/\" \/>\n<meta property=\"og:locale\" content=\"de_DE\" \/>\n<meta property=\"og:type\" content=\"article\" \/>\n<meta property=\"og:title\" content=\"Estelle - Ma petite table\" \/>\n<meta property=\"og:description\" content=\"Estelle a pass\u00e9 une bonne partie de ses \u00e9t\u00e9s en famille en Auvergne, \u00e0 suivre Papa Maman chez les antiquaires et brocanteurs, avec Maman amoureuse du bois.Ca c\u2019\u00e9tait l\u2019enfance et l\u2019adolescence. Jeune adulte, le bois sort de la t\u00eate d\u2019Estelle : les \u00e9tudes (longues), le&nbsp;&hellip;\" \/>\n<meta property=\"og:url\" content=\"https:\/\/mapetitetable.fr\/de\/estelle\/\" \/>\n<meta property=\"og:site_name\" content=\"Ma petite table\" \/>\n<meta property=\"article:modified_time\" content=\"2022-02-16T10:49:22+00:00\" \/>\n<meta property=\"og:image\" content=\"https:\/\/mapetitetable.fr\/wp-content\/uploads\/2022\/02\/Auvergne-1024x618.jpg\" \/>\n<meta name=\"twitter:card\" content=\"summary_large_image\" \/>\n<meta name=\"twitter:label1\" content=\"Gesch\u00e4tzte Lesezeit\" \/>\n\t<meta name=\"twitter:data1\" content=\"3\u00a0Minuten\" \/>\n<script type=\"application\/ld+json\" class=\"yoast-schema-graph\">{\"@context\":\"https:\\\/\\\/schema.org\",\"@graph\":[{\"@type\":\"WebPage\",\"@id\":\"https:\\\/\\\/mapetitetable.fr\\\/estelle\\\/\",\"url\":\"https:\\\/\\\/mapetitetable.fr\\\/estelle\\\/\",\"name\":\"Estelle - Ma petite table\",\"isPartOf\":{\"@id\":\"https:\\\/\\\/mapetitetable.fr\\\/#website\"},\"primaryImageOfPage\":{\"@id\":\"https:\\\/\\\/mapetitetable.fr\\\/estelle\\\/#primaryimage\"},\"image\":{\"@id\":\"https:\\\/\\\/mapetitetable.fr\\\/estelle\\\/#primaryimage\"},\"thumbnailUrl\":\"https:\\\/\\\/mapetitetable.fr\\\/wp-content\\\/uploads\\\/2022\\\/02\\\/Auvergne-1024x618.jpg\",\"datePublished\":\"2022-02-16T10:49:21+00:00\",\"dateModified\":\"2022-02-16T10:49:22+00:00\",\"breadcrumb\":{\"@id\":\"https:\\\/\\\/mapetitetable.fr\\\/estelle\\\/#breadcrumb\"},\"inLanguage\":\"de\",\"potentialAction\":[{\"@type\":\"ReadAction\",\"target\":[\"https:\\\/\\\/mapetitetable.fr\\\/estelle\\\/\"]}]},{\"@type\":\"ImageObject\",\"inLanguage\":\"de\",\"@id\":\"https:\\\/\\\/mapetitetable.fr\\\/estelle\\\/#primaryimage\",\"url\":\"https:\\\/\\\/mapetitetable.fr\\\/wp-content\\\/uploads\\\/2022\\\/02\\\/Auvergne-1024x618.jpg\",\"contentUrl\":\"https:\\\/\\\/mapetitetable.fr\\\/wp-content\\\/uploads\\\/2022\\\/02\\\/Auvergne-1024x618.jpg\"},{\"@type\":\"BreadcrumbList\",\"@id\":\"https:\\\/\\\/mapetitetable.fr\\\/estelle\\\/#breadcrumb\",\"itemListElement\":[{\"@type\":\"ListItem\",\"position\":1,\"name\":\"Accueil\",\"item\":\"https:\\\/\\\/mapetitetable.fr\\\/\"},{\"@type\":\"ListItem\",\"position\":2,\"name\":\"Estelle\"}]},{\"@type\":\"WebSite\",\"@id\":\"https:\\\/\\\/mapetitetable.fr\\\/#website\",\"url\":\"https:\\\/\\\/mapetitetable.fr\\\/\",\"name\":\"Ma petite table\",\"description\":\"Cr\u00e9ations en bois par Estelle\",\"potentialAction\":[{\"@type\":\"SearchAction\",\"target\":{\"@type\":\"EntryPoint\",\"urlTemplate\":\"https:\\\/\\\/mapetitetable.fr\\\/?s={search_term_string}\"},\"query-input\":{\"@type\":\"PropertyValueSpecification\",\"valueRequired\":true,\"valueName\":\"search_term_string\"}}],\"inLanguage\":\"de\"}]}<\/script>\n<!-- \/ Yoast SEO plugin. -->","yoast_head_json":{"title":"Estelle - Ma petite table","robots":{"index":"index","follow":"follow","max-snippet":"max-snippet:-1","max-image-preview":"max-image-preview:large","max-video-preview":"max-video-preview:-1"},"canonical":"https:\/\/mapetitetable.fr\/de\/estelle\/","og_locale":"de_DE","og_type":"article","og_title":"Estelle - Ma petite table","og_description":"Estelle a pass\u00e9 une bonne partie de ses \u00e9t\u00e9s en famille en Auvergne, \u00e0 suivre Papa Maman chez les antiquaires et brocanteurs, avec Maman amoureuse du bois.Ca c\u2019\u00e9tait l\u2019enfance et l\u2019adolescence. Jeune adulte, le bois sort de la t\u00eate d\u2019Estelle : les \u00e9tudes (longues), le&nbsp;&hellip;","og_url":"https:\/\/mapetitetable.fr\/de\/estelle\/","og_site_name":"Ma petite table","article_modified_time":"2022-02-16T10:49:22+00:00","og_image":[{"url":"https:\/\/mapetitetable.fr\/wp-content\/uploads\/2022\/02\/Auvergne-1024x618.jpg","type":"","width":"","height":""}],"twitter_card":"summary_large_image","twitter_misc":{"Gesch\u00e4tzte Lesezeit":"3\u00a0Minuten"},"schema":{"@context":"https:\/\/schema.org","@graph":[{"@type":"WebPage","@id":"https:\/\/mapetitetable.fr\/estelle\/","url":"https:\/\/mapetitetable.fr\/estelle\/","name":"Estelle - Ma petite table","isPartOf":{"@id":"https:\/\/mapetitetable.fr\/#website"},"primaryImageOfPage":{"@id":"https:\/\/mapetitetable.fr\/estelle\/#primaryimage"},"image":{"@id":"https:\/\/mapetitetable.fr\/estelle\/#primaryimage"},"thumbnailUrl":"https:\/\/mapetitetable.fr\/wp-content\/uploads\/2022\/02\/Auvergne-1024x618.jpg","datePublished":"2022-02-16T10:49:21+00:00","dateModified":"2022-02-16T10:49:22+00:00","breadcrumb":{"@id":"https:\/\/mapetitetable.fr\/estelle\/#breadcrumb"},"inLanguage":"de","potentialAction":[{"@type":"ReadAction","target":["https:\/\/mapetitetable.fr\/estelle\/"]}]},{"@type":"ImageObject","inLanguage":"de","@id":"https:\/\/mapetitetable.fr\/estelle\/#primaryimage","url":"https:\/\/mapetitetable.fr\/wp-content\/uploads\/2022\/02\/Auvergne-1024x618.jpg","contentUrl":"https:\/\/mapetitetable.fr\/wp-content\/uploads\/2022\/02\/Auvergne-1024x618.jpg"},{"@type":"BreadcrumbList","@id":"https:\/\/mapetitetable.fr\/estelle\/#breadcrumb","itemListElement":[{"@type":"ListItem","position":1,"name":"Accueil","item":"https:\/\/mapetitetable.fr\/"},{"@type":"ListItem","position":2,"name":"Estelle"}]},{"@type":"WebSite","@id":"https:\/\/mapetitetable.fr\/#website","url":"https:\/\/mapetitetable.fr\/","name":"Ma petite table","description":"Cr\u00e9ations en bois par Estelle","potentialAction":[{"@type":"SearchAction","target":{"@type":"EntryPoint","urlTemplate":"https:\/\/mapetitetable.fr\/?s={search_term_string}"},"query-input":{"@type":"PropertyValueSpecification","valueRequired":true,"valueName":"search_term_string"}}],"inLanguage":"de"}]}},"_links":{"self":[{"href":"https:\/\/mapetitetable.fr\/de\/wp-json\/wp\/v2\/pages\/952","targetHints":{"allow":["GET"]}}],"collection":[{"href":"https:\/\/mapetitetable.fr\/de\/wp-json\/wp\/v2\/pages"}],"about":[{"href":"https:\/\/mapetitetable.fr\/de\/wp-json\/wp\/v2\/types\/page"}],"author":[{"embeddable":true,"href":"https:\/\/mapetitetable.fr\/de\/wp-json\/wp\/v2\/users\/1"}],"replies":[{"embeddable":true,"href":"https:\/\/mapetitetable.fr\/de\/wp-json\/wp\/v2\/comments?post=952"}],"version-history":[{"count":10,"href":"https:\/\/mapetitetable.fr\/de\/wp-json\/wp\/v2\/pages\/952\/revisions"}],"predecessor-version":[{"id":2033,"href":"https:\/\/mapetitetable.fr\/de\/wp-json\/wp\/v2\/pages\/952\/revisions\/2033"}],"wp:attachment":[{"href":"https:\/\/mapetitetable.fr\/de\/wp-json\/wp\/v2\/media?parent=952"}],"curies":[{"name":"wp","href":"https:\/\/api.w.org\/{rel}","templated":true}]}}